{"id":27656,"date":"2025-09-11T18:01:56","date_gmt":"2025-09-11T16:01:56","guid":{"rendered":"https:\/\/www.evkirche-roesrath.de\/?page_id=27656"},"modified":"2025-09-11T18:01:56","modified_gmt":"2025-09-11T16:01:56","slug":"betroffene-und-zeitzeugen-gesucht","status":"publish","type":"page","link":"https:\/\/www.evkirche-roesrath.de\/index.php\/betroffene-und-zeitzeugen-gesucht\/","title":{"rendered":"Betroffene und Zeitzeugen gesucht"},"content":{"rendered":"<h2>Rheinische Kirche sucht Betroffene und Zeitzeug*innen f\u00fcr Internatsstudie<\/h2>\n<h3>Sexualisierte Gewalt: Wissenschaftliche Untersuchung beginnt Anfang 2026<\/h3>\n<p><strong>D\u00fcsseldorf (30. Juni 2025). Als Konsequenz aus der 2023 vorgestellten <a href=\"https:\/\/newsletter.ekir.de\/r\/PrNUhyT46404ms10991.html\" target=\"_blank\">Studie zum Martinstift in Moers<\/a> hat die rheinische Kirchenleitung eine unabh\u00e4ngige wissenschaftliche Untersuchung zum Thema \u201eSexualisierte Gewalt in den evangelischen Internaten im Bereich der Evangelischen Kirche im Rheinland\u201c beschlossen. In einem heute ver\u00f6ffentlichten Aufruf bitten die beauftragten Wissenschaftler und die rheinische Kirche jetzt um Unterst\u00fctzung durch Betroffene und Zeitzeug*innen.<\/strong><\/p>\n<p>Die wissenschaftliche Aufarbeitung wird von <a href=\"https:\/\/newsletter.ekir.de\/r\/PrNUhyT46405ms10991.html\" target=\"_blank\">PD Dr. Daniel Gerster<\/a> \u00fcbernommen und von <a href=\"https:\/\/newsletter.ekir.de\/r\/PrNUhyT46406ms10991.html\" target=\"_blank\">Prof. Dr. Klaus Gro\u00dfe Kracht<\/a> von der Forschungsstelle f\u00fcr Zeitgeschichte in Hamburg begleitet. Die Studie startet im Januar 2026 und soll nach einem Jahr abgeschlossen sein. Sie bezieht sich auf die evangelischen Internate, Alumnate und Sch\u00fclerheime in Bad Godesberg, Burscheid, Dierdorf, Herchen, Hilden, Kaiserswerth, Meisenheim, Neukirchen-Vluyn, Neuss und Traben-Trarbach. Au\u00dferdem war die Evangelische Kirche im Rheinland zusammen mit der Evangelischen Kirche von Westfalen auch Tr\u00e4gerin des Wohnheims des Jung-Stilling-Instituts im westf\u00e4lischen Espelkamp-Mittwald.<\/p>\n<h4><strong>Betroffenenperspektive wird einbezogen<\/strong><\/h4>\n<p>\u201eDie bedr\u00fcckenden Ergebnisse zum Sch\u00fclerheim Martinstift verstehen wir als Auftrag, alle evangelischen Internate, die es auf dem Gebiet unserer rheinischen Kirche gegeben hat, in den Blick zu nehmen\u201c, sagt Vizepr\u00e4ses Antje Menn, Beauftragte der Kirchenleitung f\u00fcr das Thema sexualisierte Gewalt. \u201eMit der neu beauftragten Studie, die auch die Perspektive von Betroffenen einbezieht, stellen wir uns institutionellem Versagen und Machtmissbrauch im Kontext unserer Internate. Wir sind den Betroffenen Aufkl\u00e4rung und Aufarbeitung schuldig.\u201c<\/p>\n<h4><strong>Einrichtungen inzwischen \u00fcberwiegend geschlossen<\/strong><\/h4>\n<p>Die Einrichtungen wurden zumeist in den 1950er Jahren er\u00f6ffnet, haben zum Teil in den Folgejahren Tr\u00e4gerwechsel erlebt und sind inzwischen \u00fcberwiegend wieder geschlossen. \u201eBei drei Internaten sind Verdachts- bzw. dokumentierte F\u00e4lle sexualisierter Gewalt gegen damalige Bewohner und Bewohnerinnen bekannt\u201c, informiert Oberkirchenr\u00e4tin Henrike Tetz, Leiterin der Abteilung Bildung und Diakonie. Nun w\u00fcrden weitere Menschen gesucht, die im Zusammenhang mit den genannten Internaten von sexualisierter Gewalt betroffen waren und zu einem Interview oder schriftlichen \u00c4u\u00dferungen bereit seien. \u201eAber wir sind dar\u00fcber hinaus auch an allgemeinen Erinnerungen von Zeitzeug*innen an die Internatszeit interessiert, um den gesellschaftlichen und atmosph\u00e4rischen Kontext zu erhellen.\u201c<\/p>\n<h4><strong>Bearbeitung der Interviews in anonymisierter Form<\/strong><\/h4>\n<p>Die Durchf\u00fchrung der Studie erfolgt unabh\u00e4ngig von der Evangelischen Kirche im Rheinland. Die Forscher sind mit sexualisierter Gewalt als Forschungsthema vertraut und sichern eine verantwortungsvolle Gespr\u00e4chsatmosph\u00e4re zu. Inhalte der Interviews als einem wichtigen Bestandteil der breiten Quellenbasis der Studie werden vertraulich behandelt, die Bearbeitung erfolgt in anonymisierter Form. Die Forschungsergebnisse werden anschlie\u00dfend ver\u00f6ffentlicht. \u201eZiel der Studie ist es, F\u00e4lle sexualisierter Gewalt in evangelischen Internaten in Umfang und H\u00e4ufigkeit zu erfassen und aufzudecken, welche Personen und Strukturen die Gewalt erm\u00f6glicht haben\u201c, so Privatdozent Dr. Daniel Gerster, der die Studie leitet. \u201eDazu werden Erfahrungsberichte von Betroffenen geh\u00f6rt und die Aktenbest\u00e4nde von rheinischer Kirche und Tr\u00e4gerorganisationen erforscht.\u201c<\/p>\n<h4><strong>Verschiedene Ansprechm\u00f6glichkeiten<\/strong><\/h4>\n<p>Betroffene oder Zeitzeug*innen k\u00f6nnen sich an die <a href=\"https:\/\/pia.ekir.de\/\" target=\"_blank\">Ansprechstelle f\u00fcr den Umgang mit Verletzung der sexuellen Selbstbestimmung der Evangelischen Kirche im Rheinland<\/a> (Claudia Paul, Telefon 0211 4562-391, E-Mail <a href=\"mailto:claudia.paul@ekir.de\" target=\"_blank\">claudia.paul@ekir.de<\/a>), die Hilfsorganisation <a href=\"http:\/\/www.weisser-ring.de\/\" target=\"_blank\">Wei\u00dfer Ring<\/a> oder die <a href=\"http:\/\/www.kirche-rechtsrheinisch.de\/personen\/vertrauenspersonen\/\" target=\"_blank\">Vertrauenspersonen des Kirchenkreises K\u00f6ln-Rechtsrheinisch<\/a> wenden.<\/p>\n<h4><strong>Stichwort: Studie Martinstift Moers<\/strong><\/h4>\n<p>Ende M\u00e4rz 2023 wurden in Moers die Ergebnisse des Forschungsprojekts <a href=\"https:\/\/newsletter.ekir.de\/r\/PrNUhyT46407ms10991.html\" target=\"_blank\">\u201eAufarbeitung der gewaltf\u00f6rmigen Konstellation der 1950er Jahre im evangelischen Sch\u00fclerheim Martinstift im Moers\u201c<\/a> vorgestellt. Die gut 130 Seiten umfassende Studie war die erste auf dem Gebiet der Evangelischen Kirche im Rheinland zum Themenfeld sexualisierte Gewalt und wurde neben der rheinischen Kirche vom Kirchenkreis Moers, der Kirchengemeinde Moers und dem Diakonischen Werk Rheinland-Westfalen-Lippe finanziert.<\/p>\n<p><a href=\"https:\/\/www.evkirche-roesrath.de\/wp-content\/uploads\/2025\/06\/20250627_Betroffenenaufruf-Internate_EKiR_final.pdf\">Den Betroffenenaufruf k\u00f6nnen Sie hier herunterladen.<\/a><\/p>\n ","protected":false},"excerpt":{"rendered":"<p>Rheinische Kirche sucht Betroffene und Zeitzeug*innen f\u00fcr Internatsstudie Sexualisierte Gewalt: Wissenschaftliche Untersuchung beginnt Anfang 2026 D\u00fcsseldorf (30. Juni 2025). Als Konsequenz aus der 2023 vorgestellten Studie zum Martinstift in Moers <a class=\"more-link\" href=\"https:\/\/www.evkirche-roesrath.de\/index.php\/betroffene-und-zeitzeugen-gesucht\/\">weiterlesen \u2192<\/a><\/p>\n","protected":false},"author":17,"featured_media":25885,"parent":0,"menu_order":0,"comment_status":"closed","ping_status":"closed","template":"","meta":{"ngg_post_thumbnail":0,"footnotes":""},"class_list":["post-27656","page","type-page","status-publish","has-post-thumbnail","hentry"],"_links":{"self":[{"href":"https:\/\/www.evkirche-roesrath.de\/index.php\/wp-json\/wp\/v2\/pages\/27656","targetHints":{"allow":["GET"]}}],"collection":[{"href":"https:\/\/www.evkirche-roesrath.de\/index.php\/wp-json\/wp\/v2\/pages"}],"about":[{"href":"https:\/\/www.evkirche-roesrath.de\/index.php\/wp-json\/wp\/v2\/types\/page"}],"author":[{"embeddable":true,"href":"https:\/\/www.evkirche-roesrath.de\/index.php\/wp-json\/wp\/v2\/users\/17"}],"replies":[{"embeddable":true,"href":"https:\/\/www.evkirche-roesrath.de\/index.php\/wp-json\/wp\/v2\/comments?post=27656"}],"version-history":[{"count":1,"href":"https:\/\/www.evkirche-roesrath.de\/index.php\/wp-json\/wp\/v2\/pages\/27656\/revisions"}],"predecessor-version":[{"id":27657,"href":"https:\/\/www.evkirche-roesrath.de\/index.php\/wp-json\/wp\/v2\/pages\/27656\/revisions\/27657"}],"wp:featuredmedia":[{"embeddable":true,"href":"https:\/\/www.evkirche-roesrath.de\/index.php\/wp-json\/wp\/v2\/media\/25885"}],"wp:attachment":[{"href":"https:\/\/www.evkirche-roesrath.de\/index.php\/wp-json\/wp\/v2\/media?parent=27656"}],"curies":[{"name":"wp","href":"https:\/\/api.w.org\/{rel}","templated":true}]}}