{"id":27650,"date":"2025-09-11T17:57:45","date_gmt":"2025-09-11T15:57:45","guid":{"rendered":"https:\/\/www.evkirche-roesrath.de\/?page_id=27650"},"modified":"2025-09-11T17:57:45","modified_gmt":"2025-09-11T15:57:45","slug":"schutzkonzept-zur-praevention-sexualisierter-gewalt","status":"publish","type":"page","link":"https:\/\/www.evkirche-roesrath.de\/index.php\/schutzkonzept-zur-praevention-sexualisierter-gewalt\/","title":{"rendered":"Schutzkonzept zur Pr\u00e4vention sexualisierter Gewalt"},"content":{"rendered":"<p>In der Sitzung am 31.01.2024 bekr\u00e4ftigte das Presbyterium den Anschluss an das Schutzkonzept zur Pr\u00e4vention sexualisierter Gewalt des Kirchenkreises K\u00f6ln-Rechtsrheinisch im Rahmen der Ver\u00f6ffentlichung der ForuM-Studie.<\/p>\n<p>Das Presbyterium hat sich dem Schutzkonzept angeschlossen. Im Februar 2021 wurde das Schutzkonzept aktualisiert. Vor dem Hintergrund der Ver\u00f6ffentlichung der ForuM-Studie bekr\u00e4ftigt das Presbyterium den Anschluss an das Schutzkonzept des Kirchenkreises K\u00f6ln-Rechtsrheinisch.<br \/>\nDetails dazu finden sie hier: <a href=\"https:\/\/www.kirche-rechtsrheinisch.de\/angebote\/schutzkonzept\/\" target=\"_blank\">www.kirche-rechtsrheinisch.de\/angebote\/schutzkonzept\/<\/a><\/p>\n<p>Sie k\u00f6nnen den Text auch <a href=\"https:\/\/www.evkirche-roesrath.de\/wp-content\/uploads\/2025\/09\/2021-Schutzkonzept-KKR.pdf\" target=\"_blank\">hier herunterladen<\/a>.<\/p>\n ","protected":false},"excerpt":{"rendered":"<p>In der Sitzung am 31.01.2024 bekr\u00e4ftigte das Presbyterium den Anschluss an das Schutzkonzept zur Pr\u00e4vention sexualisierter Gewalt des Kirchenkreises K\u00f6ln-Rechtsrheinisch im Rahmen der Ver\u00f6ffentlichung der ForuM-Studie. Das Presbyterium hat sich <a class=\"more-link\" href=\"https:\/\/www.evkirche-roesrath.de\/index.php\/schutzkonzept-zur-praevention-sexualisierter-gewalt\/\">weiterlesen \u2192<\/a><\/p>\n","protected":false},"author":17,"featured_media":18307,"parent":0,"menu_order":0,"comment_status":"closed","ping_status":"closed","template":"","meta":{"ngg_post_thumbnail":0,"footnotes":""},"class_list":["post-27650","page","type-page","status-publish","has-post-thumbnail","hentry"],"_links":{"self":[{"href":"https:\/\/www.evkirche-roesrath.de\/index.php\/wp-json\/wp\/v2\/pages\/27650","targetHints":{"allow":["GET"]}}],"collection":[{"href":"https:\/\/www.evkirche-roesrath.de\/index.php\/wp-json\/wp\/v2\/pages"}],"about":[{"href":"https:\/\/www.evkirche-roesrath.de\/index.php\/wp-json\/wp\/v2\/types\/page"}],"author":[{"embeddable":true,"href":"https:\/\/www.evkirche-roesrath.de\/index.php\/wp-json\/wp\/v2\/users\/17"}],"replies":[{"embeddable":true,"href":"https:\/\/www.evkirche-roesrath.de\/index.php\/wp-json\/wp\/v2\/comments?post=27650"}],"version-history":[{"count":3,"href":"https:\/\/www.evkirche-roesrath.de\/index.php\/wp-json\/wp\/v2\/pages\/27650\/revisions"}],"predecessor-version":[{"id":27654,"href":"https:\/\/www.evkirche-roesrath.de\/index.php\/wp-json\/wp\/v2\/pages\/27650\/revisions\/27654"}],"wp:featuredmedia":[{"embeddable":true,"href":"https:\/\/www.evkirche-roesrath.de\/index.php\/wp-json\/wp\/v2\/media\/18307"}],"wp:attachment":[{"href":"https:\/\/www.evkirche-roesrath.de\/index.php\/wp-json\/wp\/v2\/media?parent=27650"}],"curies":[{"name":"wp","href":"https:\/\/api.w.org\/{rel}","templated":true}]}}