{"id":27474,"date":"2025-07-08T12:49:45","date_gmt":"2025-07-08T10:49:45","guid":{"rendered":"https:\/\/www.evkirche-roesrath.de\/?page_id=27474"},"modified":"2025-07-08T13:08:24","modified_gmt":"2025-07-08T11:08:24","slug":"registrierung-gemeindebrief-per-e-mail","status":"publish","type":"page","link":"https:\/\/www.evkirche-roesrath.de\/index.php\/registrierung-gemeindebrief-per-e-mail\/","title":{"rendered":"Registrierung &#8222;Gemeindebrief per E-Mail&#8220;"},"content":{"rendered":"<p>Sch\u00f6n, dass Sie hier sind!<br \/>\nHier k\u00f6nnen Sie sich f\u00fcr den Versand des Gemeindebriefs per E-Mail registrieren.<br \/>\nBitte f\u00fcllen Sie das nachfolgende Formular aus und senden Sie es ab.<br \/>\n\n<div class=\"wpcf7 no-js\" id=\"wpcf7-f27433-o1\" lang=\"de-DE\" dir=\"ltr\" data-wpcf7-id=\"27433\">\n<div class=\"screen-reader-response\"><p role=\"status\" aria-live=\"polite\" aria-atomic=\"true\"><\/p> <ul><\/ul><\/div>\n<form action=\"\/index.php\/wp-json\/wp\/v2\/pages\/27474#wpcf7-f27433-o1\" method=\"post\" class=\"wpcf7-form init\" aria-label=\"Kontaktformular\" novalidate=\"novalidate\" data-status=\"init\">\n<fieldset class=\"hidden-fields-container\"><input type=\"hidden\" name=\"_wpcf7\" value=\"27433\" \/><input type=\"hidden\" name=\"_wpcf7_version\" value=\"6.1.5\" \/><input type=\"hidden\" name=\"_wpcf7_locale\" value=\"de_DE\" \/><input type=\"hidden\" name=\"_wpcf7_unit_tag\" value=\"wpcf7-f27433-o1\" \/><input type=\"hidden\" name=\"_wpcf7_container_post\" value=\"0\" \/><input type=\"hidden\" name=\"_wpcf7_posted_data_hash\" value=\"\" \/>\n<\/fieldset>\n<p><label> Nachname<br \/>\n<span class=\"wpcf7-form-control-wrap\" data-name=\"your-last-name\"><input size=\"40\" maxlength=\"400\" class=\"wpcf7-form-control wpcf7-text wpcf7-validates-as-required\" autocomplete=\"lastname\" aria-required=\"true\" aria-invalid=\"false\" value=\"\" type=\"text\" name=\"your-last-name\" \/><\/span> <\/label><br \/>\n<label> Vorname<br \/>\n<span class=\"wpcf7-form-control-wrap\" data-name=\"your-first-name\"><input size=\"40\" maxlength=\"400\" class=\"wpcf7-form-control wpcf7-text wpcf7-validates-as-required\" autocomplete=\"firstname\" aria-required=\"true\" aria-invalid=\"false\" value=\"\" type=\"text\" name=\"your-first-name\" \/><\/span> <\/label>\n<\/p>\n<p><label> E-Mail<br \/>\n<span class=\"wpcf7-form-control-wrap\" data-name=\"your-email\"><input size=\"40\" maxlength=\"400\" class=\"wpcf7-form-control wpcf7-email wpcf7-validates-as-required wpcf7-text wpcf7-validates-as-email\" autocomplete=\"email\" aria-required=\"true\" aria-invalid=\"false\" value=\"\" type=\"email\" name=\"your-email\" \/><\/span> <\/label>\n<\/p>\n<p><label> <b>Adresse:<\/b> <\/label><br \/>\n<span class=\"wpcf7-form-control-wrap\" data-name=\"your-street1\"><input size=\"40\" maxlength=\"400\" class=\"wpcf7-form-control wpcf7-text wpcf7-validates-as-required\" aria-required=\"true\" aria-invalid=\"false\" placeholder=\"Strasse\" value=\"\" type=\"text\" name=\"your-street1\" \/><\/span><br \/>\n<span class=\"wpcf7-form-control-wrap\" data-name=\"your-street2\"><input size=\"40\" maxlength=\"400\" class=\"wpcf7-form-control wpcf7-text\" aria-invalid=\"false\" placeholder=\"Adress-Zusatz\" value=\"\" type=\"text\" name=\"your-street2\" \/><\/span><br \/>\n<span class=\"wpcf7-form-control-wrap\" data-name=\"your-zip\"><input size=\"40\" maxlength=\"400\" class=\"wpcf7-form-control wpcf7-text wpcf7-validates-as-required\" aria-required=\"true\" aria-invalid=\"false\" placeholder=\"Postleitzahl\" value=\"\" type=\"text\" name=\"your-zip\" \/><\/span><br \/>\n<span class=\"wpcf7-form-control-wrap\" data-name=\"your-city\"><input size=\"40\" maxlength=\"400\" class=\"wpcf7-form-control wpcf7-text wpcf7-validates-as-required\" aria-required=\"true\" aria-invalid=\"false\" placeholder=\"Stadt\" value=\"\" type=\"text\" name=\"your-city\" \/><\/span><br \/>\n<span class=\"wpcf7-form-control-wrap\" data-name=\"your-country\"><input size=\"40\" maxlength=\"400\" class=\"wpcf7-form-control wpcf7-text\" aria-invalid=\"false\" placeholder=\"Land\" value=\"\" type=\"text\" name=\"your-country\" \/><\/span>\n<\/p>\n<p><label>Nachricht an das Gemeindeb\u00fcro:<\/label><br \/>\n<span class=\"wpcf7-form-control-wrap\" data-name=\"text-501\"><input size=\"40\" maxlength=\"400\" class=\"wpcf7-form-control wpcf7-text\" aria-invalid=\"false\" placeholder=\"Was ich noch sagen wollte\" value=\"\" type=\"text\" name=\"text-501\" \/><\/span>\n<\/p>\n<p><span class=\"wpcf7-form-control-wrap\" data-name=\"acceptance-916\"><span class=\"wpcf7-form-control wpcf7-acceptance\"><span class=\"wpcf7-list-item\"><label><input type=\"checkbox\" name=\"acceptance-916\" value=\"1\" aria-invalid=\"false\" \/><span class=\"wpcf7-list-item-label\">Ja, ich m\u00f6chte k\u00fcnftig den Gemeindebrief per E-Mail erhalten<\/span><\/label><\/span><\/span><\/span>\n<\/p>\n<p><label>Ich bin ein Mensch:<\/label><br \/>\n<span class=\"wpcf7-form-control-wrap\" data-name=\"quiz-20\"><label><span class=\"wpcf7-quiz-label\">4 + 4 =<\/span> <input size=\"40\" class=\"wpcf7-form-control wpcf7-quiz\" autocomplete=\"off\" aria-required=\"true\" aria-invalid=\"false\" type=\"text\" name=\"quiz-20\" \/><\/label><input type=\"hidden\" name=\"_wpcf7_quiz_answer_quiz-20\" value=\"16c8c268209d6d8d753f2cd04b9bf146\" \/><\/span>\n<\/p>\n<p><input class=\"wpcf7-form-control wpcf7-submit has-spinner\" type=\"submit\" value=\"Senden\" \/>\n<\/p><div class=\"wpcf7-response-output\" aria-hidden=\"true\"><\/div>\n<\/form>\n<\/div>\n<br \/>\nSelbstverst\u00e4ndlich k\u00f6nnen Sie sich jederzeit wieder vom E-Mail Versand abmelden: <a href=\"https:\/\/www.evkirche-roesrath.de\/?page_id=27481\" target=\"_blank\">zur Abmeldung<\/a><\/p>\n<h2>Warum ben\u00f6tigen wir diese Daten?<\/h2>\n<ul>\n<li>die <strong>E-Mail Adresse<\/strong> ben\u00f6tigen wir, um den Gemeindebrief zu versenden<\/li>\n<li><strong>Namen<\/strong> und <strong>Adresse<\/strong> ben\u00f6tigen wir, um den Austr\u00e4gern mitteilen zu k\u00f6nnen, dass der Gemeindebrief nicht mehr in der Druckversion an diese Adresse geliefert wird<\/li>\n<\/ul>\n<h2>Welche Daten werden bei uns gespeichert<\/h2>\n<p>Wir speichern lediglich die E-Mail Adresse in einer Mailing-Liste, um den Gemeindebrief versenden zu k\u00f6nnen. Alle anderen Daten werden nur f\u00fcr den oben beschriebenen Zweck verwendet und nicht dauerhaft gespeichert.<\/p>\n<h2>Datenschutz<\/h2>\n<p><a href=\"https:\/\/www.evkirche-roesrath.de\/index.php\/ueber-uns\/adressen\/datenschutzerklaerung\/\" target=\"_blank\">Hier finden Sie unsere Datenschutzerkl\u00e4rung<\/a>.<\/p>\n ","protected":false},"excerpt":{"rendered":"<p>Sch\u00f6n, dass Sie hier sind! Hier k\u00f6nnen Sie sich f\u00fcr den Versand des Gemeindebriefs per E-Mail registrieren. Bitte f\u00fcllen Sie das nachfolgende Formular aus und senden Sie es ab. Selbstverst\u00e4ndlich <a class=\"more-link\" href=\"https:\/\/www.evkirche-roesrath.de\/index.php\/registrierung-gemeindebrief-per-e-mail\/\">weiterlesen \u2192<\/a><\/p>\n","protected":false},"author":17,"featured_media":0,"parent":0,"menu_order":0,"comment_status":"closed","ping_status":"closed","template":"","meta":{"ngg_post_thumbnail":0,"footnotes":""},"class_list":["post-27474","page","type-page","status-publish","hentry"],"_links":{"self":[{"href":"https:\/\/www.evkirche-roesrath.de\/index.php\/wp-json\/wp\/v2\/pages\/27474","targetHints":{"allow":["GET"]}}],"collection":[{"href":"https:\/\/www.evkirche-roesrath.de\/index.php\/wp-json\/wp\/v2\/pages"}],"about":[{"href":"https:\/\/www.evkirche-roesrath.de\/index.php\/wp-json\/wp\/v2\/types\/page"}],"author":[{"embeddable":true,"href":"https:\/\/www.evkirche-roesrath.de\/index.php\/wp-json\/wp\/v2\/users\/17"}],"replies":[{"embeddable":true,"href":"https:\/\/www.evkirche-roesrath.de\/index.php\/wp-json\/wp\/v2\/comments?post=27474"}],"version-history":[{"count":8,"href":"https:\/\/www.evkirche-roesrath.de\/index.php\/wp-json\/wp\/v2\/pages\/27474\/revisions"}],"predecessor-version":[{"id":27480,"href":"https:\/\/www.evkirche-roesrath.de\/index.php\/wp-json\/wp\/v2\/pages\/27474\/revisions\/27480"}],"wp:attachment":[{"href":"https:\/\/www.evkirche-roesrath.de\/index.php\/wp-json\/wp\/v2\/media?parent=27474"}],"curies":[{"name":"wp","href":"https:\/\/api.w.org\/{rel}","templated":true}]}}