{"id":25119,"date":"2024-02-21T15:50:09","date_gmt":"2024-02-21T14:50:09","guid":{"rendered":"https:\/\/www.evkirche-roesrath.de\/?page_id=25119"},"modified":"2025-08-27T12:21:28","modified_gmt":"2025-08-27T10:21:28","slug":"datenschutzerklaerung","status":"publish","type":"page","link":"https:\/\/www.evkirche-roesrath.de\/index.php\/ueber-uns\/adressen\/datenschutzerklaerung\/","title":{"rendered":"Datenschutzerkl\u00e4rung"},"content":{"rendered":"<header class=\"entry-header\">\n<h1 class=\"entry-title\">Datenschutzerkl\u00e4rung &#8211; 21.02.2024<\/h1>\n<\/header>\n<div class=\"entry-content\">\n<h3>I. Datenschutzhinweise nach \u00a7\u00a7 17 und 25 DSG-EKD f\u00fcr die Website der Evangelische Gemeinde Volberg-Forsbach-R\u00f6srath<\/h3>\n<p><strong>1. Allgemeines<\/strong><\/p>\n<p align=\"justify\">Wir, die Evangelische Gemeinde Volberg-Forsbach-R\u00f6srath, nehmen den Schutz Ihrer personenbezogenen Daten und die diesem Schutz dienenden gesetzlichen Verpflichtungen sehr ernst. Die gesetzlichen Vorgaben verlangen umfassende Transparenz \u00fcber die Verarbeitung pers\u00f6nlicher Daten. Nur wenn die Verarbeitung f\u00fcr Sie als betroffene Person nachvollziehbar ist, sind Sie ausreichend \u00fcber den Sinn, Zweck und Umfang der Verarbeitung informiert. Unsere Datenschutzerkl\u00e4rung erkl\u00e4rt Ihnen deshalb ausf\u00fchrlich, welche sog. personenbezogenen Daten (Definition s. unten, 2.1.) von uns bei der Nutzung der Website&nbsp;<a href=\"http:\/\/www.ekir.de\/\" target=\"_blank\">www.ekir.de<\/a>&nbsp;und allen hierauf verweisenden anderen Internetseiten verarbeitet (Definition s. unten, 2.2.) werden.<\/p>\n<p align=\"justify\">Verantwortlicher im Sinne des Kirchengesetzes \u00fcber den Datenschutz der Evangelischen Kirche in Deutschland (DSG-EKD), der Datenschutz-Grundverordnung (DS-GVO) sowie sonstiger datenschutzrechtlicher Vorgaben, die kirchliche Stellen anzuwenden haben, ist die<\/p>\n<p><strong>Name der Einrichtung<br \/>\n<\/strong>Evangelische Gemeinde Volberg-Forsbach-R\u00f6srath<br \/>\nTelefon: +49 2205 2243<br \/>\nMailkontakt:&nbsp;<a href=\"mailto:volberg-forsbach-roesrath@ekir.de\">volberg-forsbach-roesrath@ekir.de<\/a><br \/>\nIm Folgenden \u201eVerantwortlicher\u201c oder \u201ewir\u201c genannt.<\/p>\n<p><strong>\u00d6rtlicher Datenschutzbeauftragter ist:<\/strong><br \/>\nStephan Schmidt GbR<br \/>\nDaTIB \u2013 GmbH<br \/>\nAlte Heide 8<br \/>\n51147 K\u00f6ln<br \/>\nTel.: +49 2203 605 40 80<br \/>\nE-Mail:&nbsp;<a href=\"mailto:kontakt@datib.de\">kontakt@datib.de<\/a><\/p>\n<p align=\"justify\">Bitte beachten Sie, dass Sie \u00fcber Links auf unserer Website zu anderen Internetseiten gelangen k\u00f6nnen, die nicht von uns, sondern von Dritten betrieben werden. Solche Links werden von uns entweder eindeutig gekennzeichnet oder sind durch einen Wechsel in der Adresszeile Ihres Browsers erkennbar. F\u00fcr die Einhaltung der datenschutzrechtlichen Bestimmungen und einen sicheren Umgang mit Ihren personenbezogenen Daten auf diesen von Dritten betriebenen Internetseiten sind wir nicht verantwortlich.<\/p>\n<p><strong>2. Definitionen<\/strong><br \/>\n<strong>2.1. Aus dem DSG-EKD<\/strong><\/p>\n<p align=\"justify\">Diese Datenschutzerkl\u00e4rung verwendet die Begriffe des Gesetzestextes des DSG-EKD. Die Begriffsbestimmungen (\u00a7. 4 DSG-EKD) k\u00f6nnen Sie z.B. unter&nbsp;<a href=\"https:\/\/www.kirchenrecht-ekd.de\/document\/58309#s47000062\" target=\"_blank\">https:\/\/www.kirchenrecht-ekd.de\/document\/39740<\/a>&nbsp;einsehen.<\/p>\n<p><strong>2.2. Cookies<\/strong><\/p>\n<p align=\"justify\">Cookies sind Textdateien, die von einer Website auf Ihrem Endger\u00e4t abgelegt bzw. dort ausgelesen werden. Sie enthalten Buchstaben- und Zahlenkombinationen, um z.B. bei einer erneuten Verbindung zur Cookie-setzenden Website den Nutzer und seine Einstellungen wiederzuerkennen, das Eingeloggt-Bleiben in einem Kundenkonto zu erm\u00f6glichen oder ein bestimmtes Nutzungsverhalten statistisch zu analysieren.<\/p>\n<p><strong>3. Allgemeine Informationen zur Datenverarbeitung<\/strong><\/p>\n<p align=\"justify\">Wir verarbeiten personenbezogene Daten nur, soweit dies gesetzlich zul\u00e4ssig ist. Eine Weitergabe personenbezogener Daten findet ausschlie\u00dflich in den unten beschriebenen F\u00e4llen (s. unten 4.) statt.<\/p>\n<p align=\"justify\">Die personenbezogenen Daten werden gel\u00f6scht oder durch technische und organisatorische Ma\u00dfnahmen (z.B. Pseudonymisierung, Verschl\u00fcsselung) gesch\u00fctzt, sobald der Zweck der Verarbeitung entf\u00e4llt. Dies erfolgt auch dann, wenn eine vorgeschriebene Speicherfrist abl\u00e4uft, es sei denn, dass eine Erforderlichkeit zur weiteren Speicherung der personenbezogenen Daten f\u00fcr einen Vertragsabschluss oder eine Vertragserf\u00fcllung besteht.<\/p>\n<p align=\"justify\">Sofern wir nicht gesetzlich zu einer l\u00e4ngeren Speicherung oder einer Weitergabe an Dritte (insbesondere Strafverfolgungsbeh\u00f6rden) verpflichtet sind, h\u00e4ngt die Entscheidung, welche personenbezogenen Daten von uns erhoben werden, wie lange sie gespeichert werden und in welchem Umfang Sie sie ggf. offenlegen m\u00fcssen, davon ab, welche Funktionen der Website Sie im Einzelfall nutzen.<\/p>\n<p><strong>4. Datenverarbeitung im Zusammenhang mit der Nutzung der Website<\/strong><br \/>\nDie Nutzung der Website und ihrer Funktionen erfordert regelm\u00e4\u00dfig die Verarbeitung bestimmter personenbezogenen Daten.<\/p>\n<p><strong>4.1. Informatorische Nutzung der Website<\/strong><\/p>\n<p align=\"justify\">Wenn Sie unsere Website aufrufen und rein informatorisch, das hei\u00dft ohne Verwendung von Zusatzfunktionen wie Kontaktformular oder Social Media Plugins, nutzen, werden automatisch personenbezogene Daten von uns erhoben. Hierbei handelt es sich um folgende Informationen: Typ und Version des von Ihnen verwendeten Browsers (sog. User-Agent), verwendetes Betriebssystem, Adresse der zuvor besuchten Internetseite (\u201eReferrer-URL\u201c), IP-Adresse Ihres Endger\u00e4tes und die Uhrzeit des Abrufs der Website. Diese Informationen werden von Ihrem Browser \u00fcbermittelt, sofern Sie ihn nicht so konfiguriert haben, dass die \u00dcbermittlung der Informationen unterdr\u00fcckt wird. Dar\u00fcber hinaus wird Ihre IP-Adresse an Drittanbieter \u00fcbermittelt, deren Funktionen auf unserer Website von deren Servern abgerufen werden.<\/p>\n<p align=\"justify\">Die Verarbeitung dieser personenbezogenen Daten erfolgt aus Zwecken der Funktionsf\u00e4higkeit und Optimierung der Website, sowie zur Gew\u00e4hrleistung der Sicherheit unserer informationstechnischen Systeme. Dies dient der Erf\u00fcllung unserer Aufgaben und stellt zugleich ein kirchliches Interesse dar, weswegen die Verarbeitung nach \u00a7 6 Ziffer 3 und 4 DSG-EKD zul\u00e4ssig ist.<\/p>\n<p align=\"justify\">Die personenbezogenen Daten werden f\u00fcr die Dauer von 30 bis 60 Tagen gespeichert. Wir f\u00fchren diese personenbezogenen Daten nicht mit anderen Datenquellen zusammen. Eine Datenweitergabe an Dritte findet nur statt, soweit dies zum Betrieb unserer Website erforderlich ist. Eine \u00dcbermittlung in ein Drittland oder an eine internationale Organisation ist nicht beabsichtigt.<\/p>\n<p><strong>4.2. Kontaktaufnahme per E-Mail<\/strong><\/p>\n<p align=\"justify\">Wenn Sie uns eine E-Mail schreiben, werden die von Ihnen dort angegebenen personenbezogenen Daten von uns verarbeitet. Diese Informationen werden von Ihrem E-Mailclient \u00fcbermittelt und in unseren informationstechnischen Systemen gespeichert. Die Verarbeitung dieser personenbezogenen Daten ist notwendig f\u00fcr die Beantwortung Ihrer Anfrage. Zus\u00e4tzlich werden Ihre IP-Adresse und Datum und Uhrzeit der Kontaktaufnahme gespeichert.<\/p>\n<p align=\"justify\">Die Datenverarbeitung dient der Beantwortung Ihrer Anfrage und die Sicherheit unserer informationstechnischen Systeme zu gew\u00e4hrleisten. Diese Verarbeitung ist gem\u00e4\u00df \u00a7 6 Ziffer 3 und 4 DSG-EKD rechtm\u00e4\u00dfig, weil die Beantwortung Ihrer Anfrage der Erf\u00fcllung unserer Aufgaben dient und zugleich ein kirchliches Interesse darstellt.<\/p>\n<p align=\"justify\">Die personenbezogenen Daten werden solange gespeichert, wie dies zur Beantwortung Ihrer Anfrage erforderlich ist. Sollte Ihre Anfrage zu einem sp\u00e4teren Vertragsschluss f\u00fchren, findet eine Speicherung statt, solange dies zur Durchf\u00fchrung vorvertraglicher Ma\u00dfnahmen oder zur Erf\u00fcllung des Vertrags erforderlich ist. Wir f\u00fchren diese personenbezogenen Daten nicht mit anderen Datenquellen zusammen. Eine Datenweitergabe an Dritte findet nicht statt. Eine \u00dcbermittlung in ein Drittland oder an eine internationale Organisation ist nicht beabsichtigt. Sie sind zur Bereitstellung dieser personenbezogenen Daten nicht verpflichtet, eine Nutzung des Kontaktformulars bzw. der Versand einer E-Mail ist ohne die Bereitstellung jedoch nicht m\u00f6glich.<\/p>\n<p><strong>4.3. Anmeldung &#8222;Gemeindebrief per E-Mail&#8220;<\/strong>&nbsp;[<a href=\"https:\/\/www.evkirche-roesrath.de\/index.php\/registrierung-gemeindebrief-per-e-mail\/\" target=\"blank\">https:\/\/www.evkirche-roesrath.de\/index.php\/registrierung-gemeindebrief-per-e-mail\/<\/a>]<\/p>\n<p align=\"justify\">Sie k\u00f6nnen sich \u00fcber unserer Website f\u00fcr den Versand des Gemeindebriefs per E-Mail registrieren.<\/p>\n<p align=\"justify\">Die Verarbeitung der von Ihnen eingegebenen personenbezogenen Daten dient dem Zweck der Vorbereitung und Durchf\u00fchrung des Versands. Diese Verarbeitung ist rechtm\u00e4\u00dfig, weil sie zur Erf\u00fcllung des Vertrages gem\u00e4\u00df \u00a7 6 Ziffer 5 DSG-EKD erforderlich ist.<\/p>\n<p align=\"justify\">Die von Ihnen mitgeteilten personenbezogenen Daten werden bis zur Abmeldung von diesem Dienst gespeichert (<a href=\"https:\/\/www.evkirche-roesrath.de\/index.php\/abmeldung-gemeindebrief-per-e-mail\/\" target=\"_blank\">https:\/\/www.evkirche-roesrath.de\/index.php\/abmeldung-gemeindebrief-per-e-mail\/<\/a>). Wir f\u00fchren diese personenbezogenen Daten nicht mit anderen Datenquellen zusammen. Eine Datenweitergabe findet nur statt, soweit dies zur Durchf\u00fchrung des Dienstes erforderlich ist (z.B. an Personen, die den Gemeindebrief in der Print-Version austragen). Eine \u00dcbermittlung in ein Drittland oder an eine internationale Organisation ist nicht beabsichtigt.<\/p>\n<p><strong>4.4. YouTube<\/strong><\/p>\n<p align=\"justify\">Teile unserer Website nutzen zur Darstellung von Video-Inhalten die Dienste der YouTube, LLC, 901 Cherry Ave., San Bruno, CA 94066, USA (\u201eYouTube\u201c). Beim Aufruf der entsprechenden Seiten l\u00e4dt Ihr Browser den zur Anzeige des Videos notwendigen Code von YouTube. Zu diesem Zweck muss der von Ihnen verwendete Browser Verbindung zu den Servern von YouTube aufnehmen. Hierdurch erlangt YouTube Kenntnis dar\u00fcber, dass \u00fcber Ihre IP-Adresse unsere Website aufgerufen wurde. Zugleich kann YouTube Cookies auf Ihrem Endger\u00e4t ablegen, sofern Sie nicht die Verwendung von Cookies in Ihrem Browser untersagt haben, oder Cookies auslesen.<\/p>\n<p align=\"justify\">Die Nutzung YouTube-Plugins erfolgt zum Zweck einer ansprechenden Gestaltung unserer Website und um die Darstellung von Videoinhalten zu erm\u00f6glichen. Dies stellt ein kirchliches Interesse im Sinne von \u00a7 6 Ziffer 4 DSG-EKD dar. Die Daten\u00fcbertragung in die USA erfolgt gem\u00e4\u00df des Durchf\u00fchrungsbeschlusses (EU) 2016\/1250 der EU-Kommission (EU-US-Datenschutzschild).<\/p>\n<p align=\"justify\">Ihre IP-Adresse wird von uns erhoben, um die \u00dcbermittlung an YouTube zu erm\u00f6glichen. Sie sind zur Bereitstellung dieser personenbezogenen Daten nicht verpflichtet, eine Nutzung der betroffenen Teile unserer Website ist ohne die Bereitstellung jedoch nicht m\u00f6glich.<\/p>\n<p align=\"justify\">Wenn Sie nicht m\u00f6chten, dass YouTube die \u00fcber unsere Website gesammelten personenbezogenen Daten Ihrem YouTube-Konto zuordnet, m\u00fcssen Sie sich vor Ihrem Besuch unserer Website bei YouTube ausloggen. Weitere Informationen zu YouTube finden Sie unter https:\/\/www.youtube.com\/intl\/de\/yt\/about\/. Die Datenschutzerkl\u00e4rung von YouTube finden Sie als Teil der Datenschutzerkl\u00e4rung von Google unter&nbsp;<a href=\"https:\/\/www.google.com\/policies\/privacy\/\">https:\/\/www.google.com\/policies\/privacy\/.<\/a><\/p>\n<p><strong>4.5 CDNJS<\/strong><br \/>\n<strong>Art und Umfang der Verarbeitung<\/strong><\/p>\n<p style=\"text-align: justify;\">Wir verwenden zur ordnungsgem\u00e4\u00dfen Bereitstellung der Inhalte unserer Website CDNJS. CDNJS ist ein Dienst der Cloudflare, Inc., welcher auf unserer Website als Content Delivery Network (CDN) fungiert.<\/p>\n<p style=\"text-align: justify;\">Ein CDN tr\u00e4gt dazu bei, Inhalte unseres Onlineangebotes, insbesondere Dateien wie Grafiken oder Skripte, mit Hilfe regional oder international verteilter Server schneller bereitzustellen. Wenn Sie auf diese Inhalte zugreifen, stellen Sie eine Verbindung zu Servern der Cloudflare, Inc., her, wobei Ihre IP-Adresse und ggf. Browserdaten wie Ihr User-Agent \u00fcbermittelt werden. Diese Daten werden ausschlie\u00dflich zu den oben genannten Zwecken und zur Aufrechterhaltung der Sicherheit und Funktionalit\u00e4t von CDNJS verarbeitet.<\/p>\n<p><strong>Zweck und Rechtsgrundlage<\/strong><\/p>\n<p style=\"text-align: justify;\">Die Nutzung des Content Delivery Networks erfolgt auf Grundlage unserer berechtigten Interessen, d.h. Interesse an einer sicheren und effizienten Bereitstellung sowie der Optimierung unseres Onlineangebotes gem\u00e4\u00df Art. 6 Abs. 1 lit. f. DSGVO.<\/p>\n<p style=\"text-align: justify;\">Wir beabsichtigen personenbezogenen Daten an Drittl\u00e4nder au\u00dferhalb des Europ\u00e4ischen Wirtschaftsraums, insbesondere die USA, zu \u00fcbermitteln. Die Daten\u00fcbermittlung in die USA erfolgt nach Art. 45 Abs. 1 DSGVO auf Grundlage des Angemessenheitsbeschluss der Europ\u00e4ischen Kommission. Die beteiligten US-Unternehmen und\/oder deren US-Unterauftragnehmer sind nach dem EU-U.S. Data Privacy Framework (EU-U.S. DPF) zertifiziert.<\/p>\n<p style=\"text-align: justify;\">In F\u00e4llen, in denen kein Angemessenheitsbeschluss der Europ\u00e4ischen Kommission existiert (einschlie\u00dflich der US-Unternehmen, die nicht nach EU-U.S. DPF zertifiziert sind) haben wir mit den Empf\u00e4ngern der Daten anderweitige geeignete Garantien im Sinne der Art. 44 ff. DSGVO vereinbart. Dies sind &#8211; sofern nicht anders angegeben &#8211; Standardvertragsklauseln der EU-Kommission gem\u00e4\u00df Durchf\u00fchrungsbeschluss (EU) 2021\/914 vom 4. Juni 2021. Eine Kopie dieser Standardvertragsklauseln k\u00f6nnen Sie unter <a href=\"https:\/\/eur-lex.europa.eu\/legal-content\/DE\/TXT\/HTML\/?uri=CELEX:32021D0914&#038;from=DE\" target=\"_blank\">https:\/\/eur-lex.europa.eu\/legal-content\/DE\/TXT\/HTML\/?uri=CELEX:32021D0914&amp;from=DE<\/a> einsehen.<\/p>\n<p style=\"text-align: justify;\">Zudem holen wir vor einem solchen Drittlandtransfer Ihre Einwilligung nach Art. 49 Abs. 1 Satz 1 lit. a. DSGVO ein, die Sie \u00fcber die Einwilligung im Consent Manager (oder sonstigen Formularen, Registrierungen etc.) erteilen. Wir weisen Sie darauf hin, dass bei Drittland\u00fcbermittlungen im Detail unbekannte Risiken (z.B. die Datenverarbeitung durch Sicherheitsbeh\u00f6rden des Drittlandes, deren genauer Umfang und deren Folgen f\u00fcr Sie wir nicht kennen, auf die wir keinen Einfluss haben und von denen Sie unter Umst\u00e4nden keine Kenntnis erlangen) bestehen k\u00f6nnen.<\/p>\n<p style=\"text-align: justify;\"><strong>Speicherdauer<\/strong><\/p>\n<p style=\"text-align: justify;\">Die konkrete Speicherdauer der verarbeiteten Daten ist nicht durch uns beeinflussbar, sondern wird von Cloudflare, Inc. bestimmt. Weitere Hinweise finden Sie in der Datenschutzerkl\u00e4rung f\u00fcr CDNJS: <a href=\"https:\/\/www.cloudflare.com\/privacypolicy\/\" target=\"_blank\">https:\/\/www.cloudflare.com\/privacypolicy\/<\/a>.<\/p>\n<p><strong>5. Betroffenenrechte<\/strong><\/p>\n<p align=\"justify\">Sie haben als betroffene Person das Recht auf Auskunft nach \u00a7 19 DSG-EKD, das Recht auf Berichtigung nach \u00a7 20 DSG-EKD, das Recht auf L\u00f6schung nach \u00a7 21 DSG-EKD, das Recht auf Einschr\u00e4nkung der Verarbeitung nach \u00a7 22 DSG-EKD sowie das Recht auf Daten\u00fcbertragbarkeit nach \u00a7 24 DSG-EKD. Dar\u00fcber hinaus besteht ein Beschwerderecht bei einer Datenschutzaufsichtsbeh\u00f6rde (\u00a7 46 DSG-EKD in Verbindung mit \u00a739 DSG-EKD).<\/p>\n<p><strong>6. Automatisierte Entscheidungen im Einzelfall einschlie\u00dflich Profiling<\/strong><br \/>\nAutomatisierte Entscheidungen im Einzelfall einschlie\u00dflich Profiling erfolgen nicht.<\/p>\n<p><strong>7. Mitteilungspflichten des Verantwortlichen<\/strong><\/p>\n<p align=\"justify\">Wir teilen gem\u00e4\u00df \u00a7 23 DSG-EKD allen Empf\u00e4ngern, denen Ihre personenbezogenen Daten offengelegt wurden, jede Berichtigung oder L\u00f6schung ihrer personenbezogenen Daten oder eine Einschr\u00e4nkung der Verarbeitung nach \u00a7\u00a7 20-22 DSG-EKD mit, es sei denn, die Mitteilung ist unm\u00f6glich oder ist mit einem unverh\u00e4ltnism\u00e4\u00dfigen Aufwand verbunden.<\/p>\n<p>Wir unterrichten Sie \u00fcber die Empf\u00e4nger, wenn Sie dies verlangen.<\/p>\n<p><strong>8. Widerspruchsrecht<\/strong><\/p>\n<p align=\"justify\">Sie haben das Recht gem\u00e4\u00df \u00a7 25 DSG-EKD, aus Gr\u00fcnden, die sich aus Ihrer besonderen Situation ergeben, jederzeit gegen die Verarbeitung der Sie betreffenden personenbezogenen Daten, die aufgrund von \u00a7 6 Ziffer 1, 3, 4 oder 8 Widerspruch einzulegen. Werden personenbezogene Daten verarbeitet, um Direktwerbung zu betreiben, so haben Sie das Recht, jederzeit Widerspruch gegen die Verarbeitung sie betreffender personenbezogener Daten zum Zwecke derartiger Werbung einzulegen. Der Widerruf kann formfrei erfolgen und sollte gerichtet werden an:<\/p>\n<p>Evangelische Gemeinde Volberg-Forsbach-R\u00f6srath<br \/>\nAnschrift: Volberg 4, 51503 R\u00f6srath<br \/>\nMailkontakt:&nbsp;<a href=\"mailto:volberg-forsbach-roesrath@ekir.de\">volberg-forsbach-roesrath@ekir.de<\/a><\/p>\n<p><strong>9. Recht auf Widerruf der Einwilligung in die Verarbeitung der personenbezogenen Daten<\/strong><\/p>\n<p align=\"justify\">Sie haben gem\u00e4\u00df \u00a7 11 Abs. 3 DSG-EKD das Recht, Ihre Einwilligung jederzeit zu widerrufen. Die Rechtm\u00e4\u00dfigkeit der aufgrund der Einwilligung bis zum Widerruf erfolgten Verarbeitung wird hiervon nicht ber\u00fchrt. Damit gilt der Widerruf immer nur f\u00fcr die nach dem Widerruf geplante Verarbeitung. Der Widerruf ist formlos m\u00f6glich. Legen Sie Widerspruch ein, werden wir Ihre personenbezogenen Daten nicht mehr verarbeiten, es sei denn, eine andere (gesetzliche) Grundlage gestattet dies. Erfolgt jedoch ein Widerruf und es liegt kein anderer Erlaubnistatbestand vor, so m\u00fcssen gem\u00e4\u00df \u00a721 Abs. 1 Ziffer 3 DSG-EKD die personenbezogenen Daten auf Ihren Wunsch hin unverz\u00fcglich gel\u00f6scht werden. Der Widerruf kann formfrei erfolgen und sollte gerichtet werden an:<\/p>\n<p>Evangelische Gemeinde Volberg-Forsbach-R\u00f6srath<br \/>\nAnschrift: Volberg 4, 51503 R\u00f6srath<br \/>\nMailkontakt:&nbsp;<a href=\"mailto:volberg-forsbach-roesrath@ekir.de\">volberg-forsbach-roesrath@ekir.de<\/a><\/p>\n<\/div>\n ","protected":false},"excerpt":{"rendered":"<p>Datenschutzerkl\u00e4rung &#8211; 21.02.2024 I. Datenschutzhinweise nach \u00a7\u00a7 17 und 25 DSG-EKD f\u00fcr die Website der Evangelische Gemeinde Volberg-Forsbach-R\u00f6srath 1. Allgemeines Wir, die Evangelische Gemeinde Volberg-Forsbach-R\u00f6srath, nehmen den Schutz Ihrer personenbezogenen <a class=\"more-link\" href=\"https:\/\/www.evkirche-roesrath.de\/index.php\/ueber-uns\/adressen\/datenschutzerklaerung\/\">weiterlesen \u2192<\/a><\/p>\n","protected":false},"author":3,"featured_media":0,"parent":12162,"menu_order":0,"comment_status":"closed","ping_status":"closed","template":"","meta":{"ngg_post_thumbnail":0,"footnotes":""},"class_list":["post-25119","page","type-page","status-publish","hentry"],"_links":{"self":[{"href":"https:\/\/www.evkirche-roesrath.de\/index.php\/wp-json\/wp\/v2\/pages\/25119","targetHints":{"allow":["GET"]}}],"collection":[{"href":"https:\/\/www.evkirche-roesrath.de\/index.php\/wp-json\/wp\/v2\/pages"}],"about":[{"href":"https:\/\/www.evkirche-roesrath.de\/index.php\/wp-json\/wp\/v2\/types\/page"}],"author":[{"embeddable":true,"href":"https:\/\/www.evkirche-roesrath.de\/index.php\/wp-json\/wp\/v2\/users\/3"}],"replies":[{"embeddable":true,"href":"https:\/\/www.evkirche-roesrath.de\/index.php\/wp-json\/wp\/v2\/comments?post=25119"}],"version-history":[{"count":7,"href":"https:\/\/www.evkirche-roesrath.de\/index.php\/wp-json\/wp\/v2\/pages\/25119\/revisions"}],"predecessor-version":[{"id":27597,"href":"https:\/\/www.evkirche-roesrath.de\/index.php\/wp-json\/wp\/v2\/pages\/25119\/revisions\/27597"}],"up":[{"embeddable":true,"href":"https:\/\/www.evkirche-roesrath.de\/index.php\/wp-json\/wp\/v2\/pages\/12162"}],"wp:attachment":[{"href":"https:\/\/www.evkirche-roesrath.de\/index.php\/wp-json\/wp\/v2\/media?parent=25119"}],"curies":[{"name":"wp","href":"https:\/\/api.w.org\/{rel}","templated":true}]}}