{"id":24634,"date":"2023-11-15T16:12:44","date_gmt":"2023-11-15T15:12:44","guid":{"rendered":"https:\/\/www.evkirche-roesrath.de\/?page_id=24634"},"modified":"2024-03-11T11:32:26","modified_gmt":"2024-03-11T10:32:26","slug":"ergebnisse","status":"publish","type":"page","link":"https:\/\/www.evkirche-roesrath.de\/index.php\/ergebnisse\/","title":{"rendered":"Ergebniss"},"content":{"rendered":"<p>Das endg\u00fcltige Wahlergebniss der Presbyteriumswahl 2024 ist wie folgt:<\/p>\n<table style=\"width:50%\">\n<tr>\n<td><strong>Abgegebene Stimmzettel:<\/strong><\/td>\n<td>714<\/td>\n<\/tr>\n<tr>\n<td>G\u00fcltig:<\/td>\n<td>708<\/td>\n<\/tr>\n<tr>\n<td>Ung\u00fcltig:<\/td>\n<td>6<\/td>\n<\/tr>\n<tr>\n<td>Wahlbeteiligung:<\/td>\n<td>13,92%<\/td>\n<\/tr>\n<\/table>\n<\/hr>\n<table style=\"width:50%\">\n<tr>\n<td>Gew\u00e4hlt<\/td>\n<td>Stimmen<\/td>\n<tr>\n<td><strong>Jutta Renner<\/strong><\/td>\n<td>489<\/td>\n<\/tr>\n<tr>\n<td><strong>Udo Hartenfels<\/strong><\/td>\n<td>397<\/td>\n<\/tr>\n<tr>\n<td><strong>Eva-Maria Engels<\/strong><\/td>\n<td>352<\/td>\n<\/tr>\n<tr>\n<td><strong>Monika Bautz<\/strong><\/td>\n<td>305<\/td>\n<\/tr>\n<tr>\n<td><strong>Elisabeth Behrendt<\/strong><\/td>\n<td>270<\/td>\n<\/tr>\n<tr>\n<td><strong>Thomas Kl\u00f6ber<\/strong><\/td>\n<td>268<\/td>\n<\/tr>\n<tr>\n<td><strong>Ilka Richter<\/strong><\/td>\n<td>261<\/td>\n<\/tr>\n<tr>\n<td><strong>Paul-Helmut Moritz<\/strong><\/td>\n<td>249<\/td>\n<\/tr>\n<tr>\n<td><strong>Monika Mattern-Klosson<\/strong><\/td>\n<td>244<\/td>\n<\/tr>\n<tr>\n<td><strong>Joachim H\u00f6h<\/strong><\/td>\n<td>222<\/td>\n<\/tr>\n<\/table>\n<h3>Wir bedanken uns beim Wahlvorstand und allen Helfern, die die Durchf\u00fchrung der Wahl erm\u00f6glicht haben!<\/h3>\n<h3>Ebenso bedanken wir uns bei den Kandidatinnen und Kandidaten, die bereit waren, Verantwortung f\u00fcr unsere Gemeinde zu \u00fcbernehmen!<\/h3>\n<h2>Den Gew\u00e4hlten gratulieren wir und w\u00fcnschen ihnen Gottes Segen und Geleit f\u00fcr dieses Amt.<\/hr>\n ","protected":false},"excerpt":{"rendered":"<p>Das endg\u00fcltige Wahlergebniss der Presbyteriumswahl 2024 ist wie folgt: Abgegebene Stimmzettel: 714 G\u00fcltig: 708 Ung\u00fcltig: 6 Wahlbeteiligung: 13,92% Gew\u00e4hlt Stimmen Jutta Renner 489 Udo Hartenfels 397 Eva-Maria Engels 352 Monika <a class=\"more-link\" href=\"https:\/\/www.evkirche-roesrath.de\/index.php\/ergebnisse\/\">weiterlesen \u2192<\/a><\/p>\n","protected":false},"author":17,"featured_media":0,"parent":0,"menu_order":0,"comment_status":"closed","ping_status":"closed","template":"","meta":{"ngg_post_thumbnail":0,"footnotes":""},"class_list":["post-24634","page","type-page","status-publish","hentry"],"_links":{"self":[{"href":"https:\/\/www.evkirche-roesrath.de\/index.php\/wp-json\/wp\/v2\/pages\/24634","targetHints":{"allow":["GET"]}}],"collection":[{"href":"https:\/\/www.evkirche-roesrath.de\/index.php\/wp-json\/wp\/v2\/pages"}],"about":[{"href":"https:\/\/www.evkirche-roesrath.de\/index.php\/wp-json\/wp\/v2\/types\/page"}],"author":[{"embeddable":true,"href":"https:\/\/www.evkirche-roesrath.de\/index.php\/wp-json\/wp\/v2\/users\/17"}],"replies":[{"embeddable":true,"href":"https:\/\/www.evkirche-roesrath.de\/index.php\/wp-json\/wp\/v2\/comments?post=24634"}],"version-history":[{"count":0,"href":"https:\/\/www.evkirche-roesrath.de\/index.php\/wp-json\/wp\/v2\/pages\/24634\/revisions"}],"wp:attachment":[{"href":"https:\/\/www.evkirche-roesrath.de\/index.php\/wp-json\/wp\/v2\/media?parent=24634"}],"curies":[{"name":"wp","href":"https:\/\/api.w.org\/{rel}","templated":true}]}}