{"id":24429,"date":"2023-10-30T14:37:14","date_gmt":"2023-10-30T13:37:14","guid":{"rendered":"https:\/\/www.evkirche-roesrath.de\/?page_id=24429"},"modified":"2023-10-31T15:08:19","modified_gmt":"2023-10-31T14:08:19","slug":"monika-mattern-klosson","status":"publish","type":"page","link":"https:\/\/www.evkirche-roesrath.de\/index.php\/monika-mattern-klosson\/","title":{"rendered":"Monika Mattern-Klosson"},"content":{"rendered":"<p><img decoding=\"async\" src=\"https:\/\/www.evkirche-roesrath.de\/wp-content\/uploads\/2023\/10\/Monika-Mattern.png\" alt=\"Monika Mattern-Klosson\" align=left style=\"margin-right:1cm\">Liebe Gemeinde,<br \/>\nmein Name ist Monika Mattern-Klosson, ich bin 66 Jahre alt, habe 2 erwachsene T\u00f6chter und wohne seit 35 Jahren in Forsbach. Als Physikerin war ich in einem K\u00f6lner Maschinenbau-Unternehmen besch\u00e4ftigt, die letzten 25 Jahre in unterschiedlichsten Funktionen in der Gesch\u00e4ftsleitung. Meine Hobbies sind meine Familie, mein Garten und vieles, was mit Technik zu tun hat.<br \/>\nBedingt durch die sinkenden Kirchensteuereinnahmen wird sich In unserer Gemeinde in den n\u00e4chsten Jahren manches ver\u00e4ndern. Diesen Prozess m\u00f6chte ich im Presbyterium mitgestalten und meine Lebenserfahrungen dazu einbringen. Ich bin u\u0308berzeugt, dass daraus Gutes fu\u0308r unsere Zukunft entstehen kann.<br \/>\nHerzlichst, Ihre Monika Mattern-Klosson<\/p>\n ","protected":false},"excerpt":{"rendered":"<p>Liebe Gemeinde, mein Name ist Monika Mattern-Klosson, ich bin 66 Jahre alt, habe 2 erwachsene T\u00f6chter und wohne seit 35 Jahren in Forsbach. Als Physikerin war ich in einem K\u00f6lner <a class=\"more-link\" href=\"https:\/\/www.evkirche-roesrath.de\/index.php\/monika-mattern-klosson\/\">weiterlesen \u2192<\/a><\/p>\n","protected":false},"author":17,"featured_media":0,"parent":0,"menu_order":0,"comment_status":"closed","ping_status":"closed","template":"","meta":{"ngg_post_thumbnail":0,"footnotes":""},"class_list":["post-24429","page","type-page","status-publish","hentry"],"_links":{"self":[{"href":"https:\/\/www.evkirche-roesrath.de\/index.php\/wp-json\/wp\/v2\/pages\/24429","targetHints":{"allow":["GET"]}}],"collection":[{"href":"https:\/\/www.evkirche-roesrath.de\/index.php\/wp-json\/wp\/v2\/pages"}],"about":[{"href":"https:\/\/www.evkirche-roesrath.de\/index.php\/wp-json\/wp\/v2\/types\/page"}],"author":[{"embeddable":true,"href":"https:\/\/www.evkirche-roesrath.de\/index.php\/wp-json\/wp\/v2\/users\/17"}],"replies":[{"embeddable":true,"href":"https:\/\/www.evkirche-roesrath.de\/index.php\/wp-json\/wp\/v2\/comments?post=24429"}],"version-history":[{"count":0,"href":"https:\/\/www.evkirche-roesrath.de\/index.php\/wp-json\/wp\/v2\/pages\/24429\/revisions"}],"wp:attachment":[{"href":"https:\/\/www.evkirche-roesrath.de\/index.php\/wp-json\/wp\/v2\/media?parent=24429"}],"curies":[{"name":"wp","href":"https:\/\/api.w.org\/{rel}","templated":true}]}}