{"id":24423,"date":"2023-10-30T14:36:28","date_gmt":"2023-10-30T13:36:28","guid":{"rendered":"https:\/\/www.evkirche-roesrath.de\/?page_id=24423"},"modified":"2024-01-09T14:11:57","modified_gmt":"2024-01-09T13:11:57","slug":"thomas-kloeber","status":"publish","type":"page","link":"https:\/\/www.evkirche-roesrath.de\/index.php\/thomas-kloeber\/","title":{"rendered":"Thomas Kl\u00f6ber"},"content":{"rendered":"<p><img decoding=\"async\" src=\"https:\/\/www.evkirche-roesrath.de\/wp-content\/uploads\/2023\/10\/TDK.png\" width=\"30%\" height=\"30%\" alt=\"Thomas Kl\u00f6ber\" align=left style=\"margin-right:1cm\">Ich bin 66 Jahre alt und lebe seit 2002 in Hoffnungsthal. Ich habe 2 Kinder, 24 und 21 Jahre, die beide in Volberg konfirmiert wurden und nun zum Studieren in die Welt gezogen sind.<br \/>\nVon 2005 bis 2020 habe ich im Kinderkirchen-Team in Volberg mitgearbeitet.<br \/>\nSeit M\u00e4rz 2020 bin ich Mitglied im Presbyterium. Dort engagiere ich mich, als gelerneter Informatiker und Software-Entwickler, zusammen mit anderen Ehrenamtlichen in der digitalen \u00d6ffentlichkeitsarbeit der Gemeinde (Betreuung unserer Web-Seite und anderer digitaler Kan\u00e4le). Ebenso k\u00fcmmere ich mich mit um die Live-Streams der Gottesdienste in der Volberger Kirche und seit Weihnachten 2023 in R\u00f6srath.<br \/>\nIn den letzten Monaten habe ich die Durchf\u00fchrung der Zukunftswerkst\u00e4tten mit organisiert und durchgef\u00fchrt, da mir die Beteiligung der Gemeinde in den vor uns liegenden Ver\u00e4nderungen sehr am Herzen liegt.<br \/>\nIch sehe diese als gro\u00dfe Chance f\u00fcr unsere Gemeinde, sich auf das Wesentliche zu besinnen und neue Wege der Gemeindearbeit zu gehen. Daran m\u00f6chte ich auch im neuen Presbyterium gerne weiterarbeiten.<\/p>\n ","protected":false},"excerpt":{"rendered":"<p>Ich bin 66 Jahre alt und lebe seit 2002 in Hoffnungsthal. Ich habe 2 Kinder, 24 und 21 Jahre, die beide in Volberg konfirmiert wurden und nun zum Studieren in <a class=\"more-link\" href=\"https:\/\/www.evkirche-roesrath.de\/index.php\/thomas-kloeber\/\">weiterlesen \u2192<\/a><\/p>\n","protected":false},"author":17,"featured_media":0,"parent":0,"menu_order":0,"comment_status":"closed","ping_status":"closed","template":"","meta":{"ngg_post_thumbnail":0,"footnotes":""},"class_list":["post-24423","page","type-page","status-publish","hentry"],"_links":{"self":[{"href":"https:\/\/www.evkirche-roesrath.de\/index.php\/wp-json\/wp\/v2\/pages\/24423","targetHints":{"allow":["GET"]}}],"collection":[{"href":"https:\/\/www.evkirche-roesrath.de\/index.php\/wp-json\/wp\/v2\/pages"}],"about":[{"href":"https:\/\/www.evkirche-roesrath.de\/index.php\/wp-json\/wp\/v2\/types\/page"}],"author":[{"embeddable":true,"href":"https:\/\/www.evkirche-roesrath.de\/index.php\/wp-json\/wp\/v2\/users\/17"}],"replies":[{"embeddable":true,"href":"https:\/\/www.evkirche-roesrath.de\/index.php\/wp-json\/wp\/v2\/comments?post=24423"}],"version-history":[{"count":0,"href":"https:\/\/www.evkirche-roesrath.de\/index.php\/wp-json\/wp\/v2\/pages\/24423\/revisions"}],"wp:attachment":[{"href":"https:\/\/www.evkirche-roesrath.de\/index.php\/wp-json\/wp\/v2\/media?parent=24423"}],"curies":[{"name":"wp","href":"https:\/\/api.w.org\/{rel}","templated":true}]}}