{"id":24419,"date":"2023-10-30T14:35:58","date_gmt":"2023-10-30T13:35:58","guid":{"rendered":"https:\/\/www.evkirche-roesrath.de\/?page_id=24419"},"modified":"2023-11-04T17:26:00","modified_gmt":"2023-11-04T16:26:00","slug":"udo-hartenfels","status":"publish","type":"page","link":"https:\/\/www.evkirche-roesrath.de\/index.php\/udo-hartenfels\/","title":{"rendered":"Udo Hartenfels"},"content":{"rendered":"<p><img decoding=\"async\" src=\"https:\/\/www.evkirche-roesrath.de\/wp-content\/uploads\/2023\/11\/Udo-Hartenfels-scaled.jpg\" alt=\"Udo Hartenfels\" width=\"30%\" height=\"30%\" align=left style=\"margin-right:1cm\">Liebe Gemeinde,<br \/>\nhiermit m\u00f6chte ich mich kurz vorstellen.<\/p>\n<p>Mein Name ist Udo Hartenfels, geb. in Bensberg im November 1960.<br \/>\nIch wohne und lebe bis auf eine kurze Zeit ununterbrochen in L\u00fcghausen. (R\u00f6srath). Sei dem Jahr 1982 bin ich gl\u00fccklich verheiratet mit meiner Frau Anita Hartenfels. Ich habe zwei Kinder, Mike 41 Jahre alt, schwerbehindert und Nadine 38 Jahre alt. Sie ist alleinerziehende Mama von 3 Kindern. Meine Frau h\u00e4lt die ganze Familie zusammen, was besonders wichtig f\u00fcr mich ist.<\/p>\n<p>Ich bin gelernter Maurer (Geselle seit 1978) habe aufgrund von Weiterbildung die Ausbildung zum Polier \u2013 Industriemeister im Bereich Hochbau absolviert. Meinen Beruf habe ich bis August 2021 im v\u00e4terlich gegr\u00fcndeten Familienbetrieb Hans Hartenfels ausge\u00fcbt. Leider musste ich im Juni 2023 aus gesundheitlichen Gr\u00fcnden meinen Beruf aufgeben.<\/p>\n<p>Seit Juli 2023 bin ich aber mit 29,5 Stunden als Haustechniker f\u00fcr die W\u00f6llner Stift Dienstleistungs-GmbH t\u00e4tig.<br \/>\nIch bin seit 2004 als Presbyter in der EV Gemeinde Volberg sp\u00e4ter<br \/>\nEV Gemeinde Volberg \u2013 Forsbach \u2013 R\u00f6srath, ehrenamtlich t\u00e4tig. In der Vergangenheit habe ich mich unter anderem um die baulichen Angelegenheiten der Bezirke gek\u00fcmmert. Meine neue Herausforderung f\u00fcr die kommende Wahlperiode sehe ich im Neubau der Kita Volberg. Aufgrund meiner beruflichen Erfahrungen und der vielen Sachkenntnisse, die ich habe, da ich oft vor Ort t\u00e4tig war, kann ich mich einbringen und den Bau begleiten. Mein Ziel ist es den Bauausschuss mit all meinen M\u00f6glichkeiten zu unterst\u00fctzen.<br \/>\nWeiter m\u00f6chte ich die Verpachtung und alle damit verbundenen Pflichten f\u00fcr P\u00e4chter und Eigent\u00fcmer der Schrebergartenanlage an der S\u00fclz in Hoffnungsthal, vorantreiben. Dies ist eine Herzenssache, der ich mich in den vergangenen Jahren mit viel Einsatz gewidmet habe. Daher w\u00fcrde ich mich \u00fcber Ihre Stimme und der damit verbundenen Neuwahl sehr freuen.<\/p>\n<p>Mit segensreichem Gru\u00df<br \/>\nUdo Hartenfels<\/p>\n ","protected":false},"excerpt":{"rendered":"<p>Liebe Gemeinde, hiermit m\u00f6chte ich mich kurz vorstellen. Mein Name ist Udo Hartenfels, geb. in Bensberg im November 1960. Ich wohne und lebe bis auf eine kurze Zeit ununterbrochen in <a class=\"more-link\" href=\"https:\/\/www.evkirche-roesrath.de\/index.php\/udo-hartenfels\/\">weiterlesen \u2192<\/a><\/p>\n","protected":false},"author":17,"featured_media":0,"parent":0,"menu_order":0,"comment_status":"closed","ping_status":"closed","template":"","meta":{"ngg_post_thumbnail":0,"footnotes":""},"class_list":["post-24419","page","type-page","status-publish","hentry"],"_links":{"self":[{"href":"https:\/\/www.evkirche-roesrath.de\/index.php\/wp-json\/wp\/v2\/pages\/24419","targetHints":{"allow":["GET"]}}],"collection":[{"href":"https:\/\/www.evkirche-roesrath.de\/index.php\/wp-json\/wp\/v2\/pages"}],"about":[{"href":"https:\/\/www.evkirche-roesrath.de\/index.php\/wp-json\/wp\/v2\/types\/page"}],"author":[{"embeddable":true,"href":"https:\/\/www.evkirche-roesrath.de\/index.php\/wp-json\/wp\/v2\/users\/17"}],"replies":[{"embeddable":true,"href":"https:\/\/www.evkirche-roesrath.de\/index.php\/wp-json\/wp\/v2\/comments?post=24419"}],"version-history":[{"count":0,"href":"https:\/\/www.evkirche-roesrath.de\/index.php\/wp-json\/wp\/v2\/pages\/24419\/revisions"}],"wp:attachment":[{"href":"https:\/\/www.evkirche-roesrath.de\/index.php\/wp-json\/wp\/v2\/media?parent=24419"}],"curies":[{"name":"wp","href":"https:\/\/api.w.org\/{rel}","templated":true}]}}