{"id":24414,"date":"2023-10-30T14:31:44","date_gmt":"2023-10-30T13:31:44","guid":{"rendered":"https:\/\/www.evkirche-roesrath.de\/?page_id=24414"},"modified":"2023-10-31T15:05:40","modified_gmt":"2023-10-31T14:05:40","slug":"eva-maria-engels","status":"publish","type":"page","link":"https:\/\/www.evkirche-roesrath.de\/index.php\/eva-maria-engels\/","title":{"rendered":"Eva-Maria Engels"},"content":{"rendered":"<p><img decoding=\"async\" src=\"https:\/\/www.evkirche-roesrath.de\/wp-content\/uploads\/2023\/10\/Eva-Engels.png\" alt=\"Eva-Maria Engels\" align=left style=\"margin-right:1cm\">Ich bin 60 Jahre alt und wohne in Hoffnungsthal.<\/p>\n<p>Ich lebe seit 57 Jahren und arbeite zusammen mit meinem Mann seit 1987 in Hoffnungsthal, habe drei erwachsene T\u00f6chter und einen \u201eEnkelhund-Findus\u201c. In der Volberger Kirche wurde ich konfirmiert, getraut und unsere T\u00f6chter getauft und konfirmiert.Ich spiele sehr gerne Tennis, bin im TCH-Vorstand t\u00e4tig, wandere, singe und lese in meiner Freizeit und liebe die Gartenarbeit.<br \/>\nIch habe in der offenen Kirche Volberg mitgearbeitet, habe viele Jahre die Kinderkirche in Volberg begleitet, singe mit gro\u00dfem Spa\u00df seit der Gru\u0308ndung im Gospelchor mit, war im Ausschuss TheoGoKi und im Finanzausschuss t\u00e4tig. Ich m\u00f6chte gerne bei der Bew\u00e4ltigung der anstehenden Aufgaben, vor die unsere Gemeinde gestellt ist, mithelfen. Insbesondere liegt es mir am Herzen, dass unsere Gemeinde zusammenw\u00e4chst, dass das Denken in Bezirken verschwindet, dass Kirche wieder attraktiver wird und wir Menschen zuru\u0308ckholen. Hierbei ist fu\u0308r mich die Musik als Bestandteil, nicht nur im Gottesdienst, sondern auch in der Jugend- und Chorarbeit u\u0308beraus wichtig.<\/p>\n ","protected":false},"excerpt":{"rendered":"<p>Ich bin 60 Jahre alt und wohne in Hoffnungsthal. Ich lebe seit 57 Jahren und arbeite zusammen mit meinem Mann seit 1987 in Hoffnungsthal, habe drei erwachsene T\u00f6chter und einen <a class=\"more-link\" href=\"https:\/\/www.evkirche-roesrath.de\/index.php\/eva-maria-engels\/\">weiterlesen \u2192<\/a><\/p>\n","protected":false},"author":17,"featured_media":0,"parent":0,"menu_order":0,"comment_status":"closed","ping_status":"closed","template":"","meta":{"ngg_post_thumbnail":0,"footnotes":""},"class_list":["post-24414","page","type-page","status-publish","hentry"],"_links":{"self":[{"href":"https:\/\/www.evkirche-roesrath.de\/index.php\/wp-json\/wp\/v2\/pages\/24414","targetHints":{"allow":["GET"]}}],"collection":[{"href":"https:\/\/www.evkirche-roesrath.de\/index.php\/wp-json\/wp\/v2\/pages"}],"about":[{"href":"https:\/\/www.evkirche-roesrath.de\/index.php\/wp-json\/wp\/v2\/types\/page"}],"author":[{"embeddable":true,"href":"https:\/\/www.evkirche-roesrath.de\/index.php\/wp-json\/wp\/v2\/users\/17"}],"replies":[{"embeddable":true,"href":"https:\/\/www.evkirche-roesrath.de\/index.php\/wp-json\/wp\/v2\/comments?post=24414"}],"version-history":[{"count":0,"href":"https:\/\/www.evkirche-roesrath.de\/index.php\/wp-json\/wp\/v2\/pages\/24414\/revisions"}],"wp:attachment":[{"href":"https:\/\/www.evkirche-roesrath.de\/index.php\/wp-json\/wp\/v2\/media?parent=24414"}],"curies":[{"name":"wp","href":"https:\/\/api.w.org\/{rel}","templated":true}]}}