{"id":24364,"date":"2023-10-18T15:47:14","date_gmt":"2023-10-18T13:47:14","guid":{"rendered":"https:\/\/www.evkirche-roesrath.de\/?page_id=24364"},"modified":"2024-03-01T14:19:00","modified_gmt":"2024-03-01T13:19:00","slug":"wie-funktioniert-die-online-wahl","status":"publish","type":"page","link":"https:\/\/www.evkirche-roesrath.de\/index.php\/presbyteriums-wahlen-2024\/wie-funktioniert-die-online-wahl\/","title":{"rendered":"Wie funktioniert die Online-Wahl?"},"content":{"rendered":"<p>Bei der anstehenden Wahl des neuen Presbyteriums Ihrer Kirchengemeinde haben Sie \u2013 neben der Stimmabgabe an der Urne oder per Brief \u2013 erstmals auch die M\u00f6glichkeit, online abzustimmen. <strong>Ihre Wahlbenachrichtigung enth\u00e4lt dazu pers\u00f6nliche Zugangsdaten<\/strong>, mit denen Sie am PC, u\u0308ber Tablet oder Smartphone ihre Stimme abgeben k\u00f6nnen.<\/p>\n<p>Die digitale Abstimmung erfolgt u\u0308ber ein Wahlportal des Online-Wahlen-Anbieters Polyas. Dieser verfu\u0308gt u\u0308ber jahrelange Erfahrung bei der Durchfu\u0308hrung von digitalen Presbyteriums-\/Kirchenvorstandswahlen in verschiedenen Landeskirchen und Bistu\u0308mern und ist nach den Sicherheitsanforderungen des Bundesamtes fu\u0308r Sicherheit in der Informationstechnik zertifiziert.<\/p>\n<p><strong>Siehe k\u00f6nnen diese Anleitung auch als PDF-Datei <a href=\"https:\/\/www.evkirche-roesrath.de\/wp-content\/uploads\/2023\/10\/Anleitung-digital-PW24-Web.pdf\">hier runterladen<\/a>.<\/strong><\/p>\n<h2>Schritt fu\u0308r Schritt zur digitalen Stimmabgabe<\/h2>\n<h3>Schritt 1<\/h3>\n<p><img decoding=\"async\" src=\"https:\/\/www.evkirche-roesrath.de\/wp-content\/uploads\/2023\/10\/Wahl-1.png\" alt=\"Schritt 1\" align=right hspace=20><\/p>\n<ul>\n<li>\nFu\u0308r die digitale Stimmabgabe rufen Sie bitte das Wahlportal u\u0308ber den Link <a href=\"http:\/\/presbyteriumswahl.de\/digitale-wahl\" rel=\"noopener\" target=\"_blank\">presbyteriumswahl.de\/digitale-wahl<\/a> auf.<br \/>\nDen Link finden Sie auch auf Ihrer Wahlbenachrichtigung, die ab dem 19. Januar 2024 verschickt wird.\n<\/li>\n<li>\nAlternativ k\u00f6nnen Sie das Wahlportal \u00f6ffnen, indem Sie mit Ihrem Handy den QR-Code auf Ihrer Wahlbenachrichtigung scannen.\n<\/li>\n<li>\nGeben Sie nun Ihr Geburtsdatum (ID) und Ihren pers\u00f6nlichen Zugangscode (Passwort) ein, um sich anzumelden.<br \/>\n<strong>Den Zugangscode finden Sie auf Ihrer Wahlbenachrichtigung.<\/strong>\n<\/li>\n<\/ul>\n<h3>Schritt 2<\/h3>\n<p><img decoding=\"async\" src=\"https:\/\/www.evkirche-roesrath.de\/wp-content\/uploads\/2023\/10\/Wahl-2.png\" alt=\"Schritt 2\" align=right hspace=20><\/p>\n<ul>\n<li>\nKlicken Sie auf dem folgenden Eingangstext auf das Feld \u201eWeiter zur Stimmabgabe\u201c, um den Stimmzettel aufzurufen. Dieser fu\u0308hrt alle Kandidierenden auf, die sich in Ihrem  Stimmbezirk zur Wahl stellen.\n<\/li>\n<li>\nMit einem Klick auf das Feld links neben dem jeweiligen Namen k\u00f6nnen Sie Ihre Auswahl treffen. <strong>Sie k\u00f6nnen maximal 10 Stimmen abgeben<\/strong>.\n<\/li>\n<li>\nBei Bedarf k\u00f6nnen Sie die Stimmabgabe korrigieren.\n<\/li>\n<\/ul>\n<h3>Schritt 3<\/h3>\n<p><img decoding=\"async\" src=\"https:\/\/www.evkirche-roesrath.de\/wp-content\/uploads\/2023\/10\/Wahl-3.png\" alt=\"Schritt 3\" align=right hspace=20><\/p>\n<ul>\n<li>\nKlicken Sie auf das Feld \u201eVerbindliche Stimmabgabe\u201c um Ihre Auswahl abzuschicken.\n<\/li>\n<li>\nAnschlie\u00dfend erscheint eine Best\u00e4tigung, dass Ihre Stimme erfolgreich in der digitalen Wahlurne eingegangen ist.\n<\/li>\n<\/ul>\n<p>Die online abgegebenen Stimmen werden zum Tag der Urnenwahl am 18. Februar 2024 an die Gemeinde u\u0308bermittelt und flie\u00dfen bei der Ausz\u00e4hlung der Stimmen in das Ergebnis ein.<\/p>\n ","protected":false},"excerpt":{"rendered":"<p>Bei der anstehenden Wahl des neuen Presbyteriums Ihrer Kirchengemeinde haben Sie \u2013 neben der Stimmabgabe an der Urne oder per Brief \u2013 erstmals auch die M\u00f6glichkeit, online abzustimmen. Ihre Wahlbenachrichtigung <a class=\"more-link\" href=\"https:\/\/www.evkirche-roesrath.de\/index.php\/presbyteriums-wahlen-2024\/wie-funktioniert-die-online-wahl\/\">weiterlesen \u2192<\/a><\/p>\n","protected":false},"author":17,"featured_media":0,"parent":24320,"menu_order":0,"comment_status":"closed","ping_status":"closed","template":"","meta":{"ngg_post_thumbnail":0,"footnotes":""},"class_list":["post-24364","page","type-page","status-publish","hentry"],"_links":{"self":[{"href":"https:\/\/www.evkirche-roesrath.de\/index.php\/wp-json\/wp\/v2\/pages\/24364","targetHints":{"allow":["GET"]}}],"collection":[{"href":"https:\/\/www.evkirche-roesrath.de\/index.php\/wp-json\/wp\/v2\/pages"}],"about":[{"href":"https:\/\/www.evkirche-roesrath.de\/index.php\/wp-json\/wp\/v2\/types\/page"}],"author":[{"embeddable":true,"href":"https:\/\/www.evkirche-roesrath.de\/index.php\/wp-json\/wp\/v2\/users\/17"}],"replies":[{"embeddable":true,"href":"https:\/\/www.evkirche-roesrath.de\/index.php\/wp-json\/wp\/v2\/comments?post=24364"}],"version-history":[{"count":0,"href":"https:\/\/www.evkirche-roesrath.de\/index.php\/wp-json\/wp\/v2\/pages\/24364\/revisions"}],"up":[{"embeddable":true,"href":"https:\/\/www.evkirche-roesrath.de\/index.php\/wp-json\/wp\/v2\/pages\/24320"}],"wp:attachment":[{"href":"https:\/\/www.evkirche-roesrath.de\/index.php\/wp-json\/wp\/v2\/media?parent=24364"}],"curies":[{"name":"wp","href":"https:\/\/api.w.org\/{rel}","templated":true}]}}