{"id":24320,"date":"2023-09-27T12:26:50","date_gmt":"2023-09-27T10:26:50","guid":{"rendered":"https:\/\/www.evkirche-roesrath.de\/?page_id=24320"},"modified":"2025-01-02T11:16:41","modified_gmt":"2025-01-02T10:16:41","slug":"presbyteriums-wahlen-2024","status":"publish","type":"page","link":"https:\/\/www.evkirche-roesrath.de\/index.php\/presbyteriums-wahlen-2024\/","title":{"rendered":"Presbyteriums-Wahlen 2024"},"content":{"rendered":"<p>Hier finden Sie alles Wissenswerte rund um die <strong>Wahlen am 18.Februar 2024<\/strong>.<\/p>\n<ul>\n<li style=\"list-style-type: none;\">\n<ul>\n<li><a href=\"#who\"><strong>Wer<\/strong> darf w\u00e4hlen?<\/a><\/li>\n<li><a href=\"#how\"><strong>Wie<\/strong> kann ich w\u00e4hlen?<\/a><\/li>\n<li><a href=\"#where\"><strong>Wo<\/strong> kann ich w\u00e4hlen?<\/a><\/li>\n<li><a href=\"#when\"><strong>Wann<\/strong> kann ich w\u00e4hlen?<\/a><\/li>\n<\/ul>\n<\/li>\n<\/ul>\n<p><!--\n \t\n\n<li><a href=\"https:\/\/www.evkirche-roesrath.de\/?page_id=24389\" rel=\"noopener\" target=\"_blank\"><strong>Wen<\/strong> kann ich w\u00e4hlen?<\/a> --><\/p>\n<ul>\n<li><a href=\"#why\"><strong>Warum<\/strong> soll ich w\u00e4hlen?<\/a><\/li>\n<\/ul>\n<p>&nbsp;<\/p>\n<hr>\n<h2>Wer darf w\u00e4hlen?<\/h2>\n<p>Wahlberechtigt ist, wer am 5. Februar 2024, bei Schlie\u00dfung des Wahlverzeichnisses:<br \/>\n\u2013 Mitglied der Kirchengemeinde ist und in deren Gebiet wohnt oder die Gemeindezugeh\u00f6rigkeit in besonderen F\u00e4llen erworben oder behalten hat,<br \/>\n\u2013 zu den kirchlichen Abgaben beitr\u00e4gt, soweit die Verpflichtung hierzu besteht und<br \/>\n\u2013 am Wahltag konfirmiert, Konfirmierten gleichgestellt oder mindestens 16 Jahre alt ist.<br \/>\n<strong>Die Eintragung ins Wahlverzeichnis ist Voraussetzung f\u00fcr die Aus\u00fcbung der Wahlberechtigung.<\/strong><\/p>\n<p>Das Wahlverzeichnis wird in der Zeit vom 22. Januar 2024 bis 4. Februar 2024 zur Einsichtnahme im Gemeindeb\u00fcro, Bensberger Stra\u00dfe 238, 51503 R\u00f6srath ausgelegt.<\/p>\n<p><strong>Die Wahlbenachrichtigungen werden ab Mitte Januar 2024 versandt.<\/strong><\/p>\n<p>Das Gemeindeb\u00fcro hat folgende \u00d6ffnungszeiten:<br \/>\nMontags, Dienstags und Freitags 08.30 Uhr \u2013 12.30 Uhr<br \/>\nDonnerstags 15.00 Uhr \u2013 18.00 Uhr<\/p>\n<p>Telefon: 02205 2243<br \/>\nE-Mail: <a href=\"mailto:Volberg-Forsbach-Roesrath@ekir.de\"><u>Gemeindeb\u00fcro<\/u><\/a><br \/>\nAdresse: <a href=\"https:\/\/maps.app.goo.gl\/yVKuCsPk3ErcAWio6\" target=\"_blank\" rel=\"noopener noreferrer\">Volberg 4, 51503 R\u00f6srath<\/a><\/p>\n<p>Wenn Sie keine Wahlbenachrichtigung bekommen haben, melden Sie sich bitte beim Gemeindeb\u00fcro:<\/p>\n<hr>\n<h2>Welche M\u00f6glichkeiten habe ich, meine Stimme abzugeben:<\/h2>\n<ul>\n<li><strong>Online<\/strong>, vom 22.Januar bis zum 11.Februar k\u00f6nnen Sie Online w\u00e4hlen.<\/li>\n<li><strong>per Brief-Wahl<\/strong>, so bald Sie die Wahlunterlagen erhalten haben, k\u00f6nnen Sie die Briefwahl-Unterlagen beantragen.<br \/>\nDer Antrag befindet sich auf der R\u00fcckseite der Wahlbenachrichtigung.<br \/>\nSie k\u00f6nnen den Antrag auch pers\u00f6nlich (nicht telefonisch) oder per E-Mail beim Gemeindeb\u00fcro stellen.<br \/>\nIhnen werden dann die Briefwahlunterlagen zugesandt.<\/li>\n<li><strong>an der Urne.<\/strong><\/li>\n<\/ul>\n<h3>Sie haben 10 Stimmen, die Sie abgeben k\u00f6nnen<\/h3>\n<hr>\n<h2>Wo kann ich meine Stimme abgeben:<\/h2>\n<ul>\n<li><strong>Online<\/strong>, ganz bequem von zu Hause, <a href=\"https:\/\/www.evkirche-roesrath.de\/index.php\/ueber-uns\/presbyteriums-wahlen-2024\/wie-funktioniert-die-online-wahl\" target=\"_blank\" rel=\"noopener noreferrer\">wie das genau funktioniert, k\u00f6nnen Sie hier erfahren<\/a>.<\/li>\n<li>Ganz bequem zu Hause, wenn Sie <strong>Brief-Wahl<\/strong> beantragen.<\/li>\n<li><a href=\"https:\/\/maps.app.goo.gl\/tYyBMBKeShY5Vian8\" target=\"_blank\" rel=\"noopener\"><strong>im Gemeindesaal der Vers\u00f6hnungskirche<\/strong><\/a> in R\u00f6srath.<\/li>\n<\/ul>\n<hr>\n<h2>Wann kann ich meine Stimme abgeben:<\/h2>\n<ul>\n<li>Online vom <strong>22.Januar 2024 bis 11.Februar 2024<\/strong>.<\/li>\n<li>die Brief-Wahlunterlagen m\u00fcssen <strong>sp\u00e4testens am 17.Februar 2024<\/strong> im Gemeindeb\u00fcro vorliegen.<\/li>\n<li>am Sonntag, <strong>18.Februar 2024<\/strong>, von <strong>10:00 Uhr bis 16:00 Uhr<\/strong>.<\/li>\n<\/ul>\n<hr>\n<h2>Warum soll ich \u00fcberhaupt w\u00e4hlen:<\/h2>\n<p>Dieser Film erkl\u00e4rt Ihnen, was das Presbyterium \u00fcberhaupt ist und tut:<\/p>\n<p align=\"center\">\n<div class=\"brlbs-cmpnt-container brlbs-cmpnt-content-blocker brlbs-cmpnt-with-individual-styles\" data-borlabs-cookie-content-blocker-id=\"youtube-content-blocker\" data-borlabs-cookie-content=\"PGlmcmFtZSB0aXRsZT0iUHJlc2J5dGVyaXVtPyBOYSwga2xhciEgQW5pbWF0aW9uc2ZpbG0iIHNyYz0iaHR0cHM6Ly93d3cueW91dHViZS1ub2Nvb2tpZS5jb20vZW1iZWQvR0ZmemlZR0dZMDA\/ZmVhdHVyZT1vZW1iZWQiIHdpZHRoPSI2MDAiIGhlaWdodD0iMzM1IiBmcmFtZWJvcmRlcj0iMCIgYWxsb3dmdWxsc2NyZWVuPSJhbGxvd2Z1bGxzY3JlZW4iPjwvaWZyYW1lPg==\">\n<div class=\"brlbs-cmpnt-cb-preset-c brlbs-cmpnt-cb-youtube\">\n<div class=\"brlbs-cmpnt-cb-thumbnail\" style=\"background-image: url('https:\/\/www.evkirche-roesrath.de\/wp-content\/uploads\/borlabs-cookie\/1\/yt_GFfziYGGY00_hqdefault.jpg')\"><\/div>\n<div class=\"brlbs-cmpnt-cb-main\">\n<div class=\"brlbs-cmpnt-cb-play-button\"><\/div>\n<div class=\"brlbs-cmpnt-cb-content\">\n<p class=\"brlbs-cmpnt-cb-description\">Sie sehen gerade einen Platzhalterinhalt von <strong>YouTube<\/strong>. Um auf den eigentlichen Inhalt zuzugreifen, klicken Sie auf die Schaltfl\u00e4che unten. Bitte beachten Sie, dass dabei Daten an Drittanbieter weitergegeben werden.<\/p>\n<p> <a class=\"brlbs-cmpnt-cb-provider-toggle\" href=\"#\" data-borlabs-cookie-show-provider-information role=\"button\">Mehr Informationen<\/a> <\/div>\n<div class=\"brlbs-cmpnt-cb-buttons\"> <a class=\"brlbs-cmpnt-cb-btn\" href=\"#\" data-borlabs-cookie-unblock role=\"button\">Inhalt entsperren<\/a> <a class=\"brlbs-cmpnt-cb-btn\" href=\"#\" data-borlabs-cookie-accept-service role=\"button\" style=\"display: inherit\">Erforderlichen Service akzeptieren und Inhalte entsperren<\/a> <\/div>\n<\/p><\/div>\n<\/p><\/div>\n<\/div>\n<h3>Nehmen Sie die Gelegenheit wahr, den Kurs der Gemeinde f\u00fcr die n\u00e4chsten 4 Jahre und die zahlreichen anstehenden Entscheidungen durch die Wahl der Kandidat:innen Ihres Vertrauens mit zu bestimmen!<\/h3>\n ","protected":false},"excerpt":{"rendered":"<p>Hier finden Sie alles Wissenswerte rund um die Wahlen am 18.Februar 2024. Wer darf w\u00e4hlen? Wie kann ich w\u00e4hlen? Wo kann ich w\u00e4hlen? Wann kann ich w\u00e4hlen? Warum soll ich <a class=\"more-link\" href=\"https:\/\/www.evkirche-roesrath.de\/index.php\/presbyteriums-wahlen-2024\/\">weiterlesen \u2192<\/a><\/p>\n","protected":false},"author":17,"featured_media":0,"parent":0,"menu_order":0,"comment_status":"closed","ping_status":"closed","template":"","meta":{"ngg_post_thumbnail":0,"footnotes":""},"class_list":["post-24320","page","type-page","status-publish","hentry"],"_links":{"self":[{"href":"https:\/\/www.evkirche-roesrath.de\/index.php\/wp-json\/wp\/v2\/pages\/24320","targetHints":{"allow":["GET"]}}],"collection":[{"href":"https:\/\/www.evkirche-roesrath.de\/index.php\/wp-json\/wp\/v2\/pages"}],"about":[{"href":"https:\/\/www.evkirche-roesrath.de\/index.php\/wp-json\/wp\/v2\/types\/page"}],"author":[{"embeddable":true,"href":"https:\/\/www.evkirche-roesrath.de\/index.php\/wp-json\/wp\/v2\/users\/17"}],"replies":[{"embeddable":true,"href":"https:\/\/www.evkirche-roesrath.de\/index.php\/wp-json\/wp\/v2\/comments?post=24320"}],"version-history":[{"count":0,"href":"https:\/\/www.evkirche-roesrath.de\/index.php\/wp-json\/wp\/v2\/pages\/24320\/revisions"}],"wp:attachment":[{"href":"https:\/\/www.evkirche-roesrath.de\/index.php\/wp-json\/wp\/v2\/media?parent=24320"}],"curies":[{"name":"wp","href":"https:\/\/api.w.org\/{rel}","templated":true}]}}