{"id":23269,"date":"2022-11-18T12:16:01","date_gmt":"2022-11-18T11:16:01","guid":{"rendered":"https:\/\/www.evkirche-roesrath.de\/?page_id=23269"},"modified":"2025-10-14T12:18:13","modified_gmt":"2025-10-14T10:18:13","slug":"seniorenwegweiserin","status":"publish","type":"page","link":"https:\/\/www.evkirche-roesrath.de\/index.php\/gruppen-und-veranstaltungen\/senioren\/seniorenwegweiserin\/","title":{"rendered":"Seniorenwegweiserin"},"content":{"rendered":"<p>Zu viel allein?<\/p>\n<p>Lust auf Gesellschaft?<\/p>\n<p>\u00dcber 30% der R\u00f6srather B\u00fcrger und B\u00fcrgerinnen sind \u00fcber 60 Jahre alt.<\/p>\n<p>Bei Interesse informiert und vermittelt Diakonin Silke Blatt<\/p>\n<p>Telefon-Nummer 02205 7618 0der Mobil 01520 470 67 24 oder<br \/>\nE-Mail: <a href=\"mailto:silke.blatt@ekir.de\" rel=\"noopener\" target=\"_blank\">silke.blatt@ekir.de<\/a><\/p>\n ","protected":false},"excerpt":{"rendered":"<p>Zu viel allein? Lust auf Gesellschaft? \u00dcber 30% der R\u00f6srather B\u00fcrger und B\u00fcrgerinnen sind \u00fcber 60 Jahre alt. Bei Interesse informiert und vermittelt Diakonin Silke Blatt Telefon-Nummer 02205 7618 0der <a class=\"more-link\" href=\"https:\/\/www.evkirche-roesrath.de\/index.php\/gruppen-und-veranstaltungen\/senioren\/seniorenwegweiserin\/\">weiterlesen \u2192<\/a><\/p>\n","protected":false},"author":3,"featured_media":0,"parent":12304,"menu_order":0,"comment_status":"closed","ping_status":"closed","template":"","meta":{"ngg_post_thumbnail":0,"footnotes":""},"class_list":["post-23269","page","type-page","status-publish","hentry"],"_links":{"self":[{"href":"https:\/\/www.evkirche-roesrath.de\/index.php\/wp-json\/wp\/v2\/pages\/23269","targetHints":{"allow":["GET"]}}],"collection":[{"href":"https:\/\/www.evkirche-roesrath.de\/index.php\/wp-json\/wp\/v2\/pages"}],"about":[{"href":"https:\/\/www.evkirche-roesrath.de\/index.php\/wp-json\/wp\/v2\/types\/page"}],"author":[{"embeddable":true,"href":"https:\/\/www.evkirche-roesrath.de\/index.php\/wp-json\/wp\/v2\/users\/3"}],"replies":[{"embeddable":true,"href":"https:\/\/www.evkirche-roesrath.de\/index.php\/wp-json\/wp\/v2\/comments?post=23269"}],"version-history":[{"count":2,"href":"https:\/\/www.evkirche-roesrath.de\/index.php\/wp-json\/wp\/v2\/pages\/23269\/revisions"}],"predecessor-version":[{"id":27750,"href":"https:\/\/www.evkirche-roesrath.de\/index.php\/wp-json\/wp\/v2\/pages\/23269\/revisions\/27750"}],"up":[{"embeddable":true,"href":"https:\/\/www.evkirche-roesrath.de\/index.php\/wp-json\/wp\/v2\/pages\/12304"}],"wp:attachment":[{"href":"https:\/\/www.evkirche-roesrath.de\/index.php\/wp-json\/wp\/v2\/media?parent=23269"}],"curies":[{"name":"wp","href":"https:\/\/api.w.org\/{rel}","templated":true}]}}