{"id":22554,"date":"2022-03-06T19:16:53","date_gmt":"2022-03-06T18:16:53","guid":{"rendered":"https:\/\/www.evkirche-roesrath.de\/?page_id=22554"},"modified":"2022-03-06T19:21:31","modified_gmt":"2022-03-06T18:21:31","slug":"mobile-beratung-hochwasserhilfen-in-roesrath","status":"publish","type":"page","link":"https:\/\/www.evkirche-roesrath.de\/index.php\/gemeindeeinrichtungen\/die-diakoniesozialstation\/beratung-und-hilfe\/mobile-beratung-hochwasserhilfen-in-roesrath\/","title":{"rendered":"\u201eMobile Beratung Hochwasserhilfen\u201c in R\u00f6srath"},"content":{"rendered":"<h3>Diakonie finanziert zus\u00e4tzliches Angebot \u201eMobile Beratung Hochwasserhilfen\u201c in R\u00f6srath <\/h3>\n<div>\n<div style=\"float: right\">\n    <img fetchpriority=\"high\" decoding=\"async\" src=\"https:\/\/www.evkirche-roesrath.de\/wp-content\/uploads\/2022\/03\/Schnackertz-2-225x300.jpg\" alt=\"Frau Schnackertz\" width=\"225\" height=\"300\" class=\"alignnone size-medium wp-image-22540\" \/>\n  <\/div>\n<div>\nSeit Februar bietet das Diakonische Werk K\u00f6ln und Region <strong>montags im evangelischen Gemeindezentrum in Hoffnungsthal<\/strong> eine kostenfreie Sprechstunde f\u00fcr alle an, die vom Hochwasser betroffen sind. Das Beratungsangebot wird finanziert aus Spendenmitteln der Diakonie Rheinland-Westfalen-Lippe und der Diakonie Katastrophenhilfe.<\/p>\n<p>\u201eHier helfen zu k\u00f6nnen, ist ein gutes Gef\u00fchl, auch weil es dazu beitragen kann, die Handlungsf\u00e4higkeit der Menschen wiederherzustellen\u201c, hat Andrea Schnackertz schon in den ersten vier Wochen festgestellt. \u201eDer Gespr\u00e4chsbedarf ist sehr hoch, die Menschen k\u00f6nnen das nicht vergessen,\u201c so die erfahrene Sozialarbeiterin. Sie steht allen von der Flut betroffenen Menschen mit Rat und Tat zur Seite, unabh\u00e4ngig von Konfession, Alter und Herkunft. \u201eIch h\u00f6re mir ihre Sorgen und N\u00f6te an und unterst\u00fctze sie im Dschungel der Antragstellungen.\u201c<\/p>\n<p>Die Mobile Beratung Hochwasserhilfen unterst\u00fctzt beim Ausf\u00fcllen von Antr\u00e4gen und Formularen, hilft bei Fragen zu Haushaltsbeihilfen und vermittelt zu weiterf\u00fchrenden Hilfsangeboten.<\/p>\n<p><strong>Individuelle Terminvereinbarungen sind ebenso m\u00f6glich wie Hausbesuche, im Raum R\u00f6srath in der Regel montags, aber auch an anderen Tagen ist die Mobile Beratung flexibel und telefonisch erreichbar.<\/strong>\n  <\/div>\n<\/div>\n<p>Kontakt: Andrea Schnackertz<br \/>\nTelefon: 0163 711 75 93,<br \/>\nE-Mail: <a href=\"mailto:andrea.schnackertz@diakonie-koeln.de\">andrea.schnackertz@diakonie-koeln.de<\/a><\/p>\n<p>Sprechstunde im Baumhofshaus der Evangelischen Kirche Volberg \u2013 Hoffnungsthal, Volberg 4, 1. Etage, 51503 R\u00f6srath<\/p>\n<p>Postadresse: Diakonisches Werk K\u00f6ln und Region,<br \/>\nAndrea Schnackertz, Kart\u00e4usergasse 9-11, 50678 K\u00f6ln<\/p>\n ","protected":false},"excerpt":{"rendered":"<p>Diakonie finanziert zus\u00e4tzliches Angebot \u201eMobile Beratung Hochwasserhilfen\u201c in R\u00f6srath Seit Februar bietet das Diakonische Werk K\u00f6ln und Region montags im evangelischen Gemeindezentrum in Hoffnungsthal eine kostenfreie Sprechstunde f\u00fcr alle an, <a class=\"more-link\" href=\"https:\/\/www.evkirche-roesrath.de\/index.php\/gemeindeeinrichtungen\/die-diakoniesozialstation\/beratung-und-hilfe\/mobile-beratung-hochwasserhilfen-in-roesrath\/\">weiterlesen \u2192<\/a><\/p>\n","protected":false},"author":17,"featured_media":0,"parent":12645,"menu_order":0,"comment_status":"closed","ping_status":"closed","template":"","meta":{"ngg_post_thumbnail":0,"footnotes":""},"class_list":["post-22554","page","type-page","status-publish","hentry"],"_links":{"self":[{"href":"https:\/\/www.evkirche-roesrath.de\/index.php\/wp-json\/wp\/v2\/pages\/22554","targetHints":{"allow":["GET"]}}],"collection":[{"href":"https:\/\/www.evkirche-roesrath.de\/index.php\/wp-json\/wp\/v2\/pages"}],"about":[{"href":"https:\/\/www.evkirche-roesrath.de\/index.php\/wp-json\/wp\/v2\/types\/page"}],"author":[{"embeddable":true,"href":"https:\/\/www.evkirche-roesrath.de\/index.php\/wp-json\/wp\/v2\/users\/17"}],"replies":[{"embeddable":true,"href":"https:\/\/www.evkirche-roesrath.de\/index.php\/wp-json\/wp\/v2\/comments?post=22554"}],"version-history":[{"count":0,"href":"https:\/\/www.evkirche-roesrath.de\/index.php\/wp-json\/wp\/v2\/pages\/22554\/revisions"}],"up":[{"embeddable":true,"href":"https:\/\/www.evkirche-roesrath.de\/index.php\/wp-json\/wp\/v2\/pages\/12645"}],"wp:attachment":[{"href":"https:\/\/www.evkirche-roesrath.de\/index.php\/wp-json\/wp\/v2\/media?parent=22554"}],"curies":[{"name":"wp","href":"https:\/\/api.w.org\/{rel}","templated":true}]}}