{"id":18516,"date":"2019-06-23T20:49:44","date_gmt":"2019-06-23T18:49:44","guid":{"rendered":"http:\/\/www.evkirche-roesrath.de\/?page_id=18516"},"modified":"2019-06-23T20:59:47","modified_gmt":"2019-06-23T18:59:47","slug":"nachrichten-stand-mai-2019","status":"publish","type":"page","link":"https:\/\/www.evkirche-roesrath.de\/index.php\/gruppen-und-veranstaltungen\/partner-u-nachbarn\/im-kongo\/nachrichten-stand-mai-2019\/","title":{"rendered":"Nachrichten &#8211; Stand Mai 2019"},"content":{"rendered":"<h3>Neue Nachrichten aus dem Kirchenkreis Kalungu<\/h3>\n<p>Beim letzten Besuch einer Delegation aus dem Kirchenkreis Kalungu im Mai 2016 waren die Geschwister aus dem Kongo auch wieder f\u00fcr drei Tage zu Gast in unserer Gemeinde. In dieser Zeit besuchten wir mit ihnen unter anderem den W\u00f6llner-Stift.<\/p>\n<p>Mitarbeiter der Einrichtung unterrichteten unsere G\u00e4ste \u00fcber die ambulante Pflege in der Dakoniestation und die station\u00e4re Pflege im W\u00f6llner-Stift.<\/p>\n<p>Da im Kirchenkreis Kalungu auch viele Senioren ohne famili\u00e4ren R\u00fcckhalt leben und sie deshalb aufs betteln angewiesen sind, wurde der Wunsch an uns herangetragen, ihnen zu helfen in ihrem Kirchenkreis ein Diakoniezentrum zu errichten, in dem sie Senioren besch\u00e4ftigen und begleiten k\u00f6nnen.<\/p>\n<p>Diese Idee diskutierten wir dann im Arbeitskreis Kongo und machten den Geschwistern den Vorschlag, im Kirchenkreis Kalungu ein neues Projekt in Zusammenarbeit mit der Organisation &#8211; Brot f\u00fcr die Welt &#8211; zu starten. Einige von Ihnen erinnern sich vielleicht in diesem Zusammenhang noch an das Projekt &#8211; Licht f\u00fcr Kalungu (Solarlampen), was wir mit der gleichen Organisation in fr\u00fcheren Jahren durchgef\u00fchrt haben.<\/p>\n<p>Die Projektplanung wurde in einem Abkommen zwischen den Kirchenkreisen konkretisiert und ein Antrag auf F\u00f6rderung durch &#8211; Brot f\u00fcr die Welt &#8211; gestellt. Nach regem Austausch zwischen den Kirchenkreisen und Brot f\u00fcr die Welt, bewilligte diese Organisation die F\u00f6rderung f\u00fcr das Zentrum in Minova am 6. Dezember 2018 und der Bau konnte am 11. M\u00e4rz 2019 beginnen. Inzwischen werden fast w\u00f6chentlich Bilder vom Bau des Zentrums gemailt und es ist eine Freude zu sehen, wie schnell das Geb\u00e4ude w\u00e4chst.<\/p>\n<div id=\"attachment_18521\" style=\"width: 310px\" class=\"wp-caption alignleft\"><a href=\"https:\/\/www.evkirche-roesrath.de\/wp-content\/uploads\/2019\/06\/190622_Bild3.jpg\"><img fetchpriority=\"high\" decoding=\"async\" aria-describedby=\"caption-attachment-18521\" class=\"wp-image-18521 size-medium\" src=\"https:\/\/www.evkirche-roesrath.de\/wp-content\/uploads\/2019\/06\/190622_Bild3-300x225.jpg\" alt=\"\" width=\"300\" height=\"225\" srcset=\"https:\/\/www.evkirche-roesrath.de\/wp-content\/uploads\/2019\/06\/190622_Bild3-300x225.jpg 300w, https:\/\/www.evkirche-roesrath.de\/wp-content\/uploads\/2019\/06\/190622_Bild3-768x576.jpg 768w, https:\/\/www.evkirche-roesrath.de\/wp-content\/uploads\/2019\/06\/190622_Bild3.jpg 906w\" sizes=\"(max-width: 300px) 100vw, 300px\" \/><\/a><p id=\"caption-attachment-18521\" class=\"wp-caption-text\">Der Bau der Mauern des grossen Saales und des B\u00fcros des Diakoniezentrums von Minova sind fast fertig<\/p><\/div>\n<div id=\"attachment_18525\" style=\"width: 374px\" class=\"wp-caption aligncenter\"><a href=\"https:\/\/www.evkirche-roesrath.de\/wp-content\/uploads\/2019\/06\/190622_Bild7.jpg\"><img decoding=\"async\" aria-describedby=\"caption-attachment-18525\" class=\"wp-image-18525\" src=\"https:\/\/www.evkirche-roesrath.de\/wp-content\/uploads\/2019\/06\/190622_Bild7-300x185.jpg\" alt=\"\" width=\"364\" height=\"225\" srcset=\"https:\/\/www.evkirche-roesrath.de\/wp-content\/uploads\/2019\/06\/190622_Bild7-300x185.jpg 300w, https:\/\/www.evkirche-roesrath.de\/wp-content\/uploads\/2019\/06\/190622_Bild7-768x474.jpg 768w, https:\/\/www.evkirche-roesrath.de\/wp-content\/uploads\/2019\/06\/190622_Bild7-1024x632.jpg 1024w, https:\/\/www.evkirche-roesrath.de\/wp-content\/uploads\/2019\/06\/190622_Bild7.jpg 1386w\" sizes=\"(max-width: 364px) 100vw, 364px\" \/><\/a><p id=\"caption-attachment-18525\" class=\"wp-caption-text\">der grosse Saal und das B\u00fcrogeb\u00e4ude im Bau<\/p><\/div>\n<p>&nbsp;<\/p>\n<p>Eine Bildergalerie zum Baufortschritt finden Sie unter: <a href=\"https:\/\/www.evkirche-roesrath.de\/index.php\/gruppen-und-veranstaltungen\/partner-u-nachbarn\/im-kongo\/tageszentrum-minova\/\">Tageszentrums MINOVA<\/a><\/p>\n<p>Neben der Eigenleistung der Gemeinde Kalungu (Bereitstellung des Grundst\u00fccks) wird das Zentrum durch Brot f\u00fcr die Welt und der Vereinigte Evangelischen Mission Wuppertal (VEM) gef\u00f6rdert. Ein nicht geringer Teil muss durch den Kirchenkreis K\u00f6ln rechtsrheinisch finanziert werden und deshalb ist der Kirchenkreis auf Spenden angewiesen, um den Bau der Einrichtung zu einem guten Ende zu bringen.<\/p>\n<p>Am 15. Mai 2019 erfolgte die Zertifizierung des Gesundheitszentrums Kalungu als <strong>SAUBERES GESUNDHEITSZENTRUM<\/strong> (CENTRE DE SANTE ASSAINI)  DURCH DAS PROVINZIALE GESUNDHEITSDEPARTEMENT VON S\u00dcD-KIVU, nachdem die Bedingungen der Sauberkeit und des Empfangs beurteilt wurden. Es erf\u00fcllt die hygienischen Vorschriften.<\/p>\n<p>Dank an die Freunden in Deutschland, die den Bau finanziert haben, und alle Partner, die helfen die Arbeitsbedingungen zu verbessern. Dank an das Team unter der Leitung von dem Krankenpfleger Musaada Bengehya, das sich sehr einsetzt.<\/p>\n\n\t\t<style type=\"text\/css\">\n\t\t\t#gallery-1 {\n\t\t\t\tmargin: auto;\n\t\t\t}\n\t\t\t#gallery-1 .gallery-item {\n\t\t\t\tfloat: left;\n\t\t\t\tmargin-top: 10px;\n\t\t\t\ttext-align: center;\n\t\t\t\twidth: 20%;\n\t\t\t}\n\t\t\t#gallery-1 img {\n\t\t\t\tborder: 2px solid #cfcfcf;\n\t\t\t}\n\t\t\t#gallery-1 .gallery-caption {\n\t\t\t\tmargin-left: 0;\n\t\t\t}\n\t\t\t\/* see gallery_shortcode() in wp-includes\/media.php *\/\n\t\t<\/style>\n\t\t<div id='gallery-1' class='gallery galleryid-18516 gallery-columns-5 gallery-size-thumbnail'><dl class='gallery-item'>\n\t\t\t<dt class='gallery-icon landscape'>\n\t\t\t\t<a href='https:\/\/www.evkirche-roesrath.de\/index.php\/gruppen-und-veranstaltungen\/partner-u-nachbarn\/im-kongo\/nachrichten-stand-mai-2019\/190622_bild12\/#main'><img decoding=\"async\" width=\"150\" height=\"150\" src=\"https:\/\/www.evkirche-roesrath.de\/wp-content\/uploads\/2019\/06\/190622_Bild12-150x150.jpg\" class=\"attachment-thumbnail size-thumbnail\" alt=\"\" srcset=\"https:\/\/www.evkirche-roesrath.de\/wp-content\/uploads\/2019\/06\/190622_Bild12-150x150.jpg 150w, https:\/\/www.evkirche-roesrath.de\/wp-content\/uploads\/2019\/06\/190622_Bild12-32x32.jpg 32w\" sizes=\"(max-width: 150px) 100vw, 150px\" \/><\/a>\n\t\t\t<\/dt><\/dl><dl class='gallery-item'>\n\t\t\t<dt class='gallery-icon landscape'>\n\t\t\t\t<a href='https:\/\/www.evkirche-roesrath.de\/index.php\/gruppen-und-veranstaltungen\/partner-u-nachbarn\/im-kongo\/nachrichten-stand-mai-2019\/190622_bild11\/#main'><img loading=\"lazy\" decoding=\"async\" width=\"150\" height=\"150\" src=\"https:\/\/www.evkirche-roesrath.de\/wp-content\/uploads\/2019\/06\/190622_Bild11-150x150.jpg\" class=\"attachment-thumbnail size-thumbnail\" alt=\"\" srcset=\"https:\/\/www.evkirche-roesrath.de\/wp-content\/uploads\/2019\/06\/190622_Bild11-150x150.jpg 150w, https:\/\/www.evkirche-roesrath.de\/wp-content\/uploads\/2019\/06\/190622_Bild11-32x32.jpg 32w\" sizes=\"(max-width: 150px) 100vw, 150px\" \/><\/a>\n\t\t\t<\/dt><\/dl><dl class='gallery-item'>\n\t\t\t<dt class='gallery-icon landscape'>\n\t\t\t\t<a href='https:\/\/www.evkirche-roesrath.de\/index.php\/gruppen-und-veranstaltungen\/partner-u-nachbarn\/im-kongo\/nachrichten-stand-mai-2019\/190622_bild10\/#main'><img loading=\"lazy\" decoding=\"async\" width=\"150\" height=\"150\" src=\"https:\/\/www.evkirche-roesrath.de\/wp-content\/uploads\/2019\/06\/190622_Bild10-150x150.jpg\" class=\"attachment-thumbnail size-thumbnail\" alt=\"\" srcset=\"https:\/\/www.evkirche-roesrath.de\/wp-content\/uploads\/2019\/06\/190622_Bild10-150x150.jpg 150w, https:\/\/www.evkirche-roesrath.de\/wp-content\/uploads\/2019\/06\/190622_Bild10-32x32.jpg 32w\" sizes=\"(max-width: 150px) 100vw, 150px\" \/><\/a>\n\t\t\t<\/dt><\/dl><dl class='gallery-item'>\n\t\t\t<dt class='gallery-icon landscape'>\n\t\t\t\t<a href='https:\/\/www.evkirche-roesrath.de\/index.php\/gruppen-und-veranstaltungen\/partner-u-nachbarn\/im-kongo\/nachrichten-stand-mai-2019\/190622_bild9\/#main'><img loading=\"lazy\" decoding=\"async\" width=\"150\" height=\"150\" src=\"https:\/\/www.evkirche-roesrath.de\/wp-content\/uploads\/2019\/06\/190622_Bild9-150x150.jpg\" class=\"attachment-thumbnail size-thumbnail\" alt=\"\" srcset=\"https:\/\/www.evkirche-roesrath.de\/wp-content\/uploads\/2019\/06\/190622_Bild9-150x150.jpg 150w, https:\/\/www.evkirche-roesrath.de\/wp-content\/uploads\/2019\/06\/190622_Bild9-32x32.jpg 32w\" sizes=\"(max-width: 150px) 100vw, 150px\" \/><\/a>\n\t\t\t<\/dt><\/dl><dl class='gallery-item'>\n\t\t\t<dt class='gallery-icon landscape'>\n\t\t\t\t<a href='https:\/\/www.evkirche-roesrath.de\/index.php\/gruppen-und-veranstaltungen\/partner-u-nachbarn\/im-kongo\/nachrichten-stand-mai-2019\/190622_bild8\/#main'><img loading=\"lazy\" decoding=\"async\" width=\"150\" height=\"150\" src=\"https:\/\/www.evkirche-roesrath.de\/wp-content\/uploads\/2019\/06\/190622_Bild8-150x150.jpg\" class=\"attachment-thumbnail size-thumbnail\" alt=\"\" srcset=\"https:\/\/www.evkirche-roesrath.de\/wp-content\/uploads\/2019\/06\/190622_Bild8-150x150.jpg 150w, https:\/\/www.evkirche-roesrath.de\/wp-content\/uploads\/2019\/06\/190622_Bild8-32x32.jpg 32w\" sizes=\"(max-width: 150px) 100vw, 150px\" \/><\/a>\n\t\t\t<\/dt><\/dl><br style=\"clear: both\" \/>\n\t\t<\/div>\n\n<p>Der Krankenpfleger des Gesundheitszentrums Kalungu und der Pr\u00e4sident des Gesundheitskomitees hissen die Fahne zur Zertifizierung des Gesundheitszentrums Kalungu als \u00abCentre de sant\u00e9 assaini\u00bb, begleitet von Applaus, Freude und Tanz.<\/p>\n<p>Auf der Webseite unserer Gemeinde finden Sie unter dem Stichwort: Partnerschaft schon jetzt n\u00e4here Informationen.<\/p>\n<p><strong>Wenn Sie dieses Projekt unterst\u00fctzen m\u00f6chten, k\u00f6nnen Sie Spenden auf das Konto vom Kirchenkreis K\u00f6ln -rechtsrheinisch IBAN DE 63 3705 0299 0311 0013 58 Stichwort: MINOVA \u00fcberweisen<\/strong>.<\/p>\n<p>F\u00fcr eine Spende bedanken wir uns hiermit ganz herzlich.<\/p>\n<p><strong>Im allj\u00e4hrlichen Partnerschaftsgottesdienst zu Kalungu am 10. November 2019 um 11.00 Uhr in Forsbach<\/strong> werde ich n\u00e4here Informationen zu der Partnerschaft Kalungu vortragen. Ich werde dann auch Bilder vom Bau des Diakoniezentrums Minova zeigen. F\u00fcr die Predigt wurde bei Pfarrer Dr. Kabango angefragt. Er bekleidet zurzeit die Referentenstelle zum frankophonen Afrika bei der VEM (Vereinigte ev. Mission in Wuppertal). Au\u00dferdem hat auch der Gospelchor zugesagt, im Gottesdienst zu singen. Ich lade Sie zu diesem Gottesdienst ganz herzlich ein.<\/p>\n<p>Herman Leendertse<\/p>\n<p>Ein Bericht in der FAZ vom 17. Mai 2019: <a href=\"https:\/\/www.evkirche-roesrath.de\/wp-content\/uploads\/2019\/06\/20190517-Ebola-in-Kongo-FAZ.jpeg\"><img loading=\"lazy\" decoding=\"async\" class=\"wp-image-18518 size-medium alignleft\" src=\"https:\/\/www.evkirche-roesrath.de\/wp-content\/uploads\/2019\/06\/20190517-Ebola-in-Kongo-FAZ-218x300.jpeg\" alt=\"\" width=\"218\" height=\"300\" srcset=\"https:\/\/www.evkirche-roesrath.de\/wp-content\/uploads\/2019\/06\/20190517-Ebola-in-Kongo-FAZ-218x300.jpeg 218w, https:\/\/www.evkirche-roesrath.de\/wp-content\/uploads\/2019\/06\/20190517-Ebola-in-Kongo-FAZ-768x1056.jpeg 768w, https:\/\/www.evkirche-roesrath.de\/wp-content\/uploads\/2019\/06\/20190517-Ebola-in-Kongo-FAZ-745x1024.jpeg 745w, https:\/\/www.evkirche-roesrath.de\/wp-content\/uploads\/2019\/06\/20190517-Ebola-in-Kongo-FAZ.jpeg 1700w\" sizes=\"(max-width: 218px) 100vw, 218px\" \/><\/a><\/p>\n<p>&nbsp;<\/p>\n ","protected":false},"excerpt":{"rendered":"<p>Neue Nachrichten aus dem Kirchenkreis Kalungu Beim letzten Besuch einer Delegation aus dem Kirchenkreis Kalungu im Mai 2016 waren die Geschwister aus dem Kongo auch wieder f\u00fcr drei Tage zu <a class=\"more-link\" href=\"https:\/\/www.evkirche-roesrath.de\/index.php\/gruppen-und-veranstaltungen\/partner-u-nachbarn\/im-kongo\/nachrichten-stand-mai-2019\/\">weiterlesen \u2192<\/a><\/p>\n","protected":false},"author":3,"featured_media":0,"parent":12331,"menu_order":1,"comment_status":"closed","ping_status":"closed","template":"","meta":{"ngg_post_thumbnail":0,"footnotes":""},"class_list":["post-18516","page","type-page","status-publish","hentry"],"_links":{"self":[{"href":"https:\/\/www.evkirche-roesrath.de\/index.php\/wp-json\/wp\/v2\/pages\/18516","targetHints":{"allow":["GET"]}}],"collection":[{"href":"https:\/\/www.evkirche-roesrath.de\/index.php\/wp-json\/wp\/v2\/pages"}],"about":[{"href":"https:\/\/www.evkirche-roesrath.de\/index.php\/wp-json\/wp\/v2\/types\/page"}],"author":[{"embeddable":true,"href":"https:\/\/www.evkirche-roesrath.de\/index.php\/wp-json\/wp\/v2\/users\/3"}],"replies":[{"embeddable":true,"href":"https:\/\/www.evkirche-roesrath.de\/index.php\/wp-json\/wp\/v2\/comments?post=18516"}],"version-history":[{"count":0,"href":"https:\/\/www.evkirche-roesrath.de\/index.php\/wp-json\/wp\/v2\/pages\/18516\/revisions"}],"up":[{"embeddable":true,"href":"https:\/\/www.evkirche-roesrath.de\/index.php\/wp-json\/wp\/v2\/pages\/12331"}],"wp:attachment":[{"href":"https:\/\/www.evkirche-roesrath.de\/index.php\/wp-json\/wp\/v2\/media?parent=18516"}],"curies":[{"name":"wp","href":"https:\/\/api.w.org\/{rel}","templated":true}]}}