{"id":18321,"date":"2019-05-08T21:01:24","date_gmt":"2019-05-08T19:01:24","guid":{"rendered":"http:\/\/www.evkirche-roesrath.de\/?page_id=18321"},"modified":"2024-03-26T16:33:18","modified_gmt":"2024-03-26T15:33:18","slug":"sexualisierte-gewalt","status":"publish","type":"page","link":"https:\/\/www.evkirche-roesrath.de\/index.php\/ueber-uns\/ansprechpartner\/sexualisierte-gewalt\/","title":{"rendered":"Sexualisierte Gewalt"},"content":{"rendered":"<p><a href=\"https:\/\/www.ekir.de\/www\/downloads\/ekir2013-01-08zeit_heilt_keineswegs.pdf\"><img fetchpriority=\"high\" decoding=\"async\" class=\"alignleft wp-image-18307 size-medium\" src=\"https:\/\/www.evkirche-roesrath.de\/wp-content\/uploads\/2019\/05\/190508_Zeit_heilt-keine_Wunden-300x222.jpg\" alt=\"\" width=\"300\" height=\"222\" srcset=\"https:\/\/www.evkirche-roesrath.de\/wp-content\/uploads\/2019\/05\/190508_Zeit_heilt-keine_Wunden-300x222.jpg 300w, https:\/\/www.evkirche-roesrath.de\/wp-content\/uploads\/2019\/05\/190508_Zeit_heilt-keine_Wunden.jpg 526w\" sizes=\"(max-width: 300px) 100vw, 300px\" \/><\/a><\/p>\n<p>Sexualisierte Gewalt an M\u00e4dchen und Jungen findet t\u00e4glich, real und \u00fcberall statt. <strong>\u201eKein Raum f\u00fcr Missbrauch\u201c<\/strong> ist eine Initiative des Unabh\u00e4ngigen Beauftragten der Bundesregierung f\u00fcr Fragen des sexuellen Kindesmissbrauchs. Ziel ist es, dass Orte, an denen sich Kinder und Jugendliche aufhalten, Missbrauch keinen Raum geben und sie dort kompetente Ansprechpersonen finden, wenn sie Hilfe brauchen. Das kann gelingen, indem Einrichtungen und Organisationen wie Schulen, Kitas, Heime, Sportvereine, Kliniken und Kirchengemeinden Schutzkonzepte gegen sexuelle Gewalt entwickeln und umsetzen.<\/p>\n<p>Die Handreichung <a href=\"https:\/\/www.ekir.de\/www\/downloads\/ekir2013-01-08zeit_heilt_keineswegs.pdf\">&#8222;Die Zeit heilt keineswegs alle Wunden&#8220;<\/a> &#8211; weitere Informationen finden Sie auf <a href=\"https:\/\/www.ekir.de\/www\/ueber-uns\/sexualisierte-gewalt-9760.php\">EKiR.de<\/a><br \/>\nEvangelische Kirche in Deutschland (EKD) <a href=\"https:\/\/www.ekd.de\/Missbrauch-23975.htm\">&#8211; Aktiv gegen sexualisierter Gewalt<\/a> &#8211;<\/p>\n<hr \/>\n<p><strong>Dachorganisationen der Zivilgesellschaft<\/strong><\/p>\n<p><a href=\"https:\/\/www.evkirche-roesrath.de\/wp-content\/uploads\/2019\/05\/190508_Logo_BEA_sexualGewalt.png\"><img decoding=\"async\" class=\"alignleft wp-image-18310 size-full\" src=\"https:\/\/www.evkirche-roesrath.de\/wp-content\/uploads\/2019\/05\/190508_Logo_BEA_sexualGewalt.png\" alt=\"\" width=\"211\" height=\"96\" \/><\/a>Hilfetelefon Sexueller Missbrauch des Unabh\u00e4ngigen Beauftragten f\u00fcr Fragen des sexuellen Kindesmissbrauchs: 0800 2255530 (kostenfrei und anonym) &#8211; Homepage: <a href=\"https:\/\/beauftragter-missbrauch.de\/\">https:\/\/beauftragter-missbrauch.de\/<\/a><\/p>\n<p>Insgesamt 26 zentrale zivilgesellschaftliche Dachorganisationen haben Vereinbarungen zu einem verbesserten Schutz von M\u00e4dchen und Jungen vor sexueller Gewalt abgeschlossen. In den Vereinbarungen verpflichten sich die Organisationen, sich f\u00fcr eine fl\u00e4chendeckende Einf\u00fchrung und Implementierung von passgenauen Schutzkonzepten innerhalb ihrer Einrichtungen und Organisationen einzusetzen. Die Vereinbarungspartner unterst\u00fctzen die Initiative \u201eKein Raum f\u00fcr Missbrauch\u201c.  Dazu geh\u00f6ren auch die Evangelische Kirche in Deutschland EKD, die Landeskirchen und die Diakonischen Einrichtungen.<\/p>\n<hr \/>\n<p><strong>Pr\u00e4vention und Interventionsangebote bei sexuellem Missbrauch in der Evangelischen Kirche im Rheinland (EKiR)<br \/>\n<\/strong><\/p>\n<p><u>Straftaten gegen die sexuelle Selbstbestimmung<\/u><\/p>\n<p>In der Evangelischen Kirche im Rheinland (EKiR) gelten Leitlinien zum Umgang mit sexualisierter Gewalt. Neben klaren Verfahrenswegen gibt es f\u00fcr Betroffene Hilfen.<\/p>\n<p>Der roter Faden f\u00fcr den Umgang mit solchen Grenzverletzungen im Raum der Kirche ist die Trennung der Zust\u00e4ndigkeiten. Es gibt die Ansprechpartnerin f\u00fcr Betroffene von sexualisierter Gewalt und eine so genannte ermittelnde Juristin.<\/p>\n<p>F\u00fcr Betroffene besteht die Ansprechstelle in der Evangelischen Hauptstelle f\u00fcr Familien- und Lebensberatung. Au\u00dferdem bieten die Beratungsstellen der Evangelischen Kirche im Rheinland Betroffenen von sexualisierter Gewalt die M\u00f6glichkeit zu Hilfe und vertraulicher Beratung.<\/p>\n<p>Die Ansprechpartnerin f\u00fcr Betroffene behandelt alle Mitteilungen und Nachfragen streng vertraulich. Nur auf Wunsch der Betroffenen leitet sie Anschuldigungen an die zust\u00e4ndige Stelle weiter. Ausschlie\u00dflich Informationen, die den Verdacht einer Straftat gegen Kinder und Jugendliche begr\u00fcnden, werden auf jeden Fall an die ermittelnde Juristin weitergeleitet.<\/p>\n<p><strong><a href=\"https:\/\/www.ekir.de\/ansprechstelle\/\">Ansprechpersonen f\u00fcr Missbrauchsopfer in der EKiR:<\/a><br \/>\n<\/strong>Claudia Paul<br \/>\nEvangelische Hauptstelle f\u00fcr Familien- und Lebensberatung<br \/>\nGraf-Recke-Stra\u00dfe 209a<br \/>\n40237 D\u00fcsseldorf<br \/>\nTelefon 0211\/3610312 oder -300<br \/>\nE-Mail:<a href=\"mailto:claudia.paul@ekir.de\"> claudia.paul@ekir.de<\/a><\/p>\n<p>Webseiten f\u00fcr Betroffene:<br \/>\n<a href=\"https:\/\/www.ekir.de\/ansprechstelle\/\">www.ekir.de\/ansprechstelle<\/a><br \/>\n<a href=\"https:\/\/www.ekir.de\/www\/ueber-uns\/sexualisierte-gewalt-9760.php\">www.ekir.de\/www\/ueber-uns\/sexualisierte-gewalt-9760.php<\/a><\/p>\n<p><strong>Ermittelnde Juristin <\/strong><strong>in der EKiR<\/strong><strong>:<br \/>\n<\/strong>Iris D\u00f6ring<br \/>\nLandeskirchenamt<br \/>\nHans-B\u00f6ckler-Stra\u00dfe 7<br \/>\n40476 D\u00fcsseldorf<br \/>\nTel.: 0211\/4562283<br \/>\nE-Mail:<a href=\"mailto:Iris.doering@ekir-lka.de\"> Iris.doering@ekir-lka.de<\/a><\/p>\n<hr \/>\n<p><strong><a href=\"https:\/\/www.hinschauen-helfen-handeln.de\/\">Hinschauen \u2013 Helfen \u2013 Handeln<\/a> \u2013 Schutzkonzept vorgestellt<\/strong><\/p>\n<p>\u201ePr\u00e4vention gegen sexuellen Missbrauch und Schutzkonzept in der Evangelischen Kirche\u201c Die Evangelische Kirche im Rheinland hat einen Handleitungsleitfaden zur Erstellung von Schutzkonzepten in Kirchengemeinden und Kirchenkreisen zur Pr\u00e4vention sexualisierter Gewalt vorgelegt.<\/p>\n<p>Alle hauptamtlich und ehrenamtlich Mitarbeitenden werden entsprechend geschult. \u201eZiel ist es, Kinder, Jugendliche, aber auch zum Beispiel Seniorinnen und Senioren in unseren kirchlichen Einrichtungen vor \u00dcbergriffen zu sch\u00fctzen. Das Schutzkonzept soll sensibilisieren und helfen, Missbrauchsf\u00e4lle beziehungsweise sexualisierte Gewalt m\u00f6glichst zu verhindern\u201c.<\/p>\n<p>Dr. Juliane Arnold ist Leiterin der Evangelischen Beratungsstelle f\u00fcr Kinder, Jugendliche und Erwachsene des Evangelischen Kirchenverbandes K\u00f6ln und Region. Alle Gemeinden und Einrichtungen wie Kitas und Jugendzentren erstellen bis Mai 2019 eine Risikoanalyse, die an die zust\u00e4ndigen Arbeitsgemeinschaften weitergegeben wird. Danach werden die Schutzkonzepte f\u00fcr die Kirchenkreise formuliert. Neben den Schulungen werden F\u00fchrungszeugnisse, Selbstverpflichtungserkl\u00e4rungen Beschwerdeverfahren und Notfallpl\u00e4ne vorgeschlagen. Ziel ist, dass Personen in Leitungsfunktionen ihre Leitungsverantwortung auch wirklich wahrnehmen.<br \/>\nText: Stefan Rahmann<\/p>\n<p>&nbsp;<\/p>\n<p><strong>Evangelische Beratungsstellen f\u00fcr Kinder, Jugendliche und Erwachsene in K\u00f6ln, Bensberg und Frechen<br \/>\n<\/strong>Leitung: Dr. Juliane Arnold<br \/>\nBeratungsstelle K\u00f6ln<br \/>\nTunisstra\u00dfe 3 (Eingang Schwertnergasse), 50667 K\u00f6ln<br \/>\nTelefon: 0221\/25 77 461<br \/>\nE-Mail: <a href=\"mailto:beratungsstelle@kirche-koeln.de\">beratungsstelle@kirche-koeln.de<\/a><\/p>\n<p><strong>Homepage:<\/strong> <a href=\"http:\/\/www.beratungsstelle.kirchekoeln.de\">www.beratungsstelle.kirchekoeln.de<\/a>\/<\/p>\n<hr \/>\n<p>Gestaltung\/Produktion\/Grafik:<br \/>\nMedienverband der Evangelischen Kirche im Rheinland gGmbH<\/p>\n<p>&nbsp;<\/p>\n<p>&nbsp;<\/p>\n<p>&nbsp;<\/p>\n<p>&nbsp;<\/p>\n<p>&nbsp;<\/p>\n ","protected":false},"excerpt":{"rendered":"<p>Sexualisierte Gewalt an M\u00e4dchen und Jungen findet t\u00e4glich, real und \u00fcberall statt. \u201eKein Raum f\u00fcr Missbrauch\u201c ist eine Initiative des Unabh\u00e4ngigen Beauftragten der Bundesregierung f\u00fcr Fragen des sexuellen Kindesmissbrauchs. Ziel <a class=\"more-link\" href=\"https:\/\/www.evkirche-roesrath.de\/index.php\/ueber-uns\/ansprechpartner\/sexualisierte-gewalt\/\">weiterlesen \u2192<\/a><\/p>\n","protected":false},"author":3,"featured_media":0,"parent":12154,"menu_order":3,"comment_status":"closed","ping_status":"closed","template":"","meta":{"ngg_post_thumbnail":0,"footnotes":""},"class_list":["post-18321","page","type-page","status-publish","hentry"],"_links":{"self":[{"href":"https:\/\/www.evkirche-roesrath.de\/index.php\/wp-json\/wp\/v2\/pages\/18321","targetHints":{"allow":["GET"]}}],"collection":[{"href":"https:\/\/www.evkirche-roesrath.de\/index.php\/wp-json\/wp\/v2\/pages"}],"about":[{"href":"https:\/\/www.evkirche-roesrath.de\/index.php\/wp-json\/wp\/v2\/types\/page"}],"author":[{"embeddable":true,"href":"https:\/\/www.evkirche-roesrath.de\/index.php\/wp-json\/wp\/v2\/users\/3"}],"replies":[{"embeddable":true,"href":"https:\/\/www.evkirche-roesrath.de\/index.php\/wp-json\/wp\/v2\/comments?post=18321"}],"version-history":[{"count":0,"href":"https:\/\/www.evkirche-roesrath.de\/index.php\/wp-json\/wp\/v2\/pages\/18321\/revisions"}],"up":[{"embeddable":true,"href":"https:\/\/www.evkirche-roesrath.de\/index.php\/wp-json\/wp\/v2\/pages\/12154"}],"wp:attachment":[{"href":"https:\/\/www.evkirche-roesrath.de\/index.php\/wp-json\/wp\/v2\/media?parent=18321"}],"curies":[{"name":"wp","href":"https:\/\/api.w.org\/{rel}","templated":true}]}}