{"id":18205,"date":"2019-05-03T14:14:49","date_gmt":"2019-05-03T12:14:49","guid":{"rendered":"http:\/\/www.evkirche-roesrath.de\/?page_id=18205"},"modified":"2022-02-21T17:37:48","modified_gmt":"2022-02-21T16:37:48","slug":"gemeinde-mit-mir","status":"publish","type":"page","link":"https:\/\/www.evkirche-roesrath.de\/index.php\/ueber-uns\/ansprechpartner\/presbyterium\/gemeinde-mit-mir\/","title":{"rendered":"Gemeinde mit mir"},"content":{"rendered":"<div id=\"attachment_18207\" style=\"width: 258px\" class=\"wp-caption alignleft\"><a href=\"https:\/\/presbyteriumswahl.de\"><img decoding=\"async\" aria-describedby=\"caption-attachment-18207\" class=\"wp-image-18207\" src=\"https:\/\/www.evkirche-roesrath.de\/wp-content\/uploads\/2019\/05\/190310_Logo_Wahl.jpg\" alt=\"\" width=\"248\" height=\"165\" srcset=\"https:\/\/www.evkirche-roesrath.de\/wp-content\/uploads\/2019\/05\/190310_Logo_Wahl.jpg 345w, https:\/\/www.evkirche-roesrath.de\/wp-content\/uploads\/2019\/05\/190310_Logo_Wahl-300x199.jpg 300w\" sizes=\"(max-width: 248px) 100vw, 248px\" \/><\/a><p id=\"caption-attachment-18207\" class=\"wp-caption-text\">Link zur Seite Presbyteriumswahlen<\/p><\/div>\n<p align=\"justify\"><strong>\u201eGemeinde mit mir\u201c lautete der Aufruf zur Wahl der Presbyterien<\/strong> <strong>am 1. M\u00e4rz 2020<\/strong>. Insgesamt 687 Kirchengemeinden in 37 Kirchenkreisen unserer Landeskirche (EKiR) sind aufgerufen, ihr Presbyterium als Leitungsorgan f\u00fcr ihre Gemeinde zu w\u00e4hlen.<br \/>\nAlle vier Jahre w\u00e4hlt die Gemeinde Menschen, die bereit sind, dieses sch\u00f6ne und verantwortungsvolle Ehrenamt auszu\u00fcben.<\/p>\n<p align=\"justify\"><strong>In unserer Gemeinde (6.800 Gemeindeglieder) werden wir auch k\u00fcnftig 12 Presbyterinen und Presbyter haben. <\/strong><\/p>\n<p align=\"justify\"><strong>Es standen genau 12 Personen zur Wahl, damit ist eine Wahl am 1. M\u00e4rz 2020 in unserer Gemeinde nicht mehr erforderlich.<\/strong><br \/>\n<strong>Die neuen Presbyterinnen und Presbyter werden wegen Corona sp\u00e4ter in einem zentralen Gottesdienst in ihr neues Amt eingef\u00fchrt.<\/strong><\/p>\n<p><strong>Vorl\u00e4ufiges Endergebnis der Wahlen vom vom 5. M\u00e4rz 2020:<\/strong><br \/>\n6909 Presbyterinnen und Presbyter leiten k\u00fcnftig rheinische Gemeinden.<br \/>\n74.487 M\u00e4nner und Frauen haben am Sonntag, 1. M\u00e4rz 2020 bei den Presbyteriumswahlen in der Evangelischen Kirche im Rheinland ihre Stimme abgegeben. Mehr als 790.000 Wahlberechtigte waren aufgerufen, die Leitungsgremien ihrer Kirchengemeinden f\u00fcr die n\u00e4chsten vier Jahre neu zu besetzen.<\/p>\n<p><strong>Wahlbeteiligung betrug 9,4 Prozent<\/strong><br \/>\nDie durchschnittliche Wahlbeteiligung lag damit bei 9,4 Prozent. Das geht aus dem vorl\u00e4ufigen Endergebnis hervor, das die Stabsstelle Controlling des Landeskirchenamts heute vorgelegt hat. Die Spannbreite bei der Wahlbeteiligung reicht in den 37 Kirchenkreisen zwischen Niederrhein und Saarland, dem Aachener Grenzland und dem kleinen rheinischen Kirchengebiet in Hessen von 4,4 bis zu 26,6 Prozent. Dabei liegt die Beteiligung in eher l\u00e4ndlich gepr\u00e4gten Gebieten traditionell h\u00f6her als in Gro\u00dfst\u00e4dten.<\/p>\n<p><strong>6909 Presbyterinnen und Presbyter<\/strong><br \/>\nNicht in allen der 668 Gemeinden wurde im Sinne einer Auswahl gew\u00e4hlt. In knapp 30 Prozent der Gemeinden standen weniger Kandidatinnen und Kandidaten als Pl\u00e4tze im Presbyterium zur Verf\u00fcgung. In diesen F\u00e4llen gelten die Kandidierenden gem\u00e4\u00df der rheinischen Kirchenordnung als gew\u00e4hlt. Insgesamt wurden 6909 Pl\u00e4tze f\u00fcr Presbyterinnen und Presbyter besetzt, darunter 740 f\u00fcr Mitarbeitende, die in den Leitungsgremien der Kirchengemeinden vertreten sind. Die Wahl stand unter dem Motto \u201eGemeinde mit mir\u201c.<\/p>\n<hr \/>\n<p align=\"justify\">Hier erkl\u00e4ren wir, was in einer Gemeindeleitung passiert:<\/p>\n<header class=\"pressreport__header\">\n<h3 class=\"pressreport__headline\">Was macht ein Presbyter, eine Presbyterin?<\/h3>\n<\/header>\n<p>Mitglieder des Presbyteriums sind die ehrenamtlichen Presbyterinnen und Presbyter, die Pfarrerinnen und Pfarrer und die gew\u00e4hlten Mitarbeitenden. Sie \u00fcben den Dienst der Leitung in gemeinsamer Verantwortung aus.<\/p>\n<p>Das Presbyterium leitet die Kirchengemeinde: Es entscheidet, in welche Richtung sich die Gemeinde entwickelt. Dazu trifft sich das Presbyterium regelm\u00e4\u00dfig, um Beschl\u00fcsse zu fassen. Konkret geht es dabei z. B. um Mitarbeitende und Veranstaltungen, den Haushalt der Gemeinde und ihre Geb\u00e4ude. M\u00f6glich ist auch die Mitarbeit in weiteren Aussch\u00fcssen auf Gemeinde- oder Kirchenkreisebene In vielen Gemeinden \u00fcbernehmen Presbyterinnen und Presbyter auch Lektorendienste im sonnt\u00e4glichen Gottesdienst, helfen bei der Austeilung des Abendmahls oder beim Sammeln der Kollekten.<\/p>\n<p align=\"justify\">Das Presbyterium tr\u00e4gt die Mitverantwortung f\u00fcr die Seelsorge und die Gottesdienstgestaltung und ist gemeinsam mit den ehrenamtlich und beruflich Mitarbeitenden f\u00fcr das Gemeindeleben verantwortlich. Die Gemeinde hat auch diakonische und gesellschaftliche Aufgaben. Auch hier entscheidet und unterst\u00fctzt das Presbyterium. Damit all diese Aufgaben gelingen, sucht, beauftragt und f\u00f6rdert das Presbyterium geeignete Personen. Jede und jeder aus der Gemeinde ist eingeladen, dabei mitzumachen. Presbyterinnen und Presbyter werden in einem besonderen Gottesdienst in ihr Amt eingef\u00fchrt.<\/p>\n<p align=\"justify\"><strong>Wer kann in eine Presbyteramt gew\u00e4hlt werden?<\/strong><br \/>\nVoraussetzung ist die Bef\u00e4higung zum Presbyteramt. Zum Presbyteramt bef\u00e4higt ist, wer Mitglied der Kirchengemeinde, zur Leitung und zum Aufbau der Kirchengemeinde geeignet, konfirmiert oder Konfirmierten gleichgestellt ist, am 1. M\u00e4rz 2020 mindestens das 18. Lebensjahr vollendet hat und nicht \u00e4lter als 75 Jahre ist. Wer vor Ende der Amtszeit des Presbyteriums sein 75. Lebensjahr vollendet, verliert erst mit deren Ende die Bef\u00e4higung zum Presbyteramt.<\/p>\n<p align=\"justify\"><strong>Bringen Sie frischen Wind ins Presbyterium!<\/strong><br \/>\nMitgestalten, mitentscheiden \u2013 das sind wesentliche Anreize f\u00fcr Presbyterinnen und Presbyter. Besonders neue potenzielle Kandidatinnen und Kandidaten, die frischen Wind in Presbyterien bringen k\u00f6nnen. Menschen, die der Kirche nahestehen, selbst aber vielleicht gar nicht im Blick haben, dass sie sich hervorragend f\u00fcr das Presbyteramt eignen. \u201eGemeinde mit mir\u201c soll hei\u00dfen: \u201eHier mache ich mit.\u201c Und eben nicht alleine, sondern gemeinsam mit anderen, deshalb sprechen Sie die Pfarrerin\/Pfarrer, Mitglieder des Presbyteriums oder die Kolleginnen im Gemeindeb\u00fcro an. Wir brauchen Sie, wir brauchen Ihr Engagement, Ihre Ideen, um unsere Gemeinde f\u00fcr die Zukunft zu entwickeln.<\/p>\n<div class=\"download-pdf alignright\">\n<figure><\/figure>\n<div class=\"download-pdf__subline\"><\/div>\n<\/div>\n<p align=\"justify\"><strong>Wir bitten Sie auch um Unterst\u00fctzung und Ihren Sachverstand in unseren Aussch\u00fcssen.<\/strong><\/p>\n<p align=\"justify\">Ausschuss f\u00fcr Theologie, Gottesdienst und Kirchenmusik<br \/>\nBauausschuss<br \/>\nDiakonieausschuss<br \/>\nFinanzausschuss<br \/>\nJugendausschuss<br \/>\n\u00d6ffentlichkeitsausschuss<\/p>\n<p align=\"justify\"><strong>Im Zentrum unseres Wirkens steht die Botschaft vom \u201eReich Gottes\u201c Was immer Jesus tut und lehrt: Es ist nur von dieser Mitte her zu verstehen.<\/strong><br \/>\n<strong>Wir laden Sie herzlich ein, mit am \u201eReich Gottes\u201c zu bauen.<\/strong> (Claudia Wasser)<\/p>\n ","protected":false},"excerpt":{"rendered":"<p>\u201eGemeinde mit mir\u201c lautete der Aufruf zur Wahl der Presbyterien am 1. M\u00e4rz 2020. Insgesamt 687 Kirchengemeinden in 37 Kirchenkreisen unserer Landeskirche (EKiR) sind aufgerufen, ihr Presbyterium als Leitungsorgan f\u00fcr <a class=\"more-link\" href=\"https:\/\/www.evkirche-roesrath.de\/index.php\/ueber-uns\/ansprechpartner\/presbyterium\/gemeinde-mit-mir\/\">weiterlesen \u2192<\/a><\/p>\n","protected":false},"author":3,"featured_media":0,"parent":15179,"menu_order":9,"comment_status":"closed","ping_status":"closed","template":"","meta":{"ngg_post_thumbnail":0,"footnotes":""},"class_list":["post-18205","page","type-page","status-publish","hentry"],"_links":{"self":[{"href":"https:\/\/www.evkirche-roesrath.de\/index.php\/wp-json\/wp\/v2\/pages\/18205","targetHints":{"allow":["GET"]}}],"collection":[{"href":"https:\/\/www.evkirche-roesrath.de\/index.php\/wp-json\/wp\/v2\/pages"}],"about":[{"href":"https:\/\/www.evkirche-roesrath.de\/index.php\/wp-json\/wp\/v2\/types\/page"}],"author":[{"embeddable":true,"href":"https:\/\/www.evkirche-roesrath.de\/index.php\/wp-json\/wp\/v2\/users\/3"}],"replies":[{"embeddable":true,"href":"https:\/\/www.evkirche-roesrath.de\/index.php\/wp-json\/wp\/v2\/comments?post=18205"}],"version-history":[{"count":0,"href":"https:\/\/www.evkirche-roesrath.de\/index.php\/wp-json\/wp\/v2\/pages\/18205\/revisions"}],"up":[{"embeddable":true,"href":"https:\/\/www.evkirche-roesrath.de\/index.php\/wp-json\/wp\/v2\/pages\/15179"}],"wp:attachment":[{"href":"https:\/\/www.evkirche-roesrath.de\/index.php\/wp-json\/wp\/v2\/media?parent=18205"}],"curies":[{"name":"wp","href":"https:\/\/api.w.org\/{rel}","templated":true}]}}