{"id":18128,"date":"2019-04-09T10:05:24","date_gmt":"2019-04-09T08:05:24","guid":{"rendered":"http:\/\/www.evkirche-roesrath.de\/?page_id=18128"},"modified":"2019-04-09T12:17:45","modified_gmt":"2019-04-09T10:17:45","slug":"neue-nachrichten-aus-dem-kirchenkreis-kalungu","status":"publish","type":"page","link":"https:\/\/www.evkirche-roesrath.de\/index.php\/gruppen-und-veranstaltungen\/partner-u-nachbarn\/im-kongo\/neue-nachrichten-aus-dem-kirchenkreis-kalungu\/","title":{"rendered":"Neue Nachrichten aus dem Kirchenkreis Kalungu"},"content":{"rendered":"<p><span style=\"text-decoration: underline;\">Stand: April 2019<\/span><\/p>\n<p>Beim letzten Besuch einer Delegation aus dem Kirchenkreis Kalungu im Mai 2016 waren die Geschwister aus dem Kongo auch wieder f\u00fcr drei Tage zu Gast in unserer Gemeinde. In dieser Zeit besuchten wir mit ihnen unter anderem das W\u00f6llner-Stift.<br \/>\nMitarbeiter dieser Einrichtung unterrichteten sie \u00fcber die ambulante Pflege der Dakoniestation und die station\u00e4re Pflege im W\u00f6llner-Stift .<\/p>\n<p>Da im Kirchenkreis Kalungu auch viele Senioren ohne famili\u00e4ren R\u00fcckhalt leben, und sie deshalb aufs betteln angewiesen sind, wurde der Wunsch an uns herangetragen, ihnen zu helfen in ihrem Kirchenkreis ein Diakoniezentrum zu errichten , in dem sie Senioren besch\u00e4ften und begleiten k\u00f6nnen.<br \/>\nDiese Idee diskutierten wir dann im Arbeitskreis Kongo und machten den Geschwistern den Vorschlag , im Kirchenkreis Kalungu ein neues Projekt in Zusammenarbeit mit der Organisation &#8211; Brot f\u00fcr die Welt &#8211; zu starten. Einige von Ihnen erinnern sich vielleicht noch in diesem Zusammenhang noch an das Projekt &#8211; Licht f\u00fcr Kalungu ( Solarlampen)-, was wir mit der gleichen Organisation in fr\u00fcheren Jahren durchgef\u00fchrt haben.<\/p>\n<p>Die Projektplanung wurde in einem Abkommen zwischen den Kirchenkreisen konkretisiert und ein Antrag auf F\u00f6rderung durch &#8211; Brot f\u00fcr die Welt &#8211; gestellt. Nach regem Austausch zwischen den Kirchenkreisen und Brot f\u00fcr die Welt, bewilligte diese Organistion die F\u00f6rderung f\u00fcr das <a href=\"https:\/\/www.evkirche-roesrath.de\/index.php\/gruppen-und-veranstaltungen\/partner-u-nachbarn\/im-kongo\/tageszentrum-minova\/\">Zentrum in Minova<\/a> am 06.12.2018 und der Bau konnte am 11.03.2019 beginnen. Inzwischen werden fast w\u00f6chentlich Bilder vom Bau des Zentrums gemailt und es ist eine Freude zu sehen ,wie schnell das Geb\u00e4ude w\u00e4chst.<\/p>\n<p><a href=\"https:\/\/www.evkirche-roesrath.de\/wp-content\/uploads\/2019\/04\/190409_Kalungu7.jpg\"><img decoding=\"async\" class=\"alignleft wp-image-18149 size-thumbnail\" src=\"https:\/\/www.evkirche-roesrath.de\/wp-content\/uploads\/2019\/04\/190409_Kalungu7-150x150.jpg\" alt=\"\" width=\"150\" height=\"150\" srcset=\"https:\/\/www.evkirche-roesrath.de\/wp-content\/uploads\/2019\/04\/190409_Kalungu7-150x150.jpg 150w, https:\/\/www.evkirche-roesrath.de\/wp-content\/uploads\/2019\/04\/190409_Kalungu7-32x32.jpg 32w\" sizes=\"(max-width: 150px) 100vw, 150px\" \/><\/a><\/p>\n<p>&nbsp;<\/p>\n<p>Neben der Eigenleistung der Gemeinde Kalungu ( Bereitstellung des Grundst\u00fccks) wird das Zentrum durch Brot f\u00fcr die Welt und der Vereinigte Evangelischen Mission Wupperthal (VEM ) gef\u00f6rdert. Ein nicht geringer Teil mu\u00df durch den Kirchenkreis K\u00f6ln rechtsrheinisch finanziert werden und deshalb ist der Kirchenkreis auf Spenden angewiesen, um den Bau der Einrichtung zu einem guten Ende zu bringen.<\/p>\n<p>&nbsp;<\/p>\n<p><a href=\"https:\/\/www.evkirche-roesrath.de\/wp-content\/uploads\/2019\/04\/190409_Kalungu4.jpg\"><img decoding=\"async\" class=\"size-thumbnail wp-image-18146 alignleft\" src=\"https:\/\/www.evkirche-roesrath.de\/wp-content\/uploads\/2019\/04\/190409_Kalungu4-150x150.jpg\" alt=\"\" width=\"150\" height=\"150\" srcset=\"https:\/\/www.evkirche-roesrath.de\/wp-content\/uploads\/2019\/04\/190409_Kalungu4-150x150.jpg 150w, https:\/\/www.evkirche-roesrath.de\/wp-content\/uploads\/2019\/04\/190409_Kalungu4-32x32.jpg 32w\" sizes=\"(max-width: 150px) 100vw, 150px\" \/><\/a><\/p>\n<p>Auf der Hompage unserer Gemeinde unter dem Stichwort: <a href=\"https:\/\/www.evkirche-roesrath.de\/index.php\/gruppen-und-veranstaltungen\/partner-u-nachbarn\/\">Partner und Nachbarn<\/a> kann man sich n\u00e4here Informationen ansehen.<\/p>\n<p>Eine Bildergalerie zum Baufortschritt finden Sie unter: <a href=\"https:\/\/www.evkirche-roesrath.de\/index.php\/gruppen-und-veranstaltungen\/partner-u-nachbarn\/im-kongo\/tageszentrum-minova\/\">Tageszentrums MINOVA<\/a><\/p>\n<p>&nbsp;<\/p>\n<p>&nbsp;<\/p>\n<p><strong>Wenn Sie dieses Projekt unterst\u00fctzen m\u00f6chten, k\u00f6nnen Sie Spenden auf das Kirchenkreis K\u00f6ln -rechtsrheinisch IBAN DE 63 3705 0299 0311 0013 58 Stichwort : MINOVA \u00fcberweisen.<\/strong><\/p>\n<p>F\u00fcr eine Spende bedanken wir uns hiermit ganz herzlich.<br \/>\nHerman Leendertse<\/p>\n ","protected":false},"excerpt":{"rendered":"<p>Stand: April 2019 Beim letzten Besuch einer Delegation aus dem Kirchenkreis Kalungu im Mai 2016 waren die Geschwister aus dem Kongo auch wieder f\u00fcr drei Tage zu Gast in unserer <a class=\"more-link\" href=\"https:\/\/www.evkirche-roesrath.de\/index.php\/gruppen-und-veranstaltungen\/partner-u-nachbarn\/im-kongo\/neue-nachrichten-aus-dem-kirchenkreis-kalungu\/\">weiterlesen \u2192<\/a><\/p>\n","protected":false},"author":3,"featured_media":0,"parent":12331,"menu_order":2,"comment_status":"closed","ping_status":"closed","template":"","meta":{"ngg_post_thumbnail":0,"footnotes":""},"class_list":["post-18128","page","type-page","status-publish","hentry"],"_links":{"self":[{"href":"https:\/\/www.evkirche-roesrath.de\/index.php\/wp-json\/wp\/v2\/pages\/18128","targetHints":{"allow":["GET"]}}],"collection":[{"href":"https:\/\/www.evkirche-roesrath.de\/index.php\/wp-json\/wp\/v2\/pages"}],"about":[{"href":"https:\/\/www.evkirche-roesrath.de\/index.php\/wp-json\/wp\/v2\/types\/page"}],"author":[{"embeddable":true,"href":"https:\/\/www.evkirche-roesrath.de\/index.php\/wp-json\/wp\/v2\/users\/3"}],"replies":[{"embeddable":true,"href":"https:\/\/www.evkirche-roesrath.de\/index.php\/wp-json\/wp\/v2\/comments?post=18128"}],"version-history":[{"count":0,"href":"https:\/\/www.evkirche-roesrath.de\/index.php\/wp-json\/wp\/v2\/pages\/18128\/revisions"}],"up":[{"embeddable":true,"href":"https:\/\/www.evkirche-roesrath.de\/index.php\/wp-json\/wp\/v2\/pages\/12331"}],"wp:attachment":[{"href":"https:\/\/www.evkirche-roesrath.de\/index.php\/wp-json\/wp\/v2\/media?parent=18128"}],"curies":[{"name":"wp","href":"https:\/\/api.w.org\/{rel}","templated":true}]}}