{"id":18011,"date":"2019-03-13T10:39:12","date_gmt":"2019-03-13T09:39:12","guid":{"rendered":"http:\/\/www.evkirche-roesrath.de\/?page_id=18011"},"modified":"2025-11-25T16:55:44","modified_gmt":"2025-11-25T15:55:44","slug":"kindertagesstaetten","status":"publish","type":"page","link":"https:\/\/www.evkirche-roesrath.de\/index.php\/gemeindeeinrichtungen\/kindertagesstaetten\/","title":{"rendered":"Kindertagesst\u00e4tten"},"content":{"rendered":"<p>Spielen, lachen, lernen lautet die \u00dcberschrift <a href=\"https:\/\/www.diakonie-michaelshoven.de\/angebote\/kinder-jugendliche-und-familien\/kindertagesstaetten\/\" target=\"_blank\" rel=\"noopener noreferrer\">auf der Webseite der Diakonie Michaelshoven.<\/a><\/p>\n<p>&#8222;Uns ist wichtig, dass Ihr Kind gut aufgehoben ist und richtig gef\u00f6rdert wird. Deshalb legen wir hohe Ma\u00dfst\u00e4be an unsere Evangelischen Kindertagesst\u00e4tten in K\u00f6ln, H\u00fcrth, Wesseling und R\u00f6srath.&#8220;<\/p>\n<p>Die vier nachfolgenden Links leiten Sie zur Homepage der Diakonie Michaelshoven:<\/p>\n<ul>\n<li><a href=\"https:\/\/www.diakonie-michaelshoven.de\/angebote\/kinder-jugendliche-und-familien\/kindertagesstaetten\/kita-volberg-in-roesrath\" target=\"_blank\" rel=\"noopener noreferrer\">Kindertagesst\u00e4tte Volberg<\/a><\/li>\n<li><a href=\"https:\/\/www.diakonie-michaelshoven.de\/angebote\/kinder-jugendliche-und-familien\/kita-villa-huegel\" target=\"_blank\" rel=\"noopener noreferrer\">Kindertagesst\u00e4tte Villa-H\u00fcgel<\/a><\/li>\n<li><a href=\"https:\/\/www.diakonie-michaelshoven.de\/angebote\/kinder-jugendliche-und-familien\/kindertagesstaetten\/kita-venauen-in-roesrath#c6975\" target=\"_blank\">Kita Venauen<\/a><\/li>\n<li><a href=\"https:\/\/www.diakonie-michaelshoven.de\/angebote\/kinder-jugendliche-und-familien\/familienzentren\/familienzentrum-hoffnungsthal\/\" target=\"_blank\" rel=\"noopener noreferrer\">Das Familienzentrum Hoffnungsthal<\/a><\/li>\n<\/ul>\n<hr>\n  <div class=\"otw_gm_content\" id=\"otw_grid_manager_content_18011\"><div id=\"otw_grid_manager_content_18011_row_0\" class=\"otw-row\"><div class=\"otw-eight otw-columns\"><div class=\"otw-widget-text\"><div class=\"text-content\"><h1>Kita Volberg<\/h1><p>Die Evangelische Kindertagesst\u00e4tte Volberg. Schon seit 1956 bietet die Evangelische Gemeinde Volberg-Forsbach-R\u00f6srath in <strong>Hoffnungsthal<\/strong> Erziehung, Bildung und Betreuung mit evangelischem Profil. <br><a href=\"https:\/\/evkirche-roesrath.de\/index.php\/gemeindeeinrichtungen\/kita-volberg\/\" target=\"_blank\" rel=\"noopener\">weiterlesen...<\/a><\/p><\/div><\/div><\/div><div class=\"otw-eight otw-columns\"><div class=\"otw-widget-text\"><div class=\"text-content\"><h1>Kita Villa H\u00fcgel<\/h1><p>Am 23. August wurden die neu eingerichteten R\u00e4ume und Spielbereiche den Eltern und ihren Kindern vorgestellt. Es ist eine helle, freundliche und liebevoll eingerichtete KiTa entstanden. Das Team konnte sich bei der Gestaltung der R\u00e4ume und Dekoration mit einbringen.  <a href=\"http:\/\/www.evkirche-roesrath.de\/?page_id=18014&amp;preview=true\" target=\"_blank\" rel=\"noopener\">weiterlesen...<\/a><\/p><\/div><\/div><\/div><div class=\"otw-eight otw-columns end\"><div class=\"otw-widget-text\"><div class=\"text-content\"><h1>Kita Venauen<\/h1><p>Seit dem 1. August 2025 hat die KiTa Venauen in R\u00f6srath im Erdgeschoss eines dreigeschossigen Neubaus ihren Betrieb aufgenommen. Insgesamt 50 Kinder werden hier perspektivisch in drei Gruppen von einem zehnk\u00f6pfigen Team betreut. F\u00fcr die Kleinsten im Alter von 0 bis 3 Jahren steht eine eigene Gruppe zur Verf\u00fcgung, w\u00e4hrend die beiden weiteren Gruppen Kinder im Alter von 2 bis 6 Jahren aufnehmen.<a href=\"https:\/\/www.diakonie-michaelshoven.de\/angebote\/kinder-jugendliche-und-familien\/kindertagesstaetten\/kita-venauen-in-roesrath\" target=\"_blank\" rel=\"noopener\">weiterlesen...<\/a><\/p><\/div><\/div><\/div><\/div><\/div>","protected":false},"excerpt":{"rendered":"<p>Spielen, lachen, lernen lautet die \u00dcberschrift auf der Webseite der Diakonie Michaelshoven. &#8222;Uns ist wichtig, dass Ihr Kind gut aufgehoben ist und richtig gef\u00f6rdert wird. Deshalb legen wir hohe Ma\u00dfst\u00e4be <a class=\"more-link\" href=\"https:\/\/www.evkirche-roesrath.de\/index.php\/gemeindeeinrichtungen\/kindertagesstaetten\/\">weiterlesen \u2192<\/a><\/p>\n","protected":false},"author":3,"featured_media":0,"parent":12271,"menu_order":2,"comment_status":"closed","ping_status":"closed","template":"","meta":{"ngg_post_thumbnail":0,"footnotes":""},"class_list":["post-18011","page","type-page","status-publish","hentry"],"_links":{"self":[{"href":"https:\/\/www.evkirche-roesrath.de\/index.php\/wp-json\/wp\/v2\/pages\/18011","targetHints":{"allow":["GET"]}}],"collection":[{"href":"https:\/\/www.evkirche-roesrath.de\/index.php\/wp-json\/wp\/v2\/pages"}],"about":[{"href":"https:\/\/www.evkirche-roesrath.de\/index.php\/wp-json\/wp\/v2\/types\/page"}],"author":[{"embeddable":true,"href":"https:\/\/www.evkirche-roesrath.de\/index.php\/wp-json\/wp\/v2\/users\/3"}],"replies":[{"embeddable":true,"href":"https:\/\/www.evkirche-roesrath.de\/index.php\/wp-json\/wp\/v2\/comments?post=18011"}],"version-history":[{"count":2,"href":"https:\/\/www.evkirche-roesrath.de\/index.php\/wp-json\/wp\/v2\/pages\/18011\/revisions"}],"predecessor-version":[{"id":27841,"href":"https:\/\/www.evkirche-roesrath.de\/index.php\/wp-json\/wp\/v2\/pages\/18011\/revisions\/27841"}],"up":[{"embeddable":true,"href":"https:\/\/www.evkirche-roesrath.de\/index.php\/wp-json\/wp\/v2\/pages\/12271"}],"wp:attachment":[{"href":"https:\/\/www.evkirche-roesrath.de\/index.php\/wp-json\/wp\/v2\/media?parent=18011"}],"curies":[{"name":"wp","href":"https:\/\/api.w.org\/{rel}","templated":true}]}}