{"id":16814,"date":"2018-07-16T15:24:15","date_gmt":"2018-07-16T13:24:15","guid":{"rendered":"http:\/\/www.evkirche-roesrath.de\/?page_id=16814"},"modified":"2018-07-16T15:30:21","modified_gmt":"2018-07-16T13:30:21","slug":"10-jahre-roesrather-tafel","status":"publish","type":"page","link":"https:\/\/www.evkirche-roesrath.de\/index.php\/ueber-uns\/archiv\/die-roesrather-tafel\/10-jahre-roesrather-tafel\/","title":{"rendered":"10-Jahre R\u00f6srather Tafel"},"content":{"rendered":"<p><img decoding=\"async\" class=\"irc_mi\" src=\"http:\/\/www.roesrath.de\/img\/Buergerservice\/Soziales\/tafellogo-web.jpg\" alt=\"Bildergebnis f\u00fcr r\u00f6srather tafel\" width=\"250\" height=\"142\" \/><\/p>\n<p>Lebensmittel-Ausgabe jetzt an neuem Standort<br \/>\n\u201e10 Jahre R\u00f6srather Tafel und 25 Jahre Tafeln in Deutschland \u2013 das ist kein Grund zu feiern!\u201c sagt Gerd Wasser vom Tafel-Leitungsteam. \u201eWir m\u00f6chten vielmehr auf den Skandal hinweisen, der darin besteht, dass es dieser Einrichtungen in einem der reichsten L\u00e4nder der Welt nach wie vor bedarf.\u201c<\/p>\n<p>Die Zahl der Tafeln in Deutschland hat sich seit 2005 auf deutlich \u00fcber 900 verdoppelt, und die Nachfrage nach Lebensmitteln der Tafeln durch Menschen mit geringem Einkommen ist nach wie vor ungebrochen: Bei der R\u00f6srather Tafel stieg die Zahl der unterst\u00fctzten Personen innerhalb der letzten f\u00fcnf Jahre um 23 % auf rund 700, davon rund ein Drittel Kinder und Jugendliche.<\/p>\n<p>Haupt-Nutzergruppen sind Arbeitslosengeld- und Sozialhilfeempf\u00e4nger und -empf\u00e4ngerinnen, nach R\u00f6srath gefl\u00fcchtete Personen sowie Bezieherinnen und Bezieher niedriger Renten. J\u00e4hrlich verteilt die R\u00f6srather Tafel rund 70.000 Kilogramm Lebensmittel. Das verringert einerseits die Lebensmittelvernichtung und erleichtert andererseits in bescheidenem Umfang die soziale Teilhabe der unterst\u00fctzten Haushalte: Das Geld, das nicht f\u00fcr Lebensmittel ausgegeben werden muss, kann z. B. f\u00fcr Bildungsma\u00dfnahmen, Kommunikation, Theater, Kino, Ausfl\u00fcge usw. verwendet werden, f\u00fcr Dinge also, die f\u00fcr die meisten anderen Menschen eine Selbstverst\u00e4ndlichkeit darstellen.<\/p>\n<p>Das zehnj\u00e4hrige Bestehen ist aber f\u00fcr das Tafel-Leitungsteam und f\u00fcr die Tr\u00e4ger der Tafel, die Ev. Gemeinde Volberg, Forsbach, R\u00f6srath (in Kooperation mit der Kath. Kirchengemeinde St. Nikolaus) auch Anlass zum Dank. Dieser gilt der erfahrenen Unterst\u00fctzungs- und Spendenbereitschaft der R\u00f6srather Bev\u00f6lkerung. Eine besondere Bedeutung kommt dabei den Lebensmittelspenden der Gesch\u00e4fte und dem Engagement der rund 90 ausschlie\u00dflich ehrenamtlichen Mitarbeiterinnen und Mitarbeiter im Tafelteam zu.<\/p>\n<p>Fast genau 10 Jahre nach Gr\u00fcndung der R\u00f6srather Tafel hat sie im Juni ihren dritten \u201evor\u00fcbergehenden\u201c Standort bezogen. Die Lebensmittelausgabe erfolgt nicht mehr bei der Vers\u00f6hnungskirche, sondern im ehemaligen Gesch\u00e4ftsraum der Kreissparkasse, Ahornweg 8 in R\u00f6srath-St\u00fcmpen. Der bisherige Standort musste einem Kita-Neubau weichen. Dank des enormen Einsatzes vieler flei\u00dfiger H\u00e4nde konnte der Umzug flott und erfolgreich vollzogen werden; die Lebensmittelausgabe ruhte lediglich f\u00fcr eine Woche.<\/p>\n<p>Die ersten Wochen am neuen Standort verliefen ohne gr\u00f6\u00dfere Probleme. Leider bieten die neuen R\u00e4ume keine Unterbringungsm\u00f6glichkeit f\u00fcr das als Kommunikationsort begehrte Tafel-Caf\u00e9; dieses verbleibt zun\u00e4chst weiter am bisherigen Standort. Es verliert dadurch wegen der fehlenden N\u00e4he zur Lebensmittel-Ausgabe deutlich an Attraktivit\u00e4t f\u00fcr die Tafelnutzer.<\/p>\n<p>Schade sei auch, so Wasser, dass durch den jetzigen Standort im Ahornweg der r\u00e4umliche Bezug zur Kirche verloren gegangen ist. Aus dem Presbyterium gibt es aber die Ank\u00fcndigung, die Zeit des dreij\u00e4hrigen Mietvertrages zu nutzen, um die Tafel k\u00fcnftig dauerhaft und komplett wieder kirchennah unterzubringen.<\/p>\n<p>Gerd Wasser<br \/>\n16. Juli 2018<\/p>\n ","protected":false},"excerpt":{"rendered":"<p>Lebensmittel-Ausgabe jetzt an neuem Standort \u201e10 Jahre R\u00f6srather Tafel und 25 Jahre Tafeln in Deutschland \u2013 das ist kein Grund zu feiern!\u201c sagt Gerd Wasser vom Tafel-Leitungsteam. \u201eWir m\u00f6chten vielmehr <a class=\"more-link\" href=\"https:\/\/www.evkirche-roesrath.de\/index.php\/ueber-uns\/archiv\/die-roesrather-tafel\/10-jahre-roesrather-tafel\/\">weiterlesen \u2192<\/a><\/p>\n","protected":false},"author":3,"featured_media":0,"parent":12325,"menu_order":2,"comment_status":"closed","ping_status":"closed","template":"","meta":{"ngg_post_thumbnail":0,"footnotes":""},"class_list":["post-16814","page","type-page","status-publish","hentry"],"_links":{"self":[{"href":"https:\/\/www.evkirche-roesrath.de\/index.php\/wp-json\/wp\/v2\/pages\/16814","targetHints":{"allow":["GET"]}}],"collection":[{"href":"https:\/\/www.evkirche-roesrath.de\/index.php\/wp-json\/wp\/v2\/pages"}],"about":[{"href":"https:\/\/www.evkirche-roesrath.de\/index.php\/wp-json\/wp\/v2\/types\/page"}],"author":[{"embeddable":true,"href":"https:\/\/www.evkirche-roesrath.de\/index.php\/wp-json\/wp\/v2\/users\/3"}],"replies":[{"embeddable":true,"href":"https:\/\/www.evkirche-roesrath.de\/index.php\/wp-json\/wp\/v2\/comments?post=16814"}],"version-history":[{"count":0,"href":"https:\/\/www.evkirche-roesrath.de\/index.php\/wp-json\/wp\/v2\/pages\/16814\/revisions"}],"up":[{"embeddable":true,"href":"https:\/\/www.evkirche-roesrath.de\/index.php\/wp-json\/wp\/v2\/pages\/12325"}],"wp:attachment":[{"href":"https:\/\/www.evkirche-roesrath.de\/index.php\/wp-json\/wp\/v2\/media?parent=16814"}],"curies":[{"name":"wp","href":"https:\/\/api.w.org\/{rel}","templated":true}]}}