{"id":15331,"date":"2017-11-24T11:33:46","date_gmt":"2017-11-24T10:33:46","guid":{"rendered":"http:\/\/www.evkirche-roesrath.de\/?page_id=15331"},"modified":"2020-12-23T13:02:46","modified_gmt":"2020-12-23T12:02:46","slug":"weihnachtskisten-fuer-tafel-besucher","status":"publish","type":"page","link":"https:\/\/www.evkirche-roesrath.de\/index.php\/ueber-uns\/archiv\/die-roesrather-tafel\/weihnachtskisten-fuer-tafel-besucher\/","title":{"rendered":"Weihnachtskisten f\u00fcr Tafel-Besucher"},"content":{"rendered":"<p><strong>TAFEL R\u00d6SRATH e. V.<\/strong><\/p>\n<p><strong>Bescherung f\u00fcr R\u00f6srather Tafelbesucher<\/strong><\/p>\n<div id=\"attachment_20972\" style=\"width: 460px\" class=\"wp-caption alignleft\"><a href=\"https:\/\/www.evkirche-roesrath.de\/wp-content\/uploads\/2020\/12\/20201223_Tafel-Geschenke.jpg\"><img fetchpriority=\"high\" decoding=\"async\" aria-describedby=\"caption-attachment-20972\" class=\"wp-image-20972 size-full\" src=\"https:\/\/www.evkirche-roesrath.de\/wp-content\/uploads\/2020\/12\/20201223_Tafel-Geschenke.jpg\" alt=\"\" width=\"450\" height=\"300\" srcset=\"https:\/\/www.evkirche-roesrath.de\/wp-content\/uploads\/2020\/12\/20201223_Tafel-Geschenke.jpg 450w, https:\/\/www.evkirche-roesrath.de\/wp-content\/uploads\/2020\/12\/20201223_Tafel-Geschenke-300x200.jpg 300w, https:\/\/www.evkirche-roesrath.de\/wp-content\/uploads\/2020\/12\/20201223_Tafel-Geschenke-390x261.jpg 390w\" sizes=\"(max-width: 450px) 100vw, 450px\" \/><\/a><p id=\"caption-attachment-20972\" class=\"wp-caption-text\">Foto: G. Wasser<\/p><\/div>\n<p>&nbsp;<\/p>\n<p>&nbsp;<\/p>\n<p>&nbsp;<\/p>\n<p>&nbsp;<\/p>\n<p>&nbsp;<\/p>\n<p>&nbsp;<\/p>\n<p>&nbsp;<\/p>\n<p>&nbsp;<\/p>\n<p>&nbsp;<\/p>\n<p>Dank der \u00fcberaus gro\u00dfen Spendenbereitschaft der R\u00f6srather B\u00fcrgerinnen und B\u00fcrger  konnte das Tafelteam auch in diesem Jahr wieder viele Haushalte  in der Stadt mit Weihnachtskisten bescheren. \u201eWir freuen uns, dadurch  rund 500 Menschen eine weihnachtliche Freude bereitet zu haben\u201c, sagt Dorothee Gorn, die Vorsitzende des Tafelvereins. Wie in den Vorjahren konnte die Paketausgabe an der Evangelischen Vers\u00f6hnungskirche stattfinden. Wegen der zu beachtenden Hygiene- und Abstandsregelungen war den Tafelkunden f\u00fcr die Entgegennahme der Pakete ein Zeitfenster zugeordnet worden, entsprechend ihren Kundennummern.<\/p>\n<p>Das Team des neuen TAFEL R\u00d6SRATH e. V. dankt allen Spenderinnen und Spendern im Namen der Tafelnutzer. (23.12.2020)<\/p>\n<hr \/>\n<p>R\u00fcckfragen: Pfarrerin Dorothee Gorn, Tel. 897338,<br \/>\nE-Mail: <strong><a href=\"mailto:tafel-roesrath@t-online.de\">tafel-roesrath@t-online.de<\/a><br \/>\nNeue Spenden-Konten:<br \/>\nVR-Bank Bergisch-Gladbach-Leverkusen:<br \/>\nIBAN: DE74 3706 2600 4014 2270 11<br \/>\nKSK K\u00f6ln:<br \/>\nIBAN: DE94 3705 0299 0326 5656 14<\/strong><\/p>\n ","protected":false},"excerpt":{"rendered":"<p>TAFEL R\u00d6SRATH e. V. Bescherung f\u00fcr R\u00f6srather Tafelbesucher &nbsp; &nbsp; &nbsp; &nbsp; &nbsp; &nbsp; &nbsp; &nbsp; &nbsp; Dank der \u00fcberaus gro\u00dfen Spendenbereitschaft der R\u00f6srather B\u00fcrgerinnen und B\u00fcrger konnte das Tafelteam <a class=\"more-link\" href=\"https:\/\/www.evkirche-roesrath.de\/index.php\/ueber-uns\/archiv\/die-roesrather-tafel\/weihnachtskisten-fuer-tafel-besucher\/\">weiterlesen \u2192<\/a><\/p>\n","protected":false},"author":3,"featured_media":0,"parent":12325,"menu_order":1,"comment_status":"closed","ping_status":"closed","template":"","meta":{"ngg_post_thumbnail":0,"footnotes":""},"class_list":["post-15331","page","type-page","status-publish","hentry"],"_links":{"self":[{"href":"https:\/\/www.evkirche-roesrath.de\/index.php\/wp-json\/wp\/v2\/pages\/15331","targetHints":{"allow":["GET"]}}],"collection":[{"href":"https:\/\/www.evkirche-roesrath.de\/index.php\/wp-json\/wp\/v2\/pages"}],"about":[{"href":"https:\/\/www.evkirche-roesrath.de\/index.php\/wp-json\/wp\/v2\/types\/page"}],"author":[{"embeddable":true,"href":"https:\/\/www.evkirche-roesrath.de\/index.php\/wp-json\/wp\/v2\/users\/3"}],"replies":[{"embeddable":true,"href":"https:\/\/www.evkirche-roesrath.de\/index.php\/wp-json\/wp\/v2\/comments?post=15331"}],"version-history":[{"count":0,"href":"https:\/\/www.evkirche-roesrath.de\/index.php\/wp-json\/wp\/v2\/pages\/15331\/revisions"}],"up":[{"embeddable":true,"href":"https:\/\/www.evkirche-roesrath.de\/index.php\/wp-json\/wp\/v2\/pages\/12325"}],"wp:attachment":[{"href":"https:\/\/www.evkirche-roesrath.de\/index.php\/wp-json\/wp\/v2\/media?parent=15331"}],"curies":[{"name":"wp","href":"https:\/\/api.w.org\/{rel}","templated":true}]}}