{"id":15179,"date":"2017-11-15T20:40:34","date_gmt":"2017-11-15T19:40:34","guid":{"rendered":"http:\/\/www.evkirche-roesrath.de\/?page_id=15179"},"modified":"2026-03-25T16:27:23","modified_gmt":"2026-03-25T15:27:23","slug":"presbyterium","status":"publish","type":"page","link":"https:\/\/www.evkirche-roesrath.de\/index.php\/ueber-uns\/ansprechpartner\/presbyterium\/","title":{"rendered":"Presbyterium"},"content":{"rendered":"<p>Unsere Gemeinde wird seit M\u00e4rz 2024 vom neuen Presbyterium geleitet. Die Amtszeit geht von M\u00e4rz 2024 bis Ende Februar 2028.<\/p>\n<h3>Das Presbyterium setzt sich aus folgenden Personen zusammen:<\/h3>\n<h4>Gew\u00e4hlte Gemeindeglieder:<\/h4>\n<table>\n<tr>\n<td>\n      <img decoding=\"async\" src=\"https:\/\/www.evkirche-roesrath.de\/wp-content\/uploads\/2026\/03\/Elisabeth-Behrendt.png\" alt=\"Elisabeth Behrendt\" width=\"100px\" height=\"100px\"\/><br \/>\n      <a href=\"mailto:elisabeth.behrendt@ekir.de\">Elisabeth Behrendt<\/a>\n    <\/td>\n<td>\n      <img decoding=\"async\" src=\"https:\/\/www.evkirche-roesrath.de\/wp-content\/uploads\/2026\/03\/Eva-Engels.png\" alt=\"Eva Engels\" width=\"100px\" height=\"100px\"\/><br \/>\n      <a href=\"mailto:eva.engels@ekir.de\">Eva Engels<\/a>\n    <\/td>\n<td>\n      <img decoding=\"async\" src=\"https:\/\/www.evkirche-roesrath.de\/wp-content\/uploads\/2023\/11\/Udo-Hartenfels-scaled.jpg\" alt=\"Udo Hartenfels\" width=\"100px\" height=\"100px\"\/><br \/>\n      <a href=\"mailto:udo.hartenfels@ekir.de\">Udo Hartenfels<\/a>\n    <\/td>\n<td>\n      <img decoding=\"async\" src=\"https:\/\/www.evkirche-roesrath.de\/wp-content\/uploads\/2026\/03\/Foto-1-Joachim-Hoeh-scaled.jpg\" alt=\"Joachim H\u00f6h\" width=\"100px\" height=\"100px\"\/><br \/>\n      <a href=\"mailto:joachim.hoeh@ekir.de\">Joachim H\u00f6h<\/a>\n    <\/td>\n<\/tr>\n<tr>\n<td>\n      <img decoding=\"async\" src=\"https:\/\/www.evkirche-roesrath.de\/wp-content\/uploads\/2026\/03\/ThomasKloeber.png\" alt=\"Thomas Kl\u00f6ber\" width=\"100px\" height=\"100px\"\/><br \/>\n      <a href=\"mailto:thomas.kloeber@ekir.de\">Thomas Kl\u00f6ber<\/a>\n    <\/td>\n<td>\n      <img decoding=\"async\" src=\"https:\/\/www.evkirche-roesrath.de\/wp-content\/uploads\/2026\/03\/Monika-Mattern.png\" alt=\"Monika Mattern-Klosson\" width=\"100px\" height=\"100px\"\/><br \/>\n      <a href=\"mailto:monika.mattern-klosson@ekir.de\">Monika Mattern-Klosson<\/a>\n    <\/td>\n<td>\n      <img decoding=\"async\" src=\"https:\/\/www.evkirche-roesrath.de\/wp-content\/uploads\/2026\/03\/Paul-Helmut-Moritz.png\" alt=\"Paul Moritz\" width=\"100px\" height=\"100px\"\/><br \/>\n      <a href=\"mailto:paul.moritz@ekir.de\">Paul Moritz<\/a>\n    <\/td>\n<td>\n      <img decoding=\"async\" src=\"https:\/\/www.evkirche-roesrath.de\/wp-content\/uploads\/2026\/03\/Jutta-Renner.png\" alt=\"Jutta Renner\" width=\"100px\" height=\"100px\"\/><br \/>\n      <a href=\"mailto:jutta.renner@ekir.de\">Jutta Renner<\/a>\n    <\/td>\n<td>\n      <img decoding=\"async\" src=\"https:\/\/www.evkirche-roesrath.de\/wp-content\/uploads\/2026\/03\/Ilka-Richter.png\" alt=\"Ilka Richter\" width=\"100px\" height=\"100px\"\/><br \/>\n      <a href=\"mailto:ilka.richter@ekir.de\">Ilka Richter<\/a>\n    <\/td>\n<\/tr>\n<\/table>\n<p><!--\n<\/hr>\n\n\n\n\n<h4>Jugendpresbyter (berufen vom Presbyterium):<\/h4>\n\n\n\n\n<ul>\n  \n\n<li>Christopher S\u00fc\u00df<\/li>\n\n\n<\/ul>\n\n\n\n\n<hr\/>\n\n\n--><\/p>\n<h4>Mitarbeitervertreterin (gew\u00e4hlt von den hauptamtlichen Mitarbeiter:innen der Gemeinde):<\/h4>\n<ul>\n<li><a href=\"mailto:sabine.muerkens@ekir.de\">Sabine M\u00fcrkens<\/a><\/li>\n<\/ul>\n<hr\/>\n<h4>Pfarrer (geborene Mitglieder):<\/h4>\n<ul>\n<li><a href=\"mailto:thomas.rusch@ekir.de\">Thomas Rusch<\/a><\/li>\n<\/ul>\n<hr\/>\n<h3>Aufgabenverteilung im Presbyterium:<\/h3>\n<ul>\n<li>Vorsitzende des Presbyteriums ist Frau <a href=\"mailto:monika.mattern-klosson@ekir.de\">Monika Mattern-Klosson<\/a><br \/>\nStv. Vorsitzender ist Herr <a href=\"mailto:thomas.kloeber@ekir.de\">Thomas Kl\u00f6ber<\/a><\/li>\n<li>Kirchmeister ist Herr <a href=\"mailto:joachim.hoeh@ekir.de\">Joachim H\u00f6h<\/a><\/li>\n<li>Finanzkirchmeisterin ist Frau <a href=\"mailto:eva.engels@ekir.de\">Eva Engels<\/a><br \/>\nStv. Finanzkirchmeisterin ist Frau <a href=\"mailto:elisabeth.behrendt@ekir.de\">Elisabeth Behrendt<\/a><\/li>\n<li>Diakoniekirchmeister ist Herr <a href=\"mailto:joachim.hoeh@ekir.de\">Joachim H\u00f6h<\/a><br \/>\nStv. Diakoniekirchmeisterin ist Frau <a href=\"mailto:ilka.richter@ekir.de\">Ilka Richter<\/a><\/li>\n<li>Baukirchmeister ist Herr <a href=\"mailto:paul.moritz@ekir.de\">Paul Moritz<\/a><br \/>\nStv. Baukirchmeister ist Herr <a href=\"mailto:udo.hartenfels@ekir.de\">Udo Hartenfels<\/a><\/li>\n<li>Personalkirchmeisterin ist Frau <a href=\"mailto:elisabeth.behrendt@ekir.de\">Elisabeth Behrendt<\/a><\/li>\n<\/ul>\n<ul>\n<li><strong>Jugendausschuss<\/strong>:<br \/>\nVorsitz: <a href=\"mailto:jutta.renner@ekir.de\" rel=\"noopener\" target=\"_blank\">Jutta Renner<\/a><br \/>\nStellvertretung: <a href=\"mailto:christoper.suess@ekir.de\" rel=\"noopener\" target=\"_blank\">Christoper S\u00fc\u00df<\/a>\n  <\/li>\n<li><strong>Ausschuss f\u00fcr Theologie, Gottesdienst und Kirchenmusik<\/strong>:<br \/>\nVorsitz: <a href=\"mailto:katharina.wulzinger@ekir.de\" rel=\"noopener\" target=\"_blank\">Katharina Wulzinger<\/a><br \/>\nStellvertretung: <a href=\"mailto:monika.bautz@ekir.de\" rel=\"noopener\" target=\"_blank\">Monika Bautz<\/a>\n  <\/li>\n<li><strong>Redaktionskreis Gemeindebrief<\/strong>:<br \/>\nVorsitz: <a href=\"mailto:andrea.doll@ekir.de\" rel=\"noopener\" target=\"_blank\">Andrea Doll<\/a>\n  <\/li>\n<li><strong>Ausschuss f\u00fcr Kommunikation und \u00d6ffentlichkeitsarbeit<\/strong>:<br \/>\nVorsitz: <a href=\"mailto:thomas.kloeber@ekir.de\" rel=\"noopener\" target=\"_blank\">Thomas Kl\u00f6ber<\/a><br \/>\nStellvertretung: <a href=\"mailto:andreas.wegeleben@ekir.de\" rel=\"noopener\" target=\"_blank\">Andreas Wegeleben<\/a><\/p>\n<\/li>\n<li>weitere Aufgabenbereiche und Funktionstr\u00e4gerinnen u. -tr\u00e4ger werden noch erg\u00e4nzt, &#8230;<\/li>\n<\/ul>\n ","protected":false},"excerpt":{"rendered":"<p>Unsere Gemeinde wird seit M\u00e4rz 2024 vom neuen Presbyterium geleitet. Die Amtszeit geht von M\u00e4rz 2024 bis Ende Februar 2028. Das Presbyterium setzt sich aus folgenden Personen zusammen: Gew\u00e4hlte Gemeindeglieder: <a class=\"more-link\" href=\"https:\/\/www.evkirche-roesrath.de\/index.php\/ueber-uns\/ansprechpartner\/presbyterium\/\">weiterlesen \u2192<\/a><\/p>\n","protected":false},"author":3,"featured_media":0,"parent":12154,"menu_order":4,"comment_status":"closed","ping_status":"closed","template":"","meta":{"ngg_post_thumbnail":0,"footnotes":""},"class_list":["post-15179","page","type-page","status-publish","hentry"],"_links":{"self":[{"href":"https:\/\/www.evkirche-roesrath.de\/index.php\/wp-json\/wp\/v2\/pages\/15179","targetHints":{"allow":["GET"]}}],"collection":[{"href":"https:\/\/www.evkirche-roesrath.de\/index.php\/wp-json\/wp\/v2\/pages"}],"about":[{"href":"https:\/\/www.evkirche-roesrath.de\/index.php\/wp-json\/wp\/v2\/types\/page"}],"author":[{"embeddable":true,"href":"https:\/\/www.evkirche-roesrath.de\/index.php\/wp-json\/wp\/v2\/users\/3"}],"replies":[{"embeddable":true,"href":"https:\/\/www.evkirche-roesrath.de\/index.php\/wp-json\/wp\/v2\/comments?post=15179"}],"version-history":[{"count":3,"href":"https:\/\/www.evkirche-roesrath.de\/index.php\/wp-json\/wp\/v2\/pages\/15179\/revisions"}],"predecessor-version":[{"id":28249,"href":"https:\/\/www.evkirche-roesrath.de\/index.php\/wp-json\/wp\/v2\/pages\/15179\/revisions\/28249"}],"up":[{"embeddable":true,"href":"https:\/\/www.evkirche-roesrath.de\/index.php\/wp-json\/wp\/v2\/pages\/12154"}],"wp:attachment":[{"href":"https:\/\/www.evkirche-roesrath.de\/index.php\/wp-json\/wp\/v2\/media?parent=15179"}],"curies":[{"name":"wp","href":"https:\/\/api.w.org\/{rel}","templated":true}]}}