{"id":14276,"date":"2017-09-26T13:00:49","date_gmt":"2017-09-26T11:00:49","guid":{"rendered":"http:\/\/www.evkirche-roesrath.de\/?page_id=14276"},"modified":"2022-02-21T14:51:03","modified_gmt":"2022-02-21T13:51:03","slug":"kita-in-kooperation","status":"publish","type":"page","link":"https:\/\/www.evkirche-roesrath.de\/index.php\/gemeindeeinrichtungen\/kindertagesstaetten\/kita-volberg\/kita-in-kooperation\/","title":{"rendered":"KiTa in Kooperation"},"content":{"rendered":"<div id=\"page\" class=\"hfeed site\">\n<div id=\"main\" class=\"container\">\n<div id=\"primary\" class=\"content-area\">\n<div id=\"content\" class=\"site-content\" role=\"main\">\n<article id=\"post-12319\" class=\"post-12319 page type-page status-publish hentry\">\n<div class=\"entry-container\">\n<div class=\"entry-content\">\n<div id=\"content\">\n<div class=\"beitrag_content\">\n<h4>Pfarrer Kopper, der Vorsitzende unseres Presbyteriums, informiert \u00fcber die Pl\u00e4ne der Gemeinde<\/h4>\n<h3>Kooperation mit der Diakonie Michaelshoven \u2013 Unsere Kitas<\/h3>\n<p>Im Juni hat das Presbyterium entschieden, mit der Diakonie Michaelshoven eine enge Kooperation im Bereich Kindertagesst\u00e4tten einzugehen.<br \/>\nDie Diakonie Michaelshoven ist ein gro\u00dfer diakonischer Tr\u00e4ger in der Region K\u00f6ln und den meisten R\u00f6srather B\u00fcrgerinnen und B\u00fcrgern schon lange bekannt durch die Kinder- und Jugendhilfe Stephansheide.<\/p>\n<ul>\n<li>Zum 1. August 2017 \u00fcbernahm die <a href=\"https:\/\/www.diakonie-michaelshoven.de\/angebote\/kinder-jugendliche-und-familien\/kindertagesstaetten\/\"><strong>Diakonie Michaelshoven<\/strong><\/a> die Tr\u00e4gerschaft der Kita Volberg und<\/li>\n<li>im Herbst \/ Winter 2017\/2018 wird die Antoniter-Siedlungs-gesellschaft damit beginnen, neben der Vers\u00f6hnungskirche in R\u00f6srath auf dem Grundst\u00fcck \u201eH\u00fcffel\u201c eine weitere <strong>dreigruppige ev. Kindertagesst\u00e4tte<\/strong> zu errichten, welche die Diakonie Michaelshoven betreiben wird.<\/li>\n<\/ul>\n<p>Eine gute Kooperation ist das, die auf allen Seiten nur Gewinner kennt, denn zum einen wird unsere Gemeinde im Bereich Kita durch diese Zusammenarbeit wesentlich mehr Kinder und Eltern erreichen und sie ins kirchliche Leben einbinden k\u00f6nnen, zum anderen entstehen weitere in unserer Stadt dringend ben\u00f6tigte Kitapl\u00e4tze.<\/p>\n<p>F\u00fcr unsere Gemeinde bedeutet die Kooperation auch eine erhebliche finanzielle und personelle Entlastung, vor allem dadurch, dass die Verwaltung und Personalf\u00fchrung f\u00fcr uns entf\u00e4llt und der Tr\u00e4geranteil von 12% auf 1% sinkt. Au\u00dferdem ist die Diakonie Michaelshoven auf diesen Bereich absolut spezialisiert und kann dadurch sicherlich noch effizienter agieren, als es uns m\u00f6glich war.<\/p>\n<p>Ein weiterer Faktor, der f\u00fcr diese Kooperation spricht, ist die aktuelle Prognose unserer Landeskirche, welche besagt, dass bis zum Jahr 2030 die Kirchensteuereinnahmen um 50 % sinken werden.<\/p>\n<p><strong>Die Zukunft unserer Kita in Volberg und die Arbeitspl\u00e4tze der Erzieherinnen sind durch die Kooperation mit der Diakonie Michaelshoven nun langfristig gesichert<\/strong>, ohne dass sich f\u00fcr die Erzieherinnen dadurch finanzielle Nachteile ergeben, denn sie sind ja weiterhin bei einem kirchlichen Tr\u00e4ger gleich dem tarifgebundenen \u00f6ffentlichen Dienst besch\u00e4ftigt. Auch haben die Erzieherinnen bei diesem gro\u00dfen Tr\u00e4ger nun ganz andere Chancen, sich fortzubilden und aufzusteigen.<\/p>\n<p>Und wir k\u00f6nnen \u2013 trotz der zu erwartenden \u00e4u\u00dferst negativen Entwicklung im Bereich der Kirchensteuereinnahmen \u2013 unser Engagement im Bereich ev. Kindertagesst\u00e4tten sogar noch ausbauen.<br \/>\nEinfluss auf die Kitas behalten wir durch den Kooperationsrat, in dem wir drei von f\u00fcnf Stimmen haben werden, und die Pfarrer\/in haben durch den Wegfall der Verwaltungst\u00e4tigkeit mehr Zeit f\u00fcr die religionsp\u00e4dagogische Arbeit in der Kita.<br \/>\nMein besonderer Dank gilt der Stadt R\u00f6srath und ihren verantwortlich Handelnden, die uns bei unseren \u00dcberlegungen, Planungen und Entscheidungen in den vergangenen Monaten mit gro\u00dfem Engagement und gro\u00dfer Sachkenntnis unterst\u00fctzt haben.<\/p>\n<\/div>\n<\/div>\n<\/div>\n<\/div>\n<\/article>\n<\/div>\n<\/div>\n<\/div>\n<\/div>\n ","protected":false},"excerpt":{"rendered":"<p>Pfarrer Kopper, der Vorsitzende unseres Presbyteriums, informiert \u00fcber die Pl\u00e4ne der Gemeinde Kooperation mit der Diakonie Michaelshoven \u2013 Unsere Kitas Im Juni hat das Presbyterium entschieden, mit der Diakonie Michaelshoven <a class=\"more-link\" href=\"https:\/\/www.evkirche-roesrath.de\/index.php\/gemeindeeinrichtungen\/kindertagesstaetten\/kita-volberg\/kita-in-kooperation\/\">weiterlesen \u2192<\/a><\/p>\n","protected":false},"author":3,"featured_media":0,"parent":14269,"menu_order":1,"comment_status":"closed","ping_status":"closed","template":"","meta":{"ngg_post_thumbnail":0,"footnotes":""},"class_list":["post-14276","page","type-page","status-publish","hentry"],"_links":{"self":[{"href":"https:\/\/www.evkirche-roesrath.de\/index.php\/wp-json\/wp\/v2\/pages\/14276","targetHints":{"allow":["GET"]}}],"collection":[{"href":"https:\/\/www.evkirche-roesrath.de\/index.php\/wp-json\/wp\/v2\/pages"}],"about":[{"href":"https:\/\/www.evkirche-roesrath.de\/index.php\/wp-json\/wp\/v2\/types\/page"}],"author":[{"embeddable":true,"href":"https:\/\/www.evkirche-roesrath.de\/index.php\/wp-json\/wp\/v2\/users\/3"}],"replies":[{"embeddable":true,"href":"https:\/\/www.evkirche-roesrath.de\/index.php\/wp-json\/wp\/v2\/comments?post=14276"}],"version-history":[{"count":0,"href":"https:\/\/www.evkirche-roesrath.de\/index.php\/wp-json\/wp\/v2\/pages\/14276\/revisions"}],"up":[{"embeddable":true,"href":"https:\/\/www.evkirche-roesrath.de\/index.php\/wp-json\/wp\/v2\/pages\/14269"}],"wp:attachment":[{"href":"https:\/\/www.evkirche-roesrath.de\/index.php\/wp-json\/wp\/v2\/media?parent=14276"}],"curies":[{"name":"wp","href":"https:\/\/api.w.org\/{rel}","templated":true}]}}