{"id":13777,"date":"2017-09-21T13:41:50","date_gmt":"2017-09-21T11:41:50","guid":{"rendered":"http:\/\/www.evkirche-roesrath.de\/?page_id=13777"},"modified":"2026-03-17T20:33:57","modified_gmt":"2026-03-17T19:33:57","slug":"konzert-kalender","status":"publish","type":"page","link":"https:\/\/www.evkirche-roesrath.de\/index.php\/musik\/konzert-kalender\/","title":{"rendered":"Konzerte"},"content":{"rendered":"<div><a href=\"https:\/\/www.evkirche-roesrath.de\/wp-content\/uploads\/2026\/02\/Musik.2026.1.png\"><img fetchpriority=\"high\" decoding=\"async\" class=\"wp-image-25897 size-medium alignnone\" src=\"https:\/\/www.evkirche-roesrath.de\/wp-content\/uploads\/2026\/02\/Musik.2026.1.png&quot;\" alt=\"\" width=\"254\" height=\"300\"><\/a><\/div>\n<div>&nbsp;<\/div>\n<div>Unseren Flyer (PDF) mit allen Angeboten zur Kirchenmusik 2026 (1. Halbjahr) <a href=\"https:\/\/www.evkirche-roesrath.de\/wp-content\/uploads\/2026\/02\/2026-Flyer-MUSIK-erstes-Halbjahr-WEB.pdf\" target=\"_blank\" rel=\"noopener\">finden Sie hier<\/a>.<\/div>\n<p>&nbsp;<\/p>\n<hr>\n<h3>N\u00e4chste Konzerte und Auftritte der Ch\u00f6re<\/h3>\n<div id=\"churchdesk-widget-1636993273348\" data-information-label=\"icon\" data-organizations-categories=\"2516-63589\" data-organizations-resources=\"2516\" data-organization-id=\"2516\" data-widget-type=\"events\" data-language=\"de\" data-timestamp=\"1636993273348\">&nbsp;<\/div>\n<p><script src=\"https:\/\/widgets.churchdesk.com\/assets\/js\/widgets.js\" async=\"true\"><\/script><\/p>\n<hr>\n<p><strong><a href=\"https:\/\/www.evkirche-roesrath.de\/index.php\/musik\/foerderverein-kirchenmusik\/\" target=\"_blank\" rel=\"noopener\">Verein zur F\u00f6rderung<\/a> der Kirchenmusik in der <\/strong><strong>Ev. Gemeinde Volberg-Forsbach-R\u00f6srath e.V.<br \/>\n<\/strong>Der Verein f\u00f6rdert neben Konzerten auch viele Projekte in der Kirchenmusik. Sie k\u00f6nnen Mitglied werden oder den Verein mit einer Spende unterst\u00fctzen.<br \/>\n<strong>DE03 3706 2600 1304 2610 10<br \/>\n<\/strong><a href=\"https:\/\/www.evkirche-roesrath.de\/index.php\/musik\/foerderverein-kirchenmusik\/\">www.evkirche-roesrath.de<\/a><\/p>\n ","protected":false},"excerpt":{"rendered":"<p>&nbsp; Unseren Flyer (PDF) mit allen Angeboten zur Kirchenmusik 2026 (1. Halbjahr) finden Sie hier. &nbsp; N\u00e4chste Konzerte und Auftritte der Ch\u00f6re &nbsp; Verein zur F\u00f6rderung der Kirchenmusik in der <a class=\"more-link\" href=\"https:\/\/www.evkirche-roesrath.de\/index.php\/musik\/konzert-kalender\/\">weiterlesen \u2192<\/a><\/p>\n","protected":false},"author":2,"featured_media":0,"parent":12337,"menu_order":7,"comment_status":"closed","ping_status":"closed","template":"","meta":{"ngg_post_thumbnail":0,"footnotes":""},"class_list":["post-13777","page","type-page","status-publish","hentry"],"_links":{"self":[{"href":"https:\/\/www.evkirche-roesrath.de\/index.php\/wp-json\/wp\/v2\/pages\/13777","targetHints":{"allow":["GET"]}}],"collection":[{"href":"https:\/\/www.evkirche-roesrath.de\/index.php\/wp-json\/wp\/v2\/pages"}],"about":[{"href":"https:\/\/www.evkirche-roesrath.de\/index.php\/wp-json\/wp\/v2\/types\/page"}],"author":[{"embeddable":true,"href":"https:\/\/www.evkirche-roesrath.de\/index.php\/wp-json\/wp\/v2\/users\/2"}],"replies":[{"embeddable":true,"href":"https:\/\/www.evkirche-roesrath.de\/index.php\/wp-json\/wp\/v2\/comments?post=13777"}],"version-history":[{"count":20,"href":"https:\/\/www.evkirche-roesrath.de\/index.php\/wp-json\/wp\/v2\/pages\/13777\/revisions"}],"predecessor-version":[{"id":28206,"href":"https:\/\/www.evkirche-roesrath.de\/index.php\/wp-json\/wp\/v2\/pages\/13777\/revisions\/28206"}],"up":[{"embeddable":true,"href":"https:\/\/www.evkirche-roesrath.de\/index.php\/wp-json\/wp\/v2\/pages\/12337"}],"wp:attachment":[{"href":"https:\/\/www.evkirche-roesrath.de\/index.php\/wp-json\/wp\/v2\/media?parent=13777"}],"curies":[{"name":"wp","href":"https:\/\/api.w.org\/{rel}","templated":true}]}}