{"id":12819,"date":"2017-08-16T09:04:40","date_gmt":"2017-08-16T07:04:40","guid":{"rendered":"http:\/\/www.evkirche-roesrath.de\/?page_id=12819"},"modified":"2017-10-18T11:26:58","modified_gmt":"2017-10-18T09:26:58","slug":"oeffnungszeiten","status":"publish","type":"page","link":"https:\/\/www.evkirche-roesrath.de\/index.php\/gemeindeeinrichtungen\/kindertagesstaetten\/die-kita-volberg-mit-familienzentrum\/oeffnungszeiten\/","title":{"rendered":"\u00d6ffnungszeiten"},"content":{"rendered":"<div id=\"allcontainer\">\n<div id=\"content\">\n<div class=\"beitrag_content\">\n<p style=\"text-align: left;\">Das Kindergartenjahr beginnt jeweils am 01.08. und endet am 31.07. des folgenden Kalenderjahres.<br \/>\nSeit Einf\u00fchrung des Kinderbildungsgesetzes (KiBiz) k\u00f6nnen Eltern j\u00e4hrlich die \u00d6ffnungszeit neu w\u00e4hlen.<\/p>\n<p><b>Es gibt zwei M\u00f6glichkeiten der w\u00f6chentlichen Betreuungszeit:<\/b><\/p>\n<ul>\n<li>35 Stunden von 7.30 bis 14.30 Uhr<\/li>\n<li>45 Stunden von 7.30 bis 16.30 Uhr<\/li>\n<\/ul>\n<p>In den Betreuungszeiten mit 35 oder 45 Stunden wird um ca. 12.30 Uhr eine warme Mahlzeit angeboten.<\/p>\n<\/div>\n<\/div>\n<\/div>\n ","protected":false},"excerpt":{"rendered":"<p>Das Kindergartenjahr beginnt jeweils am 01.08. und endet am 31.07. des folgenden Kalenderjahres. Seit Einf\u00fchrung des Kinderbildungsgesetzes (KiBiz) k\u00f6nnen Eltern j\u00e4hrlich die \u00d6ffnungszeit neu w\u00e4hlen. Es gibt zwei M\u00f6glichkeiten der <a class=\"more-link\" href=\"https:\/\/www.evkirche-roesrath.de\/index.php\/gemeindeeinrichtungen\/kindertagesstaetten\/die-kita-volberg-mit-familienzentrum\/oeffnungszeiten\/\">weiterlesen \u2192<\/a><\/p>\n","protected":false},"author":2,"featured_media":0,"parent":12319,"menu_order":6,"comment_status":"closed","ping_status":"closed","template":"","meta":{"ngg_post_thumbnail":0,"footnotes":""},"class_list":["post-12819","page","type-page","status-publish","hentry"],"_links":{"self":[{"href":"https:\/\/www.evkirche-roesrath.de\/index.php\/wp-json\/wp\/v2\/pages\/12819","targetHints":{"allow":["GET"]}}],"collection":[{"href":"https:\/\/www.evkirche-roesrath.de\/index.php\/wp-json\/wp\/v2\/pages"}],"about":[{"href":"https:\/\/www.evkirche-roesrath.de\/index.php\/wp-json\/wp\/v2\/types\/page"}],"author":[{"embeddable":true,"href":"https:\/\/www.evkirche-roesrath.de\/index.php\/wp-json\/wp\/v2\/users\/2"}],"replies":[{"embeddable":true,"href":"https:\/\/www.evkirche-roesrath.de\/index.php\/wp-json\/wp\/v2\/comments?post=12819"}],"version-history":[{"count":0,"href":"https:\/\/www.evkirche-roesrath.de\/index.php\/wp-json\/wp\/v2\/pages\/12819\/revisions"}],"up":[{"embeddable":true,"href":"https:\/\/www.evkirche-roesrath.de\/index.php\/wp-json\/wp\/v2\/pages\/12319"}],"wp:attachment":[{"href":"https:\/\/www.evkirche-roesrath.de\/index.php\/wp-json\/wp\/v2\/media?parent=12819"}],"curies":[{"name":"wp","href":"https:\/\/api.w.org\/{rel}","templated":true}]}}