{"id":12813,"date":"2017-08-16T09:02:10","date_gmt":"2017-08-16T07:02:10","guid":{"rendered":"http:\/\/www.evkirche-roesrath.de\/?page_id=12813"},"modified":"2020-03-28T18:51:18","modified_gmt":"2020-03-28T17:51:18","slug":"leitung","status":"publish","type":"page","link":"https:\/\/www.evkirche-roesrath.de\/index.php\/gemeindeeinrichtungen\/kindertagesstaetten\/die-kita-volberg-mit-familienzentrum\/leitung\/","title":{"rendered":"Leitung"},"content":{"rendered":"<div id=\"allcontainer\">\n<div id=\"content\">\n<div class=\"beitrag_content\">\n<h3>Ev. <a href=\"https:\/\/www.diakonie-michaelshoven.de\/angebote\/kinder-jugendliche-und-familien\/kindertagesstaetten\/kita-volberg-in-roesrath\">Kindertagesst\u00e4tte Volberg<\/a> und Familienzentrum Hoffnungsthal<\/h3>\n<p><b>Leitung: <\/b>Sandra Faust<\/p>\n<p>Telefon 02205-901008-27<\/p>\n<p>E-Mail: <a href=\"mailto:Kita-Volberg@diakonie-michaelshoven.de\"><u>KiTa-Volberg<\/u><\/a><\/p>\n<p>Sprechstunde:  nach vorheriger Terminabsprache<\/p>\n<p>Ein Weg zum KiTa-Platz \u00fcber das Portal <a href=\"https:\/\/portal.little-bird.de\/Suche\/R%C3%B6srath\">little-bird.de<\/a> (R\u00f6srath) mit online Anmeldungsm\u00f6glichkeit,<\/p>\n<p>(Wie funktioniert das Verfahren &#8222;little-bird&#8220;? Hier die Erkl\u00e4rung in 5-Schritten <a href=\"https:\/\/www.evkirche-roesrath.de\/wp-content\/uploads\/2017\/10\/little-bird-in-5-schritten-1.pdf\">als pdf-Datei). <\/a><\/p>\n<p>Die Angebote zur <a href=\"http:\/\/www.roesrath.de\/kindertagesbetreuung.aspx\">Kinderbetreuung in R\u00f6srath<\/a> auf der Web-Seite der Stadt.<\/p>\n<\/div>\n<\/div>\n<\/div>\n ","protected":false},"excerpt":{"rendered":"<p>Ev. Kindertagesst\u00e4tte Volberg und Familienzentrum Hoffnungsthal Leitung: Sandra Faust Telefon 02205-901008-27 E-Mail: KiTa-Volberg Sprechstunde: nach vorheriger Terminabsprache Ein Weg zum KiTa-Platz \u00fcber das Portal little-bird.de (R\u00f6srath) mit online Anmeldungsm\u00f6glichkeit, (Wie <a class=\"more-link\" href=\"https:\/\/www.evkirche-roesrath.de\/index.php\/gemeindeeinrichtungen\/kindertagesstaetten\/die-kita-volberg-mit-familienzentrum\/leitung\/\">weiterlesen \u2192<\/a><\/p>\n","protected":false},"author":2,"featured_media":0,"parent":12319,"menu_order":5,"comment_status":"closed","ping_status":"closed","template":"","meta":{"ngg_post_thumbnail":0,"footnotes":""},"class_list":["post-12813","page","type-page","status-publish","hentry"],"_links":{"self":[{"href":"https:\/\/www.evkirche-roesrath.de\/index.php\/wp-json\/wp\/v2\/pages\/12813","targetHints":{"allow":["GET"]}}],"collection":[{"href":"https:\/\/www.evkirche-roesrath.de\/index.php\/wp-json\/wp\/v2\/pages"}],"about":[{"href":"https:\/\/www.evkirche-roesrath.de\/index.php\/wp-json\/wp\/v2\/types\/page"}],"author":[{"embeddable":true,"href":"https:\/\/www.evkirche-roesrath.de\/index.php\/wp-json\/wp\/v2\/users\/2"}],"replies":[{"embeddable":true,"href":"https:\/\/www.evkirche-roesrath.de\/index.php\/wp-json\/wp\/v2\/comments?post=12813"}],"version-history":[{"count":0,"href":"https:\/\/www.evkirche-roesrath.de\/index.php\/wp-json\/wp\/v2\/pages\/12813\/revisions"}],"up":[{"embeddable":true,"href":"https:\/\/www.evkirche-roesrath.de\/index.php\/wp-json\/wp\/v2\/pages\/12319"}],"wp:attachment":[{"href":"https:\/\/www.evkirche-roesrath.de\/index.php\/wp-json\/wp\/v2\/media?parent=12813"}],"curies":[{"name":"wp","href":"https:\/\/api.w.org\/{rel}","templated":true}]}}