{"id":12811,"date":"2017-08-15T16:26:28","date_gmt":"2017-08-15T14:26:28","guid":{"rendered":"http:\/\/www.evkirche-roesrath.de\/?page_id=12811"},"modified":"2017-10-18T11:33:45","modified_gmt":"2017-10-18T09:33:45","slug":"zusammenarbeit-mit-eltern","status":"publish","type":"page","link":"https:\/\/www.evkirche-roesrath.de\/index.php\/gemeindeeinrichtungen\/kindertagesstaetten\/die-kita-volberg-mit-familienzentrum\/zusammenarbeit-mit-eltern\/","title":{"rendered":"Zusammenarbeit mit Eltern"},"content":{"rendered":"<div id=\"allcontainer\">\n<div id=\"content\">\n<div class=\"beitrag_content\">\n<p><b>Der Erfolg unserer Erziehungsarbeit ist weitgehend von der Zusammenarbeit mit den Eltern oder Erziehungsberechtigten abh\u00e4ngig. Gemeinsamer Austausch \u00fcber die Entwicklung des jeweiligen Kindes und Absprachen \u00fcber Zielsetzungen sind Basis einer individuellen p\u00e4dagogischen F\u00f6rderung.<\/b><\/p>\n<h5>Elterngespr\u00e4che<\/h5>\n<p>T\u00fcr- und Angelgespr\u00e4che zwischen Eltern und p\u00e4dagogischen Mitarbeiterinnen finden t\u00e4glich beim Bringen und Abholen statt.<br \/>\nDar\u00fcber hinaus k\u00f6nnen Termine f\u00fcr p\u00e4dagogische Gespr\u00e4che am Nachmittag vereinbart werden. Einmal j\u00e4hrlich bieten wir f\u00fcr alle Eltern Elternsprechtage an, in denen die Entwicklung des Kindes besprochen wird.<\/p>\n<h5>Hospitation<\/h5>\n<p>Alle Eltern haben die M\u00f6glichkeit,  ihr Kind im Kindergartenalltag zu erleben. Sie k\u00f6nnen jederzeit einen Termin mit der Gruppenleitung absprechen.<\/p>\n<h5>Elternmitwirkung<\/h5>\n<p>In der gesetzlich vorgeschriebenen Elternversammlung wird zu Beginn eines jeden Kindergartenjahres ein Elternbeirat, mit je zwei Vertretern aus den vier Kindergruppen, gew\u00e4hlt. Dieser bildet gemeinsam mit Vertretern des Tr\u00e4gers, also der Ev. Gemeinde Volberg-Forsbach-R\u00f6srath und den p\u00e4dagogisch t\u00e4tigen Mitarbeiterinnen den Rat der Tageseinrichtung. Dieser tagt mindestens zweimal j\u00e4hrlich.<\/p>\n<p>Durch j\u00e4hrliche Elternbefragungen werden W\u00fcnsche f\u00fcr Themenabende und andere Veranstaltungen ermittelt und die Arbeit der Einrichtung reflektiert. Diese Anregungen flie\u00dfen in den Entwicklungsprozess des Familienzentrums und der Kindertagesst\u00e4tte ein.<\/p>\n<\/div>\n<\/div>\n<\/div>\n ","protected":false},"excerpt":{"rendered":"<p>Der Erfolg unserer Erziehungsarbeit ist weitgehend von der Zusammenarbeit mit den Eltern oder Erziehungsberechtigten abh\u00e4ngig. Gemeinsamer Austausch \u00fcber die Entwicklung des jeweiligen Kindes und Absprachen \u00fcber Zielsetzungen sind Basis einer <a class=\"more-link\" href=\"https:\/\/www.evkirche-roesrath.de\/index.php\/gemeindeeinrichtungen\/kindertagesstaetten\/die-kita-volberg-mit-familienzentrum\/zusammenarbeit-mit-eltern\/\">weiterlesen \u2192<\/a><\/p>\n","protected":false},"author":2,"featured_media":0,"parent":12319,"menu_order":4,"comment_status":"closed","ping_status":"closed","template":"","meta":{"ngg_post_thumbnail":0,"footnotes":""},"class_list":["post-12811","page","type-page","status-publish","hentry"],"_links":{"self":[{"href":"https:\/\/www.evkirche-roesrath.de\/index.php\/wp-json\/wp\/v2\/pages\/12811","targetHints":{"allow":["GET"]}}],"collection":[{"href":"https:\/\/www.evkirche-roesrath.de\/index.php\/wp-json\/wp\/v2\/pages"}],"about":[{"href":"https:\/\/www.evkirche-roesrath.de\/index.php\/wp-json\/wp\/v2\/types\/page"}],"author":[{"embeddable":true,"href":"https:\/\/www.evkirche-roesrath.de\/index.php\/wp-json\/wp\/v2\/users\/2"}],"replies":[{"embeddable":true,"href":"https:\/\/www.evkirche-roesrath.de\/index.php\/wp-json\/wp\/v2\/comments?post=12811"}],"version-history":[{"count":0,"href":"https:\/\/www.evkirche-roesrath.de\/index.php\/wp-json\/wp\/v2\/pages\/12811\/revisions"}],"up":[{"embeddable":true,"href":"https:\/\/www.evkirche-roesrath.de\/index.php\/wp-json\/wp\/v2\/pages\/12319"}],"wp:attachment":[{"href":"https:\/\/www.evkirche-roesrath.de\/index.php\/wp-json\/wp\/v2\/media?parent=12811"}],"curies":[{"name":"wp","href":"https:\/\/api.w.org\/{rel}","templated":true}]}}