{"id":12788,"date":"2017-08-15T15:55:19","date_gmt":"2017-08-15T13:55:19","guid":{"rendered":"http:\/\/www.evkirche-roesrath.de\/?page_id=12788"},"modified":"2023-03-27T17:45:38","modified_gmt":"2023-03-27T15:45:38","slug":"das-familienzentrum-hoffnungsthal","status":"publish","type":"page","link":"https:\/\/www.evkirche-roesrath.de\/index.php\/gemeindeeinrichtungen\/kindertagesstaetten\/die-kita-volberg-mit-familienzentrum\/das-familienzentrum-hoffnungsthal\/","title":{"rendered":"Das Familienzentrum Hoffnungsthal"},"content":{"rendered":"<div id=\"allcontainer\">\n<div id=\"content\">\n<div class=\"beitrag_content\">\n<p><b>Seit 2007 bietet die Evangelische Kindertagesst\u00e4tte Volberg \u00fcber ihren Erziehungs-, Bildungs- und Betreuungsauftrag hinaus eine umfassende Familienf\u00f6rderung an.<br \/>\nWir haben ein umfangreiches Angebot f\u00fcr alle Familien im Umfeld entwickelt, das sich an den Bed\u00fcrfnissen der Eltern ausrichtet. Diese W\u00fcnsche werden durch regelm\u00e4\u00dfige Elternbefragungen ermittelt.<\/b><\/p>\n<p>Das &#8222;Familienzentrum Hoffnungsthal&#8220; ist nach den Kriterien des G\u00fcte- Siegels<br \/>\nf\u00fcr Familienzentren in NRW zertifiziert.<\/p>\n<p><b>Zahlreiche Veranstaltungen in den Bereichen<br \/>\n<\/b><strong>Bildung &#8211; <\/strong><strong>Beratung &#8211; <\/strong><strong>Betreuung &#8211; <\/strong><strong>Begegnung &#8211; <\/strong><strong>Gesundheit<br \/>\n<\/strong>k\u00f6nnen wir Ihnen in Zusammenarbeit mit Kooperationspartnern anbieten.<\/p>\n<p>Sollten Sie Interesse an einer der Veranstaltungen haben, melden Sie sich bitte sp\u00e4testens sieben Tage vorher an.<br \/>\nBei geringer Teilnahme k\u00f6nnte sonst die Veranstaltung nicht durchgef\u00fchrt werden.<\/p>\n<p><b>Aktuellere Informationen erhalten Sie \u00fcber<\/b><\/p>\n<ul>\n<li>den Flyer f\u00fcr das jeweilige Quartal<\/li>\n<li>unsere Homepage<br \/>\n<a href=\"http:\/\/www.fz-hoffnungsthal.de\/\">www.familienzentrum-hoffnungsthal.de <\/a><\/li>\n<li>auf telefonische Anfrage 02205-901008-27<\/li>\n<li>oder per Email an<br \/>\nneu: <a href=\"mailto:FZ-Hoffnungsthal@diakonie-michaleshoven.de\">FZ-Hoffnungsthal@diakonie-michaelshoven.de<\/a><br \/>\nalt: <u><b><\/b>fz-hoffnungstal@evkirche-roesrath.d<\/u>e<\/li>\n<\/ul>\n<\/div>\n<\/div>\n<\/div>\n ","protected":false},"excerpt":{"rendered":"<p>Seit 2007 bietet die Evangelische Kindertagesst\u00e4tte Volberg \u00fcber ihren Erziehungs-, Bildungs- und Betreuungsauftrag hinaus eine umfassende Familienf\u00f6rderung an. Wir haben ein umfangreiches Angebot f\u00fcr alle Familien im Umfeld entwickelt, das <a class=\"more-link\" href=\"https:\/\/www.evkirche-roesrath.de\/index.php\/gemeindeeinrichtungen\/kindertagesstaetten\/die-kita-volberg-mit-familienzentrum\/das-familienzentrum-hoffnungsthal\/\">weiterlesen \u2192<\/a><\/p>\n","protected":false},"author":2,"featured_media":0,"parent":12319,"menu_order":1,"comment_status":"closed","ping_status":"closed","template":"","meta":{"ngg_post_thumbnail":0,"footnotes":""},"class_list":["post-12788","page","type-page","status-publish","hentry"],"_links":{"self":[{"href":"https:\/\/www.evkirche-roesrath.de\/index.php\/wp-json\/wp\/v2\/pages\/12788","targetHints":{"allow":["GET"]}}],"collection":[{"href":"https:\/\/www.evkirche-roesrath.de\/index.php\/wp-json\/wp\/v2\/pages"}],"about":[{"href":"https:\/\/www.evkirche-roesrath.de\/index.php\/wp-json\/wp\/v2\/types\/page"}],"author":[{"embeddable":true,"href":"https:\/\/www.evkirche-roesrath.de\/index.php\/wp-json\/wp\/v2\/users\/2"}],"replies":[{"embeddable":true,"href":"https:\/\/www.evkirche-roesrath.de\/index.php\/wp-json\/wp\/v2\/comments?post=12788"}],"version-history":[{"count":0,"href":"https:\/\/www.evkirche-roesrath.de\/index.php\/wp-json\/wp\/v2\/pages\/12788\/revisions"}],"up":[{"embeddable":true,"href":"https:\/\/www.evkirche-roesrath.de\/index.php\/wp-json\/wp\/v2\/pages\/12319"}],"wp:attachment":[{"href":"https:\/\/www.evkirche-roesrath.de\/index.php\/wp-json\/wp\/v2\/media?parent=12788"}],"curies":[{"name":"wp","href":"https:\/\/api.w.org\/{rel}","templated":true}]}}