{"id":12663,"date":"2017-07-05T19:34:54","date_gmt":"2017-07-05T17:34:54","guid":{"rendered":"http:\/\/www.evkirche-roesrath.de\/?page_id=12663"},"modified":"2019-12-01T13:39:03","modified_gmt":"2019-12-01T12:39:03","slug":"betreuungsangebote-fuer-demenzerkrankte","status":"publish","type":"page","link":"https:\/\/www.evkirche-roesrath.de\/index.php\/gemeindeeinrichtungen\/die-diakoniesozialstation\/betreuungsangebote-fuer-demenzerkrankte\/","title":{"rendered":"Betreuungsangebote f\u00fcr Demenzerkrankte"},"content":{"rendered":"<p><b>Die Betreuung eines an Demenz Erkrankten erfordert viel Zeit und Kraft.<br \/>\nUnser Betreuungsangebot soll Angeh\u00f6rige durch Schaffen kleiner Freir\u00e4ume entlasten.<\/b><\/p>\n<h3><b>Wir bieten:<\/b><\/h3>\n<p>\u2022 <strong>Einzelbetreuung<\/strong><\/p>\n<p>geschulte Mitarbeiter-\/ innen kommen ins Haus, um die Betreuung zu gew\u00e4hrleisten.<br \/>\nDas Angebot f\u00fcr den Demenzerkrankten ist abh\u00e4ngig von seinen Alltagskompetenzen.<br \/>\nSpazieren gehen, spielen, Gespr\u00e4che f\u00fchren sind nur einige m\u00f6gliche Beispiele.<\/p>\n<p>\u2022 <strong>Gruppenbetreuung<\/strong><\/p>\n<p><b>jeden Dienstag von 14.00 \u2013 17.00 Uhr findet im Baumhofshaus (Volberg 4) unser &#8222;Betreuungscafe&#8220; statt.<\/b><br \/>\nZwei geschulte Mitarbeiter-\/innen betreuen eine kleine Gruppe von max. sechs  Besuchern in gem\u00fctlicher Atmosph\u00e4re.<br \/>\nNeben Kaffeetrinken und Kuchen essen (Diabetikern bieten wir eine Alternative) helfen Bastel \u2013 und Malarbeiten, backen, singen und spielen bestehende kognitive F\u00e4higkeiten zu f\u00f6rdern und lange Zeit zu erhalten.<\/p>\n<p><img fetchpriority=\"high\" decoding=\"async\" src=\"https:\/\/www.evkirche-roesrath.de\/wp-content\/uploads\/2017\/11\/W51A4397-2017-b.jpg\" alt=\"\" width=\"444\" height=\"250\" \/><\/p>\n<p>Die Kunden werden von uns abgeholt und nach Hause gebracht.<br \/>\nEin Schnuppertag ist selbstverst\u00e4ndlich m\u00f6glich. Um Absprache wird gebeten.<\/p>\n<h3><strong>Finanzierung<\/strong><\/h3>\n<p>Ein Versicherter, der aufgrund einer Demenz eine eingeschr\u00e4nkte Alltagskompetenz hat, hat Anspruch auf Betreuungsgeld nach \u00a7 45 a SGB XI \u2013unabh\u00e4ngig von der Anerkennung einer Pflegestufe\u2013 von der Pflegekasse.<br \/>\nJe nach Auspr\u00e4gung der Demenz besteht ein Anspruch auf 100 \u20ac (Grundbetrag) oder 200 \u20ac (erh\u00f6hter Betrag) im Monat oder 1.200 \u20ac bzw. 2.400 \u20ac im Jahr.<br \/>\nFragen zur Finanzierung und Antragstellung beantworten wir Ihnen gerne.<br \/>\nBitte sprechen Sie uns an.<\/p>\n<p>Die Betreuung des Einzelnen ist so individuell wie seine Biographie.<br \/>\nUm auf die unterschiedlichen Bed\u00fcrfnisse eingehen zu k\u00f6nnen, ist ein ausf\u00fchrliches Erstgespr\u00e4ch notwendig.<br \/>\nSelbstverst\u00e4ndlich richten wir uns bei der Terminvereinbarung nach Ihrem Zeitplan und stehen Ihnen nach Absprache gerne auch au\u00dferhalb unserer B\u00fcrozeiten zur Verf\u00fcgung.<\/p>\n ","protected":false},"excerpt":{"rendered":"<p>Die Betreuung eines an Demenz Erkrankten erfordert viel Zeit und Kraft. Unser Betreuungsangebot soll Angeh\u00f6rige durch Schaffen kleiner Freir\u00e4ume entlasten. Wir bieten: \u2022 Einzelbetreuung geschulte Mitarbeiter-\/ innen kommen ins Haus, <a class=\"more-link\" href=\"https:\/\/www.evkirche-roesrath.de\/index.php\/gemeindeeinrichtungen\/die-diakoniesozialstation\/betreuungsangebote-fuer-demenzerkrankte\/\">weiterlesen \u2192<\/a><\/p>\n","protected":false},"author":2,"featured_media":0,"parent":12317,"menu_order":7,"comment_status":"closed","ping_status":"closed","template":"","meta":{"ngg_post_thumbnail":0,"footnotes":""},"class_list":["post-12663","page","type-page","status-publish","hentry"],"_links":{"self":[{"href":"https:\/\/www.evkirche-roesrath.de\/index.php\/wp-json\/wp\/v2\/pages\/12663","targetHints":{"allow":["GET"]}}],"collection":[{"href":"https:\/\/www.evkirche-roesrath.de\/index.php\/wp-json\/wp\/v2\/pages"}],"about":[{"href":"https:\/\/www.evkirche-roesrath.de\/index.php\/wp-json\/wp\/v2\/types\/page"}],"author":[{"embeddable":true,"href":"https:\/\/www.evkirche-roesrath.de\/index.php\/wp-json\/wp\/v2\/users\/2"}],"replies":[{"embeddable":true,"href":"https:\/\/www.evkirche-roesrath.de\/index.php\/wp-json\/wp\/v2\/comments?post=12663"}],"version-history":[{"count":0,"href":"https:\/\/www.evkirche-roesrath.de\/index.php\/wp-json\/wp\/v2\/pages\/12663\/revisions"}],"up":[{"embeddable":true,"href":"https:\/\/www.evkirche-roesrath.de\/index.php\/wp-json\/wp\/v2\/pages\/12317"}],"wp:attachment":[{"href":"https:\/\/www.evkirche-roesrath.de\/index.php\/wp-json\/wp\/v2\/media?parent=12663"}],"curies":[{"name":"wp","href":"https:\/\/api.w.org\/{rel}","templated":true}]}}