{"id":12655,"date":"2017-07-05T19:28:23","date_gmt":"2017-07-05T17:28:23","guid":{"rendered":"http:\/\/www.evkirche-roesrath.de\/?page_id=12655"},"modified":"2022-02-22T12:26:43","modified_gmt":"2022-02-22T11:26:43","slug":"haeusliche-pflege","status":"publish","type":"page","link":"https:\/\/www.evkirche-roesrath.de\/index.php\/gemeindeeinrichtungen\/die-diakoniesozialstation\/haeusliche-pflege\/","title":{"rendered":"H\u00e4usliche Pflege"},"content":{"rendered":"<h3>Betreuung pflegebed\u00fcrftiger Menschen<\/h3>\n<p><b>Auch wenn im Alter oder durch Krankheit die Kr\u00e4fte und F\u00e4higkeiten nachlassen, m\u00f6chten wir Ihnen durch unsere pflegerische Unterst\u00fctzung ein m\u00f6glichst selbstbestimmtes Leben zuhause erm\u00f6glichen.<br \/>\nWir bieten Ihnen eine ganzheitliche und individuelle Pflege durch qualifiziertes Pflegepersonal.<\/b><\/p>\n<p>Ihre W\u00fcnsche sowie eine pers\u00f6nliche Beziehung zwischen Ihnen und unserem Personal sind uns wichtig. Wir sind daher stets bestrebt, Ihnen m\u00f6glichst immer die gleichen Mitarbeiter zu schicken. P\u00fcnktlichkeit und Regelm\u00e4\u00dfigkeit bei der Einsatzplanung sind uns ein gro\u00dfes Anliegen.<\/p>\n<p>Vor Beginn der Pflege erstellen wir f\u00fcr Sie einen Kostenvoranschlag, damit Sie genau wissen, mit welchen Kosten Sie rechnen m\u00fcssen.<br \/>\nWir sind abrechnungsberechtigt mit allen gesetzlichen Kranken- und Pflegekassen nach anerkannten Verg\u00fctungsvereinbarungen.<br \/>\nBei nicht erstattungsf\u00e4higen Leistungen erstellen wir Ihnen gerne ein individuelles Angebot.<\/p>\n<p><strong>Unser Haupt-Einsatzgebiet ist das Gebiet der Stadt R\u00f6srath und deren Randgebiete.<\/strong><\/p>\n<p><b>Wir haben das Stadtgebiet in drei Pflegebezirke eingeteilt: <\/b><\/p>\n<ul>\n<li><b>R\u00f6srath (mit Menzlingen und Rambr\u00fccken),<\/b><\/li>\n<li><b>Hoffnungsthal (mit Berggebieten) und<\/b><\/li>\n<li><b>Forsbach (mit Kleineichen). <\/b><\/li>\n<\/ul>\n<p><b>Unsere Leistungen:<\/b><\/p>\n<ul>\n<li><b>Altenpflege<\/b><\/li>\n<li><b>Krankenpflege<br \/>\n<\/b><\/li>\n<\/ul>\n<p>Wir leisten Pflege nach Pflegeversicherung und\/oder selbstfinanzierte Pflege nach Vereinbarung.<\/p>\n<p>Wir leisten K\u00f6rperpflege, Behandlungspflege nach \u00e4rztlicher Verordnung, Nachsorge nach Operationen, qualifizierte Wundversorgung, Verhinderungspflege, Palliativpflege in Verbindung mit dem <a href=\"http:\/\/www.hospizdienst-roesrath.de\"><b><\/b>\u00f6kumenischen Hospizdienst R\u00f6srath<\/a><\/p>\n<p>Wir beraten Sie beim Bezug von Pflegegeld und pr\u00fcfen die sachgem\u00e4\u00dfe Verwendung von Pflegeversicherungsmitteln.<br \/>\nWir beraten Sie bei der Beschaffung und Verwendung von Pflegehilfsmitteln.<\/p>\n<p>Wir veranstalten Kurse zu h\u00e4uslicher Pflege f\u00fcr Angeh\u00f6rige.<\/p>\n ","protected":false},"excerpt":{"rendered":"<p>Betreuung pflegebed\u00fcrftiger Menschen Auch wenn im Alter oder durch Krankheit die Kr\u00e4fte und F\u00e4higkeiten nachlassen, m\u00f6chten wir Ihnen durch unsere pflegerische Unterst\u00fctzung ein m\u00f6glichst selbstbestimmtes Leben zuhause erm\u00f6glichen. Wir bieten <a class=\"more-link\" href=\"https:\/\/www.evkirche-roesrath.de\/index.php\/gemeindeeinrichtungen\/die-diakoniesozialstation\/haeusliche-pflege\/\">weiterlesen \u2192<\/a><\/p>\n","protected":false},"author":2,"featured_media":0,"parent":12317,"menu_order":4,"comment_status":"closed","ping_status":"closed","template":"","meta":{"ngg_post_thumbnail":0,"footnotes":""},"class_list":["post-12655","page","type-page","status-publish","hentry"],"_links":{"self":[{"href":"https:\/\/www.evkirche-roesrath.de\/index.php\/wp-json\/wp\/v2\/pages\/12655","targetHints":{"allow":["GET"]}}],"collection":[{"href":"https:\/\/www.evkirche-roesrath.de\/index.php\/wp-json\/wp\/v2\/pages"}],"about":[{"href":"https:\/\/www.evkirche-roesrath.de\/index.php\/wp-json\/wp\/v2\/types\/page"}],"author":[{"embeddable":true,"href":"https:\/\/www.evkirche-roesrath.de\/index.php\/wp-json\/wp\/v2\/users\/2"}],"replies":[{"embeddable":true,"href":"https:\/\/www.evkirche-roesrath.de\/index.php\/wp-json\/wp\/v2\/comments?post=12655"}],"version-history":[{"count":0,"href":"https:\/\/www.evkirche-roesrath.de\/index.php\/wp-json\/wp\/v2\/pages\/12655\/revisions"}],"up":[{"embeddable":true,"href":"https:\/\/www.evkirche-roesrath.de\/index.php\/wp-json\/wp\/v2\/pages\/12317"}],"wp:attachment":[{"href":"https:\/\/www.evkirche-roesrath.de\/index.php\/wp-json\/wp\/v2\/media?parent=12655"}],"curies":[{"name":"wp","href":"https:\/\/api.w.org\/{rel}","templated":true}]}}