{"id":12640,"date":"2017-07-05T19:08:13","date_gmt":"2017-07-05T17:08:13","guid":{"rendered":"http:\/\/www.evkirche-roesrath.de\/?page_id=12640"},"modified":"2026-03-10T12:10:50","modified_gmt":"2026-03-10T11:10:50","slug":"unser-leitbild","status":"publish","type":"page","link":"https:\/\/www.evkirche-roesrath.de\/index.php\/gemeindeeinrichtungen\/die-diakoniesozialstation\/unser-leitbild\/","title":{"rendered":"Unser Leitbild"},"content":{"rendered":"<h3>Diakonie und Caritas sind Einrichtungen der christlichen Kirchen.<\/h3>\n<p>Die Zeiten der <i>Evangelischen<\/i> <i>Gemeindeschwester <\/i>sind vorbei.<\/p>\n<h5><b>Leitbild unserer Arbeit<\/b><\/h5>\n<div style=\"width: 190px\" class=\"wp-caption alignleft\"><img decoding=\"async\" src=\"https:\/\/www.evkirche-roesrath.de\/wp-content\/uploads\/2017\/11\/IMG_4881-2017-b.jpg\" alt=\"\" width=\"180\" height=\"240\" align=\"right\" border=\"1\" hspace=\"15\" vspace=\"30\" \/><p class=\"wp-caption-text\">Foto: Mombauer<\/p><\/div>\n<p style=\"text-align: justify;\"><b>Diakonie und Caritas sind Lebens- und Wesens\u00e4u\u00dferungen der christlichen Gemeinden.<br \/>\nIm Auftrag und in enger Bindung mit der evangelischen und der katholischen Kirchengemeinde in der Stadt R\u00f6srath dient die Diakonie-Sozialstation R\u00f6srath der Verwirklichung des gemeinsamen Werkes christlicher N\u00e4chstenliebe im Bereich ambulanter Pflege und hauswirtschaftlicher Versorgung.<br \/>\nDienstgeber und Mitarbeiter bilden eine Dienstgemeinschaft und tragen gemeinsam zur Erf\u00fcllung der Aufgaben bei. Dieses Tr\u00e4gerleitbild spiegelt die Grundhaltung des Tuns und die Zielvorstellung, nach der sich die Unterst\u00fctzung der Menschen richten soll, die unsere Dienste in Anspruch nehmen.<\/b><\/p>\n<p style=\"text-align: justify;\">Unsere Dienste orientieren sich an den Aussagen des Evangeliums. Sie werden nach aktuellen fachlichen Grunds\u00e4tzen mit einem hohen Qualit\u00e4tsanspruch an Pflege, Hilfeleistung und Betreuung durchgef\u00fchrt.<\/p>\n<p style=\"text-align: justify;\">Unsere Dienstleistungen sind getragen von dem Gedanken der Toleranz und dem Prinzip der Gleichbehandlung aller Bev\u00f6lkerungsschichten, unabh\u00e4ngig von ihrer sozialen, politischen, rassischen, nationalen und konfessionellen Zugeh\u00f6rigkeit.<\/p>\n<p style=\"text-align: justify;\">Unsere Dienste sind untereinander und mit station\u00e4ren Einrichtungen der Kranken- und Altenhilfe verbunden. Sie sind eingebunden in entsprechende Angebote diakonischer und karitativer Arbeit im Einzugesbereich. Dazu geh\u00f6ren Nachbarschaftshilfe, Gespr\u00e4chsangebote, Seelsorge und Gottesdienste sowie gemeindliche Kreise.<\/p>\n<p style=\"text-align: justify;\">Die Mitarbeiter und Mitarbeiterinnen der Station handeln nach dem Verst\u00e4ndnis von der Ganzheitlichkeit des Menschen. Ganzheitlichkeit bezeichnet die Gleichwertigkeit von k\u00f6rperlichen, geistigen und seelischen Bed\u00fcrfnissn. Sie setzen sich mit Glaubens- und Lebensfragen auseinander, suchen gemeinsam nach Antworten in der christlichen \u00dcberlieferung und Verk\u00fcndigung und erhalten dazu Unterst\u00fctzung aus den Kirchengemeinden. Bed\u00fcrfnisse nach Seelsorge werden wahrgenommen und auf Wunsch entsprechende Kontakte vermittelt.<\/p>\n<p style=\"text-align: justify;\">Mit Hilfe unserer Dienste sollen alle vorhandenen F\u00e4higkeiten, Fertigkeiten und M\u00f6glichkeiten jeder dienstsuchenden Person verbessert, erhalten oder wiedererlangt werden. Ein wesentliches Prinzip ist es, die Selbstbestimmung und Selbst\u00e4ndigkeit zu respektieren und zu f\u00f6rdern.<\/p>\n<p style=\"text-align: justify;\">Die M\u00f6glichkeiten der Station werden situationsgem\u00e4\u00df eingesetzt als Hilfe zur Alltagsbew\u00e4ltigung, Hilfe zum Gesundwerden und zur Rehabilitation, Unterst\u00fctzung beim Leben mit Einschr\u00e4nkungen und Begleitung beim Sterben.<\/p>\n<p style=\"text-align: justify;\">Pflegende Angeh\u00f6rige werden in die Pflege mit einbezogen. Zur Unterst\u00fctzung der Angeh\u00f6rigen f\u00fchrt die Station Beratung, Pflegekurse und Gespr\u00e4chskreise durch.<\/p>\n ","protected":false},"excerpt":{"rendered":"<p>Diakonie und Caritas sind Einrichtungen der christlichen Kirchen. Die Zeiten der Evangelischen Gemeindeschwester sind vorbei. Leitbild unserer Arbeit Diakonie und Caritas sind Lebens- und Wesens\u00e4u\u00dferungen der christlichen Gemeinden. Im Auftrag <a class=\"more-link\" href=\"https:\/\/www.evkirche-roesrath.de\/index.php\/gemeindeeinrichtungen\/die-diakoniesozialstation\/unser-leitbild\/\">weiterlesen \u2192<\/a><\/p>\n","protected":false},"author":2,"featured_media":0,"parent":12317,"menu_order":1,"comment_status":"closed","ping_status":"closed","template":"","meta":{"ngg_post_thumbnail":0,"footnotes":""},"class_list":["post-12640","page","type-page","status-publish","hentry"],"_links":{"self":[{"href":"https:\/\/www.evkirche-roesrath.de\/index.php\/wp-json\/wp\/v2\/pages\/12640","targetHints":{"allow":["GET"]}}],"collection":[{"href":"https:\/\/www.evkirche-roesrath.de\/index.php\/wp-json\/wp\/v2\/pages"}],"about":[{"href":"https:\/\/www.evkirche-roesrath.de\/index.php\/wp-json\/wp\/v2\/types\/page"}],"author":[{"embeddable":true,"href":"https:\/\/www.evkirche-roesrath.de\/index.php\/wp-json\/wp\/v2\/users\/2"}],"replies":[{"embeddable":true,"href":"https:\/\/www.evkirche-roesrath.de\/index.php\/wp-json\/wp\/v2\/comments?post=12640"}],"version-history":[{"count":2,"href":"https:\/\/www.evkirche-roesrath.de\/index.php\/wp-json\/wp\/v2\/pages\/12640\/revisions"}],"predecessor-version":[{"id":28198,"href":"https:\/\/www.evkirche-roesrath.de\/index.php\/wp-json\/wp\/v2\/pages\/12640\/revisions\/28198"}],"up":[{"embeddable":true,"href":"https:\/\/www.evkirche-roesrath.de\/index.php\/wp-json\/wp\/v2\/pages\/12317"}],"wp:attachment":[{"href":"https:\/\/www.evkirche-roesrath.de\/index.php\/wp-json\/wp\/v2\/media?parent=12640"}],"curies":[{"name":"wp","href":"https:\/\/api.w.org\/{rel}","templated":true}]}}