{"id":12625,"date":"2017-07-05T18:56:02","date_gmt":"2017-07-05T16:56:02","guid":{"rendered":"http:\/\/www.evkirche-roesrath.de\/?page_id=12625"},"modified":"2026-03-06T12:12:06","modified_gmt":"2026-03-06T11:12:06","slug":"ausfluege","status":"publish","type":"page","link":"https:\/\/www.evkirche-roesrath.de\/index.php\/gemeindeeinrichtungen\/begegnungszentrum-50\/ausfluege\/","title":{"rendered":"Ausfl\u00fcge"},"content":{"rendered":"<p>Jedes Jahr bieten wir mehrere Ausfl\u00fcge an, die unterschiedlichen Charakter haben und in der Mehrheit auch f\u00fcr Gehbehinderte geeignet sind.<br \/>\nR\u00fcckfragen bei S. Blatt, Tel. 7618, Mobil 01520 470 67 24, E-Mail <a href=\"silke.blatt@ekir.de\">silke.blatt@ekir.de<\/a><\/p>\n<p><b>\u201ePlus Tour\u201c<\/b> ist ein weiteres Angebot des Begegnungszentrums R\u00f6srath.<br \/>\nAnmeldung erforderlich bei: Begegnungszentrum Plus, Silke Blatt, Tel: 02205\/7618, Mobil 01520 470 67 24, E-Mail <a href=\"mailto:silke.blatt@ekir.de\" rel=\"noopener\" target=\"_blank\">silke.blatt@ekir.de<\/a><\/p>\n<p>Besucht werden kulturell interessante Ziele mit unterschiedlichem Charakter, die verschiedene Interessengruppen ansprechen sollen.<\/p>\n<h2>Die n\u00e4chsten Touren:<\/h2>\n<h3>19.05., 10.00 Uhr, Ausflug nach Monschau<\/h3>\n<p><strong>Weitere Termine sind in Planung.<\/strong><\/p>\n<p>Leitung: <strong>W. Bellgardt, S. Blatt<\/strong><\/p>\n<h3><strong>Anmeldung erforderlich bei:<\/strong><\/h3>\n<p>Silke Blatt, Tel.: 02205\/7618, Mobil 01520 470 67 24, E-Mail <a href=\"mailto:silke.blatt@ekir.de\" rel=\"noopener\" target=\"_blank\">silke.blatt@ekir.de<\/a><\/p>\n<p>Wir bitten darum, die Fahrten, bei denen F\u00fchrungsgeb\u00fchren anfallen, bis 14 Tage vor dem Termin zu bezahlen.<\/p>\n ","protected":false},"excerpt":{"rendered":"<p>Jedes Jahr bieten wir mehrere Ausfl\u00fcge an, die unterschiedlichen Charakter haben und in der Mehrheit auch f\u00fcr Gehbehinderte geeignet sind. R\u00fcckfragen bei S. Blatt, Tel. 7618, Mobil 01520 470 67 <a class=\"more-link\" href=\"https:\/\/www.evkirche-roesrath.de\/index.php\/gemeindeeinrichtungen\/begegnungszentrum-50\/ausfluege\/\">weiterlesen \u2192<\/a><\/p>\n","protected":false},"author":2,"featured_media":0,"parent":12313,"menu_order":4,"comment_status":"closed","ping_status":"closed","template":"","meta":{"ngg_post_thumbnail":0,"footnotes":""},"class_list":["post-12625","page","type-page","status-publish","hentry"],"_links":{"self":[{"href":"https:\/\/www.evkirche-roesrath.de\/index.php\/wp-json\/wp\/v2\/pages\/12625","targetHints":{"allow":["GET"]}}],"collection":[{"href":"https:\/\/www.evkirche-roesrath.de\/index.php\/wp-json\/wp\/v2\/pages"}],"about":[{"href":"https:\/\/www.evkirche-roesrath.de\/index.php\/wp-json\/wp\/v2\/types\/page"}],"author":[{"embeddable":true,"href":"https:\/\/www.evkirche-roesrath.de\/index.php\/wp-json\/wp\/v2\/users\/2"}],"replies":[{"embeddable":true,"href":"https:\/\/www.evkirche-roesrath.de\/index.php\/wp-json\/wp\/v2\/comments?post=12625"}],"version-history":[{"count":5,"href":"https:\/\/www.evkirche-roesrath.de\/index.php\/wp-json\/wp\/v2\/pages\/12625\/revisions"}],"predecessor-version":[{"id":28195,"href":"https:\/\/www.evkirche-roesrath.de\/index.php\/wp-json\/wp\/v2\/pages\/12625\/revisions\/28195"}],"up":[{"embeddable":true,"href":"https:\/\/www.evkirche-roesrath.de\/index.php\/wp-json\/wp\/v2\/pages\/12313"}],"wp:attachment":[{"href":"https:\/\/www.evkirche-roesrath.de\/index.php\/wp-json\/wp\/v2\/media?parent=12625"}],"curies":[{"name":"wp","href":"https:\/\/api.w.org\/{rel}","templated":true}]}}