{"id":12594,"date":"2017-07-05T18:22:38","date_gmt":"2017-07-05T16:22:38","guid":{"rendered":"http:\/\/www.evkirche-roesrath.de\/?page_id=12594"},"modified":"2023-08-03T11:29:32","modified_gmt":"2023-08-03T09:29:32","slug":"meditatives-tanzen","status":"publish","type":"page","link":"https:\/\/www.evkirche-roesrath.de\/index.php\/gruppen-und-veranstaltungen\/erwachsene\/meditatives-tanzen\/","title":{"rendered":"Meditatives Tanzen"},"content":{"rendered":"<p>Schon seit Jahren treffen wir uns jeden 1. und 3. Dienstag von 19.30 bis 21 Uhr im gro\u00dfen Saal der evangelischen Kirche <strong>in Forsbach<\/strong>, um \u201emit den F\u00fc\u00dfen zu beten\u201c, wie es in einem Zitat hei\u00dft.<\/p>\n<p>Eingeladen sind junge und jung gebliebene M\u00e4nner und Frauen, die sich in meditativer Art auf ein spirituelles oder Lebensthema einlassen oder einmal etwas Neues kennenlernen m\u00f6chten.<br \/>\nDabei sind keinerlei Vorkenntnisse erforderlich. Sch\u00f6n w\u00e4re eine regelm\u00e4\u00dfige Teilnahme, um durch die Wiederholung die Schritte und Geb\u00e4rden besser kennen zu lernen und immer tiefer zu erleben. Aber auch sporadisches Kommen ist m\u00f6glich.<\/p>\n<p>Weitere Informationen finden Sie unter <a href=\"http:\/\/www.meditatives-tanzen.eu\"><u>www.meditatives-tanzen.eu<\/u><\/a>.<\/p>\n<p><b>Meditatives Tanzen 1. und 3. Dienstag im Monat 19.30 bis 21 Uhr gro\u00dfer Saal.<br \/>\nLeitung: Sabine Quilitz<br \/>\n<\/b><\/p>\n<p>Weitere Ausk\u00fcnfte bei Barbara Trube oder im Gemeindeb\u00fcro<\/p>\n<p>Kursgeb\u00fchr f\u00fcr 6 Treffen pro Halbjahr: 24\u20ac<\/p>\n ","protected":false},"excerpt":{"rendered":"<p>Schon seit Jahren treffen wir uns jeden 1. und 3. Dienstag von 19.30 bis 21 Uhr im gro\u00dfen Saal der evangelischen Kirche in Forsbach, um \u201emit den F\u00fc\u00dfen zu beten\u201c, <a class=\"more-link\" href=\"https:\/\/www.evkirche-roesrath.de\/index.php\/gruppen-und-veranstaltungen\/erwachsene\/meditatives-tanzen\/\">weiterlesen \u2192<\/a><\/p>\n","protected":false},"author":2,"featured_media":0,"parent":12294,"menu_order":8,"comment_status":"closed","ping_status":"closed","template":"","meta":{"ngg_post_thumbnail":0,"footnotes":""},"class_list":["post-12594","page","type-page","status-publish","hentry"],"_links":{"self":[{"href":"https:\/\/www.evkirche-roesrath.de\/index.php\/wp-json\/wp\/v2\/pages\/12594","targetHints":{"allow":["GET"]}}],"collection":[{"href":"https:\/\/www.evkirche-roesrath.de\/index.php\/wp-json\/wp\/v2\/pages"}],"about":[{"href":"https:\/\/www.evkirche-roesrath.de\/index.php\/wp-json\/wp\/v2\/types\/page"}],"author":[{"embeddable":true,"href":"https:\/\/www.evkirche-roesrath.de\/index.php\/wp-json\/wp\/v2\/users\/2"}],"replies":[{"embeddable":true,"href":"https:\/\/www.evkirche-roesrath.de\/index.php\/wp-json\/wp\/v2\/comments?post=12594"}],"version-history":[{"count":0,"href":"https:\/\/www.evkirche-roesrath.de\/index.php\/wp-json\/wp\/v2\/pages\/12594\/revisions"}],"up":[{"embeddable":true,"href":"https:\/\/www.evkirche-roesrath.de\/index.php\/wp-json\/wp\/v2\/pages\/12294"}],"wp:attachment":[{"href":"https:\/\/www.evkirche-roesrath.de\/index.php\/wp-json\/wp\/v2\/media?parent=12594"}],"curies":[{"name":"wp","href":"https:\/\/api.w.org\/{rel}","templated":true}]}}