{"id":12588,"date":"2017-07-05T18:20:31","date_gmt":"2017-07-05T16:20:31","guid":{"rendered":"http:\/\/www.evkirche-roesrath.de\/?page_id=12588"},"modified":"2022-02-21T18:02:25","modified_gmt":"2022-02-21T17:02:25","slug":"volberger-treff","status":"publish","type":"page","link":"https:\/\/www.evkirche-roesrath.de\/index.php\/gruppen-und-veranstaltungen\/erwachsene\/volberger-treff\/","title":{"rendered":"Volberger Treff"},"content":{"rendered":"<p style=\"padding-left: 30px; text-align: justify;\"><b>Im Jahr 1985 wurde der Volberger Treff gegr\u00fcndet, weil man einen Kreis f\u00fcr Damen &#8222;so um die Vierzig&#8220; vermisste. Die damalige Presbytherin Frau Hadr\u00e9 sprach einige Frauen in der Gemeinde an und nach den Sommerferien 1985 fand man sich zum ersten &#8222;Beschnuppern&#8220; zusammen.<br \/>\n<\/b>Es wurde vereinbarten, sich 14-t\u00e4gig montags von 19 Uhr bis 21 Uhr im Gemeindehaus zu treffen.<br \/>\nEin Name war schnell gefunden: <strong>Volberger Treff<\/strong>. <b> <\/b><\/p>\n<p style=\"text-align: justify;\">Die Damen des Volberger Treffs sind mittlerweile einige Jahre \u00e4lter geworden und es m\u00fcsste mittlerweile &#8222;Damen so um die Sechzig&#8220; hei\u00dfen.<br \/>\nAber die Aktivit\u00e4ten von damals sind geblieben: Basteln, Themenabende, Karnevalsfeier mit Fischessen, Heimatgeschichten, Spieleabend, Osterbasteln, Besuch Theater am Dom, Volksliedersingen, Vortrag K\u00f6llsche Verz\u00e4llche, Federwei\u00dfer und Zwiebelkuchen, kleine Wanderungen, usw. usw.<br \/>\nEin wichtiges Ereignis ist jedes Jahr unser Weihnachtsbasar mit Kirchenkaffee am 1. Advent. Daf\u00fcr basteln und backen wir eifrig. Und der Basar war bisher immer ein gro\u00dfer Erfolg. Der Kirchenkaffee wird ebenfalls begeistert angenommen, man trifft sich zum Unterhalten und Plaudern.<br \/>\nF\u00fcr den selbstgebackenen Kuchen zum Kirchenkaffee erbitten wir eine Spende f\u00fcr die Demenz-Gruppe unserer Diakonie-Sozialstation und vom Erl\u00f6s des Basars geht eine Spende an eine karitative Einrichtung.<br \/>\nJeweils beim 1. Treffen im Januar und nach den Sommerferien legen wir den Plan f\u00fcr ein halbes Jahr fest. Jeder kann seine W\u00fcnsche einbringen und was sich verwirklichen l\u00e4sst, wird ins Programm aufgenommen.<br \/>\nIm Laufe der Jahre haben immer mal die eine oder andere Hoffnungsthalerin bei uns reingeschaut. Manche hatten andere Vorstellungen und manche sind geblieben. Von den Frauen \u201cder ersten Stunde\u201d sind nur noch wenige dabei. Heute z\u00e4hlt der Volberger Treff ca. 18 Frauen und unsere Abende sind -bei so vielen Damen- h\u00e4ufig recht lustig und unterhaltsam!<\/p>\n<p style=\"text-align: justify;\"><b>Wir treffen uns 14-t\u00e4gig (Termine stehen im <a href=\"https:\/\/evkirche-roesrath.de\/gemeindebriefe.html\"><u>Gemeindebrief<\/u><\/a>) von 19 Uhr bis 21 Uhr im Betreuungs-Caf\u00e9 im Baumhofshaus.<\/b><\/p>\n<p>Sind Sie nun neugierig geworden? Evtl. Fragen beantworten Ihnen gerne:<br \/>\nRita D\u00e4tig, Tel. 02205-1715.<\/p>\n ","protected":false},"excerpt":{"rendered":"<p>Im Jahr 1985 wurde der Volberger Treff gegr\u00fcndet, weil man einen Kreis f\u00fcr Damen &#8222;so um die Vierzig&#8220; vermisste. Die damalige Presbytherin Frau Hadr\u00e9 sprach einige Frauen in der Gemeinde <a class=\"more-link\" href=\"https:\/\/www.evkirche-roesrath.de\/index.php\/gruppen-und-veranstaltungen\/erwachsene\/volberger-treff\/\">weiterlesen \u2192<\/a><\/p>\n","protected":false},"author":2,"featured_media":0,"parent":12294,"menu_order":3,"comment_status":"closed","ping_status":"closed","template":"","meta":{"ngg_post_thumbnail":0,"footnotes":""},"class_list":["post-12588","page","type-page","status-publish","hentry"],"_links":{"self":[{"href":"https:\/\/www.evkirche-roesrath.de\/index.php\/wp-json\/wp\/v2\/pages\/12588","targetHints":{"allow":["GET"]}}],"collection":[{"href":"https:\/\/www.evkirche-roesrath.de\/index.php\/wp-json\/wp\/v2\/pages"}],"about":[{"href":"https:\/\/www.evkirche-roesrath.de\/index.php\/wp-json\/wp\/v2\/types\/page"}],"author":[{"embeddable":true,"href":"https:\/\/www.evkirche-roesrath.de\/index.php\/wp-json\/wp\/v2\/users\/2"}],"replies":[{"embeddable":true,"href":"https:\/\/www.evkirche-roesrath.de\/index.php\/wp-json\/wp\/v2\/comments?post=12588"}],"version-history":[{"count":0,"href":"https:\/\/www.evkirche-roesrath.de\/index.php\/wp-json\/wp\/v2\/pages\/12588\/revisions"}],"up":[{"embeddable":true,"href":"https:\/\/www.evkirche-roesrath.de\/index.php\/wp-json\/wp\/v2\/pages\/12294"}],"wp:attachment":[{"href":"https:\/\/www.evkirche-roesrath.de\/index.php\/wp-json\/wp\/v2\/media?parent=12588"}],"curies":[{"name":"wp","href":"https:\/\/api.w.org\/{rel}","templated":true}]}}