{"id":12570,"date":"2017-07-05T18:02:36","date_gmt":"2017-07-05T16:02:36","guid":{"rendered":"http:\/\/www.evkirche-roesrath.de\/?page_id=12570"},"modified":"2025-03-24T11:46:13","modified_gmt":"2025-03-24T10:46:13","slug":"checkpoint-volberg","status":"publish","type":"page","link":"https:\/\/www.evkirche-roesrath.de\/index.php\/gruppen-und-veranstaltungen\/kinder-und-jugend\/checkpoint-volberg\/","title":{"rendered":"Checkpoint Volberg"},"content":{"rendered":"<p>Was wie eine verdeckte Hoffnungsthaler Spionage-Einheit der Vereinigten Staaten klingt, ist (leider) ein kleines bisschen unspektakul\u00e4rer, aber mindestens genauso explosiv: <b>ein offener <a href=\"https:\/\/maps.app.goo.gl\/3LhZPVg4AAAQvF5J7\" rel=\"noopener\" target=\"_blank\">Jugendtreff im K\u00fcsterhaus<\/a><\/b>.<\/p>\n<p>Wer jetzt denkt das kl\u00e4nge eher einschl\u00e4fernd als explosiv, verpasst einiges!<br \/>\nTischkicker, Billard, Poker \u2013 und auch Spiele, die nichts mit Tischen zu tun haben!<\/p>\n<p>Und dazu jeden Monat ein Special! &#8211; wie beispielsweise unser h\u00f6chst exklusives Weihnachtsgrillen, ein Zock-Abend und vieles mehr! (pssst! es ist sogar eine \u00dcbernachtung in Planung!) \u2026    aber wir wollen ja nicht zuuuu viel verraten \ud83d\ude09<\/p>\n<p>Au\u00dferdem schlie\u00dfen wir immer mit einer knackigen Andacht und ein paar Liedern!<\/p>\n<p>Auch f\u00fcr die Verpflegung ist gesorgt, zwar nicht auf dem Niveau einer Sternek\u00fcche, aber heyy! &#8211; Bei uns ist noch niemand verhungert!<\/p>\n<p>Unter uns Checkpointlern hat sich im Laufe der Zeit ein starker pers\u00f6nlicher Zusammenhalt gebildet, der auch au\u00dferhalb des Gemeindehauses greift und f\u00fcr gute Stimmung sorgt!<\/p>\n<p><b>Interessiert? Dann nicht lange rumfackeln!<\/b> Einfach n\u00e4chsten Freitag von 18 bis 21 Uhr ins K\u00fcsterhaus Volberg kommen und sich begeistern lassen!<\/p>\n<p>Das Checkpoint-Team<\/p>\n<p>&nbsp;<\/p>\n<p>Weitere Infos gibt es auch bei <a href=\"mailto:thomas.rusch@ekir.de?subject=Checkpoint\"><u><b>Pfarrer Thomas Rusch<\/b><\/u><\/a>,  Telefon 897907.<\/p>\n ","protected":false},"excerpt":{"rendered":"<p>Was wie eine verdeckte Hoffnungsthaler Spionage-Einheit der Vereinigten Staaten klingt, ist (leider) ein kleines bisschen unspektakul\u00e4rer, aber mindestens genauso explosiv: ein offener Jugendtreff im K\u00fcsterhaus. Wer jetzt denkt das kl\u00e4nge <a class=\"more-link\" href=\"https:\/\/www.evkirche-roesrath.de\/index.php\/gruppen-und-veranstaltungen\/kinder-und-jugend\/checkpoint-volberg\/\">weiterlesen \u2192<\/a><\/p>\n","protected":false},"author":2,"featured_media":0,"parent":12298,"menu_order":3,"comment_status":"closed","ping_status":"closed","template":"","meta":{"ngg_post_thumbnail":0,"footnotes":""},"class_list":["post-12570","page","type-page","status-publish","hentry"],"_links":{"self":[{"href":"https:\/\/www.evkirche-roesrath.de\/index.php\/wp-json\/wp\/v2\/pages\/12570","targetHints":{"allow":["GET"]}}],"collection":[{"href":"https:\/\/www.evkirche-roesrath.de\/index.php\/wp-json\/wp\/v2\/pages"}],"about":[{"href":"https:\/\/www.evkirche-roesrath.de\/index.php\/wp-json\/wp\/v2\/types\/page"}],"author":[{"embeddable":true,"href":"https:\/\/www.evkirche-roesrath.de\/index.php\/wp-json\/wp\/v2\/users\/2"}],"replies":[{"embeddable":true,"href":"https:\/\/www.evkirche-roesrath.de\/index.php\/wp-json\/wp\/v2\/comments?post=12570"}],"version-history":[{"count":0,"href":"https:\/\/www.evkirche-roesrath.de\/index.php\/wp-json\/wp\/v2\/pages\/12570\/revisions"}],"up":[{"embeddable":true,"href":"https:\/\/www.evkirche-roesrath.de\/index.php\/wp-json\/wp\/v2\/pages\/12298"}],"wp:attachment":[{"href":"https:\/\/www.evkirche-roesrath.de\/index.php\/wp-json\/wp\/v2\/media?parent=12570"}],"curies":[{"name":"wp","href":"https:\/\/api.w.org\/{rel}","templated":true}]}}