{"id":12498,"date":"2017-07-03T17:15:39","date_gmt":"2017-07-03T15:15:39","guid":{"rendered":"http:\/\/www.evkirche-roesrath.de\/?page_id=12498"},"modified":"2025-12-30T17:23:42","modified_gmt":"2025-12-30T16:23:42","slug":"gospelchor","status":"publish","type":"page","link":"https:\/\/www.evkirche-roesrath.de\/index.php\/musik\/chormusik\/gospelchor\/","title":{"rendered":"Gospelchor"},"content":{"rendered":"\t\t<div data-elementor-type=\"wp-page\" data-elementor-id=\"12498\" class=\"elementor elementor-12498\">\n\t\t\t\t\t\t<section class=\"elementor-section elementor-top-section elementor-element elementor-element-3d935c09 elementor-section-boxed elementor-section-height-default elementor-section-height-default\" data-id=\"3d935c09\" data-element_type=\"section\" data-e-type=\"section\">\n\t\t\t\t\t\t<div class=\"elementor-container elementor-column-gap-default\">\n\t\t\t\t\t<div class=\"elementor-column elementor-col-100 elementor-top-column elementor-element elementor-element-1884f916\" data-id=\"1884f916\" data-element_type=\"column\" data-e-type=\"column\">\n\t\t\t<div class=\"elementor-widget-wrap elementor-element-populated\">\n\t\t\t\t\t\t<div class=\"elementor-element elementor-element-3308a1c5 elementor-widget elementor-widget-text-editor\" data-id=\"3308a1c5\" data-element_type=\"widget\" data-e-type=\"widget\" data-widget_type=\"text-editor.default\">\n\t\t\t\t<div class=\"elementor-widget-container\">\n\t\t\t\t\t\t\t\t\t<div id=\"allcontainer\"><div id=\"content\"><div class=\"beitrag_content\"><p><span style=\"color: #000000;\"><strong>Sing mit! Komm zu uns!<\/strong><\/span><\/p><\/div><\/div><\/div><div id=\"allcontainer\"><div id=\"content\"><div class=\"beitrag_content\"><p><span style=\"color: #000000;\">In den Farben des Regenbogens pr\u00e4sentiert sich der <strong>Gospelchor <\/strong>bei seinen Auftritten. Regelm\u00e4\u00dfig gestaltet der Chor besondere Gottesdienste in allen Gemeindebezirken und l\u00e4dt zu Gospelkonzerten und Workshops ein.<\/span><\/p><p><span style=\"color: #000000;\">Unseren Anmeldebogen f\u00fcr den Gospelchor finde Sie<\/span> <strong><a href=\"https:\/\/www.evkirche-roesrath.de\/wp-content\/uploads\/2024\/08\/Anmeldung-Choere-mit-Datenschutz-24-08.pdf\">hier<\/a><\/strong> <span style=\"color: #000000;\">als PDF-Datei.<\/span><\/p><p><span style=\"color: #000000;\"><strong>Proben<\/strong><\/span><br \/><span style=\"color: #000000;\">mittwochs<\/span><br \/><span style=\"color: #000000;\">19.30-21.00 Uhr<\/span><br \/><span style=\"color: #000000;\">Saal unter der Evangelischen <a href=\"https:\/\/maps.app.goo.gl\/JdTw4pjoAx5Bud4dA\" target=\"_blank\" rel=\"noopener\">Vers\u00f6hnungskirche R\u00f6srath<\/a><\/span><br \/><span style=\"color: #000000;\">Hauptstr. 16, R\u00f6srath<\/span><\/p><\/div><\/div><\/div><div id=\"allcontainer\"><div id=\"content\"><div class=\"beitrag_content\"><p><span style=\"color: #000000;\">Alle Interessierten sind hierzu herzlich eingeladen.<\/span><\/p><p><span style=\"color: #000000;\"><strong>Kantorat<br \/><\/strong>Kantorin Katharina Wulzinger<\/span><br \/><span style=\"color: #000000;\">Telefon: 0176-87 999 716<\/span><br \/><span style=\"color: #0000ff;\"><span style=\"color: #000000;\">E-Mail:<\/span> <a style=\"color: #0000ff;\" href=\"mailto:katharina.wulzinger@ekir.de\" target=\"_blank\" rel=\"noopener\"><span style=\"text-decoration: underline;\">katharina.wulzinger@ekir.de<\/span><\/a><\/span><br \/><span style=\"color: #000000;\">B\u00fcro: Volberg 4, 51503 R\u00f6srath<\/span><\/p><\/div><\/div><\/div>\t\t\t\t\t\t\t\t<\/div>\n\t\t\t\t<\/div>\n\t\t\t\t\t<\/div>\n\t\t<\/div>\n\t\t\t\t\t<\/div>\n\t\t<\/section>\n\t\t\t\t<section class=\"elementor-section elementor-top-section elementor-element elementor-element-bf8d8e0 elementor-section-boxed elementor-section-height-default elementor-section-height-default\" data-id=\"bf8d8e0\" data-element_type=\"section\" data-e-type=\"section\">\n\t\t\t\t\t\t<div class=\"elementor-container elementor-column-gap-default\">\n\t\t\t\t\t<div class=\"elementor-column elementor-col-100 elementor-top-column elementor-element elementor-element-6742d81\" data-id=\"6742d81\" data-element_type=\"column\" data-e-type=\"column\">\n\t\t\t<div class=\"elementor-widget-wrap elementor-element-populated\">\n\t\t\t\t\t\t<div class=\"elementor-element elementor-element-3868f58 elementor-widget elementor-widget-text-editor\" data-id=\"3868f58\" data-element_type=\"widget\" data-e-type=\"widget\" data-widget_type=\"text-editor.default\">\n\t\t\t\t<div class=\"elementor-widget-container\">\n\t\t\t\t\t\t\t\t\t<p><span style=\"color: #000000;\">Bilder vom letzten Auftritt des Gospel-Chors am 7. September 2024 im Rahmen der Revue &#8222;Gospel meets Pop&#8220;.<\/span><\/p><p><span style=\"color: #000000;\">Fotos: <strong>Sabrina Kieback<\/strong><\/span><\/p>\t\t\t\t\t\t\t\t<\/div>\n\t\t\t\t<\/div>\n\t\t\t\t\t<\/div>\n\t\t<\/div>\n\t\t\t\t\t<\/div>\n\t\t<\/section>\n\t\t\t\t<section class=\"elementor-section elementor-top-section elementor-element elementor-element-ee02756 elementor-section-boxed elementor-section-height-default elementor-section-height-default\" data-id=\"ee02756\" data-element_type=\"section\" data-e-type=\"section\">\n\t\t\t\t\t\t<div class=\"elementor-container elementor-column-gap-default\">\n\t\t\t\t\t<div class=\"elementor-column elementor-col-100 elementor-top-column elementor-element elementor-element-eddaea2\" data-id=\"eddaea2\" data-element_type=\"column\" data-e-type=\"column\">\n\t\t\t<div class=\"elementor-widget-wrap elementor-element-populated\">\n\t\t\t\t\t\t<div class=\"elementor-element elementor-element-4972a1a elementor-arrows-position-inside elementor-pagination-position-outside elementor-widget elementor-widget-image-carousel\" data-id=\"4972a1a\" data-element_type=\"widget\" data-e-type=\"widget\" data-settings=\"{&quot;lazyload&quot;:&quot;yes&quot;,&quot;navigation&quot;:&quot;both&quot;,&quot;autoplay&quot;:&quot;yes&quot;,&quot;pause_on_hover&quot;:&quot;yes&quot;,&quot;pause_on_interaction&quot;:&quot;yes&quot;,&quot;autoplay_speed&quot;:5000,&quot;infinite&quot;:&quot;yes&quot;,&quot;speed&quot;:500}\" data-widget_type=\"image-carousel.default\">\n\t\t\t\t<div class=\"elementor-widget-container\">\n\t\t\t\t\t\t\t<div class=\"elementor-image-carousel-wrapper swiper\" role=\"region\" aria-roledescription=\"carousel\" aria-label=\"Bild Karussell\" dir=\"ltr\">\n\t\t\t<div class=\"elementor-image-carousel swiper-wrapper\" aria-live=\"off\">\n\t\t\t\t\t\t\t\t<div class=\"swiper-slide\" role=\"group\" aria-roledescription=\"slide\" aria-label=\"1 von 15\"><a data-elementor-open-lightbox=\"yes\" data-elementor-lightbox-slideshow=\"4972a1a\" data-e-action-hash=\"#elementor-action%3Aaction%3Dlightbox%26settings%3DeyJpZCI6MjY2MDUsInVybCI6Imh0dHBzOlwvXC93d3cuZXZraXJjaGUtcm9lc3JhdGguZGVcL3dwLWNvbnRlbnRcL3VwbG9hZHNcLzIwMjRcLzEyXC8wMS1Hb3NwZWwtUmV2dWUtMDktMjAyNC1zY2FsZWQuanBnIiwic2xpZGVzaG93IjoiNDk3MmExYSJ9\" href=\"https:\/\/www.evkirche-roesrath.de\/wp-content\/uploads\/2024\/12\/01-Gospel-Revue-09-2024-scaled.jpg\"><figure class=\"swiper-slide-inner\"><img class=\"swiper-slide-image swiper-lazy\" data-src=\"https:\/\/www.evkirche-roesrath.de\/wp-content\/uploads\/2024\/12\/01-Gospel-Revue-09-2024-768x512.jpg\" alt=\"\" \/><div class=\"swiper-lazy-preloader\"><\/div><\/figure><\/a><\/div><div class=\"swiper-slide\" role=\"group\" aria-roledescription=\"slide\" aria-label=\"2 von 15\"><a data-elementor-open-lightbox=\"yes\" data-elementor-lightbox-slideshow=\"4972a1a\" data-e-action-hash=\"#elementor-action%3Aaction%3Dlightbox%26settings%3DeyJpZCI6MjY2MDYsInVybCI6Imh0dHBzOlwvXC93d3cuZXZraXJjaGUtcm9lc3JhdGguZGVcL3dwLWNvbnRlbnRcL3VwbG9hZHNcLzIwMjRcLzEyXC8wMi1Hb3NwZWwtUmV2dWUtMDktMjAyNC1zY2FsZWQuanBnIiwic2xpZGVzaG93IjoiNDk3MmExYSJ9\" href=\"https:\/\/www.evkirche-roesrath.de\/wp-content\/uploads\/2024\/12\/02-Gospel-Revue-09-2024-scaled.jpg\"><figure class=\"swiper-slide-inner\"><img class=\"swiper-slide-image swiper-lazy\" data-src=\"https:\/\/www.evkirche-roesrath.de\/wp-content\/uploads\/2024\/12\/02-Gospel-Revue-09-2024-768x512.jpg\" alt=\"\" \/><div class=\"swiper-lazy-preloader\"><\/div><\/figure><\/a><\/div><div class=\"swiper-slide\" role=\"group\" aria-roledescription=\"slide\" aria-label=\"3 von 15\"><a data-elementor-open-lightbox=\"yes\" data-elementor-lightbox-slideshow=\"4972a1a\" data-e-action-hash=\"#elementor-action%3Aaction%3Dlightbox%26settings%3DeyJpZCI6MjY2MDcsInVybCI6Imh0dHBzOlwvXC93d3cuZXZraXJjaGUtcm9lc3JhdGguZGVcL3dwLWNvbnRlbnRcL3VwbG9hZHNcLzIwMjRcLzEyXC8wMy1Hb3NwZWwtUmV2dWUtMDktMjAyNC1zY2FsZWQuanBnIiwic2xpZGVzaG93IjoiNDk3MmExYSJ9\" href=\"https:\/\/www.evkirche-roesrath.de\/wp-content\/uploads\/2024\/12\/03-Gospel-Revue-09-2024-scaled.jpg\"><figure class=\"swiper-slide-inner\"><img class=\"swiper-slide-image swiper-lazy\" data-src=\"https:\/\/www.evkirche-roesrath.de\/wp-content\/uploads\/2024\/12\/03-Gospel-Revue-09-2024-768x512.jpg\" alt=\"\" \/><div class=\"swiper-lazy-preloader\"><\/div><\/figure><\/a><\/div><div class=\"swiper-slide\" role=\"group\" aria-roledescription=\"slide\" aria-label=\"4 von 15\"><a data-elementor-open-lightbox=\"yes\" data-elementor-lightbox-slideshow=\"4972a1a\" data-e-action-hash=\"#elementor-action%3Aaction%3Dlightbox%26settings%3DeyJpZCI6MjY2MDgsInVybCI6Imh0dHBzOlwvXC93d3cuZXZraXJjaGUtcm9lc3JhdGguZGVcL3dwLWNvbnRlbnRcL3VwbG9hZHNcLzIwMjRcLzEyXC8wNC1Hb3NwZWwtUmV2dWUtMDktMjAyNC1zY2FsZWQuanBnIiwic2xpZGVzaG93IjoiNDk3MmExYSJ9\" href=\"https:\/\/www.evkirche-roesrath.de\/wp-content\/uploads\/2024\/12\/04-Gospel-Revue-09-2024-scaled.jpg\"><figure class=\"swiper-slide-inner\"><img class=\"swiper-slide-image swiper-lazy\" data-src=\"https:\/\/www.evkirche-roesrath.de\/wp-content\/uploads\/2024\/12\/04-Gospel-Revue-09-2024-768x512.jpg\" alt=\"\" \/><div class=\"swiper-lazy-preloader\"><\/div><\/figure><\/a><\/div><div class=\"swiper-slide\" role=\"group\" aria-roledescription=\"slide\" aria-label=\"5 von 15\"><a data-elementor-open-lightbox=\"yes\" data-elementor-lightbox-slideshow=\"4972a1a\" data-e-action-hash=\"#elementor-action%3Aaction%3Dlightbox%26settings%3DeyJpZCI6MjY2MDksInVybCI6Imh0dHBzOlwvXC93d3cuZXZraXJjaGUtcm9lc3JhdGguZGVcL3dwLWNvbnRlbnRcL3VwbG9hZHNcLzIwMjRcLzEyXC8wNS1Hb3NwZWwtUmV2dWUtMDktMjAyNC1zY2FsZWQuanBnIiwic2xpZGVzaG93IjoiNDk3MmExYSJ9\" href=\"https:\/\/www.evkirche-roesrath.de\/wp-content\/uploads\/2024\/12\/05-Gospel-Revue-09-2024-scaled.jpg\"><figure class=\"swiper-slide-inner\"><img class=\"swiper-slide-image swiper-lazy\" data-src=\"https:\/\/www.evkirche-roesrath.de\/wp-content\/uploads\/2024\/12\/05-Gospel-Revue-09-2024-768x1152.jpg\" alt=\"\" \/><div class=\"swiper-lazy-preloader\"><\/div><\/figure><\/a><\/div><div class=\"swiper-slide\" role=\"group\" aria-roledescription=\"slide\" aria-label=\"6 von 15\"><a data-elementor-open-lightbox=\"yes\" data-elementor-lightbox-slideshow=\"4972a1a\" data-e-action-hash=\"#elementor-action%3Aaction%3Dlightbox%26settings%3DeyJpZCI6MjY2MTAsInVybCI6Imh0dHBzOlwvXC93d3cuZXZraXJjaGUtcm9lc3JhdGguZGVcL3dwLWNvbnRlbnRcL3VwbG9hZHNcLzIwMjRcLzEyXC8wNi1Hb3NwZWwtUmV2dWUtMDktMjAyNC1zY2FsZWQuanBnIiwic2xpZGVzaG93IjoiNDk3MmExYSJ9\" href=\"https:\/\/www.evkirche-roesrath.de\/wp-content\/uploads\/2024\/12\/06-Gospel-Revue-09-2024-scaled.jpg\"><figure class=\"swiper-slide-inner\"><img class=\"swiper-slide-image swiper-lazy\" data-src=\"https:\/\/www.evkirche-roesrath.de\/wp-content\/uploads\/2024\/12\/06-Gospel-Revue-09-2024-768x512.jpg\" alt=\"\" \/><div class=\"swiper-lazy-preloader\"><\/div><\/figure><\/a><\/div><div class=\"swiper-slide\" role=\"group\" aria-roledescription=\"slide\" aria-label=\"7 von 15\"><a data-elementor-open-lightbox=\"yes\" data-elementor-lightbox-slideshow=\"4972a1a\" data-e-action-hash=\"#elementor-action%3Aaction%3Dlightbox%26settings%3DeyJpZCI6MjY2MTEsInVybCI6Imh0dHBzOlwvXC93d3cuZXZraXJjaGUtcm9lc3JhdGguZGVcL3dwLWNvbnRlbnRcL3VwbG9hZHNcLzIwMjRcLzEyXC8wNy1Hb3NwZWwtUmV2dWUtMDktMjAyNC1zY2FsZWQuanBnIiwic2xpZGVzaG93IjoiNDk3MmExYSJ9\" href=\"https:\/\/www.evkirche-roesrath.de\/wp-content\/uploads\/2024\/12\/07-Gospel-Revue-09-2024-scaled.jpg\"><figure class=\"swiper-slide-inner\"><img class=\"swiper-slide-image swiper-lazy\" data-src=\"https:\/\/www.evkirche-roesrath.de\/wp-content\/uploads\/2024\/12\/07-Gospel-Revue-09-2024-768x512.jpg\" alt=\"\" \/><div class=\"swiper-lazy-preloader\"><\/div><\/figure><\/a><\/div><div class=\"swiper-slide\" role=\"group\" aria-roledescription=\"slide\" aria-label=\"8 von 15\"><a data-elementor-open-lightbox=\"yes\" data-elementor-lightbox-slideshow=\"4972a1a\" data-e-action-hash=\"#elementor-action%3Aaction%3Dlightbox%26settings%3DeyJpZCI6MjY2MTIsInVybCI6Imh0dHBzOlwvXC93d3cuZXZraXJjaGUtcm9lc3JhdGguZGVcL3dwLWNvbnRlbnRcL3VwbG9hZHNcLzIwMjRcLzEyXC8wOC1Hb3NwZWwtUmV2dWUtMDktMjAyNC1zY2FsZWQuanBnIiwic2xpZGVzaG93IjoiNDk3MmExYSJ9\" href=\"https:\/\/www.evkirche-roesrath.de\/wp-content\/uploads\/2024\/12\/08-Gospel-Revue-09-2024-scaled.jpg\"><figure class=\"swiper-slide-inner\"><img class=\"swiper-slide-image swiper-lazy\" data-src=\"https:\/\/www.evkirche-roesrath.de\/wp-content\/uploads\/2024\/12\/08-Gospel-Revue-09-2024-768x512.jpg\" alt=\"\" \/><div class=\"swiper-lazy-preloader\"><\/div><\/figure><\/a><\/div><div class=\"swiper-slide\" role=\"group\" aria-roledescription=\"slide\" aria-label=\"9 von 15\"><a data-elementor-open-lightbox=\"yes\" data-elementor-lightbox-slideshow=\"4972a1a\" data-e-action-hash=\"#elementor-action%3Aaction%3Dlightbox%26settings%3DeyJpZCI6MjY2MTMsInVybCI6Imh0dHBzOlwvXC93d3cuZXZraXJjaGUtcm9lc3JhdGguZGVcL3dwLWNvbnRlbnRcL3VwbG9hZHNcLzIwMjRcLzEyXC8wOS1Hb3NwZWwtUmV2dWUtMDktMjAyNC1zY2FsZWQuanBnIiwic2xpZGVzaG93IjoiNDk3MmExYSJ9\" href=\"https:\/\/www.evkirche-roesrath.de\/wp-content\/uploads\/2024\/12\/09-Gospel-Revue-09-2024-scaled.jpg\"><figure class=\"swiper-slide-inner\"><img class=\"swiper-slide-image swiper-lazy\" data-src=\"https:\/\/www.evkirche-roesrath.de\/wp-content\/uploads\/2024\/12\/09-Gospel-Revue-09-2024-768x512.jpg\" alt=\"\" \/><div class=\"swiper-lazy-preloader\"><\/div><\/figure><\/a><\/div><div class=\"swiper-slide\" role=\"group\" aria-roledescription=\"slide\" aria-label=\"10 von 15\"><a data-elementor-open-lightbox=\"yes\" data-elementor-lightbox-slideshow=\"4972a1a\" data-e-action-hash=\"#elementor-action%3Aaction%3Dlightbox%26settings%3DeyJpZCI6MjY2MTQsInVybCI6Imh0dHBzOlwvXC93d3cuZXZraXJjaGUtcm9lc3JhdGguZGVcL3dwLWNvbnRlbnRcL3VwbG9hZHNcLzIwMjRcLzEyXC8xMC1Hb3NwZWwtUmV2dWUtMDktMjAyNC1zY2FsZWQuanBnIiwic2xpZGVzaG93IjoiNDk3MmExYSJ9\" href=\"https:\/\/www.evkirche-roesrath.de\/wp-content\/uploads\/2024\/12\/10-Gospel-Revue-09-2024-scaled.jpg\"><figure class=\"swiper-slide-inner\"><img class=\"swiper-slide-image swiper-lazy\" data-src=\"https:\/\/www.evkirche-roesrath.de\/wp-content\/uploads\/2024\/12\/10-Gospel-Revue-09-2024-768x512.jpg\" alt=\"\" \/><div class=\"swiper-lazy-preloader\"><\/div><\/figure><\/a><\/div><div class=\"swiper-slide\" role=\"group\" aria-roledescription=\"slide\" aria-label=\"11 von 15\"><a data-elementor-open-lightbox=\"yes\" data-elementor-lightbox-slideshow=\"4972a1a\" data-e-action-hash=\"#elementor-action%3Aaction%3Dlightbox%26settings%3DeyJpZCI6MjY2MTUsInVybCI6Imh0dHBzOlwvXC93d3cuZXZraXJjaGUtcm9lc3JhdGguZGVcL3dwLWNvbnRlbnRcL3VwbG9hZHNcLzIwMjRcLzEyXC8xMS1Hb3NwZWwtUmV2dWUtMDktMjAyNC1zY2FsZWQuanBnIiwic2xpZGVzaG93IjoiNDk3MmExYSJ9\" href=\"https:\/\/www.evkirche-roesrath.de\/wp-content\/uploads\/2024\/12\/11-Gospel-Revue-09-2024-scaled.jpg\"><figure class=\"swiper-slide-inner\"><img class=\"swiper-slide-image swiper-lazy\" data-src=\"https:\/\/www.evkirche-roesrath.de\/wp-content\/uploads\/2024\/12\/11-Gospel-Revue-09-2024-768x512.jpg\" alt=\"\" \/><div class=\"swiper-lazy-preloader\"><\/div><\/figure><\/a><\/div><div class=\"swiper-slide\" role=\"group\" aria-roledescription=\"slide\" aria-label=\"12 von 15\"><a data-elementor-open-lightbox=\"yes\" data-elementor-lightbox-slideshow=\"4972a1a\" data-e-action-hash=\"#elementor-action%3Aaction%3Dlightbox%26settings%3DeyJpZCI6MjY2MTYsInVybCI6Imh0dHBzOlwvXC93d3cuZXZraXJjaGUtcm9lc3JhdGguZGVcL3dwLWNvbnRlbnRcL3VwbG9hZHNcLzIwMjRcLzEyXC8xMi1Hb3NwZWwtUmV2dWUtMDktMjAyNC1zY2FsZWQuanBnIiwic2xpZGVzaG93IjoiNDk3MmExYSJ9\" href=\"https:\/\/www.evkirche-roesrath.de\/wp-content\/uploads\/2024\/12\/12-Gospel-Revue-09-2024-scaled.jpg\"><figure class=\"swiper-slide-inner\"><img class=\"swiper-slide-image swiper-lazy\" data-src=\"https:\/\/www.evkirche-roesrath.de\/wp-content\/uploads\/2024\/12\/12-Gospel-Revue-09-2024-768x512.jpg\" alt=\"\" \/><div class=\"swiper-lazy-preloader\"><\/div><\/figure><\/a><\/div><div class=\"swiper-slide\" role=\"group\" aria-roledescription=\"slide\" aria-label=\"13 von 15\"><a data-elementor-open-lightbox=\"yes\" data-elementor-lightbox-slideshow=\"4972a1a\" data-e-action-hash=\"#elementor-action%3Aaction%3Dlightbox%26settings%3DeyJpZCI6MjY2MTcsInVybCI6Imh0dHBzOlwvXC93d3cuZXZraXJjaGUtcm9lc3JhdGguZGVcL3dwLWNvbnRlbnRcL3VwbG9hZHNcLzIwMjRcLzEyXC8xMy1Hb3NwZWwtUmV2dWUtMDktMjAyNC1zY2FsZWQuanBnIiwic2xpZGVzaG93IjoiNDk3MmExYSJ9\" href=\"https:\/\/www.evkirche-roesrath.de\/wp-content\/uploads\/2024\/12\/13-Gospel-Revue-09-2024-scaled.jpg\"><figure class=\"swiper-slide-inner\"><img class=\"swiper-slide-image swiper-lazy\" data-src=\"https:\/\/www.evkirche-roesrath.de\/wp-content\/uploads\/2024\/12\/13-Gospel-Revue-09-2024-768x512.jpg\" alt=\"\" \/><div class=\"swiper-lazy-preloader\"><\/div><\/figure><\/a><\/div><div class=\"swiper-slide\" role=\"group\" aria-roledescription=\"slide\" aria-label=\"14 von 15\"><a data-elementor-open-lightbox=\"yes\" data-elementor-lightbox-slideshow=\"4972a1a\" data-e-action-hash=\"#elementor-action%3Aaction%3Dlightbox%26settings%3DeyJpZCI6MjY2MTgsInVybCI6Imh0dHBzOlwvXC93d3cuZXZraXJjaGUtcm9lc3JhdGguZGVcL3dwLWNvbnRlbnRcL3VwbG9hZHNcLzIwMjRcLzEyXC8xNC1Hb3NwZWwtUmV2dWUtMDktMjAyNC1zY2FsZWQuanBnIiwic2xpZGVzaG93IjoiNDk3MmExYSJ9\" href=\"https:\/\/www.evkirche-roesrath.de\/wp-content\/uploads\/2024\/12\/14-Gospel-Revue-09-2024-scaled.jpg\"><figure class=\"swiper-slide-inner\"><img class=\"swiper-slide-image swiper-lazy\" data-src=\"https:\/\/www.evkirche-roesrath.de\/wp-content\/uploads\/2024\/12\/14-Gospel-Revue-09-2024-768x512.jpg\" alt=\"\" \/><div class=\"swiper-lazy-preloader\"><\/div><\/figure><\/a><\/div><div class=\"swiper-slide\" role=\"group\" aria-roledescription=\"slide\" aria-label=\"15 von 15\"><a data-elementor-open-lightbox=\"yes\" data-elementor-lightbox-slideshow=\"4972a1a\" data-e-action-hash=\"#elementor-action%3Aaction%3Dlightbox%26settings%3DeyJpZCI6MjY2MTksInVybCI6Imh0dHBzOlwvXC93d3cuZXZraXJjaGUtcm9lc3JhdGguZGVcL3dwLWNvbnRlbnRcL3VwbG9hZHNcLzIwMjRcLzEyXC8xNS1Hb3NwZWwtUmV2dWUtMDktMjAyNC1zY2FsZWQuanBnIiwic2xpZGVzaG93IjoiNDk3MmExYSJ9\" href=\"https:\/\/www.evkirche-roesrath.de\/wp-content\/uploads\/2024\/12\/15-Gospel-Revue-09-2024-scaled.jpg\"><figure class=\"swiper-slide-inner\"><img class=\"swiper-slide-image swiper-lazy\" data-src=\"https:\/\/www.evkirche-roesrath.de\/wp-content\/uploads\/2024\/12\/15-Gospel-Revue-09-2024-768x512.jpg\" alt=\"\" \/><div class=\"swiper-lazy-preloader\"><\/div><\/figure><\/a><\/div>\t\t\t<\/div>\n\t\t\t\t\t\t\t\t\t\t\t\t<div class=\"elementor-swiper-button elementor-swiper-button-prev\" role=\"button\" tabindex=\"0\">\n\t\t\t\t\t\t<i aria-hidden=\"true\" class=\"eicon-chevron-left\"><\/i>\t\t\t\t\t<\/div>\n\t\t\t\t\t<div class=\"elementor-swiper-button elementor-swiper-button-next\" role=\"button\" tabindex=\"0\">\n\t\t\t\t\t\t<i aria-hidden=\"true\" class=\"eicon-chevron-right\"><\/i>\t\t\t\t\t<\/div>\n\t\t\t\t\n\t\t\t\t\t\t\t\t\t<div class=\"swiper-pagination\"><\/div>\n\t\t\t\t\t\t\t\t\t<\/div>\n\t\t\t\t\t\t<\/div>\n\t\t\t\t<\/div>\n\t\t\t\t\t<\/div>\n\t\t<\/div>\n\t\t\t\t\t<\/div>\n\t\t<\/section>\n\t\t\t\t<\/div>\n\t\t ","protected":false},"excerpt":{"rendered":"<p>Sing mit! Komm zu uns! In den Farben des Regenbogens pr\u00e4sentiert sich der Gospelchor bei seinen Auftritten. Regelm\u00e4\u00dfig gestaltet der Chor besondere Gottesdienste in allen Gemeindebezirken und l\u00e4dt zu Gospelkonzerten <a class=\"more-link\" href=\"https:\/\/www.evkirche-roesrath.de\/index.php\/musik\/chormusik\/gospelchor\/\">weiterlesen \u2192<\/a><\/p>\n","protected":false},"author":2,"featured_media":0,"parent":12389,"menu_order":20,"comment_status":"closed","ping_status":"closed","template":"","meta":{"ngg_post_thumbnail":0,"footnotes":""},"class_list":["post-12498","page","type-page","status-publish","hentry"],"_links":{"self":[{"href":"https:\/\/www.evkirche-roesrath.de\/index.php\/wp-json\/wp\/v2\/pages\/12498","targetHints":{"allow":["GET"]}}],"collection":[{"href":"https:\/\/www.evkirche-roesrath.de\/index.php\/wp-json\/wp\/v2\/pages"}],"about":[{"href":"https:\/\/www.evkirche-roesrath.de\/index.php\/wp-json\/wp\/v2\/types\/page"}],"author":[{"embeddable":true,"href":"https:\/\/www.evkirche-roesrath.de\/index.php\/wp-json\/wp\/v2\/users\/2"}],"replies":[{"embeddable":true,"href":"https:\/\/www.evkirche-roesrath.de\/index.php\/wp-json\/wp\/v2\/comments?post=12498"}],"version-history":[{"count":8,"href":"https:\/\/www.evkirche-roesrath.de\/index.php\/wp-json\/wp\/v2\/pages\/12498\/revisions"}],"predecessor-version":[{"id":27986,"href":"https:\/\/www.evkirche-roesrath.de\/index.php\/wp-json\/wp\/v2\/pages\/12498\/revisions\/27986"}],"up":[{"embeddable":true,"href":"https:\/\/www.evkirche-roesrath.de\/index.php\/wp-json\/wp\/v2\/pages\/12389"}],"wp:attachment":[{"href":"https:\/\/www.evkirche-roesrath.de\/index.php\/wp-json\/wp\/v2\/media?parent=12498"}],"curies":[{"name":"wp","href":"https:\/\/api.w.org\/{rel}","templated":true}]}}