{"id":12394,"date":"2017-06-28T10:47:52","date_gmt":"2017-06-28T08:47:52","guid":{"rendered":"http:\/\/www.evkirche-roesrath.de\/?page_id=12394"},"modified":"2025-04-08T11:40:49","modified_gmt":"2025-04-08T09:40:49","slug":"foerderverein-kirchenmusik","status":"publish","type":"page","link":"https:\/\/www.evkirche-roesrath.de\/index.php\/musik\/foerderverein-kirchenmusik\/","title":{"rendered":"F\u00f6rderverein Kirchenmusik"},"content":{"rendered":"<p>Der \u201eVerein zur F\u00f6rderung der Kirchenmusik in der Gemeinde Volberg-Forsbach-R\u00f6srath e.V.\u201c wurde im Oktober 2003 zur Unterst\u00fctzung und F\u00f6rderung der kirchenmusikalischen Arbeit in unserer Gemeinde gegr\u00fcndet. Das Kapital erh\u00e4lt der F\u00f6rderverein durch gro\u00dfz\u00fcgige Spenden und \u00fcber 70 Mitgliedsbeitr\u00e4ge.<\/p>\n<p>Die Vielfalt der kirchenmusikalischen Arbeit erkennt man an den F\u00f6rderschwerpunkten:<\/p>\n<p><a href=\"https:\/\/www.evkirche-roesrath.de\/wp-content\/uploads\/2024\/10\/Screenshot-2024-10-11-172416.png\"><img fetchpriority=\"high\" decoding=\"async\" class=\"alignleft wp-image-26391 size-medium\" src=\"https:\/\/www.evkirche-roesrath.de\/wp-content\/uploads\/2024\/10\/Screenshot-2024-10-11-172416-189x300.png\" alt=\"\" width=\"189\" height=\"300\" \/><\/a><\/p>\n<ul>\n<li>Kinder- und Jugendarbeit<\/li>\n<li>Zusch\u00fcsse zu Konzertveranstaltungen<\/li>\n<li>Anschaffung von Auff\u00fchrungsmaterial (Noten)<\/li>\n<li>Anschaffung von technischen Ger\u00e4ten (Musikanlage, Beleuchtung, Notenst\u00e4nder)<\/li>\n<li>Zusch\u00fcsse zur Erhaltung der Musikinstrumente<\/li>\n<li>Workshops und Projekte<\/li>\n<li>Gastkonzerte<\/li>\n<\/ul>\n<p>Unterst\u00fctzen Sie uns mit Ihrer Spende!<br \/>\nVR-Bank eG Bergisch Gladbach<br \/>\n<strong>IBAN: DE03 3706 2600 1304 2610 10<br \/>\n<\/strong>BIC: GENODED1PAF<\/p>\n<div id=\"allcontainer\">\n<div id=\"content\">\n<div class=\"beitrag_content\">\n<h3><\/h3>\n<h3>Werden Sie Mitglied im F\u00f6rderverein!<\/h3>\n<p>in den Downloads finden Sie:<br \/>\n&#8211; unsere <a href=\"https:\/\/www.evkirche-roesrath.de\/wp-content\/uploads\/2024\/10\/Karte_Foerderverein_Sept_gelb_textfelder.pdf\" target=\"_blank\" rel=\"noopener\">Beitrittserkl\u00e4rung<\/a> mit ausf\u00fcllbaren Textfeldern als PDF<br \/>\n&#8211; eine <a href=\"https:\/\/www.evkirche-roesrath.de\/wp-content\/uploads\/2024\/10\/Karte_Foerderverein_Sept_gelb.pdf\" target=\"_blank\" rel=\"noopener\">Beitrittserkl\u00e4rung<\/a> zum Ausdrucken als PDF,<br \/>\n&#8211; die <a href=\"https:\/\/www.evkirche-roesrath.de\/wp-content\/uploads\/2022\/08\/Satzung_2022.pdf\">Satzung des F\u00f6rdervereins<\/a> als PDF<br \/>\n<!-- <a href=\"https:\/\/www.evkirche-roesrath.de\/wp-content\/uploads\/2022\/08\/FV-Beitrittserklaerung-2022-1.pdf\">Beitrittserkl\u00e4rung<\/a> als PDF und --><\/p>\n<\/div>\n<\/div>\n<\/div>\n<h3>Derzeit wird der Verein durch folgenden Vorstand gef\u00fchrt:<\/h3>\n<div id=\"allcontainer\">\n<div id=\"content\">\n<div class=\"beitrag_content\">\n<p>Gerald Breuninger (erster Vorsitzender)<br \/>\nDr.Christine Zander (zweite Vorsitzende)<br \/>\nBerenike Schultz (Schriftf\u00fchrerin)<br \/>\nDagmar Lotz (Schatzmeisterin)<br \/>\nBeisitzer des Vorstands sind laut Satzung die Kirchenmusikerin und<br \/>\nEva Engels (Presbyterin)\n<\/p><\/div>\n<\/div>\n<\/div>\n<p><strong>Kontakt:<\/strong><br \/>\nGerald Breuninger (1. Vorsitzender) Tel. +49 151 219 881 15<br \/>\n<a href=\"mailto:foerdervereinkirchenmusikvfr@gmail.com\">foerdervereinkirchenmusikvfr@gmail.com<\/a><\/p>\n ","protected":false},"excerpt":{"rendered":"<p>Der \u201eVerein zur F\u00f6rderung der Kirchenmusik in der Gemeinde Volberg-Forsbach-R\u00f6srath e.V.\u201c wurde im Oktober 2003 zur Unterst\u00fctzung und F\u00f6rderung der kirchenmusikalischen Arbeit in unserer Gemeinde gegr\u00fcndet. Das Kapital erh\u00e4lt der <a class=\"more-link\" href=\"https:\/\/www.evkirche-roesrath.de\/index.php\/musik\/foerderverein-kirchenmusik\/\">weiterlesen \u2192<\/a><\/p>\n","protected":false},"author":2,"featured_media":0,"parent":12337,"menu_order":5,"comment_status":"closed","ping_status":"closed","template":"","meta":{"ngg_post_thumbnail":0,"footnotes":""},"class_list":["post-12394","page","type-page","status-publish","hentry"],"_links":{"self":[{"href":"https:\/\/www.evkirche-roesrath.de\/index.php\/wp-json\/wp\/v2\/pages\/12394","targetHints":{"allow":["GET"]}}],"collection":[{"href":"https:\/\/www.evkirche-roesrath.de\/index.php\/wp-json\/wp\/v2\/pages"}],"about":[{"href":"https:\/\/www.evkirche-roesrath.de\/index.php\/wp-json\/wp\/v2\/types\/page"}],"author":[{"embeddable":true,"href":"https:\/\/www.evkirche-roesrath.de\/index.php\/wp-json\/wp\/v2\/users\/2"}],"replies":[{"embeddable":true,"href":"https:\/\/www.evkirche-roesrath.de\/index.php\/wp-json\/wp\/v2\/comments?post=12394"}],"version-history":[{"count":0,"href":"https:\/\/www.evkirche-roesrath.de\/index.php\/wp-json\/wp\/v2\/pages\/12394\/revisions"}],"up":[{"embeddable":true,"href":"https:\/\/www.evkirche-roesrath.de\/index.php\/wp-json\/wp\/v2\/pages\/12337"}],"wp:attachment":[{"href":"https:\/\/www.evkirche-roesrath.de\/index.php\/wp-json\/wp\/v2\/media?parent=12394"}],"curies":[{"name":"wp","href":"https:\/\/api.w.org\/{rel}","templated":true}]}}