{"id":12389,"date":"2017-06-28T10:46:50","date_gmt":"2017-06-28T08:46:50","guid":{"rendered":"http:\/\/www.evkirche-roesrath.de\/?page_id=12389"},"modified":"2025-06-20T16:10:25","modified_gmt":"2025-06-20T14:10:25","slug":"chormusik","status":"publish","type":"page","link":"https:\/\/www.evkirche-roesrath.de\/index.php\/musik\/chormusik\/","title":{"rendered":"Ch\u00f6re"},"content":{"rendered":"<div id=\"allcontainer\">\n<div id=\"content\">\n<div class=\"beitrag_content\">\n<p style=\"text-align: justify;\">In der Evangelischen Gemeinde Volberg-Forsbach-R\u00f6srath hat sich eine sehr lebendige Chorlandschaft entwickelt. Es gibt Angebote f\u00fcr alle Altersgruppen, an allen Gemeindezentren und mit verschiedenen musikalischen Schwerpunkten. Die Ch\u00f6re erfreuen sich einer gro\u00dfen Beliebtheit und pr\u00e4gen durch ihre Pr\u00e4sens die Gemeinde wesentlich mit.<\/p>\n<p style=\"text-align: justify;\">F\u00fcr alle Ch\u00f6re ist Kantorin Katharina Wulzinger unsere verantwortliche Ansprechpartnerin.<br \/>\nDer Seniorenchor z\u00e4hlt zur Seniorenarbeit in R\u00f6srath und wird von der S\u00e4ngerin Karna Bytnarowa geleitet.<\/p>\n<\/div>\n<div class=\"beitrag_content\">\n<p><strong>S\u00e4nger und S\u00e4ngerinnen gesucht!<br \/>\nWir freuen uns besonders \u00fcber M\u00c4NNERSTIMMEN!<\/strong><\/p>\n<p>Alle Musikgruppen sind jederzeit offen f\u00fcr Interessierte!<\/p>\n<\/div>\n<p id=\"kinderchor\"><strong>Kinder- und Jugendch\u00f6re<\/strong><br \/>\n<span style=\"color: #ff9900;\">freitags<\/span><br \/>\n15.30\u201316.10 Uhr | 4\u20136 Jahre | Zwergenchor<br \/>\n16.15\u201317.15 Uhr | 7\u201311 Jahre | Kinderchor<br \/>\n17.15\u201318.30 Uhr | ab 12 Jahre | Jugendchor<br \/>\nSaal unter der Evangelischen Vers\u00f6hnungskirche R\u00f6srath<br \/>\nHauptstr. 16, R\u00f6srath<\/p>\n<p id=\"kantorei\"><strong>Kantorei und Kammerchor<\/strong><br \/>\n<span style=\"color: #ff9900;\">dienstags<\/span><br \/>\n19.45\u201321.15 Uhr<br \/>\nSaal unter der Evangelischen Vers\u00f6hnungskirche R\u00f6srath<br \/>\nHauptstr. 16, R\u00f6srath<br \/>\nDie Kantoreiproben sind offen f\u00fcr alle.<br \/>\nZur Aufnahme in den Kammerchor z\u00e4hlt ein kurzes Vorsingen nach einigen Proben.<\/p>\n<p id=\"gospelchor\"><strong>Gospelchor<\/strong><br \/>\n<span style=\"color: #ff9900;\">mittwochs<\/span><br \/>\n19.30\u201321.00 Uhr<br \/>\nSaal unter der Evangelischen Vers\u00f6hnungskirche R\u00f6srath<br \/>\nHauptstr. 16, R\u00f6srath<\/p>\n<p id=\"seniorenchor\"><strong>Seniorenchor<\/strong><br \/>\nSaal unter der Evangelischen Vers\u00f6hnungskirche R\u00f6srath<br \/>\nHauptstr. 16, R\u00f6srath<br \/>\nKarla Bytnarowa | Leitung<\/p>\n<p>Anfragen an <a href=\"mailto:silke.blatt@ekir.de\">Silke Blatt<\/a><\/p>\n<p><!--\n\n\n<p id=\"kammerorchester\"><strong>Kammerorchester<\/strong>\n<span style=\"color: #ff9900;\">samstags nach Absprache<\/span>\nSabina Correa-Hamsen | Leitung\n<a href=\"mailto:sabine.dascorrea@web.de\">sabine.dascorrea@web.de<\/a><\/p>\n\n\n--><\/p>\n<hr\/>\n<p><!--\n\n\n<h3>N\u00e4chste Konzerte und Auftritte der Ch\u00f6re<\/h3>\n\n\n\n\n<hr\/>\n\n\n-->\n<\/div>\n<\/div>\n<p><strong>Kantorat<br \/>\n<\/strong>Kantorin Katharina Wulzinger<br \/>\nB\u00fcro: Volberg 4, 51503 R\u00f6srath<br \/>\n0176-87 999 716<br \/>\n<a href=\"mailto:katharina.wulzinger@ekir.de\">katharina.wulzinger@ekir.de<\/a><\/p>\n ","protected":false},"excerpt":{"rendered":"<p>In der Evangelischen Gemeinde Volberg-Forsbach-R\u00f6srath hat sich eine sehr lebendige Chorlandschaft entwickelt. Es gibt Angebote f\u00fcr alle Altersgruppen, an allen Gemeindezentren und mit verschiedenen musikalischen Schwerpunkten. Die Ch\u00f6re erfreuen sich <a class=\"more-link\" href=\"https:\/\/www.evkirche-roesrath.de\/index.php\/musik\/chormusik\/\">weiterlesen \u2192<\/a><\/p>\n","protected":false},"author":2,"featured_media":0,"parent":12337,"menu_order":2,"comment_status":"closed","ping_status":"closed","template":"","meta":{"ngg_post_thumbnail":0,"footnotes":""},"class_list":["post-12389","page","type-page","status-publish","hentry"],"_links":{"self":[{"href":"https:\/\/www.evkirche-roesrath.de\/index.php\/wp-json\/wp\/v2\/pages\/12389","targetHints":{"allow":["GET"]}}],"collection":[{"href":"https:\/\/www.evkirche-roesrath.de\/index.php\/wp-json\/wp\/v2\/pages"}],"about":[{"href":"https:\/\/www.evkirche-roesrath.de\/index.php\/wp-json\/wp\/v2\/types\/page"}],"author":[{"embeddable":true,"href":"https:\/\/www.evkirche-roesrath.de\/index.php\/wp-json\/wp\/v2\/users\/2"}],"replies":[{"embeddable":true,"href":"https:\/\/www.evkirche-roesrath.de\/index.php\/wp-json\/wp\/v2\/comments?post=12389"}],"version-history":[{"count":4,"href":"https:\/\/www.evkirche-roesrath.de\/index.php\/wp-json\/wp\/v2\/pages\/12389\/revisions"}],"predecessor-version":[{"id":27406,"href":"https:\/\/www.evkirche-roesrath.de\/index.php\/wp-json\/wp\/v2\/pages\/12389\/revisions\/27406"}],"up":[{"embeddable":true,"href":"https:\/\/www.evkirche-roesrath.de\/index.php\/wp-json\/wp\/v2\/pages\/12337"}],"wp:attachment":[{"href":"https:\/\/www.evkirche-roesrath.de\/index.php\/wp-json\/wp\/v2\/media?parent=12389"}],"curies":[{"name":"wp","href":"https:\/\/api.w.org\/{rel}","templated":true}]}}