{"id":12385,"date":"2017-06-28T10:45:54","date_gmt":"2017-06-28T08:45:54","guid":{"rendered":"http:\/\/www.evkirche-roesrath.de\/?page_id=12385"},"modified":"2025-03-17T11:56:22","modified_gmt":"2025-03-17T10:56:22","slug":"neues-roesrather-kammerorchester","status":"publish","type":"page","link":"https:\/\/www.evkirche-roesrath.de\/index.php\/musik\/neues-roesrather-kammerorchester\/","title":{"rendered":"Kammerorchester"},"content":{"rendered":"<h2>Das Kammerorchester hat sich leider zum M\u00e4rz 2025 aufgel\u00f6st<\/2><br \/>\n<strong>Je nach personeller Situation wird es sich zu einem sp\u00e4teren Zeitpunkt wieder neu gr\u00fcnden.<\/strong><br \/>\n<!--\n\n\n<div id=\"allcontainer\">\n\n\n<div id=\"content\">\n\n\n<div class=\"beitrag_content\">\n\n\n<p style=\"text-align: justify;\">Seit Herbst 2013 gibt es in unserer Kirchengemeinde ein kleines aber feines <b>Streichorchester.<\/b> In diesem Ensemble spielen Jugendliche mit Erwachsenen unter der Leitung der Geigerin Sabine Correa-Hamsen und des Cellisten Andreas Koch.<\/p>\n\n\n\n\n\n<div id=\"allcontainer\">\n\n\n<div id=\"content\">\n\n\n<div class=\"beitrag_content\">\n\n\n<p style=\"text-align: justify;\">Keiner ist Profi, der Spa\u00df am gemeinsamen Musizieren steht im Vordergrund. Trotzdem wird hart gearbeitet und dem Orchester gelangen schon etliche beeindruckende Konzerte, zum Teil gemeinsam mit den Ch\u00f6ren unserer Gemeinde.<\/p>\n\n\n<strong><span style=\"color: #ff6600;\">Kammerorchester<\/span>\n<\/strong>samstags nach Absprache\nSaal unter der Evangelischen Vers\u00f6hnungskirche R\u00f6srath\nHauptstr. 16, R\u00f6srath\nLeitung | Sabina Correa-Hamsen\n<a href=\"mailto:sabine.dascorrea@web.de\">sabine.dascorrea@web.de<\/a>\n\n\n<hr\/>\n\n\n\n\n<h3>Orchesterkonzert<\/h3>\n\n\n<strong>Sonntag | 16. Februar | 17.00 Uhr<\/strong>\n<a href=\"https:\/\/maps.app.goo.gl\/TdEN5WFdFSTpKxGx8\" rel=\"noopener\" target=\"_blank\">Christuskirche Forsbach, Bensberger Str. 238, R\u00f6srath<\/a>\n\nWerke von Mozart, Marcello u.a.\n\nKammerorchester der Ev. Gemeinde Volberg-Forsbach-R\u00f6srath\nKatrin Jones | Oboe\nAndreas Koch | Sabine Correa-Hamsen | Leitung\n\n<strong>Eintritt frei!<\/strong>\n\n\n<hr\/>\n\n\n<strong>Kantorat\n<\/strong>Kantorin Katharina Wulzinger\nB\u00fcro: Volberg 4, 51503 R\u00f6srath\n0176-87 999 716\n<a href=\"mailto:katharina.wulzinger@ekir.de\">katharina.wulzinger@ekir.de<\/a>\n\n<\/div>\n\n\n<\/div>\n\n\n<\/div>\n\n\n<\/div>\n\n\n<\/div>\n\n\n<\/div>\n\n\n--><\/p>\n ","protected":false},"excerpt":{"rendered":"<p>Das Kammerorchester hat sich leider zum M\u00e4rz 2025 aufgel\u00f6st Je nach personeller Situation wird es sich zu einem sp\u00e4teren Zeitpunkt wieder neu gr\u00fcnden.<\/p>\n","protected":false},"author":2,"featured_media":0,"parent":12337,"menu_order":4,"comment_status":"closed","ping_status":"closed","template":"","meta":{"ngg_post_thumbnail":0,"footnotes":""},"class_list":["post-12385","page","type-page","status-publish","hentry"],"_links":{"self":[{"href":"https:\/\/www.evkirche-roesrath.de\/index.php\/wp-json\/wp\/v2\/pages\/12385","targetHints":{"allow":["GET"]}}],"collection":[{"href":"https:\/\/www.evkirche-roesrath.de\/index.php\/wp-json\/wp\/v2\/pages"}],"about":[{"href":"https:\/\/www.evkirche-roesrath.de\/index.php\/wp-json\/wp\/v2\/types\/page"}],"author":[{"embeddable":true,"href":"https:\/\/www.evkirche-roesrath.de\/index.php\/wp-json\/wp\/v2\/users\/2"}],"replies":[{"embeddable":true,"href":"https:\/\/www.evkirche-roesrath.de\/index.php\/wp-json\/wp\/v2\/comments?post=12385"}],"version-history":[{"count":0,"href":"https:\/\/www.evkirche-roesrath.de\/index.php\/wp-json\/wp\/v2\/pages\/12385\/revisions"}],"up":[{"embeddable":true,"href":"https:\/\/www.evkirche-roesrath.de\/index.php\/wp-json\/wp\/v2\/pages\/12337"}],"wp:attachment":[{"href":"https:\/\/www.evkirche-roesrath.de\/index.php\/wp-json\/wp\/v2\/media?parent=12385"}],"curies":[{"name":"wp","href":"https:\/\/api.w.org\/{rel}","templated":true}]}}