{"id":12323,"date":"2017-06-26T16:39:44","date_gmt":"2017-06-26T14:39:44","guid":{"rendered":"http:\/\/www.evkirche-roesrath.de\/?page_id=12323"},"modified":"2017-09-23T15:42:36","modified_gmt":"2017-09-23T13:42:36","slug":"roesrather-fluechtlingshilfe","status":"publish","type":"page","link":"https:\/\/www.evkirche-roesrath.de\/index.php\/gemeindeeinrichtungen\/roesrather-fluechtlingshilfe\/","title":{"rendered":"R\u00f6srather Fl\u00fcchtlingshilfe"},"content":{"rendered":"<p><strong><br \/>\nDie <a href=\"http:\/\/fluechtlingshilfe-roesrath.de\/\">Fl\u00fcchtlingshilfe-R\u00f6srath<\/a> hat eine eigene aktuelle Homepage, verantwortet von der kath. Nachbargemeinde.<br \/>\nWir empfehlen Ihnen diese Seite f\u00fcr weitere Informationen.<\/strong><\/p>\n<p>&#8212;&#8212;&#8212;&#8212;&#8212;&#8212;&#8211;<\/p>\n<p><strong>Kennen Sie das <a href=\"http:\/\/www1.wdr.de\/nachrichten\/wdrforyou\/wdr-for-you-100.html\">Angebot des Westdeutschen Rundfunks &#8222;WDRforyou&#8220;<\/a> zur Information f\u00fcr Fl\u00fcchtlinge und Einheimische in Arabisch, Persisch, Englisch und Deutsch?<\/strong><\/p>\n<p>Auch f\u00fcr Helfer sind die Seiten interessant.<br \/>\nEs geht um Themen wie<\/p>\n<ul>\n<li>F\u00fchrerschein<\/li>\n<li>Verh\u00e4ltnis von M\u00e4nnern und Frauen im Beruf<\/li>\n<li>Bankkonto in Deutschland<\/li>\n<li>Verhaltensregeln, wenn man eingeladen wird<\/li>\n<li>Bus fahren<\/li>\n<li>Deutsch lernen + unterrichten und Deutsch im Netz<\/li>\n<li>Toilettenbenutzung<\/li>\n<li>Schulbesuch in Deutschland und vieles mehr&#8230;<\/li>\n<\/ul>\n<p>Auch tagesaktuelle Nachrichten sind hier zu finden, ebenso wie Programme f\u00fcr Kinder.<br \/>\nBitte geben Sie diese Adresse an Fl\u00fcchtlinge weiter.<br \/>\nAn dieser Seite arbeiten medienerfahrene Fl\u00fcchtlinge und solche, die schon l\u00e4nger hier wohnen, mit Redaktionsmitgliedern zusammen.<br \/>\n<strong>&#8212;&#8212;&#8212;&#8212;&#8212;&#8212;&#8211;<\/strong><\/p>\n<h3><a href=\"http:\/\/www.brot-fuer-die-welt.de\/weltgemeinde\/gemeinde\/fluechtlinge.html\">&#8222;Brot f\u00fcr de Welt&#8220;, Diakonie-Katastrophenhilfe und Diakonie<\/a><\/h3>\n<h5>haben in einer Homepage anschaulich die <a href=\"http:\/\/www.brot-fuer-die-welt.de\/weltgemeinde\/gemeinde\/fluechtlinge.html\">Ursachen f\u00fcr Flucht und Vertreibung<\/a> zusammengefasst und zeigen Hilfsm\u00f6glichkeiten auf.<\/h5>\n ","protected":false},"excerpt":{"rendered":"<p>Die Fl\u00fcchtlingshilfe-R\u00f6srath hat eine eigene aktuelle Homepage, verantwortet von der kath. Nachbargemeinde. Wir empfehlen Ihnen diese Seite f\u00fcr weitere Informationen. &#8212;&#8212;&#8212;&#8212;&#8212;&#8212;&#8211; Kennen Sie das Angebot des Westdeutschen Rundfunks &#8222;WDRforyou&#8220; zur <a class=\"more-link\" href=\"https:\/\/www.evkirche-roesrath.de\/index.php\/gemeindeeinrichtungen\/roesrather-fluechtlingshilfe\/\">weiterlesen \u2192<\/a><\/p>\n","protected":false},"author":2,"featured_media":0,"parent":12271,"menu_order":10,"comment_status":"closed","ping_status":"closed","template":"","meta":{"ngg_post_thumbnail":0,"footnotes":""},"class_list":["post-12323","page","type-page","status-publish","hentry"],"_links":{"self":[{"href":"https:\/\/www.evkirche-roesrath.de\/index.php\/wp-json\/wp\/v2\/pages\/12323","targetHints":{"allow":["GET"]}}],"collection":[{"href":"https:\/\/www.evkirche-roesrath.de\/index.php\/wp-json\/wp\/v2\/pages"}],"about":[{"href":"https:\/\/www.evkirche-roesrath.de\/index.php\/wp-json\/wp\/v2\/types\/page"}],"author":[{"embeddable":true,"href":"https:\/\/www.evkirche-roesrath.de\/index.php\/wp-json\/wp\/v2\/users\/2"}],"replies":[{"embeddable":true,"href":"https:\/\/www.evkirche-roesrath.de\/index.php\/wp-json\/wp\/v2\/comments?post=12323"}],"version-history":[{"count":0,"href":"https:\/\/www.evkirche-roesrath.de\/index.php\/wp-json\/wp\/v2\/pages\/12323\/revisions"}],"up":[{"embeddable":true,"href":"https:\/\/www.evkirche-roesrath.de\/index.php\/wp-json\/wp\/v2\/pages\/12271"}],"wp:attachment":[{"href":"https:\/\/www.evkirche-roesrath.de\/index.php\/wp-json\/wp\/v2\/media?parent=12323"}],"curies":[{"name":"wp","href":"https:\/\/api.w.org\/{rel}","templated":true}]}}