{"id":12317,"date":"2017-06-26T16:35:36","date_gmt":"2017-06-26T14:35:36","guid":{"rendered":"http:\/\/www.evkirche-roesrath.de\/?page_id=12317"},"modified":"2025-03-24T11:43:25","modified_gmt":"2025-03-24T10:43:25","slug":"die-diakoniesozialstation","status":"publish","type":"page","link":"https:\/\/www.evkirche-roesrath.de\/index.php\/gemeindeeinrichtungen\/die-diakoniesozialstation\/","title":{"rendered":"Diakoniesozialstation"},"content":{"rendered":"<h4>Diakonie-Sozialstation R\u00f6srath gemeinn\u00fctzige GmbH<\/h4>\n<div id=\"attachment_14330\" style=\"width: 160px\" class=\"wp-caption alignleft\"><img decoding=\"async\" aria-describedby=\"caption-attachment-14330\" class=\"wp-image-14330 size-thumbnail\" src=\"https:\/\/www.evkirche-roesrath.de\/wp-content\/uploads\/2017\/09\/Diakoniestation20005-Schild-web1-150x150.jpg\" alt=\"\" width=\"150\" height=\"150\" srcset=\"https:\/\/www.evkirche-roesrath.de\/wp-content\/uploads\/2017\/09\/Diakoniestation20005-Schild-web1-150x150.jpg 150w, https:\/\/www.evkirche-roesrath.de\/wp-content\/uploads\/2017\/09\/Diakoniestation20005-Schild-web1-32x32.jpg 32w\" sizes=\"(max-width: 150px) 100vw, 150px\" \/><p id=\"caption-attachment-14330\" class=\"wp-caption-text\"><em>Bild: J. Layer<\/em><\/p><\/div>\n<p>&nbsp;<\/p>\n<p><strong>Der Weg zu uns:<\/strong><br \/>\nHauptstr. 204 (Haus Franken), 51503 R\u00f6srath-Hoffnungsthal<br \/>\nTel. 02205-900 77 17 Fax 02205-900 77 25<br \/>\nE-Mail <a href=\"mailto:info@diakonie-roesrath.de\">info@diakonie-roesrath.de<\/a><br \/>\nB\u00fcrozeiten: Mo. &#8211; Fr. 07.00 &#8211; 17.00 Uhr<\/p>\n<p>&nbsp;<\/p>\n<p><strong>&#8212;&#8212;<\/strong><\/p>\n<h4>Was wir f\u00fcr Sie tun k\u00f6nnen:<\/h4>\n<p>Sie ben\u00f6tigen ambulante Pflege &#8211; altersbedingt, nach einem Krankenhaus-Aufenthalt oder wegen einer Behinderung?<br \/>\nSie ben\u00f6tigen Hilfe im Haushalt, in der Familie oder bei Ihrer Lebensgestaltung?<br \/>\nSie w\u00fcnschen regelm\u00e4\u00dfige Mahlzeitenversorgung a la carte oder Medikamentenversorgung?<\/p>\n<p>In der Stadt R\u00f6srath und deren Randgebieten hilft Ihnen das Team der <strong>Diakonie-Sozialstation R\u00f6srath<\/strong>!<\/p>\n<p><strong>&#8212;&#8212;<\/strong><\/p>\n<h4>Unsere Angebote und Leistungen im Einzelnen:<\/h4>\n<p><\/p>\n<ul>\n<li><strong><a href=\"https:\/\/www.evkirche-roesrath.de\/index.php\/gemeindeeinrichtungen\/die-diakoniesozialstation\/unser-leitbild\/\">Unser Leitbild<\/a><\/strong><\/li>\n<li><strong><a href=\"https:\/\/www.evkirche-roesrath.de\/index.php\/gemeindeeinrichtungen\/die-diakoniesozialstation\/beratung-und-hilfe\/\">Beratung und Hilfe<\/a><\/strong><\/li>\n<li><strong><a href=\"https:\/\/www.evkirche-roesrath.de\/index.php\/gemeindeeinrichtungen\/die-diakoniesozialstation\/mobiler-menueservice\/\">Mobiler Men\u00fcservice<\/a><\/strong><\/li>\n<li><strong><a href=\"https:\/\/www.evkirche-roesrath.de\/index.php\/gemeindeeinrichtungen\/die-diakoniesozialstation\/haeusliche-pflege\/\">H\u00e4usliche Pflege<\/a><\/strong><\/li>\n<li><strong><a href=\"https:\/\/www.evkirche-roesrath.de\/index.php\/gemeindeeinrichtungen\/die-diakoniesozialstation\/unterstuetzung-zuhause\/\">Unterst\u00fctzung Zuhause<\/a><\/strong><\/li>\n<li><strong><a href=\"https:\/\/www.evkirche-roesrath.de\/index.php\/gemeindeeinrichtungen\/die-diakoniesozialstation\/unterstuetzung-angehoeriger\/\">Unterst\u00fctzung Angeh\u00f6riger<\/a><\/strong><\/li>\n<li><strong><a href=\"https:\/\/www.evkirche-roesrath.de\/index.php\/gemeindeeinrichtungen\/die-diakoniesozialstation\/betreuungsangebote-fuer-demenzerkrankte\/\">Betreuungsangebote f\u00fcr Demenzerkrankte<\/a><\/strong><\/li>\n<li><strong><a href=\"https:\/\/www.evkirche-roesrath.de\/index.php\/gemeindeeinrichtungen\/die-diakoniesozialstation\/die-demenz-wg-forsbacher-hof\/\">Die Demenz-WG &#8222;Forsbacher Hof&#8220;<\/a><\/strong><\/li>\n<li><strong><a href=\"https:\/\/www.evkirche-roesrath.de\/index.php\/gemeindeeinrichtungen\/die-diakoniesozialstation\/stellenanzeige-diakonie\/\">Stellenangebote der Diakonie<\/a><\/strong><\/li>\n<li><strong><a href=\"https:\/\/www.evkirche-roesrath.de\/index.php\/gemeindeeinrichtungen\/die-diakoniesozialstation\/diakonie-depesche\/\">Diakonie-Depesche<\/a><\/strong><\/li>\n<\/ul>\n ","protected":false},"excerpt":{"rendered":"<p>Diakonie-Sozialstation R\u00f6srath gemeinn\u00fctzige GmbH &nbsp; Der Weg zu uns: Hauptstr. 204 (Haus Franken), 51503 R\u00f6srath-Hoffnungsthal Tel. 02205-900 77 17 Fax 02205-900 77 25 E-Mail info@diakonie-roesrath.de B\u00fcrozeiten: Mo. &#8211; Fr. 07.00 <a class=\"more-link\" href=\"https:\/\/www.evkirche-roesrath.de\/index.php\/gemeindeeinrichtungen\/die-diakoniesozialstation\/\">weiterlesen \u2192<\/a><\/p>\n","protected":false},"author":2,"featured_media":0,"parent":12271,"menu_order":5,"comment_status":"closed","ping_status":"closed","template":"","meta":{"ngg_post_thumbnail":0,"footnotes":""},"class_list":["post-12317","page","type-page","status-publish","hentry"],"_links":{"self":[{"href":"https:\/\/www.evkirche-roesrath.de\/index.php\/wp-json\/wp\/v2\/pages\/12317","targetHints":{"allow":["GET"]}}],"collection":[{"href":"https:\/\/www.evkirche-roesrath.de\/index.php\/wp-json\/wp\/v2\/pages"}],"about":[{"href":"https:\/\/www.evkirche-roesrath.de\/index.php\/wp-json\/wp\/v2\/types\/page"}],"author":[{"embeddable":true,"href":"https:\/\/www.evkirche-roesrath.de\/index.php\/wp-json\/wp\/v2\/users\/2"}],"replies":[{"embeddable":true,"href":"https:\/\/www.evkirche-roesrath.de\/index.php\/wp-json\/wp\/v2\/comments?post=12317"}],"version-history":[{"count":0,"href":"https:\/\/www.evkirche-roesrath.de\/index.php\/wp-json\/wp\/v2\/pages\/12317\/revisions"}],"up":[{"embeddable":true,"href":"https:\/\/www.evkirche-roesrath.de\/index.php\/wp-json\/wp\/v2\/pages\/12271"}],"wp:attachment":[{"href":"https:\/\/www.evkirche-roesrath.de\/index.php\/wp-json\/wp\/v2\/media?parent=12317"}],"curies":[{"name":"wp","href":"https:\/\/api.w.org\/{rel}","templated":true}]}}