{"id":12313,"date":"2017-06-26T16:34:25","date_gmt":"2017-06-26T14:34:25","guid":{"rendered":"http:\/\/www.evkirche-roesrath.de\/?page_id=12313"},"modified":"2026-03-06T12:12:14","modified_gmt":"2026-03-06T11:12:14","slug":"begegnungszentrum-50","status":"publish","type":"page","link":"https:\/\/www.evkirche-roesrath.de\/index.php\/gemeindeeinrichtungen\/begegnungszentrum-50\/","title":{"rendered":"Begegnungszentrum Plus"},"content":{"rendered":"<p><b>An Interessenten aus R\u00f6srath und Umgebung<\/b><\/p>\n<p>Seit 1993 unterh\u00e4lt die Ev. Gemeinde Volberg-Forsbach-R\u00f6srath ein Begegnungszentrum f\u00fcr Erwachsene ab 50 Jahren in den R\u00e4umlichkeiten der <a href=\"https:\/\/maps.app.goo.gl\/nu3hMa93aaovH8iw5\" target=\"_blank\" rel=\"noopener\">Vers\u00f6hnungskirche (Hauptstr. 16) in R\u00f6srath<\/a>. Von montags bis freitags finden hier unterschiedliche Veranstaltungen statt, die Gelegenheit zu Kommunikation, Freizeitgestaltung, Information und Bildung geben.<br \/>\nDas Zentrum ist daneben ein Ort, wo b\u00fcrgerschaftliches Engagement eingebracht werden kann. Verschiedene Serviceleistungen runden das Angebot ab.<\/p>\n<p>Alle Angebote richten sich unabh\u00e4ngig von der Konfession an alle B\u00fcrger und B\u00fcrgerinnen in und um R\u00f6srath.<\/p>\n<hr>\n<p><!--\n\n\n<h3>Das Programm von 50+ auf Tour und besondere Veranstaltungen f\u00fcr das Jahr 2025.<\/h3>\n\n\n--><\/p>\n<h2>Abholdienst<\/h2>\n<p>Falls Sie den Abholdienst f\u00fcr eine Fahrt zum Seniorenclub in Anspruch nehmen m\u00f6chten, melden Sie sich bitte mittwochs zwischen 09:00 Uhr und 12:00 Uhr an unter der <strong>Telefon-Nummer 02205 7419<\/strong> (Anrufbeantworter).<\/p>\n<h2>Programm des Seniorenclubs<\/h2>\n<p><strong>Jeden Mittwoch um 15:00 Uhr<\/strong> im Gemeindesaal der <a href=\"https:\/\/maps.app.goo.gl\/wgPk8JoabtD33UTV8\" target=\"_blank\" rel=\"noopener\">Vers\u00f6hnungskirche R\u00f6srath<\/a><\/p>\n<h3>M\u00e4rz bis Mai 2026<\/h3>\n<table>\n<tbody>\n<tr>\n<td> <\/td>\n<td><strong>M\u00e4rz<\/strong><\/td>\n<td> <\/td>\n<\/tr>\n<tr>\n<td>04.03.<\/td>\n<td>15.00 Uhr<\/td>\n<td>Spielen \/ Erz\u00e4hlen<\/td>\n<\/tr>\n<tr>\n<td>11.03.<\/td>\n<td>15.00 Uhr<\/td>\n<td>B\u00fcchervorstellung mit Fr. Rusch<\/td>\n<\/tr>\n<tr>\n<td>18.03.<\/td>\n<td>15.00 Uhr<\/td>\n<td>Andacht<\/td>\n<\/tr>\n<tr>\n<td>25.03.<\/td>\n<td>15.00 Uhr<\/td>\n<td>Bingo<\/td>\n<\/tr>\n<tr>\n<td> <\/td>\n<td><strong>April<\/strong><\/td>\n<td> <\/td>\n<\/tr>\n<tr>\n<td>01.04.<\/td>\n<td>15.00 Uhr<\/td>\n<td>Andacht<\/td>\n<\/tr>\n<tr>\n<td>08.04.<\/td>\n<td>15.00 Uhr<\/td>\n<td>Spielen \/ Erz\u00e4hlen<\/td>\n<\/tr>\n<tr>\n<td>15.04.<\/td>\n<td>15.00 Uhr<\/td>\n<td>Fit mit Marlene<\/td>\n<\/tr>\n<tr>\n<td>22.04.<\/td>\n<td>15.00 Uhr<\/td>\n<td>Taschengeldb\u00f6rse<\/td>\n<\/tr>\n<tr>\n<td>29.04.<\/td>\n<td>15.00 Uhr<\/td>\n<td>Kino Nachmittag<\/td>\n<\/tr>\n<tr>\n<td> <\/td>\n<td><strong>Mai<\/strong><\/td>\n<td> <\/td>\n<\/tr>\n<tr>\n<td>06.05.<\/td>\n<td>15.00 Uhr<\/td>\n<td>Andacht<\/td>\n<\/tr>\n<tr>\n<td>13.05.<\/td>\n<td>15.00 Uhr<\/td>\n<td>Singen mit Karla<\/td>\n<\/tr>\n<tr>\n<td><strong>19.05.<\/strong><\/td>\n<td><strong>10.00 Uhr<\/strong><\/td>\n<td>Ausflug nach Monschau<\/td>\n<\/tr>\n<tr>\n<td><strong>20.05.<\/strong><\/td>\n<td>&#8212;<\/td>\n<td><strong>kein Club<\/strong><\/td>\n<\/tr>\n<tr>\n<td>28.05.<\/td>\n<td>15.00 Uhr<\/td>\n<td>Spielen \/ Erz\u00e4hlen<\/td>\n<\/tr>\n<\/tbody>\n<\/table>\n<p><strong>Weitere Termine sind in Planung.<\/strong><\/p>\n<p>Leitung: <strong>W. Bellgardt, S. Blatt<\/strong><\/p>\n<p><strong>Anmeldung erforderlich bei<\/strong><br \/>\nDiakonin Silke Blatt, Tel.-Nr. 02205\/7618, Mobil 01520 470 67 24<br \/>\n<a href=\"mailto:silke.blatt@ekir.de\" target=\"_blank\" rel=\"noopener\">silke.blatt@ekir.de<\/a><\/p>\n<hr>\n<h2>Abholdienst<\/h2>\n<p>Falls Sie den Abholdienst f\u00fcr eine Fahrt zum Seniorenclub in Anspruch nehmen m\u00f6chten, <strong>melden Sie sich bitte <u>Mittwochs, zwischen 09:00 Uhr und 12:00 Uhr<\/u><\/strong> an unter der <strong>Telefonnummer 02205 7419<\/strong> (Anrufbeantworter)<\/p>\n<hr>\n<p><strong>Unsere Leistungen, unser Programm:<\/strong><\/p>\n<p><strong><a>Bildung, Kultur, Kreatives<\/a><\/strong><\/p>\n<p><b>In R\u00f6srath:<\/b><br \/>\nMontag bis Freitag: Computerkurse f\u00fcr Anf\u00e4nger und Fortgeschrittene<br \/>\nMontag: Ged\u00e4chtnistraining<br \/>\nDienstag: Theatergruppe<br \/>\nMittwoch: Doppelkopf (jeden Mittwoch)<br \/>\nDonnerstag: Malworkshop<br \/>\nDonnerstag: Gruppe Kreativ (auf Anfrage)<br \/>\nDonnerstag: Ged\u00e4chtnistraining<br \/>\nSamstag: Bob Ross Landschaftsmalerei (ein Termin\/Quartal, auf Anfrage)<\/p>\n<hr>\n<p><a><b><\/b><strong>Sport und Bewegung<\/strong><\/a><\/p>\n<p><b>In R\u00f6srath:<\/b><br \/>\nMontag: Wanderclub<br \/>\nMittwoch: Tai Chi-Kurs f\u00fcr Anf\u00e4nger und Fortgeschrittene, vormittags<br \/>\nDonnerstag: Qigong<br \/>\nDonnerstag: Tai Chi-Kurs<br \/>\nFreitag: Gymnastik<\/p>\n<hr>\n<p><a><b>Geselligkeit, Information und Freizeitgestaltung<\/b><\/a><\/p>\n<p><b>In R\u00f6srath:<\/b><br \/>\nDienstag: Seniorenchor<br \/>\nMittwoch: Seniorenclub mit jeweils unterschiedlichem Programm,<br \/>\ndazu mit f\u00fcnf Festen im Jahr<\/p>\n<hr>\n<p><b><a>Ausfl\u00fcge<\/a><\/b><\/p>\n<p>Pro Jahr finden im Rahmen des Seniorenclubs vier bis f\u00fcnf Ausfl\u00fcge statt, die in der Mehrheit Besichtigungen beinhalten.<\/p>\n<p><strong>Plus auf Tour<\/strong><\/p>\n<p>10-12 Touren pro Jahr (Museumsf\u00fchrungen, Betriebsf\u00fchrungen u.\u00e4.)<\/p>\n<p>3 Tagesausfl\u00fcge \/ Jahr<\/p>\n<p><b>Serviceleistungen:<\/b> <b>Internet-Caf\u00e9 <\/b>montags 9.00-12.30 Uhr, dienstags 14.00-17.30 Uhr.<br \/>\nF\u00fcr fachkundige Betreuung beim Surfen und Arbeiten ist gesorgt.<\/p>\n<p><b>Fahrdienst zum Seniorenkino in Bensberg<\/b> an jedem 3. Dienstag im Monat<\/p>\n<hr>\n<h5>B\u00fcrgerschaftliches Engagement:<\/h5>\n<p>Sie m\u00f6chten einen Teil Ihrer Zeit damit verbringen, sich f\u00fcr andere zu engagieren?<br \/>\nOder Sie haben bestimmte Interessen und suchen daf\u00fcr Gesellschaft, Mitstreiter, Gleichgesinnte?<br \/>\nMelden Sie sich mit Ihren W\u00fcnschen und werden Sie bei uns t\u00e4tig oder lassen sich weiter vermitteln.<\/p>\n<h5>Sie m\u00f6chten sich f\u00fcr eine Gruppe oder einen Kurs anmelden?<br \/>\nOder haben Sie noch Fragen oder Anregungen?<\/h5>\n<p>Ich freue mich, wenn Sie mit mir in Kontakt treten.<\/p>\n<p>Diakonin Silke Blatt<br \/>\nTel. 02205\/7618, Mobil 01520 470 67 24, E-Mail: <a href=\"mailto:silke.blatt@ekir.de\">silke.blatt@ekir.de<\/a><\/p>\n ","protected":false},"excerpt":{"rendered":"<p>An Interessenten aus R\u00f6srath und Umgebung Seit 1993 unterh\u00e4lt die Ev. Gemeinde Volberg-Forsbach-R\u00f6srath ein Begegnungszentrum f\u00fcr Erwachsene ab 50 Jahren in den R\u00e4umlichkeiten der Vers\u00f6hnungskirche (Hauptstr. 16) in R\u00f6srath. Von <a class=\"more-link\" href=\"https:\/\/www.evkirche-roesrath.de\/index.php\/gemeindeeinrichtungen\/begegnungszentrum-50\/\">weiterlesen \u2192<\/a><\/p>\n","protected":false},"author":2,"featured_media":0,"parent":12271,"menu_order":6,"comment_status":"closed","ping_status":"closed","template":"","meta":{"ngg_post_thumbnail":0,"footnotes":""},"class_list":["post-12313","page","type-page","status-publish","hentry"],"_links":{"self":[{"href":"https:\/\/www.evkirche-roesrath.de\/index.php\/wp-json\/wp\/v2\/pages\/12313","targetHints":{"allow":["GET"]}}],"collection":[{"href":"https:\/\/www.evkirche-roesrath.de\/index.php\/wp-json\/wp\/v2\/pages"}],"about":[{"href":"https:\/\/www.evkirche-roesrath.de\/index.php\/wp-json\/wp\/v2\/types\/page"}],"author":[{"embeddable":true,"href":"https:\/\/www.evkirche-roesrath.de\/index.php\/wp-json\/wp\/v2\/users\/2"}],"replies":[{"embeddable":true,"href":"https:\/\/www.evkirche-roesrath.de\/index.php\/wp-json\/wp\/v2\/comments?post=12313"}],"version-history":[{"count":8,"href":"https:\/\/www.evkirche-roesrath.de\/index.php\/wp-json\/wp\/v2\/pages\/12313\/revisions"}],"predecessor-version":[{"id":27950,"href":"https:\/\/www.evkirche-roesrath.de\/index.php\/wp-json\/wp\/v2\/pages\/12313\/revisions\/27950"}],"up":[{"embeddable":true,"href":"https:\/\/www.evkirche-roesrath.de\/index.php\/wp-json\/wp\/v2\/pages\/12271"}],"wp:attachment":[{"href":"https:\/\/www.evkirche-roesrath.de\/index.php\/wp-json\/wp\/v2\/media?parent=12313"}],"curies":[{"name":"wp","href":"https:\/\/api.w.org\/{rel}","templated":true}]}}