{"id":12309,"date":"2017-06-26T16:33:12","date_gmt":"2017-06-26T14:33:12","guid":{"rendered":"http:\/\/www.evkirche-roesrath.de\/?page_id=12309"},"modified":"2025-04-03T16:37:21","modified_gmt":"2025-04-03T14:37:21","slug":"besondere-veranstaltungen","status":"publish","type":"page","link":"https:\/\/www.evkirche-roesrath.de\/index.php\/gruppen-und-veranstaltungen\/besondere-veranstaltungen\/","title":{"rendered":"Besondere Veranstaltungen"},"content":{"rendered":"<div><a href=\"https:\/\/www.evkirche-roesrath.de\/index.php\/gruppen-und-veranstaltungen\/erwachsene\/generation-50\/\"><img decoding=\"async\" class=\"alignleft wp-image-18627\" src=\"https:\/\/www.evkirche-roesrath.de\/wp-content\/uploads\/2019\/07\/50-150x117.png\" alt=\"\" width=\"104\" height=\"81\" \/><\/a>Unsere Angebote zu &#8222;<a href=\"https:\/\/www.evkirche-roesrath.de\/index.php\/gruppen-und-veranstaltungen\/erwachsene\/generation-50\/\" target=\"_blank\" rel=\"noopener noreferrer\"><strong>Kirche unterwegs<\/strong><\/a>&#8220; haben wir auf einer extra Seite.<br \/>\n<strong><br \/>\nAnmeldung und Information bei:<\/strong><br \/>\nDiakonin Silke Blatt, Tel.:02205\/7618, Mobil 01520 470 67 24<\/div>\n<p><a href=\"mailto:silke.blatt@ekir.de\" rel=\"noopener\" target=\"_blank\">silke.blatt@ekir.de<\/a><\/p>\n<div><\/div>\n<hr \/>\n<div>\n<h3 style=\"text-align: justify;\">Besuchsdienst f\u00fcr die Bezirke R\u00f6srath und Forsbach-Kleineichen<\/h3>\n<p style=\"text-align: justify;\">Schon in der Anfangszeit der damaligen Gemeinde Forsbach-R\u00f6srath hat Pfarrer Kurt Knorr den Besuchsdienst gegr\u00fcndet.<br \/>\nEhrenamtliche wurden ausgebildet, mit dem Ziel, \u00e4ltere Gemeindemitglieder zu besuchen, sowohl zum Geburtstag, als auch in den Seniorenheimen.<br \/>\nDar\u00fcber hinaus wurde in den nahegelegenen Krankenh\u00e4usern erfragt, wer aus unserer Gemeinde dort station\u00e4r aufgenommen wurde und sich \u00fcber einen Besuch freut.<br \/>\nViele ehrenamtliche Mitarbeiterinnen haben jahrzehntelang diesen wichtigen und die Pfarrer unterst\u00fctzenden seelsorglichen Dienst geleistet.<br \/>\nEinige sind noch heute treu dabei, viele haben sich jedoch aus Altersgr\u00fcnden zur\u00fcckziehen m\u00fcssen.<br \/>\nIhnen allen \u2013 den Ehemaligen, wie den Aktiven \u2013 danke ich von Herzen, auch im Namen meiner Vorg\u00e4nger und Kollegen.<\/p>\n<p style=\"text-align: justify;\">In fr\u00fcheren Zeiten wurde gern ins Poesiealbum eingetragen: <em>\u201eWillst du gl\u00fccklich sein im Leben, trage bei zu andrer Gl\u00fcck, denn die Freude, die wir geben, kehrt ins eigne Herz zur\u00fcck.\u201c<\/em> Vielleicht ein bisschen kitschig, aber wahr, denn wer im Besuchsdienst mitarbeitet, bringt viel Freude zu den Menschen. Das begl\u00fcckt auch die Besucher selbst.<br \/>\n<strong>In den Bezirken R\u00f6srath und vor allem in Forsbach-Kleineichen<\/strong> brauchen wir Unterst\u00fctzung, denn wir m\u00f6chten weiterhin sicherstellen, dass Seniorinnen und Senioren zu Hause und in den Altenheimen zum Geburtstag besucht werden. So hoffen wir auf Verst\u00e4rkung durch M\u00e4nner und Frauen, die etwas Zeit einbringen und sich ehrenamtlich engagieren.<br \/>\nDie Mitarbeitenden vom Besuchsdienst treffen sich alle zwei Monate im Forsbacher Gemeindezentrum, um sich auszutauschen und gegenseitig zu beraten.<\/p>\n<p style=\"text-align: justify;\">Bei weiteren Fragen und Interesse informiere ich Sie gerne und unterst\u00fctze Sie dabei, in die Arbeit hineinzufinden.<br \/>\nPfarrerin i.R. Erika Juckel<br \/>\n<strong><br \/>\nHinweis:<\/strong> Aufgrund der extrem versch\u00e4rften Datenschutzbestimmungen ist es kaum m\u00f6glich zu erfahren, wer von unseren Gemeindemitgliedern im Krankenhaus ist.<br \/>\nDies ist zugleich die Erkl\u00e4rung f\u00fcr diejenigen, die sich wundern, dass sie im Krankenhaus nicht von uns besucht werden.<br \/>\nWer einen Krankenbesuch w\u00fcnscht, rufe bitte im Gemeindeb\u00fcro an oder bei uns Pfarrern.<\/p>\n<hr \/>\n<p>&nbsp;<\/p>\n<\/div>\n ","protected":false},"excerpt":{"rendered":"<p>Unsere Angebote zu &#8222;Kirche unterwegs&#8220; haben wir auf einer extra Seite. Anmeldung und Information bei: Diakonin Silke Blatt, Tel.:02205\/7618, Mobil 01520 470 67 24 silke.blatt@ekir.de Besuchsdienst f\u00fcr die Bezirke R\u00f6srath <a class=\"more-link\" href=\"https:\/\/www.evkirche-roesrath.de\/index.php\/gruppen-und-veranstaltungen\/besondere-veranstaltungen\/\">weiterlesen \u2192<\/a><\/p>\n","protected":false},"author":2,"featured_media":0,"parent":12146,"menu_order":5,"comment_status":"closed","ping_status":"closed","template":"","meta":{"ngg_post_thumbnail":0,"footnotes":""},"class_list":["post-12309","page","type-page","status-publish","hentry"],"_links":{"self":[{"href":"https:\/\/www.evkirche-roesrath.de\/index.php\/wp-json\/wp\/v2\/pages\/12309","targetHints":{"allow":["GET"]}}],"collection":[{"href":"https:\/\/www.evkirche-roesrath.de\/index.php\/wp-json\/wp\/v2\/pages"}],"about":[{"href":"https:\/\/www.evkirche-roesrath.de\/index.php\/wp-json\/wp\/v2\/types\/page"}],"author":[{"embeddable":true,"href":"https:\/\/www.evkirche-roesrath.de\/index.php\/wp-json\/wp\/v2\/users\/2"}],"replies":[{"embeddable":true,"href":"https:\/\/www.evkirche-roesrath.de\/index.php\/wp-json\/wp\/v2\/comments?post=12309"}],"version-history":[{"count":0,"href":"https:\/\/www.evkirche-roesrath.de\/index.php\/wp-json\/wp\/v2\/pages\/12309\/revisions"}],"up":[{"embeddable":true,"href":"https:\/\/www.evkirche-roesrath.de\/index.php\/wp-json\/wp\/v2\/pages\/12146"}],"wp:attachment":[{"href":"https:\/\/www.evkirche-roesrath.de\/index.php\/wp-json\/wp\/v2\/media?parent=12309"}],"curies":[{"name":"wp","href":"https:\/\/api.w.org\/{rel}","templated":true}]}}