{"id":12304,"date":"2017-06-26T16:31:58","date_gmt":"2017-06-26T14:31:58","guid":{"rendered":"http:\/\/www.evkirche-roesrath.de\/?page_id=12304"},"modified":"2025-10-14T12:18:29","modified_gmt":"2025-10-14T10:18:29","slug":"senioren","status":"publish","type":"page","link":"https:\/\/www.evkirche-roesrath.de\/index.php\/gruppen-und-veranstaltungen\/senioren\/","title":{"rendered":"Senioren"},"content":{"rendered":"<h3><b>Ein besonderer Schwerpunkt unserer Gemeinde sind Kreise und Veranstaltungen f\u00fcr und mit Senioren.<\/b><\/h3>\n<p><strong>Da w\u00e4ren zuerst viele Informationen des<\/strong><\/p>\n<h3><a href=\"https:\/\/evkirche-roesrath.de\/index.php\/gemeindeeinrichtungen\/begegnungszentrum-50\/\" target=\"_blank\" rel=\"noopener\">Begegnungszentrums Plus in R\u00f6srath<\/a>.<\/h3>\n<p>Au\u00dferdem finden Sie<\/p>\n<ul>\n<li>den <b>Seniorennachmittag im W\u00f6llner-Stift <\/b>am ersten Dienstag im Monat ab 15.30 Uhr.<br \/>\nR\u00fcckfragen bei Frau Hedy Kutz \u00fcber das <a href=\"https:\/\/www.evkirche-roesrath.de\/index.php\/wir-fuer-sie\/gemeindebuero\/\">Gemeindeb\u00fcro<\/a>.<\/li>\n<li>den <b>Frauenkreis Volberg<\/b>, donnerstags 14-t\u00e4gig um 14.45 Uhr im <a href=\"https:\/\/maps.app.goo.gl\/GmjzDfj9SYaGM31K9\" target=\"_blank\" rel=\"noopener\">Baumhofshaus, Volberg 4<\/a>,<br \/>\nR\u00fcckfragen bei <a href=\"https:\/\/www.evkirche-roesrath.de\/index.php\/ueber-uns\/personen\/pfarrerin-und-pfarrer\/\">Pfarrer Rusch<\/a><\/li>\n<\/ul>\n<p><strong>Und wenn Sie selbst Hilfe ben\u00f6tigen oder selbst geben k\u00f6nnen:<\/strong><\/p>\n<ul>\n<li>\n<h3>die<b> <\/b><a href=\"https:\/\/www.evkirche-roesrath.de\/index.php\/gemeindeeinrichtungen\/taschengeldboerse\/\">Taschengeldb\u00f6rse<\/a><\/h3>\n<\/li>\n<li>\n<h3>die <a href=\"https:\/\/www.evkirche-roesrath.de\/index.php\/gruppen-und-veranstaltungen\/senioren\/seniorenwegweiserin\/\" target=\"_blank\" rel=\"noopener\">Seniorenwegweiserin<\/a> der ev. Kirchengemeinde<\/h3>\n<\/li>\n<\/ul>\n ","protected":false},"excerpt":{"rendered":"<p>Ein besonderer Schwerpunkt unserer Gemeinde sind Kreise und Veranstaltungen f\u00fcr und mit Senioren. Da w\u00e4ren zuerst viele Informationen des Begegnungszentrums Plus in R\u00f6srath. Au\u00dferdem finden Sie den Seniorennachmittag im W\u00f6llner-Stift <a class=\"more-link\" href=\"https:\/\/www.evkirche-roesrath.de\/index.php\/gruppen-und-veranstaltungen\/senioren\/\">weiterlesen \u2192<\/a><\/p>\n","protected":false},"author":2,"featured_media":0,"parent":12146,"menu_order":3,"comment_status":"closed","ping_status":"closed","template":"","meta":{"ngg_post_thumbnail":0,"footnotes":""},"class_list":["post-12304","page","type-page","status-publish","hentry"],"_links":{"self":[{"href":"https:\/\/www.evkirche-roesrath.de\/index.php\/wp-json\/wp\/v2\/pages\/12304","targetHints":{"allow":["GET"]}}],"collection":[{"href":"https:\/\/www.evkirche-roesrath.de\/index.php\/wp-json\/wp\/v2\/pages"}],"about":[{"href":"https:\/\/www.evkirche-roesrath.de\/index.php\/wp-json\/wp\/v2\/types\/page"}],"author":[{"embeddable":true,"href":"https:\/\/www.evkirche-roesrath.de\/index.php\/wp-json\/wp\/v2\/users\/2"}],"replies":[{"embeddable":true,"href":"https:\/\/www.evkirche-roesrath.de\/index.php\/wp-json\/wp\/v2\/comments?post=12304"}],"version-history":[{"count":3,"href":"https:\/\/www.evkirche-roesrath.de\/index.php\/wp-json\/wp\/v2\/pages\/12304\/revisions"}],"predecessor-version":[{"id":27751,"href":"https:\/\/www.evkirche-roesrath.de\/index.php\/wp-json\/wp\/v2\/pages\/12304\/revisions\/27751"}],"up":[{"embeddable":true,"href":"https:\/\/www.evkirche-roesrath.de\/index.php\/wp-json\/wp\/v2\/pages\/12146"}],"wp:attachment":[{"href":"https:\/\/www.evkirche-roesrath.de\/index.php\/wp-json\/wp\/v2\/media?parent=12304"}],"curies":[{"name":"wp","href":"https:\/\/api.w.org\/{rel}","templated":true}]}}