{"id":12302,"date":"2017-06-26T16:30:58","date_gmt":"2017-06-26T14:30:58","guid":{"rendered":"http:\/\/www.evkirche-roesrath.de\/?page_id=12302"},"modified":"2025-07-11T11:53:43","modified_gmt":"2025-07-11T09:53:43","slug":"generation-50","status":"publish","type":"page","link":"https:\/\/www.evkirche-roesrath.de\/index.php\/gruppen-und-veranstaltungen\/erwachsene\/generation-50\/","title":{"rendered":"Generation 50+"},"content":{"rendered":"<h3>Kirche unterwegs<\/h3>\n<p>Kirche unterwegs hei\u00dft: ca. jeden zweiten Monat schlie\u00dft sich an den sonnt\u00e4glichen Gottesdienst eine gemeinsame Fahrt mit der Bahn oder auch dem PKW z. B. nach Bonn oder K\u00f6ln an.<br \/>\nNach der Ankunft hei\u00dft es dann zun\u00e4chst einmal gemeinsam Mittagessen. In der Regel um 14 Uhr bzw. 14.30 Uhr folgt dann eine 90- bis 120-min\u00fctige fachkompetente F\u00fchrung durch eine Kirche, ein Museum oder auch eine Sonderausstellung.<br \/>\nBevor wir dann am Nachmittag wieder die R\u00fcckfahrt antreten, gehen wir meistens noch miteinander Kaffeetrinken. Ankunft in R\u00f6srath ist in der Regel 18.00 Uhr.<br \/>\nWelche F\u00fchrungen es gibt, das ist dem jeweiligen <b>Jahresprogramm<\/b> zu entnehmen, das in den Aush\u00e4ngen, dem Gemeindebrief und auch hier im Internet ver\u00f6ffentlicht wird. Nat\u00fcrlich ist es auch m\u00f6glich, selbst\u00e4ndig anzureisen und ohne das gemeinsame Essen nur an der F\u00fchrung teil zu nehmen. Eine Anmeldung zur jeweiligen Veranstaltung ist sinnvoll.<br \/>\nZum Angebot von <b>Kirche unterwegs <\/b>geh\u00f6ren auch Ganztagsausfl\u00fcge. Diese finden am Samstag statt und werden mit dem Reisebus unternommen, weil unser Reiseziel dann weiter entfernt liegt.<\/p>\n<p><strong>Die Anmeldungen zu den Ganztagesfahrten sind verbindlich und m\u00fcssen im Voraus bezahlt werden.<\/strong><\/p>\n<h3>Studienreisen:<\/h3>\n<p>Alle zwei Jahre biete ich in der Regel in Zusammenarbeit mit \u201e\u00d6kumene-Reisen Schortens\u201c eine organisierte Studienreise an.<br \/>\nBisherige Reiseziele waren Rom, Griechenland, Sizilien, London und Israel.<\/p>\n<div>* * * * * *<\/div>\n<h3>Vortr\u00e4ge<b> <\/b><\/h3>\n<p>In Zusammenarbeit mit dem Frauenkreis R\u00f6srath und dem Club aktiver Senioren organisiere und halte ich regelm\u00e4\u00dfig Vortr\u00e4ge zu theologischen, historischen und kunsthistorischen Themen.<\/p>\n<div>* * * * * *<\/div>\n<h3><b><a href=\"https:\/\/www.evkirche-roesrath.de\/index.php\/gruppen-und-veranstaltungen\/erwachsene\/generation-50\/\"><img decoding=\"async\" class=\"alignleft wp-image-18627\" src=\"https:\/\/www.evkirche-roesrath.de\/wp-content\/uploads\/2019\/07\/50-150x117.png\" alt=\"\" width=\"106\" height=\"83\" \/><\/a> Kennen Sie &#8222;<a href=\"https:\/\/evkirche-roesrath.de\/index.php\/gemeindeeinrichtungen\/begegnungszentrum-50\/ausfluege\/\"><u>Plus auf Tour<\/u><\/a>&#8222;?<br \/>\n<\/b><\/h3>\n<p>Das Programm finden Sie, wenn Sie die \u00dcberschrift oder die Grafik anklicken.<\/p>\n ","protected":false},"excerpt":{"rendered":"<p>Kirche unterwegs Kirche unterwegs hei\u00dft: ca. jeden zweiten Monat schlie\u00dft sich an den sonnt\u00e4glichen Gottesdienst eine gemeinsame Fahrt mit der Bahn oder auch dem PKW z. B. nach Bonn oder <a class=\"more-link\" href=\"https:\/\/www.evkirche-roesrath.de\/index.php\/gruppen-und-veranstaltungen\/erwachsene\/generation-50\/\">weiterlesen \u2192<\/a><\/p>\n","protected":false},"author":2,"featured_media":0,"parent":12294,"menu_order":11,"comment_status":"closed","ping_status":"closed","template":"","meta":{"ngg_post_thumbnail":0,"footnotes":""},"class_list":["post-12302","page","type-page","status-publish","hentry"],"_links":{"self":[{"href":"https:\/\/www.evkirche-roesrath.de\/index.php\/wp-json\/wp\/v2\/pages\/12302","targetHints":{"allow":["GET"]}}],"collection":[{"href":"https:\/\/www.evkirche-roesrath.de\/index.php\/wp-json\/wp\/v2\/pages"}],"about":[{"href":"https:\/\/www.evkirche-roesrath.de\/index.php\/wp-json\/wp\/v2\/types\/page"}],"author":[{"embeddable":true,"href":"https:\/\/www.evkirche-roesrath.de\/index.php\/wp-json\/wp\/v2\/users\/2"}],"replies":[{"embeddable":true,"href":"https:\/\/www.evkirche-roesrath.de\/index.php\/wp-json\/wp\/v2\/comments?post=12302"}],"version-history":[{"count":2,"href":"https:\/\/www.evkirche-roesrath.de\/index.php\/wp-json\/wp\/v2\/pages\/12302\/revisions"}],"predecessor-version":[{"id":27519,"href":"https:\/\/www.evkirche-roesrath.de\/index.php\/wp-json\/wp\/v2\/pages\/12302\/revisions\/27519"}],"up":[{"embeddable":true,"href":"https:\/\/www.evkirche-roesrath.de\/index.php\/wp-json\/wp\/v2\/pages\/12294"}],"wp:attachment":[{"href":"https:\/\/www.evkirche-roesrath.de\/index.php\/wp-json\/wp\/v2\/media?parent=12302"}],"curies":[{"name":"wp","href":"https:\/\/api.w.org\/{rel}","templated":true}]}}