{"id":12287,"date":"2017-06-26T16:09:36","date_gmt":"2017-06-26T14:09:36","guid":{"rendered":"http:\/\/www.evkirche-roesrath.de\/?page_id=12287"},"modified":"2025-09-15T16:58:31","modified_gmt":"2025-09-15T14:58:31","slug":"ehrenamt","status":"publish","type":"page","link":"https:\/\/www.evkirche-roesrath.de\/index.php\/gruppen-und-veranstaltungen\/ehrenamt\/","title":{"rendered":"Ehrenamt"},"content":{"rendered":"<div>\n<div>\n<h3>Ehrenamt &#8211; Seelsorge am Gemeinwohl<\/h3>\n<div style=\"text-align: justify;\"><strong>Martin Luther<\/strong> &#8211; Von der Freiheit eines Christenmenschen: \u201eEyn Christen mensch ist eyn freyer herr \u00fcber alle ding niemand unterthan. \u2013 Eyn Christen mensch ist eyn dienstpar knecht aller ding und yderman unterthan.\u201c<\/div>\n<p style=\"text-align: justify;\">Unsere Landeskirche definiert den ehrenamtlichen Dienst und freiwilliges soziales Engagement in Kirche und Diakonie als unbezahlte, freiwillige \u00dcbernahme von Aufgaben und Verpflichtungen, die in der Regel eine hohe Motivation voraussetzt und dem Allgemeinwohl dient. Hinzu kommt eine solidarische und hilfsbereite Grundhaltung der ehrenamtlich T\u00e4tigen.<\/p>\n<div style=\"text-align: justify;\">In vielen Kirchengemeinden leben Menschen, die etwas tun wollen, etwas, das sinnvoll f\u00fcr sie selbst und f\u00fcr andere ist.<br \/>\nAm Anfang steht heute weniger die Aufgabe als vielmehr die Entdeckung: Ich habe Gaben, M\u00f6glichkeiten und Potentiale.<br \/>\nHier geht es darum, f\u00fcr sich selbst zu entdecken:<\/div>\n<div style=\"text-align: justify;\">&#8211; Was m\u00f6chte ich machen?<\/div>\n<div style=\"text-align: justify;\">&#8211; Was m\u00f6chte ich entwickeln?<\/div>\n<div style=\"text-align: justify;\">&#8211; Wo finde ich daf\u00fcr einen geeigneten Raum?<\/div>\n<div style=\"text-align: justify;\">F\u00fcr Kirche bedeutet das vor allem, Menschen in ihren Gl\u00fccksmomenten, aber auch in Krisen und Umbr\u00fcchen und in Grenzsituationen so aufmerksam zu begleiten, dass sie sich selbst und Gott neu begegnen und damit aufmerksame, wache und engagierte Mitmenschen werden k\u00f6nnen.<\/div>\n<div style=\"text-align: justify;\">Auch Diakonie und Caritas m\u00fcssen sich heute auf dem Sozialmarkt als betriebswirtschaftlich effiziente Mitbewerber behaupten. In Deutschland sind rund 33% der Menschen in sozialen Bereichen ehrenamtlich t\u00e4tig.<\/div>\n<div style=\"text-align: justify;\">\n<p>Hervorzuheben ist, dass Religiosit\u00e4t und politisch-soziale Verantwortung stark miteinander verkn\u00fcpft sind.<br \/>\nDabei ist das freiwillige Engagement im Bereich der Kirche und Religion der drittgr\u00f6\u00dfte Bereich nach Sport und Bildung.<\/p>\n<\/div>\n<div style=\"text-align: justify;\">Es sind mehr als 75% Frauen, die sich ehrenamtlich in Kirche, Diakonie und Caritas engagieren.<br \/>\nM\u00e4nner haben -leider- den Eindruck, dass ihr berufliches Wissen aus anderen Lebensbereichen in der Kirche nicht wirklich gefragt ist.<\/div>\n<\/div>\n<\/div>\n<div>&nbsp;<\/div>\n<div><strong>&#8212;&#8212;<\/strong><\/div>\n<h3>Mitmachen in unserer Gemeinde<\/h3>\n<h5><strong>Ehrenamtliches Engagement hat in unserer Gemeinde einen hohen Stellenwert und ist in nahezu jedem Bereich unserer Arbeit herzlich willkommen.<\/strong><\/h5>\n<div>Da das Spektrum so gro\u00df ist, hier nur ein paar Beispiele, in welchen Bereichen Sie als Ehrenamtler mitarbeiten k\u00f6nnten:<\/div>\n<div>&nbsp;<\/div>\n<ul>\n<li>Mitarbeit im Presbyterium<\/li>\n<li>Mitarbeit als sachkundige B\u00fcrger in diversen Aussch\u00fcssen<\/li>\n<li>Kinderkirche \u2013 Familiengottesdienst<\/li>\n<li>Besuchsdienste (s. unten)<\/li>\n<li>Lektoren im Gottesdienst<\/li>\n<li>Teamer auf Freizeiten<\/li>\n<li>Taschengeldb\u00f6rse<\/li>\n<li>Begegnungszentrum Plus<\/li>\n<li>Redaktion \/ Layout unserer Gemeindebriefe<\/li>\n<li>Verteilung von Gemeindebriefen (vier Mal j\u00e4hrlich eine gute Stunde!)<\/li>\n<li>Offene Kirche Volberg (nur April bis Oktober)<\/li>\n<li>R\u00f6srather Tafel<\/li>\n<li>Streamen der Gottesdienste in Volberg und R\u00f6srath<\/li>\n<li>Unterst\u00fctzung bei der Betreuung der digitalen Angebote der Gemeinde<\/li>\n<\/ul>\n<div style=\"text-align: justify;\">Dies ist aber nur ein Auszug der Bereiche.<br \/>\nFalls Sie Interesse haben, sich ehrenamtlich zu engagieren, wenden Sie sich bitte an die Mitarbeiterinen im <a href=\"mailto:volberg-forsbach-roesrath@ekir.de\"><strong>Gemeindeb\u00fcro<\/strong><\/a> (Tel. 2243).<\/div>\n<div>Selbstverst\u00e4ndlich k\u00f6nnen Sie auch gerne neue Ideen vorschlagen, wie Sie sich in der Kirche engagieren wollen.<\/div>\n<div>\n<p><strong>&#8212;&#8212;<\/strong><\/p>\n<\/div>\n<h3><strong>Im Augenblick ben\u00f6tigen wir Ihre Mithilfe:<\/strong><\/h3>\n<h3>Begegnungszentrum Plus<\/h3>\n<p style=\"text-align: justify;\">Das Begegnungszentrum Plus hat Bedarf an Ehrenamtlichen f\u00fcr den Seniorenclub-Fahrdienst, f\u00fcr Vortr\u00e4ge im Seniorenclub und f\u00fcr Gruppen-Kursangebote zu Literatur, Sprachen oder Bewegung.<\/p>\n<p style=\"text-align: justify;\"><strong>&#8212;&#8212;<\/strong><\/p>\n<h3>Gemeindebrief<\/h3>\n<p style=\"text-align: justify;\">Unterst\u00fctzung zur Erstellung \/ Layout (eine Sitzung der Planungsgruppe und zwei Treffen, um das Layout zu erstellen) f\u00fcr jeden <a href=\"https:\/\/www.evkirche-roesrath.de\/index.php\/ueber-uns\/gemeindebriefe\/\"><strong>unserer vier Gemeindebriefe<\/strong><\/a>.<br \/>\nWenn Sie mitgestalten wollen, melden Sie sich bitte bei Herrn Heinz <a href=\"mailto:Roebig-roesrath@t-online.de\">Roebig-roesrath@t-online.de<\/a> Interessenten werden nat\u00fcrlich eingearbeitet.<\/p>\n<p><strong>&#8212;&#8212;<\/strong><\/p>\n<h3>Unsere Homepage \/ Web-Seiten \/ Soziale Medien<\/h3>\n<p style=\"text-align: justify;\"><strong>Wir ben\u00f6tigen Unterst\u00fctzung<\/strong> bei der Erstellung und Pflege unserer Webseiten mit WordPress und unserer digitalen Kan\u00e4le. Eine Einweisung und Schulung erfolgt nach Absprache. Der zeitliche Aufwand betr\u00e4gt ca. eine Stunde pro Woche. Wenn Sie Interesse haben melden Sie sich bitte per E-Mail bei <a href=\"mailto:thomas.kloeber@ekir.de\">Thomas Kl\u00f6ber<\/a> oder telefonisch im Gemeindeb\u00fcro unter 02205-2243.<\/p>\n<p><strong>&#8212;&#8212;<\/strong><\/p>\n<h3>Live-Streams der Gottesdienste in Volberg und R\u00f6srath<\/h3>\n<p style=\"text-align: justify;\"><strong>Wir ben\u00f6tigen Unterst\u00fctzung<\/strong> bei der \u00dcbertragung unserer Gottesdienste in Volberg und R\u00f6srath als Live-Stream auf YouTube.  Eine Einweisung und Schulung erfolgt nach Absprache. Der zeitliche Aufwand betr\u00e4gt ca. 1.5 Stunden am Sonntag im Wechsel mit den anderen ehrenamtlichen &#8222;Streamern&#8220;.  Wenn Sie Interesse haben melden Sie sich bitte per E-Mail bei <a href=\"mailto:thomas.kloeber@ekir.de\">Thomas Kl\u00f6ber<\/a> oder telefonisch im Gemeindeb\u00fcro unter 02205-2243.<\/p>\n<p><strong>&#8212;&#8212;<\/strong><\/p>\n<h3>Besuchsdienst ben\u00f6tigt Unterst\u00fctzung im Bezirk Forsbach-Kleineichen<\/h3>\n<p><strong>Wir freuen uns dar\u00fcber, dass sich neue Ehrenamtliche f\u00fcr den Besuchsdienst im Bezirk R\u00f6srath gemeldet haben und schon mitmachen.<\/strong><br \/>\n<strong> Wir w\u00fcnschen Ihnen Gottes Segen f\u00fcr Ihren Dienst!<\/strong><\/p>\n<div>Einige Ehrenamtliche aus den Bezirken R\u00f6srath und Forsbach mussten &#8211; z.T.aus Altersgr\u00fcnden &#8211; die Mitarbeit aufgeben.<br \/>\n<strong>Wir danken Ihnen von Herzen f\u00fcr die jahrzehntelange, treue Mitarbeit im Besuchsdienst!<\/strong> Sie haben durch Ihre Besuche von Kranken in den umliegenden Hospit\u00e4lern sowie bei Senioren\/Seniorinnen unserer Gemeinde viel Gutes gewirkt, Menschen gest\u00fctzt, getr\u00f6stet und aufgebaut.<\/div>\n<div>Weil Besuche in den Krankenh\u00e4usern durch die engen Datenschutzbestimmungen schwierig bis unm\u00f6glich geworden sind, beschr\u00e4nkt sich <strong>die Besuchsdienstarbeit nun vor allem auf die Geburtstagsbesuche<\/strong>.<br \/>\nDaf\u00fcr suchen wir Menschen, die bereit sind, im Bezirk Forsbach-Kleineichen Gemeindeglieder ab dem 80. Lebensjahr zum Geburtstag zu besuchen und einen Gru\u00df von der Gemeinde vorbeizubringen.<br \/>\nEs hofft auf Ihr Interesse und gibt gerne n\u00e4here Auskunft&nbsp;&nbsp; &#8211;&nbsp;&nbsp;&nbsp;&nbsp;&nbsp;&nbsp;&nbsp;&nbsp;&nbsp;&nbsp;&nbsp;&nbsp;&nbsp;&nbsp;&nbsp;&nbsp;&nbsp;&nbsp;&nbsp;&nbsp;&nbsp;&nbsp;&nbsp;&nbsp;&nbsp;&nbsp;&nbsp;&nbsp;&nbsp;&nbsp;&nbsp;&nbsp;&nbsp;&nbsp;&nbsp; &nbsp; &nbsp;&nbsp; Ihre <a href=\"mailto:erika.juckel.1@ekir.de\">Pfarrerin i.R. Erika Juckel<\/a><\/div>\n<div>&nbsp;<\/div>\n<div>P.S.: Aufgrund des Datenschutzes in den Krankenh\u00e4usern \u2013 bitte ich darum, <strong>dass Sie sich selbst melden, wenn jemand einen Krankenbesuch im Hospital w\u00fcnscht<\/strong>.<\/div>\n<div>\n<h5>Wir k\u00f6nnen nicht wissen, wer von unseren Gemeindegliedern im Krankenhaus liegt und das gilt nat\u00fcrlich f\u00fcr alle Bezirke!<\/h5>\n<p><strong>&#8212;&#8212;<\/strong><\/p>\n<h3>Die Tafel R\u00f6srath ben\u00f6tigt Ihre Hilfe<\/h3>\n<h4><strong>Die TAFEL R\u00f6srath sucht zur Entlastung und Erg\u00e4nzung ihres Teams weitere ehrenamtliche Mitarbeiterinnen <\/strong><strong>und Mitarbeiter f\u00fcr alle T\u00e4tigkeitsbereiche:<\/strong><\/h4>\n<ul>\n<li>Abholen der Lebensmittel in den Gesch\u00e4ften (als Fahrer oder Beifahrer),<\/li>\n<li>deren Aufbereitung und Sortierung,<\/li>\n<li>Lebensmittel-Ausgabe an die Tafelbesucher.<\/li>\n<\/ul>\n<div>Die zu w\u00e4hlende Einsatzh\u00e4ufigkeit ist variabel und reicht von einmal im Monat bis mehrmals in der Woche.<br \/>\nDie jeweilige Einsatzdauer reicht von einer Stunde bis zu drei Stunden.<\/div>\n<div><strong>Interessenten k\u00f6nnen sich telefonisch oder schriftlich melden bei der Sprecherin des Leitungsteams<br \/>\nPfarrerin Dorothee Gorn, Tel. 02205-897338,<br \/>\nE-Mail: <a href=\"mailto:info@tafel-roesrath.de\">info@tafel-roesrath.de<\/a><\/strong><\/div>\n<div>\n<div>\n<hr>\n<p>Weitere Information, Beratung und Vermittlung k\u00f6nnen Sie bei der lokalen Koordinierungsstelle und Plattform f\u00fcr ehrenamtliche Aktivit\u00e4ten vor Ort bekommen.<\/p>\n<p><strong>Engagierte Stadt R\u00f6srath (ESR)<\/strong><br \/>\nFrau Kirsten Kirchhof &#8211; Tel. 02206-9477515<br \/>\nE-Mail: <a href=\"mailto:info@engagiertestadt-roesrath.de\">info@engagiertestadt-roesrath.de<\/a><br \/>\nHomepage: <a href=\"http:\/\/engagiertestadt-roesrath.de\" target=\"_blank\" rel=\"noopener noreferrer\">engagiertestadt-roesrath.de<\/a>&nbsp;<br \/>\n\u00d6ffnungszeiten: donnerstags von 14.30 &#8211; 17.30 Uhr<\/p>\n<\/div>\n<\/div>\n<\/div>\n ","protected":false},"excerpt":{"rendered":"<p>Ehrenamt &#8211; Seelsorge am Gemeinwohl Martin Luther &#8211; Von der Freiheit eines Christenmenschen: \u201eEyn Christen mensch ist eyn freyer herr \u00fcber alle ding niemand unterthan. \u2013 Eyn Christen mensch ist <a class=\"more-link\" href=\"https:\/\/www.evkirche-roesrath.de\/index.php\/gruppen-und-veranstaltungen\/ehrenamt\/\">weiterlesen \u2192<\/a><\/p>\n","protected":false},"author":2,"featured_media":0,"parent":12146,"menu_order":4,"comment_status":"closed","ping_status":"closed","template":"","meta":{"ngg_post_thumbnail":0,"footnotes":""},"class_list":["post-12287","page","type-page","status-publish","hentry"],"_links":{"self":[{"href":"https:\/\/www.evkirche-roesrath.de\/index.php\/wp-json\/wp\/v2\/pages\/12287","targetHints":{"allow":["GET"]}}],"collection":[{"href":"https:\/\/www.evkirche-roesrath.de\/index.php\/wp-json\/wp\/v2\/pages"}],"about":[{"href":"https:\/\/www.evkirche-roesrath.de\/index.php\/wp-json\/wp\/v2\/types\/page"}],"author":[{"embeddable":true,"href":"https:\/\/www.evkirche-roesrath.de\/index.php\/wp-json\/wp\/v2\/users\/2"}],"replies":[{"embeddable":true,"href":"https:\/\/www.evkirche-roesrath.de\/index.php\/wp-json\/wp\/v2\/comments?post=12287"}],"version-history":[{"count":4,"href":"https:\/\/www.evkirche-roesrath.de\/index.php\/wp-json\/wp\/v2\/pages\/12287\/revisions"}],"predecessor-version":[{"id":27670,"href":"https:\/\/www.evkirche-roesrath.de\/index.php\/wp-json\/wp\/v2\/pages\/12287\/revisions\/27670"}],"up":[{"embeddable":true,"href":"https:\/\/www.evkirche-roesrath.de\/index.php\/wp-json\/wp\/v2\/pages\/12146"}],"wp:attachment":[{"href":"https:\/\/www.evkirche-roesrath.de\/index.php\/wp-json\/wp\/v2\/media?parent=12287"}],"curies":[{"name":"wp","href":"https:\/\/api.w.org\/{rel}","templated":true}]}}