{"id":12275,"date":"2017-06-26T16:06:55","date_gmt":"2017-06-26T14:06:55","guid":{"rendered":"http:\/\/www.evkirche-roesrath.de\/?page_id=12275"},"modified":"2024-09-11T09:28:48","modified_gmt":"2024-09-11T07:28:48","slug":"taufe","status":"publish","type":"page","link":"https:\/\/www.evkirche-roesrath.de\/index.php\/wir-fuer-sie\/taufe\/","title":{"rendered":"Taufe"},"content":{"rendered":"<h3>Sie m\u00f6chten Ihr Kind taufen lassen?<\/h3>\n<h4>Wenn ein Kind geboren ist &#8211; alles zum Thema Taufe<\/h4>\n<p><strong>Dar\u00fcber freuen wir uns und geben Ihnen gerne hier die wichtigsten  Informationen:<\/strong><\/p>\n<p>Bei der Taufe sprechen wir einem Menschen Gottes Segen zu und bekr\u00e4ftigen Gottes Versprechen:<br \/>\n&#8222;F\u00fcrchte dich nicht! Ich habe dich bei deinem Namen gerufen. Du geh\u00f6rst zu mir!&#8220;<br \/>\nZugleich begr\u00fc\u00dfen wir durch die Taufe einen Menschen in der Gemeinschaft der Christinnen und Christen und feiern miteinander, dass dieser Mensch zur Familie Gottes geh\u00f6rt. So wird er auch Glied unserer Kirche.<br \/>\nTaufen finden in unseren Gemeindebezirken in den Gottesdiensten an den Sonn- und Feiertagen statt.<br \/>\nZus\u00e4tzlich werden noch einige festgelegte Taufsamstage angeboten.<br \/>\n<strong>Bitte erfragen Sie diese Termine bei Ihrem zust\u00e4ndigen Pfarrer \/ Ihrer zust\u00e4ndigen Pfarrerin.<\/strong><br \/>\nAlle Adressen finden Sie auf der <a href=\"https:\/\/www.evkirche-roesrath.de\/index.php\/ueber-uns\/adressen\/\"><strong>Kontaktseite<\/strong><\/a><strong>.<\/strong><br \/>\nF\u00fcr die Taufen entstehen &#8211; sofern keine besonderen W\u00fcnsche bestehen &#8211; keine Kosten.<\/p>\n<p><strong>Voraussetzungen f\u00fcr die Kindertaufe:<\/strong><\/p>\n<ul>\n<li>Zumindest ein Elternteil geh\u00f6rt der evangelischen Kirche an.<\/li>\n<li>Sofern die Eltern eine Taufe in einer unserer Kirchen w\u00fcnschen, aber nicht in R\u00f6srath wohnen, ist es notwendig, den eigentlich zust\u00e4ndigen Pfarrer um <strong>ein Dimissionale<\/strong> zu bitten.<br \/>\nMit diesem Formular willigt der Pfarrer ein, dass die Taufe in einer anderen Gemeinde vollzogen wird.<\/li>\n<li>Die Eltern vereinbaren ein Taufgespr\u00e4ch mit der Pfarrerin \/ dem Pfarrer, um einander kennenzulernen und den Taufgottesdienst vorzubereiten.<\/li>\n<li>Zum Taufgespr\u00e4ch suchen die Eltern &#8211; oder auch Paten &#8211; einen biblischen Vers als Taufspruch aus.<br \/>\nDabei k\u00f6nnen wir mit einer Liste von m\u00f6glichen Spr\u00fcchen behilflich sein.<\/li>\n<li>Au\u00dferdem hat die evangelische Kirche im Internet eine Seite eingerichtet, auf der Sie sich gerne informieren k\u00f6nnen: <a href=\"http:\/\/www.taufspruch.de\"><strong>www.taufspruch.de<\/strong><\/a><strong>.<\/strong><\/li>\n<li>Sp\u00e4testens zum Tauftag m\u00fcssen das Familienbuch (Geburtsurkunde) und die Patenbescheinigungen (oder Patenschein) vorliegen.<\/li>\n<li>Das Patenamt ist ein rein kirchliches Amt.<\/li>\n<li>Laut Kirchenordnung kann man ein bis vier Paten benennen, doch nur diejenigen werden als Paten akzeptiert (mit Patenurkunde und Eintrag im Stammbuch), die Mitglied in einer Kirche sind.<br \/>\nDies wird durch eine Patenbescheinigung belegt, die der Pate beim Gemeindeb\u00fcro der Kirchengemeinde seiner Wohnortgemeinde erbittet.<\/li>\n<li>Wenn keine Kirchenmitgliedschaft besteht, dann ist nur eine &#8222;inoffizielle&#8220;, famili\u00e4re Patenschaft m\u00f6glich.<\/li>\n<li>In Deutschland sind Menschen ab 14 Jahre religionsm\u00fcndig, sie k\u00f6nnen sich also frei -auch ohne Einverst\u00e4ndnis der Eltern- f\u00fcr ihre Taufe entscheiden.<\/li>\n<li>Der Taufe gehen mehrere Gespr\u00e4che oder eine Taufunterweisung voran.<\/li>\n<li>Sie sollen erm\u00f6glichen, sich mit ganzem Herzen f\u00fcr die Taufe zu entscheiden und dabei zu wissen, was Taufe bedeutet.<\/li>\n<li>Entscheiden sich Jugendliche w\u00e4hrend des Katechumenen- oder Konfirmandenunterrichts f\u00fcr ihre Taufe, dann \u00fcbernimmt der Unterricht die Funktion der Taufgespr\u00e4che bzw. der Taufunterweisung.<\/li>\n<\/ul>\n<p>Haben Sie weitere Fragen, wenden Sie sich bitte an die Pfarrerinnen und Pfarrer unserer Gemeinde. <a href=\"https:\/\/www.evkirche-roesrath.de\/index.php\/ueber-uns\/adressen\/\">Kontaktseite<\/a><\/p>\n<h3>Die Taufe<\/h3>\n<p>Wasser ist das wichtigste Zeichen bei der Taufe, dem Sakrament zur Aufnahme in die Kirche.<br \/>\nMit der Taufe wird ein Mensch in die christliche Gemeinschaft auf der ganzen Welt aufgenommen.<\/p>\n<p>Sakramente sind von Gott eingesetzte, sichtbare und wirksame Handlungen.<br \/>\nZu einem Sakrament geh\u00f6ren Wort und Zeichen.<br \/>\nDas wichtigste Zeichen der Tauffeier ist das Wasser. Wasser ist das Urelement des Lebens. Wasser kann aber auch eine Bedrohung f\u00fcr das Leben sein. Im Wasser kann Leben untergehen und enden. Die T\u00e4uflinge erfahren symbolisch im Wasserritus, was Jesus Christus durchlebt hat. Wie er durch den Tod zum ewigen Leben gelangt ist, so kommt das Wasser \u00fcber den T\u00e4ufling, und er &#8222;taucht auf&#8220; als Mensch des neuen Lebens.<\/p>\n<p>In der Kirchenordnung der Evangelischen Kirche im Rheinland (EKiR) hei\u00dft es in Artikel 76 \u00fcber die Taufe: &#8222;Auf Befehl Jesu Christi und im Vertrauen auf die Gnade Gottes, die allem Erkennen vorausgeht, tauft die Kirche und bezeugt damit die Zueignung der in Christus offenbarten Verhei\u00dfung Gottes und den Anspruch Gottes auf das Leben der Getauften. Durch die Taufe werden die Getauften zu Gliedern am Leibe Christi berufen und wird ihre Mitgliedschaft in der Kirche begr\u00fcndet.&#8220;<\/p>\n<p>In der EKiR werden die Taufen im Gemeindegottesdienst gefeiert, um sichtbar und erfahrbar zu machen: Dieser Mensch wird in unsere Gemeinde aufgenommen.<\/p>\n<p>Seit der 1996 getroffenen Vereinbarung zwischen der EKiR und den katholischen Bist\u00fcmern in K\u00f6ln, Aachen, Essen, M\u00fcnster und Trier wird die Taufe in beiden Kirchen anerkannt.<br \/>\nIm April 2007 wurde dar\u00fcber hinaus eine Erkl\u00e4rung von elf deutschen Kirchen zur wechselseitigen Anerkennung der Taufe unterzeichnet. Zu den beteiligten Kirchen geh\u00f6ren nicht nur die r\u00f6misch-katholische Kirche, sondern auch die orthodoxen Kirchen in Deutschland.<br \/>\nNach dieser \u00f6kumenischen Vereinbarung bleibt die Taufe auch bei einem Wechsel von einer zur anderen Kirche g\u00fcltig.<\/p>\n<h3>Suchen Sie einen Taufspruch?<\/h3>\n<p>Schauen Sie doch mal unter <a href=\"http:\/\/www.taufspruch.de\">www.taufspruch.de<\/a>, einem Angebot Ihrer evangelischen Kirche.<\/p>\n<hr \/>\n<p><strong>Noch ein Hinweis in eigener Sache:<\/strong><\/p>\n<p>Aus Datenschutzgr\u00fcnden ver\u00f6ffentlichen wir keine Namen von Tauffamilien im Netz.<br \/>\nFragen k\u00f6nnen Sie im <a href=\"https:\/\/www.evkirche-roesrath.de\/index.php\/wir-fuer-sie\/gemeindebuero\/\">Gemeindeb\u00fcro<\/a>.<br \/>\n(La +EKir)<\/p>\n ","protected":false},"excerpt":{"rendered":"<p>Sie m\u00f6chten Ihr Kind taufen lassen? Wenn ein Kind geboren ist &#8211; alles zum Thema Taufe Dar\u00fcber freuen wir uns und geben Ihnen gerne hier die wichtigsten Informationen: Bei der <a class=\"more-link\" href=\"https:\/\/www.evkirche-roesrath.de\/index.php\/wir-fuer-sie\/taufe\/\">weiterlesen \u2192<\/a><\/p>\n","protected":false},"author":2,"featured_media":0,"parent":12148,"menu_order":1,"comment_status":"closed","ping_status":"closed","template":"","meta":{"ngg_post_thumbnail":0,"footnotes":""},"class_list":["post-12275","page","type-page","status-publish","hentry"],"_links":{"self":[{"href":"https:\/\/www.evkirche-roesrath.de\/index.php\/wp-json\/wp\/v2\/pages\/12275","targetHints":{"allow":["GET"]}}],"collection":[{"href":"https:\/\/www.evkirche-roesrath.de\/index.php\/wp-json\/wp\/v2\/pages"}],"about":[{"href":"https:\/\/www.evkirche-roesrath.de\/index.php\/wp-json\/wp\/v2\/types\/page"}],"author":[{"embeddable":true,"href":"https:\/\/www.evkirche-roesrath.de\/index.php\/wp-json\/wp\/v2\/users\/2"}],"replies":[{"embeddable":true,"href":"https:\/\/www.evkirche-roesrath.de\/index.php\/wp-json\/wp\/v2\/comments?post=12275"}],"version-history":[{"count":0,"href":"https:\/\/www.evkirche-roesrath.de\/index.php\/wp-json\/wp\/v2\/pages\/12275\/revisions"}],"up":[{"embeddable":true,"href":"https:\/\/www.evkirche-roesrath.de\/index.php\/wp-json\/wp\/v2\/pages\/12148"}],"wp:attachment":[{"href":"https:\/\/www.evkirche-roesrath.de\/index.php\/wp-json\/wp\/v2\/media?parent=12275"}],"curies":[{"name":"wp","href":"https:\/\/api.w.org\/{rel}","templated":true}]}}