{"id":12268,"date":"2017-06-26T15:53:27","date_gmt":"2017-06-26T13:53:27","guid":{"rendered":"http:\/\/www.evkirche-roesrath.de\/?page_id=12268"},"modified":"2019-01-09T12:33:45","modified_gmt":"2019-01-09T11:33:45","slug":"schulgottesdienst","status":"publish","type":"page","link":"https:\/\/www.evkirche-roesrath.de\/index.php\/godi_churchdesk\/schulgottesdienst\/","title":{"rendered":"Schulgottesdienst"},"content":{"rendered":"<h3>VOLBERG um 8.05 Uhr<\/h3>\n<p>Dienstags im Wechsel f\u00fcr die 3. und 4. Klasse der GGS Hoffnungsthal.<br \/>\nAlle anderen Schulgottesdienste und \u00f6kumenische Schulgottesdienste<br \/>\nf\u00fcr die GGS Hoffnungsthal nach Absprache.<\/p>\n<h3>FORSBACH um 8.00 Uhr<\/h3>\n<p>Grundschule 3.+ 4. Schuljahr der GGS Forsbach am 1. und 3. Donnerstag im Monat.<br \/>\n\u00d6kumenische Grundschulgottesdienste nach Absprache.<\/p>\n<h3>R\u00d6SRATH um 8.00 Uhr<\/h3>\n<p>Schul-Gottesdienst mit der GGS einmal pro Monat donnerstags 8 Uhr, mit der Albert-Einstein-Schule einmal pro Quartal.<\/p>\n<p>Schulgottesdienste f\u00fcr Gymnasium, Realschule, Hauptschule, K\u00e4the-Kollwitz-Schule und LVR-Schule am K\u00f6nigsforst nach Absprache.<br \/>\n\u00d6kumenische Grundschulgottesdienste ebenfalls nach Absprache.<\/p>\n<p>&nbsp;<\/p>\n ","protected":false},"excerpt":{"rendered":"<p>VOLBERG um 8.05 Uhr Dienstags im Wechsel f\u00fcr die 3. und 4. Klasse der GGS Hoffnungsthal. Alle anderen Schulgottesdienste und \u00f6kumenische Schulgottesdienste f\u00fcr die GGS Hoffnungsthal nach Absprache. FORSBACH um <a class=\"more-link\" href=\"https:\/\/www.evkirche-roesrath.de\/index.php\/godi_churchdesk\/schulgottesdienst\/\">weiterlesen \u2192<\/a><\/p>\n","protected":false},"author":2,"featured_media":0,"parent":17077,"menu_order":4,"comment_status":"closed","ping_status":"closed","template":"","meta":{"ngg_post_thumbnail":0,"footnotes":""},"class_list":["post-12268","page","type-page","status-publish","hentry"],"_links":{"self":[{"href":"https:\/\/www.evkirche-roesrath.de\/index.php\/wp-json\/wp\/v2\/pages\/12268","targetHints":{"allow":["GET"]}}],"collection":[{"href":"https:\/\/www.evkirche-roesrath.de\/index.php\/wp-json\/wp\/v2\/pages"}],"about":[{"href":"https:\/\/www.evkirche-roesrath.de\/index.php\/wp-json\/wp\/v2\/types\/page"}],"author":[{"embeddable":true,"href":"https:\/\/www.evkirche-roesrath.de\/index.php\/wp-json\/wp\/v2\/users\/2"}],"replies":[{"embeddable":true,"href":"https:\/\/www.evkirche-roesrath.de\/index.php\/wp-json\/wp\/v2\/comments?post=12268"}],"version-history":[{"count":0,"href":"https:\/\/www.evkirche-roesrath.de\/index.php\/wp-json\/wp\/v2\/pages\/12268\/revisions"}],"up":[{"embeddable":true,"href":"https:\/\/www.evkirche-roesrath.de\/index.php\/wp-json\/wp\/v2\/pages\/17077"}],"wp:attachment":[{"href":"https:\/\/www.evkirche-roesrath.de\/index.php\/wp-json\/wp\/v2\/media?parent=12268"}],"curies":[{"name":"wp","href":"https:\/\/api.w.org\/{rel}","templated":true}]}}