{"id":12259,"date":"2017-06-26T15:50:34","date_gmt":"2017-06-26T13:50:34","guid":{"rendered":"http:\/\/www.evkirche-roesrath.de\/?page_id=12259"},"modified":"2025-10-14T12:14:01","modified_gmt":"2025-10-14T10:14:01","slug":"mitarbeiterinnen-und-mitarbeiter","status":"publish","type":"page","link":"https:\/\/www.evkirche-roesrath.de\/index.php\/ueber-uns\/ansprechpartner\/mitarbeiterinnen-und-mitarbeiter\/","title":{"rendered":"Mitarbeiterinnen und Mitarbeiter"},"content":{"rendered":"<div id=\"allcontainer\">\n<div id=\"content\">\n<div class=\"beitrag_content\">\n<h4>Gemeindeb\u00fcro<\/h4>\n<p><a href=\"https:\/\/www.evkirche-roesrath.de\/wp-content\/uploads\/2017\/09\/Nicodemus.jpg\"><img decoding=\"async\" class=\"alignleft wp-image-14296\" src=\"https:\/\/www.evkirche-roesrath.de\/wp-content\/uploads\/2017\/09\/Nicodemus-150x150.jpg\" alt=\"\" width=\"150\" height=\"189\" srcset=\"https:\/\/www.evkirche-roesrath.de\/wp-content\/uploads\/2017\/09\/Nicodemus-238x300.jpg 238w, https:\/\/www.evkirche-roesrath.de\/wp-content\/uploads\/2017\/09\/Nicodemus.jpg 643w\" sizes=\"(max-width: 150px) 100vw, 150px\" \/><\/a><b>Mein Name ist D\u00f6rte Nicodemus<\/b>, ich arbeite seit dem 15. Juni 2016 im Gemeindeb\u00fcro. Ich komme geb\u00fcrtig aus Engelskirchen und habe meine Ausbildung zur Verwaltungsfachangestellten bei der Stadt Overath absolviert, wo ich auch insgesamt 13 Jahre in verschiedenen \u00c4mtern gearbeitet habe.<\/p>\n<p>In der Zeit von 2005 bis 2014 habe ich in der L\u00fcneburger Heide gewohnt.<br \/>\nIn Walsrode habe ich als Verwaltungsangestellte bei einer Volkshochschule gearbeitet. Nach 9 Jahren sind mein Mann und ich wieder in unsere Heimat zur\u00fcckgekehrt und wohnen seit April 2014 in Volberg.<\/p>\n<p>&nbsp;<\/p>\n<p><strong><a href=\"https:\/\/www.evkirche-roesrath.de\/wp-content\/uploads\/2018\/07\/180731_Frau_M\u00fcller.jpg\"><img decoding=\"async\" class=\"alignleft wp-image-16832\" src=\"https:\/\/www.evkirche-roesrath.de\/wp-content\/uploads\/2018\/07\/180731_Frau_M\u00fcller.jpg\" alt=\"\" width=\"150\" height=\"208\" srcset=\"https:\/\/www.evkirche-roesrath.de\/wp-content\/uploads\/2018\/07\/180731_Frau_M\u00fcller.jpg 268w, https:\/\/www.evkirche-roesrath.de\/wp-content\/uploads\/2018\/07\/180731_Frau_M\u00fcller-217x300.jpg 217w\" sizes=\"(max-width: 150px) 100vw, 150px\" \/><\/a>Mein Name ist Stefanie M\u00fcller<\/strong>, ich arbeite seit dem 1. Februar 2018 im Gemeindeb\u00fcro. Geb\u00fcrtig komme ich aus Kochel am See in der N\u00e4he von Garmisch-Partenkirchen.<\/p>\n<p>Im Jahr 2003 bin ich zuerst nach K\u00f6ln und vor 10 Jahren schlie\u00dflich nach Untereschbach gezogen, wo ich seitdem mit meinem Mann und unserer Tochter wohne.<\/p>\n<p>Meinen urspr\u00fcnglich erlernten Beruf der Entwurfs- und Schnittdirektrice habe ich zu meinem Hobby gemacht und bin nun seit vielen Jahren in verschiedenen Bereichen der Verwaltung t\u00e4tig.<\/p>\n<p>F\u00fcr Ihre Anliegen und Fragen stehen wir Ihnen sehr gerne zur Verf\u00fcgung (Tel. 02205\/2243).<br \/>\nDie <a href=\"https:\/\/evkirche-roesrath.de\/index.php\/wir-fuer-sie\/gemeindebuero\/\">Anschrift und \u00d6ffnungszeiten<\/a> unseres Gemeindeb\u00fcros finden Sie <a href=\"https:\/\/evkirche-roesrath.de\/index.php\/wir-fuer-sie\/gemeindebuero\/\">hier<\/a>.<\/p>\n<\/div>\n<hr>\n<div id=\"kantorin\">\n<p><strong>Kantorin Katharina Wulzinger<\/strong><\/p>\n<div id=\"attachment_21821\" style=\"width: 190px\" class=\"wp-caption alignleft\"><a href=\"https:\/\/www.evkirche-roesrath.de\/wp-content\/uploads\/2021\/08\/20210819_Kantorin.png\"><img decoding=\"async\" aria-describedby=\"caption-attachment-21821\" class=\"wp-image-21821 \" src=\"https:\/\/www.evkirche-roesrath.de\/wp-content\/uploads\/2021\/08\/20210819_Kantorin-150x150.png\" alt=\"\" width=\"180\" height=\"180\" srcset=\"https:\/\/www.evkirche-roesrath.de\/wp-content\/uploads\/2021\/08\/20210819_Kantorin-150x150.png 150w, https:\/\/www.evkirche-roesrath.de\/wp-content\/uploads\/2021\/08\/20210819_Kantorin-32x32.png 32w\" sizes=\"(max-width: 180px) 100vw, 180px\" \/><\/a><p id=\"caption-attachment-21821\" class=\"wp-caption-text\">Foto: privat<\/p><\/div>\n<p style=\"text-align: justify;\">Seit September 2021 bin ich als Kantorin in der Ev. Gemeinde Volberg-Forsbach-R\u00f6srath t\u00e4tig. Dies umfasst die Arbeit mit der Kantorei, dem Gospelchor und Kammerchor, sowie der Kinder- und Jugendch\u00f6re, die in R\u00f6srath proben. Daneben plane und gestalte ich die Musik in den Gottesdiensten. Oft musizieren Musiker*innen aus der Gemeinde im Gottesdienst und regelm\u00e4\u00dfig singen alle Ch\u00f6re in den Gottesdiensten. Unterst\u00fctzt werde ich von Sven Kurtenbach, Organist im Nebenamt. Die Organisation und Durchf\u00fchrung von Konzerten in unseren Kirchen und die Einbindung der Musikgruppen in das kulturelle Leben unserer Stadt geh\u00f6ren ebenso zur Kantoratsarbeit, wie die Stimmbildung in den Ch\u00f6ren oder die \u00d6ffentlichkeitsarbeit der musikalischen Arbeit unserer Gemeinde. Mein Studium der Kirchenmusik absolvierte ich in Wien an der Hochschule f\u00fcr Musik und darstellende Kunst. Ab 1999 war ich an der Bonner Friedenskirche t\u00e4tig und wechselte 2014 nach Wertheim am Main an die Ev. Stiftskirche als Bezirkskantorin. 2021 folgte der Wechsel in den Kirchenkreis K\u00f6ln-Rechtsrheinisch, zur\u00fcck ins Rheinland.<\/p>\n<p>&nbsp;<br \/>\nKontakt:<br \/>\n<strong>Kantorat<br \/>\n<\/strong>Katharina Wulzinger<br \/>\nB\u00fcro: Volberg 4, 51503 R\u00f6srath<br \/>\n+49 176 87 999 716<br \/>\n<a href=\"mailto:katharina.wulzinger@ekir.de\">katharina.wulzinger@ekir.de<\/a><\/p>\n<\/div>\n<hr>\n<h4>Begegnungszentrum Plus<\/h4>\n<div id=\"silke.blatt\">\n<div id=\"attachment_21821\" style=\"width: 190px\" class=\"wp-caption alignleft\"><a href=\"https:\/\/www.evkirche-roesrath.de\/wp-content\/uploads\/2025\/05\/SilkeBlatt.jpg\"><img loading=\"lazy\" decoding=\"async\" aria-describedby=\"caption-attachment-21821\" class=\"wp-image-21821 \" src=\"https:\/\/www.evkirche-roesrath.de\/wp-content\/uploads\/2025\/05\/SilkeBlatt.jpg\" alt=\"\" width=\"180\" height=\"180\"><\/a><p id=\"caption-attachment-21821\" class=\"wp-caption-text\">Foto: Privat<\/p><\/div><br \/>\nMein Name ist <strong>Silke-Karina Blatt<\/strong>. Ich bin noch 44 Jahre alt und komme geb\u00fcrtig aus Rommerskirchen. Dort wohne ich mit meinen zwei Katzen Toffifee und Cookie zusammen. In meiner Freizeit treffe ich mich gerne mit Freunden oder fahre Motorrad.<br \/>\nSeit meiner Kinderzeit bin ich in der evangelischen Kirche verwurzelt, so dass ich zuerst die Pr\u00e4dikanten-Ausbildung und zuletzt die Diakonen-Ausbildung gemacht habe.<br \/>\nIch habe im Bereich Seniorenarbeit durch meine jahrelangen ehrenamtlichen T\u00e4tigkeiten viele Erfahrungen sammeln k\u00f6nnen, die ich jetzt auch hier in R\u00f6srath gerne einbringen m\u00f6chte.<br \/>\nAb dem 01.April 2025 \u00fcbernehme ich die Aufgaben von Frau Sessinghaus-Knabe. Ich freue mich auf diese Arbeit hier in dieser Gemeinde, da ich sowohl meine kreativen als auch meine geistlichen<br \/>\nIdeen hier einbringen kann.<br \/>\nIch freue mich auf die Begegnungen mit Ihnen und freue mich, wenn Sie mich hier an meinem neuen Arbeitsplatz besuchen kommen.<br \/>\nDar\u00fcber hinaus werde ich auch den einen oder anderen Gottesdienst gestalten.<\/p>\n<p>Mein B\u00fcro ist auf der Hauptstra\u00dfe 16.<\/p>\n<p>Telefonisch bin ich unter der gewohnten Nummer: 02205-7618 oder 015204706724 erreichbar.<br \/>\nKommen sie vorbei, meine T\u00fcr ist immer offen.. Ich freue mich auf Sie.<br \/>\nWir sehen uns .. und nicht vergessen Mittwochs 15 Uhr ist Seniorenclub.<\/p>\n<p><em>Ich sage dir: Sei stark und mutig!<br \/>\nHab keine Angst und verzweifle nicht.<br \/>\nDenn ich, der Herr, dein Gott, bin bei dir,<br \/>\nwohin du auch gehst.<br \/>\n(Josua 1,9)<\/em><\/p>\n<p>Ihre Diakonin Silke-Karina Blatt\n<\/p><\/div>\n<hr>\n<h3>K\u00fcster\/innen<\/h3>\n<ul>\n<li><b>Frau Sabine M\u00fcrkens<\/b>, Gemeindezentrum Kleineichen<b><br \/>\n<\/b>Tel. 5054<br \/>\nEmail: <a href=\"mailto:sabine.muerkens@ekir.de\">sabine.muerkens@ekir.de<\/a><\/li>\n<li><b>Herr Ottmar Pal, <\/b>Gemeindezentrum der Vers\u00f6hnungskirche R\u00f6srath:<b><br \/>\n<\/b>Ich wohne seit 1990 in R\u00f6srath, bin verheiratet und habe zwei Kinder. Seit 2007 bin ich bei der Vers\u00f6hnungskirche in R\u00f6srath als K\u00fcster t\u00e4tig .<br \/>\nIch habe viel Spass an meiner abwechslungsreichen T\u00e4tigkeit und dem Umgang mit den vielen Menschen, die diese T\u00e4tigkeit mit sich bringt.<br \/>\nIch bin erreichbar unter den Telefonnummern<br \/>\nB\u00fcro 02205\/7419<br \/>\nPrivat 02205\/86188<br \/>\nMobil 0163\/1849856<br \/>\nEmail: <a href=\"mailto:ottmar.pal@ekir.de\">ottmar.pal@ekir.de<\/a><br \/>\nIch freue mich auf ein baldiges Wiedersehen in der Vers\u00f6hnungskirche!<\/li>\n<\/ul>\n<\/div>\n<\/div>\n ","protected":false},"excerpt":{"rendered":"<p>Gemeindeb\u00fcro Mein Name ist D\u00f6rte Nicodemus, ich arbeite seit dem 15. Juni 2016 im Gemeindeb\u00fcro. Ich komme geb\u00fcrtig aus Engelskirchen und habe meine Ausbildung zur Verwaltungsfachangestellten bei der Stadt Overath <a class=\"more-link\" href=\"https:\/\/www.evkirche-roesrath.de\/index.php\/ueber-uns\/ansprechpartner\/mitarbeiterinnen-und-mitarbeiter\/\">weiterlesen \u2192<\/a><\/p>\n","protected":false},"author":2,"featured_media":0,"parent":12154,"menu_order":2,"comment_status":"closed","ping_status":"closed","template":"","meta":{"ngg_post_thumbnail":0,"footnotes":""},"class_list":["post-12259","page","type-page","status-publish","hentry"],"_links":{"self":[{"href":"https:\/\/www.evkirche-roesrath.de\/index.php\/wp-json\/wp\/v2\/pages\/12259","targetHints":{"allow":["GET"]}}],"collection":[{"href":"https:\/\/www.evkirche-roesrath.de\/index.php\/wp-json\/wp\/v2\/pages"}],"about":[{"href":"https:\/\/www.evkirche-roesrath.de\/index.php\/wp-json\/wp\/v2\/types\/page"}],"author":[{"embeddable":true,"href":"https:\/\/www.evkirche-roesrath.de\/index.php\/wp-json\/wp\/v2\/users\/2"}],"replies":[{"embeddable":true,"href":"https:\/\/www.evkirche-roesrath.de\/index.php\/wp-json\/wp\/v2\/comments?post=12259"}],"version-history":[{"count":3,"href":"https:\/\/www.evkirche-roesrath.de\/index.php\/wp-json\/wp\/v2\/pages\/12259\/revisions"}],"predecessor-version":[{"id":27748,"href":"https:\/\/www.evkirche-roesrath.de\/index.php\/wp-json\/wp\/v2\/pages\/12259\/revisions\/27748"}],"up":[{"embeddable":true,"href":"https:\/\/www.evkirche-roesrath.de\/index.php\/wp-json\/wp\/v2\/pages\/12154"}],"wp:attachment":[{"href":"https:\/\/www.evkirche-roesrath.de\/index.php\/wp-json\/wp\/v2\/media?parent=12259"}],"curies":[{"name":"wp","href":"https:\/\/api.w.org\/{rel}","templated":true}]}}