{"id":12257,"date":"2017-06-26T15:49:43","date_gmt":"2017-06-26T13:49:43","guid":{"rendered":"http:\/\/www.evkirche-roesrath.de\/?page_id=12257"},"modified":"2025-02-01T12:13:05","modified_gmt":"2025-02-01T11:13:05","slug":"pfarrerin-und-pfarrer","status":"publish","type":"page","link":"https:\/\/www.evkirche-roesrath.de\/index.php\/ueber-uns\/ansprechpartner\/pfarrerin-und-pfarrer\/","title":{"rendered":"Unsere Pfarrer"},"content":{"rendered":"<div id=\"attachment_19443\" style=\"width: 222px\" class=\"wp-caption alignleft\"><img fetchpriority=\"high\" decoding=\"async\" aria-describedby=\"caption-attachment-19443\" class=\"wp-image-19443 size-medium\" src=\"https:\/\/www.evkirche-roesrath.de\/wp-content\/uploads\/2020\/04\/Rusch-n1d-212x300.jpg\" alt=\"\" width=\"212\" height=\"300\" srcset=\"https:\/\/www.evkirche-roesrath.de\/wp-content\/uploads\/2020\/04\/Rusch-n1d-212x300.jpg 212w, https:\/\/www.evkirche-roesrath.de\/wp-content\/uploads\/2020\/04\/Rusch-n1d.jpg 413w\" sizes=\"(max-width: 212px) 100vw, 212px\" \/><p id=\"caption-attachment-19443\" class=\"wp-caption-text\">Foto: D.Binderberger<\/p><\/div>\n<h2><strong>Pfarrer Thomas Rusch <\/strong><\/h2>\n<p><strong>Gemeindebezirk 1<br \/>\nVolberg<\/strong> <strong>(Hoffnungsthal)<\/strong><\/p>\n<p>Kontaktanzeige:<br \/>\n<strong>ER sucht SIE!<\/strong><\/p>\n<p><strong>ER<\/strong> (Name: Thomas Rusch), m\u00e4nnlich, 1968 geboren, verheiratet, drei Kinder,<br \/>\nseit Juni 2008 Pfarrer des Bezirkes Volberg &#8211; Hoffnungsthal (aber schon seit September 2004 in der Gemeinde t\u00e4tig),<br \/>\n<strong>sucht SIE!<\/strong><\/p>\n<p style=\"text-align: justify;\"><strong>N\u00e4heres zu meiner Person<\/strong>:<br \/>\nIn Leverkusen wurde ich geboren, in K\u00f6ln-Flittard wuchs ich auf und in der dortigen Lukasgemeinde begann ich im Glauben Wurzeln zu schlagen. Nach meiner Konfirmation wurde Kirche meine zweite Heimat und der christliche Glaube das Fundament, das mein Leben tr\u00e4gt.<br \/>\nNach Schule, Zivildienst und Studium begann ich meine Mitarbeit beim \u201eBodenpersonal Gottes\u201c in Wuppertal, wo ein Schwerpunkt meiner T\u00e4tigkeit in der Jugendarbeit lag.<br \/>\nZus\u00e4tzlich arbeitete ich bei einem City-Kirchen-Projekt in Wuppertal Barmen, wo ich \u201eKellner und Seelsorger\u201c in einem Kirchencaf\u00e9 war.<br \/>\nIm Februar 2004 \u00fcbernahm ich f\u00fcr ein halbes Jahr die vakante Pfarrstelle in K\u00f6ln-D\u00fcnnwald und seit September 2004 bin ich hier in Hoffnungsthal als Pfarrer t\u00e4tig.<br \/>\nViel wichtiger als die Nennung dieser Lebensstationen ist meine Motivation hier in dieser Gemeinde zu arbeiten:<\/p>\n<p style=\"text-align: justify;\">Ich m\u00f6chte f\u00fcr <strong>SIE<\/strong> in allen Lebensfragen da sein, m\u00f6chte <strong>Ihnen<\/strong> als Pfarrer im und zum Glauben helfen.<br \/>\nLive k\u00f6nnen <strong>SIE<\/strong> viel mehr \u00fcber mich erfahren und deswegen hoffe ich, <strong>SIE<\/strong> kennen zu lernen. <strong>SIE<\/strong> sollten zwischen 0 und 120 Jahre alt, m\u00e4nnlich oder weiblich, gro\u00df oder klein, arm oder reich, lustig oder traurig sein und Lust haben \u00fcber Gott und die Welt zu reden oder Ihr Herz auszusch\u00fctten.<\/p>\n<p style=\"text-align: justify;\">Haben <strong>SIE<\/strong> Interesse? Dann melden <strong>SIE<\/strong> sich doch einfach einmal. Ich freue mich <strong>SIE<\/strong> pers\u00f6nlich kennen zu lernen.<\/p>\n<p>Bis dann<br \/>\nPfarrer Thomas Rusch <a>Thomas.Rusch@ekir.de<\/a><\/p>\n ","protected":false},"excerpt":{"rendered":"<p>Pfarrer Thomas Rusch Gemeindebezirk 1 Volberg (Hoffnungsthal) Kontaktanzeige: ER sucht SIE! ER (Name: Thomas Rusch), m\u00e4nnlich, 1968 geboren, verheiratet, drei Kinder, seit Juni 2008 Pfarrer des Bezirkes Volberg &#8211; Hoffnungsthal <a class=\"more-link\" href=\"https:\/\/www.evkirche-roesrath.de\/index.php\/ueber-uns\/ansprechpartner\/pfarrerin-und-pfarrer\/\">weiterlesen \u2192<\/a><\/p>\n","protected":false},"author":2,"featured_media":0,"parent":12154,"menu_order":1,"comment_status":"closed","ping_status":"closed","template":"","meta":{"ngg_post_thumbnail":0,"footnotes":""},"class_list":["post-12257","page","type-page","status-publish","hentry"],"_links":{"self":[{"href":"https:\/\/www.evkirche-roesrath.de\/index.php\/wp-json\/wp\/v2\/pages\/12257","targetHints":{"allow":["GET"]}}],"collection":[{"href":"https:\/\/www.evkirche-roesrath.de\/index.php\/wp-json\/wp\/v2\/pages"}],"about":[{"href":"https:\/\/www.evkirche-roesrath.de\/index.php\/wp-json\/wp\/v2\/types\/page"}],"author":[{"embeddable":true,"href":"https:\/\/www.evkirche-roesrath.de\/index.php\/wp-json\/wp\/v2\/users\/2"}],"replies":[{"embeddable":true,"href":"https:\/\/www.evkirche-roesrath.de\/index.php\/wp-json\/wp\/v2\/comments?post=12257"}],"version-history":[{"count":0,"href":"https:\/\/www.evkirche-roesrath.de\/index.php\/wp-json\/wp\/v2\/pages\/12257\/revisions"}],"up":[{"embeddable":true,"href":"https:\/\/www.evkirche-roesrath.de\/index.php\/wp-json\/wp\/v2\/pages\/12154"}],"wp:attachment":[{"href":"https:\/\/www.evkirche-roesrath.de\/index.php\/wp-json\/wp\/v2\/media?parent=12257"}],"curies":[{"name":"wp","href":"https:\/\/api.w.org\/{rel}","templated":true}]}}