{"id":12187,"date":"2017-06-13T16:19:46","date_gmt":"2017-06-13T14:19:46","guid":{"rendered":"http:\/\/www.evkirche-roesrath.de\/?page_id=12187"},"modified":"2025-06-24T12:40:39","modified_gmt":"2025-06-24T10:40:39","slug":"impressum","status":"publish","type":"page","link":"https:\/\/www.evkirche-roesrath.de\/index.php\/ueber-uns\/adressen\/impressum\/","title":{"rendered":"Impressum"},"content":{"rendered":"<div id=\"allcontainer\">\n<div id=\"content\">\n<div class=\"beitrag_content\">\n<p><b>Evangelische Gemeinde Volberg &#8211; Forsbach &#8211; R\u00f6srath<br \/>\n<\/b>K\u00f6rperschaft des \u00f6ffentlichen Rechts<\/p>\n<p><b>Vertretungsberechtigt:<br \/>\n<\/b>Das Presbyterium der Evangelischen Gemeinde Volberg-Forsbach-R\u00f6srath mit der\/dem gew\u00e4hlten Vorsitzenden.<\/p>\n<p><b>Adresse des Gemeindeb\u00fcros:<\/b><br \/>\nVolberg 4<br \/>\n51503 R\u00f6srath<\/p>\n<p><b>Kontakt zum Gemeindeb\u00fcro:<\/b><br \/>\nTelefon: 02205 2243<br \/>\nE-Mail: <a href=\"mailto:volberg-forsbach-roesrath@ekir.de\">volberg-forsbach-roesrath@ekir.de<\/a><\/p>\n<p><b>Web-Design:<\/b> <a href=\"http:\/\/www.bierbass-art.de\" target=\"_blank\">bierbass-art.de<\/a>, Im Sp\u00fcrkergarten 41, 50374 Erftstadt-Liblar<br \/>\nE-Mail: <a href=\"mailto:kontakt@bierbass-art.de\">kontakt@bierbass-art.de<\/a><\/p>\n<p><b>Webmaster:<\/b> <a href=\"mailto:Michael.Schueller@kirche-koeln.de\">Michael Sch\u00fcller<\/a>, Kirche K\u00f6ln<br \/>\n<b>Verantwortlich f\u00fcr redaktionelle Inhalte:<\/b> <a href=\"mailto:thomas.kloeber@ekir.de\">Thomas Kl\u00f6ber<\/a>, Volberg 4, 51503 R\u00f6srath<\/p>\n<p><strong>Wir ben\u00f6tigen Unterst\u00fctzung<\/strong> bei der Erstellung und Pflege unserer Webseiten mit WordPress. Eine Einweisung und Schulung erfolgt nach Absprache. Der zeitliche Aufwand betr\u00e4gt ca. eine Stunde pro Woche. Wenn Sie Interesse haben melden Sie sich bitte per E-Mail bei <a>Thomas Kl\u00f6ber<\/a> oder telefonisch im Gemeindeb\u00fcro unter 02205-2243<a>.<\/a><\/p>\n<p>Alle Inhalte und Bilder d\u00fcrfen nur nach vorheriger R\u00fccksprache mit den Webmastern der Gemeinde an anderer Stelle verwendet werden.<\/p>\n<p>\u00a9 Fotos der Slideshow auf der <strong>Startseite:<\/strong> J. Layer und bierbass.art.<\/p>\n<p><b>Die Internet-Redaktion der Gemeinde ist nicht f\u00fcr die Inhalte fremder Seiten verantwortlich, die \u00fcber einen Link erreicht werden.<\/b><\/p>\n<p><a href=\"https:\/\/www.evkirche-roesrath.de\/index.php\/ueber-uns\/adressen\/datenschutzerklaerung\/\" target=\"_blank\" rel=\"noopener\">Datenschutzerkl\u00e4rung<\/a><\/p>\n<\/div>\n<\/div>\n<\/div>\n ","protected":false},"excerpt":{"rendered":"<p>Evangelische Gemeinde Volberg &#8211; Forsbach &#8211; R\u00f6srath K\u00f6rperschaft des \u00f6ffentlichen Rechts Vertretungsberechtigt: Das Presbyterium der Evangelischen Gemeinde Volberg-Forsbach-R\u00f6srath mit der\/dem gew\u00e4hlten Vorsitzenden. Adresse des Gemeindeb\u00fcros: Volberg 4 51503 R\u00f6srath Kontakt <a class=\"more-link\" href=\"https:\/\/www.evkirche-roesrath.de\/index.php\/ueber-uns\/adressen\/impressum\/\">weiterlesen \u2192<\/a><\/p>\n","protected":false},"author":2,"featured_media":0,"parent":12162,"menu_order":1,"comment_status":"closed","ping_status":"closed","template":"","meta":{"ngg_post_thumbnail":0,"footnotes":""},"class_list":["post-12187","page","type-page","status-publish","hentry"],"_links":{"self":[{"href":"https:\/\/www.evkirche-roesrath.de\/index.php\/wp-json\/wp\/v2\/pages\/12187","targetHints":{"allow":["GET"]}}],"collection":[{"href":"https:\/\/www.evkirche-roesrath.de\/index.php\/wp-json\/wp\/v2\/pages"}],"about":[{"href":"https:\/\/www.evkirche-roesrath.de\/index.php\/wp-json\/wp\/v2\/types\/page"}],"author":[{"embeddable":true,"href":"https:\/\/www.evkirche-roesrath.de\/index.php\/wp-json\/wp\/v2\/users\/2"}],"replies":[{"embeddable":true,"href":"https:\/\/www.evkirche-roesrath.de\/index.php\/wp-json\/wp\/v2\/comments?post=12187"}],"version-history":[{"count":4,"href":"https:\/\/www.evkirche-roesrath.de\/index.php\/wp-json\/wp\/v2\/pages\/12187\/revisions"}],"predecessor-version":[{"id":27414,"href":"https:\/\/www.evkirche-roesrath.de\/index.php\/wp-json\/wp\/v2\/pages\/12187\/revisions\/27414"}],"up":[{"embeddable":true,"href":"https:\/\/www.evkirche-roesrath.de\/index.php\/wp-json\/wp\/v2\/pages\/12162"}],"wp:attachment":[{"href":"https:\/\/www.evkirche-roesrath.de\/index.php\/wp-json\/wp\/v2\/media?parent=12187"}],"curies":[{"name":"wp","href":"https:\/\/api.w.org\/{rel}","templated":true}]}}